
{"id":1213,"date":"2024-09-17T16:37:25","date_gmt":"2024-09-17T15:37:25","guid":{"rendered":"https:\/\/www.rxnhub.com\/?page_id=1213"},"modified":"2024-11-18T16:23:49","modified_gmt":"2024-11-18T16:23:49","slug":"caso-1-esp","status":"publish","type":"page","link":"https:\/\/www.rxnhub.com\/index.php\/es\/caso-1-esp\/","title":{"rendered":"Case 1 ESP"},"content":{"rendered":"\n<div class=\"wp-block-group has-global-padding is-layout-constrained wp-block-group-is-layout-constrained\" style=\"margin-top:0;margin-bottom:0;padding-top:var(--wp--preset--spacing--20);padding-bottom:var(--wp--preset--spacing--20)\">\n<div class=\"wp-block-columns has-base-2-background-color has-background is-layout-flex wp-container-core-columns-is-layout-34bedc32 wp-block-columns-is-layout-flex\" style=\"border-radius:8px;margin-top:0;margin-bottom:0;padding-top:0;padding-right:0;padding-bottom:0;padding-left:0\">\n<div class=\"wp-block-column wow animate__animated animate__fadeInUp has-medium-font-size is-layout-flow wp-block-column-is-layout-flow\" style=\"line-height:1.7\">\n<div class=\"wp-block-group has-global-padding is-layout-constrained wp-container-core-group-is-layout-72190d31 wp-block-group-is-layout-constrained\" style=\"margin-top:0;margin-bottom:0;padding-top:0;padding-right:0;padding-bottom:0;padding-left:0\">\n<p class=\"has-contrast-color has-text-color has-link-color has-large-font-size wp-elements-40b83fa5ad1c456bde392e195d767aac\" style=\"padding-top:var(--wp--preset--spacing--50);padding-right:0;padding-bottom:var(--wp--preset--spacing--20);padding-left:0;font-style:normal;font-weight:600\">Revolucionando la Selecci\u00f3n de Rutas Sint\u00e9ticas a trav\u00e9s de la Digitalizaci\u00f3n<\/p>\n<\/div>\n\n\n\n<div class=\"wp-block-group has-global-padding is-layout-constrained wp-container-core-group-is-layout-72190d31 wp-block-group-is-layout-constrained\" style=\"margin-top:0;margin-bottom:0;padding-top:0;padding-right:0;padding-bottom:0;padding-left:0\">\n<p class=\"has-contrast-color has-text-color has-link-color has-mdm-large-font-size wp-elements-706fe036691ea2a93c99360296a1415c\" style=\"padding-top:0;padding-right:0;padding-bottom:0;padding-left:0\">En el intrincado mundo de la sintesis en qu\u00edmica org\u00e1nica, el recorrido desde la conceptualizaci\u00f3n hasta la producci\u00f3n de materiales ha dependido tradicionalmente de la experiencia e intuici\u00f3n de los qu\u00edmicos. Este enfoque centrado en la creatividad del ser humano, aunque innovador, presenta limitaciones, especialmente en la industria farmac\u00e9utica, donde los riesgos son altos y la demanda de eficiencia es alta.<\/p>\n\n\n\n<p class=\"has-contrast-color has-text-color has-link-color has-mdm-large-font-size wp-elements-f1e609bf91aee1e67448eb5a814b7c4d\" style=\"padding-top:0;padding-right:0;padding-bottom:0;padding-left:0\">Uno de los principales desaf\u00edos en el desarrollo farmac\u00e9utico es la planificaci\u00f3n de la s\u00edntesis de los Ingredientes Activos (APIs). Este proceso comienza con la identificaci\u00f3n del farmac\u00f3foro, las caracter\u00edsticas esenciales necesarias para que una mol\u00e9cula interact\u00fae con un objetivo biol\u00f3gico. Los investigadores proponen diversas mol\u00e9culas objetivo, cada una con posibles beneficios terap\u00e9uticos, y desarrollan rutas sint\u00e9ticas preliminares para probar estos compuestos. Sin embargo, el camino desde el laboratorio hasta la producci\u00f3n comercial es largo y complejo, a menudo requiriendo un refinamiento iterativo de estas rutas sint\u00e9ticas para cumplir con las demandas de la fabricaci\u00f3n a gran escala y la regulatoria.<\/p>\n\n\n\n<p class=\"has-contrast-color has-text-color has-link-color has-mdm-large-font-size wp-elements-7cdb24618d0f5cb9f78abec2cecd81bc\" style=\"padding-top:0;padding-right:0;padding-bottom:0;padding-left:0\">Tradicionalmente, la selecci\u00f3n de la ruta sint\u00e9tica \u00f3ptima para la producci\u00f3n de APIs involucra una multitud de factores. La seguridad, el impacto ambiental, las consideraciones legales, la viabilidad econ\u00f3mica, el control de procesos y el rendimiento juegan roles cr\u00edticos. Este proceso de toma de decisiones depende en gran medida de la experiencia de los qu\u00edmicos de procesos, quienes deben sintetizar grandes cantidades de datos provenientes de pruebas de laboratorio, literatura y herramientas de modelado. Sin embargo, el sesgo humano y la incapacidad para procesar grandes conjuntos de datos de manera efectiva pueden llevar a una selecci\u00f3n de rutas sub\u00f3ptima.<\/p>\n\n\n\n<p class=\"has-contrast-color has-text-color has-link-color has-mdm-large-font-size wp-elements-6ac2118ac62b2ba9466ac68ec3317d3d\" style=\"padding-top:0;padding-right:0;padding-bottom:0;padding-left:0\">Aqu\u00ed es donde la digitalizaci\u00f3n entra en juego como un cambio decisivo. Al adoptar herramientas digitales, la industria farmac\u00e9utica puede superar las limitaciones inherentes a la planificaci\u00f3n liderada por humanos. La digitalizaci\u00f3n permite la captura, y organizaci\u00f3n sistem\u00e1tica del conocimiento a trav\u00e9s de distintos proyectos, aprovechando bases de datos centralizadas y plataformas colaborativas. Estos sistemas permiten la integraci\u00f3n de diversas fuentes de datos, desde resultados experimentales hasta predicciones te\u00f3ricas, proporcionando una visi\u00f3n integral que supera las capacidades humanas individuales.<\/p>\n\n\n\n<p class=\"has-contrast-color has-text-color has-link-color has-mdm-large-font-size wp-elements-56b768d5cbe1661f778ef7b1f6290683\" style=\"padding-top:0;padding-right:0;padding-bottom:0;padding-left:0\">Una ventaja significativa de la digitalizaci\u00f3n es la posibilidad de aplicar algoritmos avanzados a todo el conjunto de datos. Estos algoritmos pueden revelar perspectivas que los analistas podr\u00edan pasar por alto, descubriendo rutas sint\u00e9ticas \u00f3ptimas que equilibran todos los criterios necesarios. Por ejemplo, las m\u00e9tricas de redes pueden identificar las rutas m\u00e1s prometedoras, asegurando que no se pasen por alto opciones viables debido a sesgos inconscientes o limitaciones en el manejo de datos.<\/p>\n\n\n\n<div class=\"wp-block-group has-global-padding is-layout-constrained wp-block-group-is-layout-constrained\" style=\"padding-top:var(--wp--preset--spacing--20)\">\n<figure data-wp-context=\"{&quot;imageId&quot;:&quot;69e8a1f519ef7&quot;}\" data-wp-interactive=\"core\/image\" data-wp-key=\"69e8a1f519ef7\" class=\"wp-block-image aligncenter size-large is-resized wp-lightbox-container\"><img loading=\"lazy\" decoding=\"async\" width=\"1024\" height=\"638\" data-wp-class--hide=\"state.isContentHidden\" data-wp-class--show=\"state.isContentVisible\" data-wp-init=\"callbacks.setButtonStyles\" data-wp-on--click=\"actions.showLightbox\" data-wp-on--load=\"callbacks.setButtonStyles\" data-wp-on-window--resize=\"callbacks.setButtonStyles\" src=\"https:\/\/www.rxnhub.com\/wp-content\/uploads\/2024\/05\/4-1024x638.png\" alt=\"\" class=\"wp-image-1070\" style=\"box-shadow:var(--wp--preset--shadow--natural);width:650px\" srcset=\"https:\/\/www.rxnhub.com\/wp-content\/uploads\/2024\/05\/4-1024x638.png 1024w, https:\/\/www.rxnhub.com\/wp-content\/uploads\/2024\/05\/4-300x187.png 300w, https:\/\/www.rxnhub.com\/wp-content\/uploads\/2024\/05\/4-768x479.png 768w, https:\/\/www.rxnhub.com\/wp-content\/uploads\/2024\/05\/4.png 1269w\" sizes=\"auto, (max-width: 1024px) 100vw, 1024px\" \/><button\n\t\t\tclass=\"lightbox-trigger\"\n\t\t\ttype=\"button\"\n\t\t\taria-haspopup=\"dialog\"\n\t\t\taria-label=\"Enlarge\"\n\t\t\tdata-wp-init=\"callbacks.initTriggerButton\"\n\t\t\tdata-wp-on--click=\"actions.showLightbox\"\n\t\t\tdata-wp-style--right=\"state.imageButtonRight\"\n\t\t\tdata-wp-style--top=\"state.imageButtonTop\"\n\t\t>\n\t\t\t<svg xmlns=\"http:\/\/www.w3.org\/2000\/svg\" width=\"12\" height=\"12\" fill=\"none\" viewBox=\"0 0 12 12\">\n\t\t\t\t<path fill=\"#fff\" d=\"M2 0a2 2 0 0 0-2 2v2h1.5V2a.5.5 0 0 1 .5-.5h2V0H2Zm2 10.5H2a.5.5 0 0 1-.5-.5V8H0v2a2 2 0 0 0 2 2h2v-1.5ZM8 12v-1.5h2a.5.5 0 0 0 .5-.5V8H12v2a2 2 0 0 1-2 2H8Zm2-12a2 2 0 0 1 2 2v2h-1.5V2a.5.5 0 0 0-.5-.5H8V0h2Z\" \/>\n\t\t\t<\/svg>\n\t\t<\/button><\/figure>\n<\/div>\n\n\n\n<p class=\"has-text-align-center\">Figura 1: Abordar el problema desde diferentes perspectivas puede mejorar nuestra comprensi\u00f3n<\/p>\n\n\n\n<p class=\"has-contrast-color has-text-color has-link-color has-mdm-large-font-size wp-elements-a3abba60885fd9fbfbff3874a82d2dea\" style=\"padding-top:0;padding-right:0;padding-bottom:0;padding-left:0\">Adem\u00e1s, las herramientas digitales facilitan la colaboraci\u00f3n en tiempo real entre cient\u00edficos, mejorando la inteligencia colectiva de los equipos de investigaci\u00f3n. Al almacenar el conocimiento qu\u00edmico en bases de datos gr\u00e1ficas, los investigadores pueden acceder y contribuir a un repositorio compartido, enriqueciendo los metadatos con aportes continuos. Este enfoque colaborativo no solo acelera el proceso de planificaci\u00f3n de la s\u00edntesis, sino que tambi\u00e9n fomenta la innovaci\u00f3n al exponer a los investigadores a una variedad m\u00e1s amplia de ideas y metodolog\u00edas.<\/p>\n\n\n\n<p class=\"has-contrast-color has-text-color has-link-color has-mdm-large-font-size wp-elements-60adabf7d3fa7dbb63591fdca690c996\" style=\"padding-top:0;padding-right:0;padding-bottom:0;padding-left:0\">Los beneficios de la digitalizaci\u00f3n se extienden m\u00e1s all\u00e1 del laboratorio. Para las empresas farmac\u00e9uticas, las herramientas digitales agilizan la transici\u00f3n de la producci\u00f3n a peque\u00f1a escala a la fabricaci\u00f3n comercial. Estas herramientas permiten una escalabilidad m\u00e1s eficiente de los procesos de s\u00edntesis, asegurando que los principios activos farmac\u00e9uticos (APIs) puedan producirse con la calidad y cantidad requeridas para satisfacer la demanda del mercado. Adem\u00e1s, la capacidad de evaluar y adaptar r\u00e1pidamente las rutas sint\u00e9ticas reduce el tiempo y los costos asociados con el desarrollo de f\u00e1rmacos, lo que, en \u00faltima instancia, hace que los medicamentos sean m\u00e1s accesibles y asequibles para los pacientes.<\/p>\n\n\n\n<div class=\"wp-block-group has-global-padding is-layout-constrained wp-block-group-is-layout-constrained\" style=\"padding-top:var(--wp--preset--spacing--20)\">\n<figure data-wp-context=\"{&quot;imageId&quot;:&quot;69e8a1f51a508&quot;}\" data-wp-interactive=\"core\/image\" data-wp-key=\"69e8a1f51a508\" class=\"wp-block-image aligncenter size-large is-resized wp-lightbox-container\"><img loading=\"lazy\" decoding=\"async\" width=\"1024\" height=\"638\" data-wp-class--hide=\"state.isContentHidden\" data-wp-class--show=\"state.isContentVisible\" data-wp-init=\"callbacks.setButtonStyles\" data-wp-on--click=\"actions.showLightbox\" data-wp-on--load=\"callbacks.setButtonStyles\" data-wp-on-window--resize=\"callbacks.setButtonStyles\" src=\"https:\/\/www.rxnhub.com\/wp-content\/uploads\/2024\/05\/Fig-11-1024x638.png\" alt=\"\" class=\"wp-image-1150\" style=\"box-shadow:var(--wp--preset--shadow--natural);width:650px\" srcset=\"https:\/\/www.rxnhub.com\/wp-content\/uploads\/2024\/05\/Fig-11-1024x638.png 1024w, https:\/\/www.rxnhub.com\/wp-content\/uploads\/2024\/05\/Fig-11-300x187.png 300w, https:\/\/www.rxnhub.com\/wp-content\/uploads\/2024\/05\/Fig-11-768x479.png 768w, https:\/\/www.rxnhub.com\/wp-content\/uploads\/2024\/05\/Fig-11.png 1280w\" sizes=\"auto, (max-width: 1024px) 100vw, 1024px\" \/><button\n\t\t\tclass=\"lightbox-trigger\"\n\t\t\ttype=\"button\"\n\t\t\taria-haspopup=\"dialog\"\n\t\t\taria-label=\"Enlarge\"\n\t\t\tdata-wp-init=\"callbacks.initTriggerButton\"\n\t\t\tdata-wp-on--click=\"actions.showLightbox\"\n\t\t\tdata-wp-style--right=\"state.imageButtonRight\"\n\t\t\tdata-wp-style--top=\"state.imageButtonTop\"\n\t\t>\n\t\t\t<svg xmlns=\"http:\/\/www.w3.org\/2000\/svg\" width=\"12\" height=\"12\" fill=\"none\" viewBox=\"0 0 12 12\">\n\t\t\t\t<path fill=\"#fff\" d=\"M2 0a2 2 0 0 0-2 2v2h1.5V2a.5.5 0 0 1 .5-.5h2V0H2Zm2 10.5H2a.5.5 0 0 1-.5-.5V8H0v2a2 2 0 0 0 2 2h2v-1.5ZM8 12v-1.5h2a.5.5 0 0 0 .5-.5V8H12v2a2 2 0 0 1-2 2H8Zm2-12a2 2 0 0 1 2 2v2h-1.5V2a.5.5 0 0 0-.5-.5H8V0h2Z\" \/>\n\t\t\t<\/svg>\n\t\t<\/button><\/figure>\n<\/div>\n\n\n\n<p class=\"has-text-align-center\">Figura 2: Abordar el problema desde diferentes perspectivas puede mejorar nuestra comprensi\u00f3n<\/p>\n\n\n\n<p class=\"has-contrast-color has-text-color has-link-color has-mdm-large-font-size wp-elements-3ad2549117dc9e7fa0664a4fefd66ae8\" style=\"padding-top:0;padding-right:0;padding-bottom:0;padding-left:0\">En conclusi\u00f3n, la digitalizaci\u00f3n no es solo una mejora, sino una necesidad para la industria farmac\u00e9utica. Transformando el proceso tradicional de planificaci\u00f3n de s\u00edntesis, mitiga los sesgos humanos y aprovecha el poder de los datos y los algoritmos para identificar las mejores rutas posibles para la producci\u00f3n de principios activos farmac\u00e9uticos (APIs). Al adoptar herramientas digitales, las empresas farmac\u00e9uticas pueden lograr una mayor eficiencia, fomentar la innovaci\u00f3n y asegurar que los medicamentos que salvan vidas lleguen a los pacientes de manera m\u00e1s r\u00e1pida y a un costo menor. Este cambio hacia un paradigma digital es esencial para satisfacer las crecientes demandas de la atenci\u00f3n m\u00e9dica moderna y para ofrecer mejores resultados a los pacientes en todo el mundo.<\/p>\n\n\n\n<p class=\"has-contrast-color has-text-color has-link-color has-large-font-size wp-elements-68a269bed911253da8e18b628290801e\" style=\"padding-top:var(--wp--preset--spacing--10);padding-right:0;padding-bottom:var(--wp--preset--spacing--10);padding-left:0\">C\u00f3mo nuestra plataforma aborda estos desaf\u00edos clave<\/p>\n\n\n\n<p class=\"has-contrast-color has-text-color has-link-color has-mdm-large-font-size wp-elements-1505674a5b07f940a7ef7826ce077d3a\" style=\"padding-top:0;padding-right:0;padding-bottom:0;padding-left:0\">Nuestra plataforma est\u00e1 dise\u00f1ada para transformar la forma en que se aborda la planificaci\u00f3n de s\u00edntesis, ofreciendo una soluci\u00f3n vers\u00e1til que satisface una variedad de necesidades. Cuenta con una robusta base de datos p\u00fablica de mol\u00e9culas y reacciones, que se actualizar\u00e1 continuamente a trav\u00e9s de colaboraciones con universidades y organizaciones qu\u00edmicas. Esto garantiza que los usuarios tengan acceso a una amplia gama de informaci\u00f3n para aplicaciones tanto educativas como comerciales. Adem\u00e1s, nuestra plataforma proporciona una capa privada donde las empresas pueden integrar de manera segura sus propios datos de cuadernos de laboratorio electr\u00f3nicos y otras fuentes internas. Este espacio privado permite la incorporaci\u00f3n de informaci\u00f3n procedente de software de retros\u00edntesis y bases de datos exclusivas, todo ello manteniendo la informaci\u00f3n sensible protegida y bajo el control de la empresa.<\/p>\n\n\n\n<p class=\"has-contrast-color has-text-color has-link-color has-mdm-large-font-size wp-elements-a9250b0568e712029b97469981f0e0d9\" style=\"padding-top:0;padding-right:0;padding-bottom:0;padding-left:0\">La plataforma se destaca en fomentar la colaboraci\u00f3n en equipo mediante sus intuitivas herramientas de gesti\u00f3n de flujos de trabajo. Los usuarios pueden crear proyectos centrados en mol\u00e9culas objetivo, con el sistema integrando autom\u00e1ticamente datos relevantes para construir un mapa de red de posibles rutas sint\u00e9ticas. Los cient\u00edficos pueden trabajar juntos para analizar y refinar estas rutas, benefici\u00e1ndose de caracter\u00edsticas como el enriquecimiento de datos, la estimaci\u00f3n de costos y las evaluaciones autom\u00e1ticas de seguridad y medio ambiente. Adem\u00e1s, aunque los planes futuros incluyen la conexi\u00f3n con bases de datos de compras y plataformas rob\u00f3ticas, las herramientas actuales ya est\u00e1n dise\u00f1adas para mejorar cada etapa del proceso de planificaci\u00f3n de s\u00edntesis, facilitando la b\u00fasqueda de las mejores soluciones de manera eficiente y colaborativa.<\/p>\n<\/div>\n<\/div>\n<\/div>\n\n\n\n<div class=\"wp-block-buttons is-content-justification-right is-layout-flex wp-container-core-buttons-is-layout-3bf5aab5 wp-block-buttons-is-layout-flex\" style=\"margin-top:var(--wp--preset--spacing--30);margin-bottom:var(--wp--preset--spacing--10)\">\n<div class=\"wp-block-button has-custom-font-size is-style-fill has-mdm-large-font-size\"><a class=\"wp-block-button__link has-base-2-color has-contrast-3-background-color has-text-color has-background has-link-color has-border-color wp-element-button\" href=\"https:\/\/www.rxnhub.com\/index.php\/es\/cases-esp\/\" style=\"border-color:#ffffff;border-radius:5px;padding-top:5px;padding-right:var(--wp--preset--spacing--40);padding-bottom:5px;padding-left:var(--wp--preset--spacing--40)\">Regresar<\/a><\/div>\n<\/div>\n<\/div>\n","protected":false},"excerpt":{"rendered":"<p>Revolucionando la Selecci\u00f3n de Rutas Sint\u00e9ticas a trav\u00e9s de la Digitalizaci\u00f3n En el intrincado mundo de la sintesis en qu\u00edmica org\u00e1nica, el recorrido desde la conceptualizaci\u00f3n hasta la producci\u00f3n de materiales ha dependido tradicionalmente de la experiencia e intuici\u00f3n de los qu\u00edmicos. Este enfoque centrado en la creatividad del ser humano, aunque innovador, presenta limitaciones, [&hellip;]<\/p>\n","protected":false},"author":1,"featured_media":0,"parent":0,"menu_order":0,"comment_status":"closed","ping_status":"closed","template":"","meta":{"footnotes":""},"class_list":["post-1213","page","type-page","status-publish","hentry"],"_links":{"self":[{"href":"https:\/\/www.rxnhub.com\/index.php\/wp-json\/wp\/v2\/pages\/1213","targetHints":{"allow":["GET"]}}],"collection":[{"href":"https:\/\/www.rxnhub.com\/index.php\/wp-json\/wp\/v2\/pages"}],"about":[{"href":"https:\/\/www.rxnhub.com\/index.php\/wp-json\/wp\/v2\/types\/page"}],"author":[{"embeddable":true,"href":"https:\/\/www.rxnhub.com\/index.php\/wp-json\/wp\/v2\/users\/1"}],"replies":[{"embeddable":true,"href":"https:\/\/www.rxnhub.com\/index.php\/wp-json\/wp\/v2\/comments?post=1213"}],"version-history":[{"count":3,"href":"https:\/\/www.rxnhub.com\/index.php\/wp-json\/wp\/v2\/pages\/1213\/revisions"}],"predecessor-version":[{"id":1746,"href":"https:\/\/www.rxnhub.com\/index.php\/wp-json\/wp\/v2\/pages\/1213\/revisions\/1746"}],"wp:attachment":[{"href":"https:\/\/www.rxnhub.com\/index.php\/wp-json\/wp\/v2\/media?parent=1213"}],"curies":[{"name":"wp","href":"https:\/\/api.w.org\/{rel}","templated":true}]}}