
{"id":1467,"date":"2024-11-18T12:23:44","date_gmt":"2024-11-18T12:23:44","guid":{"rendered":"https:\/\/www.rxnhub.com\/?page_id=1467"},"modified":"2024-11-18T16:03:05","modified_gmt":"2024-11-18T16:03:05","slug":"access-for-academia-fra","status":"publish","type":"page","link":"https:\/\/www.rxnhub.com\/index.php\/fr\/access-for-academia-fra\/","title":{"rendered":"Access for Academia FRA"},"content":{"rendered":"\n<div class=\"wp-block-cover is-light has-parallax\" style=\"margin-top:0;margin-bottom:0;padding-top:0;padding-right:0;padding-bottom:0;padding-left:0;min-height:193px;aspect-ratio:unset;\"><span aria-hidden=\"true\" class=\"wp-block-cover__background has-base-2-background-color has-background-dim-100 has-background-dim\"><\/span><div class=\"wp-block-cover__image-background wp-image-6 has-parallax\" style=\"background-position:50% 50%;background-image:url(https:\/\/www.rxnhub.com\/wp-content\/themes\/agencygrove\/assets\/images\/patterns.webp)\"><\/div><div class=\"wp-block-cover__inner-container is-layout-flow wp-block-cover-is-layout-flow\">\n<div class=\"wp-block-group is-layout-flow wp-block-group-is-layout-flow\" style=\"margin-top:0;margin-bottom:0;padding-top:0;padding-right:0;padding-bottom:0;padding-left:0\">\n<p class=\"has-text-align-center has-contrast-color has-text-color has-link-color has-x-large-font-size wp-elements-408810352b8b7fe450d1b3df7fe04b85\" style=\"padding-top:var(--wp--preset--spacing--50);font-style:normal;font-weight:600\">Acc\u00e8s pour l&#8217;apprentissage Acad\u00e9mique et la Recherche<\/p>\n\n\n\n<div class=\"wp-block-group has-global-padding is-layout-constrained wp-container-core-group-is-layout-9cb65369 wp-block-group-is-layout-constrained\" style=\"margin-top:0;margin-bottom:0;padding-top:var(--wp--preset--spacing--20);padding-right:0;padding-bottom:var(--wp--preset--spacing--20);padding-left:0\">\n<div class=\"wp-block-columns has-base-2-background-color has-background is-layout-flex wp-container-core-columns-is-layout-34bedc32 wp-block-columns-is-layout-flex\" style=\"border-radius:8px;margin-top:0;margin-bottom:0;padding-top:0;padding-right:0;padding-bottom:0;padding-left:0\">\n<div class=\"wp-block-column wow animate__animated animate__fadeInUp is-layout-flow wp-block-column-is-layout-flow\">\n<div class=\"wp-block-group has-global-padding is-layout-constrained wp-container-core-group-is-layout-72190d31 wp-block-group-is-layout-constrained\" style=\"margin-top:0;margin-bottom:0;padding-top:0;padding-right:0;padding-bottom:0;padding-left:0\">\n<p class=\"has-contrast-color has-text-color has-link-color has-mdm-large-font-size wp-elements-5959eeeb36c06ae9d6f81f4abc82d096\" style=\"padding-top:0;padding-right:var(--wp--preset--spacing--30);padding-bottom:0;padding-left:var(--wp--preset--spacing--30)\">Nous proposons trois types de comptes acad\u00e9miques pour l&#8217;apprentissage et la recherche, destin\u00e9s \u00e0 un usage non commercial. Chaque compte offre un acc\u00e8s \u00e0 notre r\u00e9f\u00e9rentiel de donn\u00e9es ouvertes, avec des options pour l&#8217;h\u00e9bergement en cloud ou le d\u00e9ploiement sur site. Ces comptes sont id\u00e9aux pour l&#8217;enseignement, le partage et la collaboration dynamique sur les donn\u00e9es au sein de groupes d&#8217;\u00e9tudiants, ainsi que pour des projets de recherche individuels.<\/p>\n\n\n\n<p class=\"has-contrast-color has-text-color has-link-color has-large-font-size wp-elements-865040f7ef440aa8d09fdcb1adea5cd9\" style=\"padding-top:0;padding-right:var(--wp--preset--spacing--30);padding-bottom:0;padding-left:var(--wp--preset--spacing--30);font-style:normal;font-weight:600\">Pour l&#8217;enseignement:<\/p>\n\n\n\n<p class=\"has-contrast-color has-text-color has-link-color has-mdm-large-font-size wp-elements-2274372a445d01ecff5cdf7ffc0036f1\" style=\"padding-top:0;padding-right:var(--wp--preset--spacing--30);padding-bottom:0;padding-left:var(--wp--preset--spacing--30)\">Nous offrons une ressource en ligne compl\u00e8te destin\u00e9e aux \u00e9tudiants, enseignants, chercheurs, et \u00e0 toute personne int\u00e9ress\u00e9e par le domaine de la chimie.<\/p>\n\n\n\n<ul style=\"padding-right:var(--wp--preset--spacing--40);padding-left:var(--wp--preset--spacing--40)\" class=\"wp-block-list has-contrast-color has-text-color has-link-color has-mdm-large-font-size wp-elements-dc6667d50495eaa9efab44d2c051535f\">\n<li>Un espace pour cr\u00e9er des itin\u00e9raires, les \u00e9valuer et mettre en \u0153uvre des exercices de formation en groupe sur la r\u00e9trosynth\u00e8se.<\/li>\n\n\n\n<li>Acc\u00e8s \u00e0 des outils de chimi-informatique pour apprendre \u00e0 rechercher et concevoir de nouvelles mol\u00e9cules, avec la possibilit\u00e9 d&#8217;int\u00e9grer vos propres scripts.<\/li>\n\n\n\n<li>Connectez-vous \u00e0 des outils de r\u00e9trosynth\u00e8se et int\u00e9grez les pr\u00e9dictions dans l&#8217;analyse.<\/li>\n<\/ul>\n\n\n\n<p class=\"has-contrast-color has-text-color has-link-color has-large-font-size wp-elements-00e5a4bec221ef457b499c1528dd8a59\" style=\"padding-top:0;padding-right:var(--wp--preset--spacing--30);padding-bottom:0;padding-left:var(--wp--preset--spacing--30);font-style:normal;font-weight:600\">Pour la Recherche:<\/p>\n\n\n\n<ul style=\"padding-right:var(--wp--preset--spacing--40);padding-left:var(--wp--preset--spacing--40)\" class=\"wp-block-list has-contrast-color has-text-color has-link-color has-mdm-large-font-size wp-elements-69b7892f636673702c89342128db22f8\">\n<li>Explorez les tendances actuelles et d\u00e9couvrez de nouveaux domaines de l&#8217;espace chimique<\/li>\n\n\n\n<li>Acc\u00e9dez \u00e0 la base de connaissances mondiale et contribuez-y en d\u00e9posant vos propres donn\u00e9es, et partagez vos donn\u00e9es avec d&#8217;autres partenaires acad\u00e9miques et industriels<\/li>\n\n\n\n<li>Acc\u00e9l\u00e9rez la synth\u00e8se en connectant les pr\u00e9dictions de r\u00e9trosynth\u00e8se et en les contrastant avec les voies publi\u00e9es<\/li>\n\n\n\n<li>D\u00e9veloppez vos propres scripts et outils pour exploiter les donn\u00e9es \u00e0 l&#8217;aide des API enti\u00e8rement accessibles fournies<\/li>\n<\/ul>\n<\/div>\n<\/div>\n<\/div>\n<\/div>\n<\/div>\n<\/div><\/div>\n\n\n\n<div class=\"wp-block-group has-global-padding is-layout-constrained wp-container-core-group-is-layout-32eb6460 wp-block-group-is-layout-constrained\" style=\"border-style:none;border-width:0px;margin-top:0;margin-bottom:0;padding-top:0;padding-right:0;padding-bottom:var(--wp--preset--spacing--50);padding-left:0\">\n<div class=\"wp-block-group has-global-padding is-layout-constrained wp-container-core-group-is-layout-e65b050f wp-block-group-is-layout-constrained\" style=\"margin-top:var(--wp--preset--spacing--10);margin-bottom:var(--wp--preset--spacing--10);padding-top:0;padding-right:0;padding-bottom:0;padding-left:0\">\n<p class=\"has-text-align-center has-contrast-color has-text-color has-link-color wp-elements-99f660e8d1f5d490640cdb0645308dcb\" style=\"font-size:clamp(20px, 1.25rem + ((1vw - 3.2px) * 1.463), 32px);font-style:normal;font-weight:600\">Choisissez Votre Meilleure Option<\/p>\n<\/div>\n\n\n\n<div class=\"wp-block-columns is-layout-flex wp-container-core-columns-is-layout-24e1f923 wp-block-columns-is-layout-flex\" style=\"padding-top:var(--wp--preset--spacing--20);padding-right:0;padding-bottom:var(--wp--preset--spacing--20);padding-left:0\">\n<div class=\"wp-block-column is-vertically-aligned-top is-layout-flow wp-block-column-is-layout-flow\">\n<div class=\"wp-block-group has-contrast-3-background-color has-background has-global-padding is-layout-constrained wp-container-core-group-is-layout-1131737d wp-block-group-is-layout-constrained\" style=\"border-top-left-radius:8px;border-top-right-radius:8px;border-bottom-left-radius:0px;border-bottom-right-radius:0px;margin-top:0;margin-bottom:0;padding-top:var(--wp--preset--spacing--20);padding-right:var(--wp--preset--spacing--20);padding-bottom:var(--wp--preset--spacing--20);padding-left:var(--wp--preset--spacing--20)\">\n<p class=\"has-text-align-center has-text-color has-link-color wp-elements-07fece0690388d6a40f4644d56579440\" style=\"color:#a7ca00;font-size:clamp(15.747px, 0.984rem + ((1vw - 3.2px) * 1.006), 24px);\"><strong>Individual<\/strong><\/p>\n\n\n\n<p class=\"has-text-align-center has-base-2-color has-text-color has-link-color wp-elements-ec7435a9b1a6b6d6f80d9b3c4ba60884\" style=\"font-size:clamp(18.959px, 1.185rem + ((1vw - 3.2px) * 1.346), 30px);font-style:normal;font-weight:700\">$0\/<sup><mark style=\"background-color:rgba(0, 0, 0, 0)\" class=\"has-inline-color has-base-2-color\">Year<\/mark><\/sup><\/p>\n\n\n\n<p class=\"has-text-align-center has-base-color has-text-color has-link-color wp-elements-aa3f30ab5547a2366fa65439dca7db37\" style=\"padding-right:var(--wp--preset--spacing--10);padding-left:var(--wp--preset--spacing--10)\">Un compte de base, utile pour d\u00e9couvrir les capacit\u00e9s de notre plateforme, avec acc\u00e8s au r\u00e9f\u00e9rentiel en libre acc\u00e8s et la possibilit\u00e9 de d\u00e9montrer certaines fonctionnalit\u00e9s avanc\u00e9es<\/p>\n<\/div>\n\n\n\n<div class=\"wp-block-group has-background has-global-padding is-layout-constrained wp-block-group-is-layout-constrained\" style=\"border-bottom-left-radius:8px;border-bottom-right-radius:8px;background-color:#e5e5e5;margin-top:0;margin-bottom:0;padding-top:0;padding-bottom:var(--wp--preset--spacing--30)\">\n<div class=\"wp-block-group has-contrast-color has-text-color has-background has-link-color has-sml-medium-font-size wp-elements-741b4cc5bb4dee89ab81419d14d917f1 is-content-justification-center is-nowrap is-layout-flex wp-container-core-group-is-layout-ebab14d4 wp-block-group-is-layout-flex\" style=\"border-top-left-radius:0px;border-top-right-radius:0px;border-bottom-left-radius:8px;border-bottom-right-radius:8px;background-color:#e5e5e5;margin-top:0;margin-bottom:0;padding-top:var(--wp--preset--spacing--20);padding-right:var(--wp--preset--spacing--10);padding-bottom:var(--wp--preset--spacing--20);padding-left:var(--wp--preset--spacing--10)\">\n<ol style=\"margin-top:var(--wp--preset--spacing--10);margin-right:var(--wp--preset--spacing--10);margin-bottom:var(--wp--preset--spacing--10);margin-left:var(--wp--preset--spacing--10);padding-top:var(--wp--preset--spacing--10);padding-right:var(--wp--preset--spacing--10);padding-bottom:var(--wp--preset--spacing--10);padding-left:var(--wp--preset--spacing--10);line-height:2.1\" class=\"wp-block-list has-contrast-color has-text-color has-link-color has-sml-medium-font-size wp-elements-ee1668b370eb3dd383b9e00b885de5cd\">\n<li class=\"has-sml-medium-font-size\">Utilisateur unique<\/li>\n\n\n\n<li class=\"has-sml-medium-font-size\">Acad\u00e9mique, usage non commercial<\/li>\n\n\n\n<li class=\"has-sml-medium-font-size\">Pas d&#8217;acc\u00e8s \u00e0 l&#8217;API<\/li>\n\n\n\n<li class=\"has-sml-medium-font-size\">Ne peut pas cr\u00e9er ni rejoindre des \u00e9quipes<\/li>\n\n\n\n<li class=\"has-sml-medium-font-size\">Instance de base de donn\u00e9es partag\u00e9e<\/li>\n\n\n\n<li class=\"has-sml-medium-font-size\">Stockage de donn\u00e9es public<\/li>\n<\/ol>\n<\/div>\n\n\n\n<div class=\"wp-block-buttons is-content-justification-center is-layout-flex wp-container-core-buttons-is-layout-a89b3969 wp-block-buttons-is-layout-flex\">\n<div class=\"wp-block-button\"><a class=\"wp-block-button__link has-base-2-color has-contrast-3-background-color has-text-color has-background has-link-color wp-element-button\" href=\"https:\/\/www.rxnhub.com\/index.php\/fr\/create-an-account-fra\/\" style=\"border-radius:6px;padding-top:6px;padding-bottom:6px\">Choisir ce plan<\/a><\/div>\n<\/div>\n<\/div>\n<\/div>\n\n\n\n<div class=\"wp-block-column is-vertically-aligned-top is-layout-flow wp-block-column-is-layout-flow\">\n<div class=\"wp-block-group has-contrast-3-background-color has-background has-global-padding is-layout-constrained wp-container-core-group-is-layout-1131737d wp-block-group-is-layout-constrained\" style=\"border-top-left-radius:8px;border-top-right-radius:8px;border-bottom-left-radius:0px;border-bottom-right-radius:0px;margin-top:0;margin-bottom:0;padding-top:var(--wp--preset--spacing--20);padding-right:var(--wp--preset--spacing--20);padding-bottom:var(--wp--preset--spacing--20);padding-left:var(--wp--preset--spacing--20)\">\n<p class=\"has-text-align-center has-text-color has-link-color wp-elements-d373db7a858c914c28a7445ce03f508b\" style=\"color:#a7ca00;font-size:clamp(15.747px, 0.984rem + ((1vw - 3.2px) * 1.006), 24px);\"><strong>Small Group<\/strong><\/p>\n\n\n\n<p class=\"has-text-align-center has-base-2-color has-text-color has-link-color wp-elements-98c8871af137fc445b604893dcd237f3\" style=\"font-size:clamp(18.959px, 1.185rem + ((1vw - 3.2px) * 1.346), 30px);font-style:normal;font-weight:700\">from $125\/<sup><mark style=\"background-color:rgba(0, 0, 0, 0)\" class=\"has-inline-color has-base-2-color\">month<\/mark><\/sup><\/p>\n\n\n\n<p class=\"has-text-align-center has-base-color has-text-color has-link-color wp-elements-a443c1e3a07973460f72dd28a3018068\" style=\"padding-right:var(--wp--preset--spacing--10);padding-left:var(--wp--preset--spacing--10)\">Adapt\u00e9 \u00e0 un petit groupe de recherche (\u00e9quipe unique de jusqu&#8217;\u00e0 10 utilisateurs), avec un acc\u00e8s API de base pour interroger le r\u00e9pertoire en acc\u00e8s libre  et fonctionnalit\u00e9s suppl\u00e9mentaires<\/p>\n<\/div>\n\n\n\n<div class=\"wp-block-group has-background has-global-padding is-layout-constrained wp-block-group-is-layout-constrained\" style=\"border-bottom-left-radius:8px;border-bottom-right-radius:8px;background-color:#e5e5e5;margin-top:0;margin-bottom:0;padding-top:0;padding-bottom:var(--wp--preset--spacing--30)\">\n<div class=\"wp-block-group has-background has-sml-medium-font-size is-content-justification-center is-nowrap is-layout-flex wp-container-core-group-is-layout-ebab14d4 wp-block-group-is-layout-flex\" style=\"border-top-left-radius:0px;border-top-right-radius:0px;border-bottom-left-radius:8px;border-bottom-right-radius:8px;background-color:#e5e5e5;margin-top:0;margin-bottom:0;padding-top:var(--wp--preset--spacing--20);padding-right:var(--wp--preset--spacing--10);padding-bottom:var(--wp--preset--spacing--20);padding-left:var(--wp--preset--spacing--10)\">\n<ol style=\"margin-top:var(--wp--preset--spacing--10);margin-right:var(--wp--preset--spacing--10);margin-bottom:var(--wp--preset--spacing--10);margin-left:var(--wp--preset--spacing--10);padding-top:var(--wp--preset--spacing--10);padding-right:var(--wp--preset--spacing--10);padding-bottom:var(--wp--preset--spacing--10);padding-left:var(--wp--preset--spacing--10);line-height:2.1\" class=\"wp-block-list has-contrast-color has-text-color has-link-color has-sml-medium-font-size wp-elements-92052fb77a01be53aee1709ba5ab9a3f\">\n<li class=\"has-sml-medium-font-size\">Jusqu&#8217;\u00e0 10 utilisateurs, avec une console de gestion de base des utilisateurs<\/li>\n\n\n\n<li>Acad\u00e9mique, usage non commercial<\/li>\n\n\n\n<li>Acc\u00e8s au marketplace de RxnHub<\/li>\n\n\n\n<li>Acc\u00e8s de base \u00e0 l&#8217;API, pour interroger le r\u00e9pertoire ouvert et vos propres donn\u00e9es<\/li>\n\n\n\n<li>Ne peut pas cr\u00e9er ni rejoindre des groupes<\/li>\n\n\n\n<li>Peut cr\u00e9er un nombre illimit\u00e9 de projets (sans fonctionnalit\u00e9s de groupe)<\/li>\n\n\n\n<li>Acc\u00e8s \u00e0 la base de donn\u00e9es interm\u00e9diaire, pour valider les contributions avant de les enregistrer<\/li>\n\n\n\n<li>Stockage maximal de donn\u00e9es priv\u00e9es de 2 Go<\/li>\n<\/ol>\n<\/div>\n\n\n\n<div class=\"wp-block-buttons is-content-justification-center is-layout-flex wp-container-core-buttons-is-layout-a89b3969 wp-block-buttons-is-layout-flex\">\n<div class=\"wp-block-button\"><a class=\"wp-block-button__link has-base-2-color has-contrast-3-background-color has-text-color has-background has-link-color wp-element-button\" href=\"https:\/\/www.rxnhub.com\/index.php\/fr\/create-an-account-fra\/\" style=\"border-radius:6px;padding-top:6px;padding-bottom:6px\">Choisir ce plan<\/a><\/div>\n<\/div>\n<\/div>\n<\/div>\n\n\n\n<div class=\"wp-block-column is-vertically-aligned-top is-layout-flow wp-block-column-is-layout-flow\">\n<div class=\"wp-block-group has-contrast-3-background-color has-background has-global-padding is-layout-constrained wp-container-core-group-is-layout-1131737d wp-block-group-is-layout-constrained\" style=\"border-top-left-radius:8px;border-top-right-radius:8px;border-bottom-left-radius:0px;border-bottom-right-radius:0px;margin-top:0;margin-bottom:0;padding-top:var(--wp--preset--spacing--20);padding-right:var(--wp--preset--spacing--20);padding-bottom:var(--wp--preset--spacing--20);padding-left:var(--wp--preset--spacing--20)\">\n<p class=\"has-text-align-center has-text-color has-link-color wp-elements-a407939cf0bd48ddaa7e80829156f5a6\" style=\"color:#a7ca00;font-size:clamp(15.747px, 0.984rem + ((1vw - 3.2px) * 1.006), 24px);\"><strong>Organisation<\/strong><\/p>\n\n\n\n<p class=\"has-text-align-center has-base-2-color has-text-color has-link-color wp-elements-b238fc9191105cd0c8387d91ad075381\" style=\"font-size:clamp(18.959px, 1.185rem + ((1vw - 3.2px) * 1.346), 30px);font-style:normal;font-weight:700\">from $250\/<sup><mark style=\"background-color:rgba(0, 0, 0, 0)\" class=\"has-inline-color has-base-2-color\">month<\/mark><\/sup><\/p>\n\n\n\n<p class=\"has-text-align-center has-base-color has-text-color has-link-color wp-elements-d9796b125a4cc234b1fb9b0b111c818d\" style=\"padding-right:var(--wp--preset--spacing--10);padding-left:var(--wp--preset--spacing--10)\">Adapt\u00e9 \u00e0 une grande organisation. Plusieurs \u00e9quipes et utilisateurs illimit\u00e9s, avec un acc\u00e8s complet \u00e0 l&#8217;API et \u00e0 tous nos add-ons et fonctionnalit\u00e9s suppl\u00e9mentaires<\/p>\n<\/div>\n\n\n\n<div class=\"wp-block-group has-background has-global-padding is-layout-constrained wp-block-group-is-layout-constrained\" style=\"border-bottom-left-radius:8px;border-bottom-right-radius:8px;background-color:#e5e5e5;margin-top:0;margin-bottom:0;padding-top:0;padding-bottom:var(--wp--preset--spacing--30)\">\n<div class=\"wp-block-group has-background has-sml-medium-font-size is-content-justification-center is-nowrap is-layout-flex wp-container-core-group-is-layout-ebab14d4 wp-block-group-is-layout-flex\" style=\"border-top-left-radius:0px;border-top-right-radius:0px;border-bottom-left-radius:8px;border-bottom-right-radius:8px;background-color:#e5e5e5;margin-top:0;margin-bottom:0;padding-top:var(--wp--preset--spacing--20);padding-right:var(--wp--preset--spacing--10);padding-bottom:var(--wp--preset--spacing--20);padding-left:var(--wp--preset--spacing--10)\">\n<ol style=\"margin-top:var(--wp--preset--spacing--10);margin-right:var(--wp--preset--spacing--10);margin-bottom:var(--wp--preset--spacing--10);margin-left:var(--wp--preset--spacing--10);padding-top:var(--wp--preset--spacing--10);padding-right:var(--wp--preset--spacing--10);padding-bottom:var(--wp--preset--spacing--10);padding-left:var(--wp--preset--spacing--10);line-height:2.1\" class=\"wp-block-list has-contrast-color has-text-color has-link-color has-sml-medium-font-size wp-elements-d638b7edf99f2bbecc78e3e513401541\">\n<li class=\"has-sml-medium-font-size\">Utilisateurs et groupes illimit\u00e9s, avec une console de gestion des utilisateurs et l&#8217;attribution des r\u00f4les<\/li>\n\n\n\n<li>Acad\u00e9mique, usage non commercial<\/li>\n\n\n\n<li>Acc\u00e8s au marketplace de RxnHub<\/li>\n\n\n\n<li>Acc\u00e8s complet \u00e0 l&#8217;API, pour interroger le r\u00e9pertoire ouvert et vos propres donn\u00e9es<\/li>\n\n\n\n<li>Peut cr\u00e9er des projets illimit\u00e9s et partager son acc\u00e8s<\/li>\n\n\n\n<li>Instance de base de donn\u00e9es priv\u00e9e (plusieurs options)<\/li>\n\n\n\n<li>Acc\u00e8s \u00e0 la base de donn\u00e9es interm\u00e9diaire, pour valider les contributions avant de les enregistrer<\/li>\n\n\n\n<li>\u00c0 partir de 2 Go de stockage priv\u00e9 (cloud), extensible<\/li>\n\n\n\n<li>Acc\u00e8s \u00e0 tous nos add-ons et fonctionnalit\u00e9s suppl\u00e9mentaires<\/li>\n<\/ol>\n<\/div>\n\n\n\n<div class=\"wp-block-buttons is-content-justification-center is-layout-flex wp-container-core-buttons-is-layout-a89b3969 wp-block-buttons-is-layout-flex\">\n<div class=\"wp-block-button\"><a class=\"wp-block-button__link has-base-2-color has-contrast-3-background-color has-text-color has-background has-link-color wp-element-button\" href=\"https:\/\/www.rxnhub.com\/index.php\/fr\/create-an-account-fra\/\" style=\"border-radius:6px;padding-top:6px;padding-bottom:6px\">Choisir ce plan<\/a><\/div>\n<\/div>\n<\/div>\n<\/div>\n<\/div>\n\n\n\n<p class=\"has-contrast-color has-text-color has-link-color has-medium-font-size wp-elements-0a4ec76162ec54af72bf214b4311f352\" style=\"padding-top:var(--wp--preset--spacing--10);padding-right:var(--wp--preset--spacing--20);padding-bottom:0;padding-left:var(--wp--preset--spacing--20)\">Pour les entreprises et les organisations \u00e0 but lucratif, veuillez utiliser nos plans commerciaux sp\u00e9cialis\u00e9s.<\/p>\n\n\n\n<p class=\"has-contrast-color has-text-color has-link-color has-medium-font-size wp-elements-d5fb907f97b63af815beed814f305955\" style=\"padding-top:var(--wp--preset--spacing--10);padding-right:var(--wp--preset--spacing--20);padding-bottom:0;padding-left:var(--wp--preset--spacing--20)\"><strong>Acc\u00e9dez \u00e0 nos termes et conditions complets ici.<\/strong><\/p>\n<\/div>\n","protected":false},"excerpt":{"rendered":"<p>Choisissez Votre Meilleure Option Individual $0\/Year Un compte de base, utile pour d\u00e9couvrir les capacit\u00e9s de notre plateforme, avec acc\u00e8s au r\u00e9f\u00e9rentiel en libre acc\u00e8s et la possibilit\u00e9 de d\u00e9montrer certaines fonctionnalit\u00e9s avanc\u00e9es Small Group from $125\/month Adapt\u00e9 \u00e0 un petit groupe de recherche (\u00e9quipe unique de jusqu&#8217;\u00e0 10 utilisateurs), avec un acc\u00e8s API de [&hellip;]<\/p>\n","protected":false},"author":1,"featured_media":0,"parent":0,"menu_order":0,"comment_status":"closed","ping_status":"closed","template":"","meta":{"footnotes":""},"class_list":["post-1467","page","type-page","status-publish","hentry"],"_links":{"self":[{"href":"https:\/\/www.rxnhub.com\/index.php\/wp-json\/wp\/v2\/pages\/1467","targetHints":{"allow":["GET"]}}],"collection":[{"href":"https:\/\/www.rxnhub.com\/index.php\/wp-json\/wp\/v2\/pages"}],"about":[{"href":"https:\/\/www.rxnhub.com\/index.php\/wp-json\/wp\/v2\/types\/page"}],"author":[{"embeddable":true,"href":"https:\/\/www.rxnhub.com\/index.php\/wp-json\/wp\/v2\/users\/1"}],"replies":[{"embeddable":true,"href":"https:\/\/www.rxnhub.com\/index.php\/wp-json\/wp\/v2\/comments?post=1467"}],"version-history":[{"count":6,"href":"https:\/\/www.rxnhub.com\/index.php\/wp-json\/wp\/v2\/pages\/1467\/revisions"}],"predecessor-version":[{"id":1730,"href":"https:\/\/www.rxnhub.com\/index.php\/wp-json\/wp\/v2\/pages\/1467\/revisions\/1730"}],"wp:attachment":[{"href":"https:\/\/www.rxnhub.com\/index.php\/wp-json\/wp\/v2\/media?parent=1467"}],"curies":[{"name":"wp","href":"https:\/\/api.w.org\/{rel}","templated":true}]}}