
{"id":1470,"date":"2024-11-18T13:02:34","date_gmt":"2024-11-18T13:02:34","guid":{"rendered":"https:\/\/www.rxnhub.com\/?page_id=1470"},"modified":"2024-11-18T16:03:01","modified_gmt":"2024-11-18T16:03:01","slug":"access-for-academia-ger","status":"publish","type":"page","link":"https:\/\/www.rxnhub.com\/index.php\/de\/access-for-academia-ger\/","title":{"rendered":"Access for Academia GER"},"content":{"rendered":"\n<div class=\"wp-block-cover is-light has-parallax\" style=\"margin-top:0;margin-bottom:0;padding-top:0;padding-right:0;padding-bottom:0;padding-left:0;min-height:193px;aspect-ratio:unset;\"><span aria-hidden=\"true\" class=\"wp-block-cover__background has-base-2-background-color has-background-dim-100 has-background-dim\"><\/span><div class=\"wp-block-cover__image-background wp-image-6 has-parallax\" style=\"background-position:50% 50%;background-image:url(https:\/\/www.rxnhub.com\/wp-content\/themes\/agencygrove\/assets\/images\/patterns.webp)\"><\/div><div class=\"wp-block-cover__inner-container is-layout-flow wp-block-cover-is-layout-flow\">\n<div class=\"wp-block-group is-layout-flow wp-block-group-is-layout-flow\" style=\"margin-top:0;margin-bottom:0;padding-top:0;padding-right:0;padding-bottom:0;padding-left:0\">\n<p class=\"has-text-align-center has-contrast-color has-text-color has-link-color has-x-large-font-size wp-elements-b5577192cba31a040367f0665e5d1a8a\" style=\"padding-top:var(--wp--preset--spacing--50);font-style:normal;font-weight:600\">Zugang f\u00fcr Akademisches Lernen und Forschung<\/p>\n\n\n\n<div class=\"wp-block-group has-global-padding is-layout-constrained wp-container-core-group-is-layout-9cb65369 wp-block-group-is-layout-constrained\" style=\"margin-top:0;margin-bottom:0;padding-top:var(--wp--preset--spacing--20);padding-right:0;padding-bottom:var(--wp--preset--spacing--20);padding-left:0\">\n<div class=\"wp-block-columns has-base-2-background-color has-background is-layout-flex wp-container-core-columns-is-layout-34bedc32 wp-block-columns-is-layout-flex\" style=\"border-radius:8px;margin-top:0;margin-bottom:0;padding-top:0;padding-right:0;padding-bottom:0;padding-left:0\">\n<div class=\"wp-block-column wow animate__animated animate__fadeInUp is-layout-flow wp-block-column-is-layout-flow\">\n<div class=\"wp-block-group has-global-padding is-layout-constrained wp-container-core-group-is-layout-72190d31 wp-block-group-is-layout-constrained\" style=\"margin-top:0;margin-bottom:0;padding-top:0;padding-right:0;padding-bottom:0;padding-left:0\">\n<p class=\"has-contrast-color has-text-color has-link-color has-mdm-large-font-size wp-elements-26560bc06ed72484b5c889916e6b5bd3\" style=\"padding-top:0;padding-right:var(--wp--preset--spacing--30);padding-bottom:0;padding-left:var(--wp--preset--spacing--30)\">Wir bieten drei Arten von akademischen Konten f\u00fcr Lernen und Forschung an, die f\u00fcr nicht-kommerzielle Nutzung vorgesehen sind. Jedes Konto gew\u00e4hrt Zugang zu unserem offenen Datenrepository und bietet Optionen f\u00fcr cloudbasiertes Hosting oder lokale Bereitstellung. Diese Konten sind ideal f\u00fcr das Lehren, Teilen und dynamische Zusammenarbeiten an Daten innerhalb von Studentengruppen sowie f\u00fcr individuelle Forschungsprojekte.<\/p>\n\n\n\n<p class=\"has-contrast-color has-text-color has-link-color has-large-font-size wp-elements-0849e3a249c7a5c814674267b294eb06\" style=\"padding-top:0;padding-right:var(--wp--preset--spacing--30);padding-bottom:0;padding-left:var(--wp--preset--spacing--30);font-style:normal;font-weight:600\">F\u00fcr die Lehre<\/p>\n\n\n\n<p class=\"has-contrast-color has-text-color has-link-color has-mdm-large-font-size wp-elements-1f8cd21d8cbc4a18bf13565baad2d22a\" style=\"padding-top:0;padding-right:var(--wp--preset--spacing--30);padding-bottom:0;padding-left:var(--wp--preset--spacing--30)\">Wir bieten eine umfassende Online-Ressource, die f\u00fcr Studierende, Lehrende, Forschende und alle Interessierten im Bereich der Chemie konzipiert ist.<\/p>\n\n\n\n<ul style=\"padding-right:var(--wp--preset--spacing--40);padding-left:var(--wp--preset--spacing--40)\" class=\"wp-block-list has-contrast-color has-text-color has-link-color has-mdm-large-font-size wp-elements-9f03585959bb224dc6ed0e33a6729f2d\">\n<li>Ein Arbeitsbereich zur Erstellung und Bewertung von Routen sowie zur Durchf\u00fchrung von Gruppentraining in retrosynthetischen \u00dcbungen<\/li>\n\n\n\n<li>Zugang zu cheminformatiktools zum Erlernen der Suche und des Designs neuer Molek\u00fcle, mit der M\u00f6glichkeit, eigene Skripte zu integrieren<\/li>\n\n\n\n<li>Verbindung zu Retrosynthese-Tools herstellen und Vorhersagen in die Analyse integrieren<\/li>\n<\/ul>\n\n\n\n<p class=\"has-contrast-color has-text-color has-link-color has-large-font-size wp-elements-047464183c6f41b7575efe428c7ba343\" style=\"padding-top:0;padding-right:var(--wp--preset--spacing--30);padding-bottom:0;padding-left:var(--wp--preset--spacing--30);font-style:normal;font-weight:600\">F\u00fcr die Forschung:<\/p>\n\n\n\n<ul style=\"padding-right:var(--wp--preset--spacing--40);padding-left:var(--wp--preset--spacing--40)\" class=\"wp-block-list has-contrast-color has-text-color has-link-color has-mdm-large-font-size wp-elements-ba05e041cda92ab84078958bc47051f0\">\n<li>Aktuelle Trends erkunden und neue Bereiche des chemischen Raums aufdecken<\/li>\n\n\n\n<li>Zugang zur globalen Wissensbasis erhalten und dazu beitragen, indem Sie Ihre eigenen Daten hinterlegen, und Ihre Daten mit anderen akademischen und industriellen Partnern teilen<\/li>\n\n\n\n<li>Die Synthese beschleunigen, indem Vorhersagen zur Retrosynthese verkn\u00fcpft und mit ver\u00f6ffentlichten Routen verglichen werden<\/li>\n\n\n\n<li>Entwickeln Sie Ihre eigenen Skripte und Tools, um die Daten mithilfe der vollst\u00e4ndig zug\u00e4nglichen bereitgestellten APIs zu analysieren<\/li>\n<\/ul>\n<\/div>\n<\/div>\n<\/div>\n<\/div>\n<\/div>\n<\/div><\/div>\n\n\n\n<div class=\"wp-block-group has-global-padding is-layout-constrained wp-container-core-group-is-layout-32eb6460 wp-block-group-is-layout-constrained\" style=\"border-style:none;border-width:0px;margin-top:0;margin-bottom:0;padding-top:0;padding-right:0;padding-bottom:var(--wp--preset--spacing--50);padding-left:0\">\n<div class=\"wp-block-group has-global-padding is-layout-constrained wp-container-core-group-is-layout-e65b050f wp-block-group-is-layout-constrained\" style=\"margin-top:var(--wp--preset--spacing--10);margin-bottom:var(--wp--preset--spacing--10);padding-top:0;padding-right:0;padding-bottom:0;padding-left:0\">\n<p class=\"has-text-align-center has-contrast-color has-text-color has-link-color wp-elements-aa076af7fca633c878859eb39cd6257b\" style=\"font-size:clamp(20px, 1.25rem + ((1vw - 3.2px) * 1.463), 32px);font-style:normal;font-weight:600\">W\u00e4hlen Sie Ihre beste Option<\/p>\n<\/div>\n\n\n\n<div class=\"wp-block-columns is-layout-flex wp-container-core-columns-is-layout-24e1f923 wp-block-columns-is-layout-flex\" style=\"padding-top:var(--wp--preset--spacing--20);padding-right:0;padding-bottom:var(--wp--preset--spacing--20);padding-left:0\">\n<div class=\"wp-block-column is-vertically-aligned-top is-layout-flow wp-block-column-is-layout-flow\">\n<div class=\"wp-block-group has-contrast-3-background-color has-background has-global-padding is-layout-constrained wp-container-core-group-is-layout-1131737d wp-block-group-is-layout-constrained\" style=\"border-top-left-radius:8px;border-top-right-radius:8px;border-bottom-left-radius:0px;border-bottom-right-radius:0px;margin-top:0;margin-bottom:0;padding-top:var(--wp--preset--spacing--20);padding-right:var(--wp--preset--spacing--20);padding-bottom:var(--wp--preset--spacing--20);padding-left:var(--wp--preset--spacing--20)\">\n<p class=\"has-text-align-center has-text-color has-link-color wp-elements-07fece0690388d6a40f4644d56579440\" style=\"color:#a7ca00;font-size:clamp(15.747px, 0.984rem + ((1vw - 3.2px) * 1.006), 24px);\"><strong>Individual<\/strong><\/p>\n\n\n\n<p class=\"has-text-align-center has-base-2-color has-text-color has-link-color wp-elements-ec7435a9b1a6b6d6f80d9b3c4ba60884\" style=\"font-size:clamp(18.959px, 1.185rem + ((1vw - 3.2px) * 1.346), 30px);font-style:normal;font-weight:700\">$0\/<sup><mark style=\"background-color:rgba(0, 0, 0, 0)\" class=\"has-inline-color has-base-2-color\">Year<\/mark><\/sup><\/p>\n\n\n\n<p class=\"has-text-align-center has-base-color has-text-color has-link-color wp-elements-a1c39cbf6e1f659c4b20db59d9b45e8c\" style=\"padding-right:var(--wp--preset--spacing--10);padding-left:var(--wp--preset--spacing--10)\">Ein Basisaccount, n\u00fctzlich, um die Funktionen unserer Plattform kennenzulernen, mit Zugang zum Open-Access-Repository und der M\u00f6glichkeit, einige der erweiterten Funktionen zu demonstrieren<\/p>\n<\/div>\n\n\n\n<div class=\"wp-block-group has-background has-global-padding is-layout-constrained wp-block-group-is-layout-constrained\" style=\"border-bottom-left-radius:8px;border-bottom-right-radius:8px;background-color:#e5e5e5;margin-top:0;margin-bottom:0;padding-top:0;padding-bottom:var(--wp--preset--spacing--30)\">\n<div class=\"wp-block-group has-contrast-color has-text-color has-background has-link-color has-sml-medium-font-size wp-elements-c6c1f10d014a885692f5aa94e89e75ed is-content-justification-center is-nowrap is-layout-flex wp-container-core-group-is-layout-ebab14d4 wp-block-group-is-layout-flex\" style=\"border-top-left-radius:0px;border-top-right-radius:0px;border-bottom-left-radius:8px;border-bottom-right-radius:8px;background-color:#e5e5e5;margin-top:0;margin-bottom:0;padding-top:var(--wp--preset--spacing--20);padding-right:var(--wp--preset--spacing--10);padding-bottom:var(--wp--preset--spacing--20);padding-left:var(--wp--preset--spacing--10)\">\n<ol style=\"margin-right:var(--wp--preset--spacing--10);margin-left:var(--wp--preset--spacing--10);padding-top:var(--wp--preset--spacing--10);padding-right:var(--wp--preset--spacing--10);padding-bottom:var(--wp--preset--spacing--10);padding-left:var(--wp--preset--spacing--10);line-height:2.1\" class=\"wp-block-list has-contrast-color has-text-color has-link-color has-sml-medium-font-size wp-elements-36cc319053c971a169db4212147a6461\">\n<li class=\"has-sml-medium-font-size\">Einzelner Benutzer<\/li>\n\n\n\n<li>Akademisch, f\u00fcr nicht-kommerzielle Nutzung<\/li>\n\n\n\n<li>Kein API-Zugang<\/li>\n\n\n\n<li>Kann keine Teams erstellen oder beitreten<\/li>\n\n\n\n<li>Geteilte Datenbankinstanz<\/li>\n\n\n\n<li class=\"has-sml-medium-font-size\">\u00d6ffentlicher Datenspeicher<\/li>\n<\/ol>\n<\/div>\n\n\n\n<div class=\"wp-block-buttons is-content-justification-center is-layout-flex wp-container-core-buttons-is-layout-a89b3969 wp-block-buttons-is-layout-flex\">\n<div class=\"wp-block-button\"><a class=\"wp-block-button__link has-base-2-color has-contrast-3-background-color has-text-color has-background has-link-color wp-element-button\" href=\"https:\/\/www.rxnhub.com\/index.php\/de\/create-an-account-ger\/\" style=\"border-radius:6px;padding-top:6px;padding-bottom:6px\">W\u00e4hle diesen Plan<\/a><\/div>\n<\/div>\n<\/div>\n<\/div>\n\n\n\n<div class=\"wp-block-column is-vertically-aligned-top is-layout-flow wp-block-column-is-layout-flow\">\n<div class=\"wp-block-group has-contrast-3-background-color has-background has-global-padding is-layout-constrained wp-container-core-group-is-layout-1131737d wp-block-group-is-layout-constrained\" style=\"border-top-left-radius:8px;border-top-right-radius:8px;border-bottom-left-radius:0px;border-bottom-right-radius:0px;margin-top:0;margin-bottom:0;padding-top:var(--wp--preset--spacing--20);padding-right:var(--wp--preset--spacing--20);padding-bottom:var(--wp--preset--spacing--20);padding-left:var(--wp--preset--spacing--20)\">\n<p class=\"has-text-align-center has-text-color has-link-color wp-elements-d373db7a858c914c28a7445ce03f508b\" style=\"color:#a7ca00;font-size:clamp(15.747px, 0.984rem + ((1vw - 3.2px) * 1.006), 24px);\"><strong>Small Group<\/strong><\/p>\n\n\n\n<p class=\"has-text-align-center has-base-2-color has-text-color has-link-color wp-elements-98c8871af137fc445b604893dcd237f3\" style=\"font-size:clamp(18.959px, 1.185rem + ((1vw - 3.2px) * 1.346), 30px);font-style:normal;font-weight:700\">from $125\/<sup><mark style=\"background-color:rgba(0, 0, 0, 0)\" class=\"has-inline-color has-base-2-color\">month<\/mark><\/sup><\/p>\n\n\n\n<p class=\"has-text-align-center has-base-color has-text-color has-link-color wp-elements-30959d828b370b2885a956a1243d1b72\" style=\"padding-right:var(--wp--preset--spacing--10);padding-left:var(--wp--preset--spacing--10)\">Geeignet f\u00fcr eine kleine Forschungsgruppe. Mit grundlegenden API-Zugang, um Daten hinzuzuf\u00fcgen und das Open-Access-Repository zu durchsuchen, sowie um bis zu zehn Projekte zu erstellen<\/p>\n<\/div>\n\n\n\n<div class=\"wp-block-group has-background has-global-padding is-layout-constrained wp-block-group-is-layout-constrained\" style=\"border-bottom-left-radius:8px;border-bottom-right-radius:8px;background-color:#e5e5e5;margin-top:0;margin-bottom:0;padding-top:0;padding-bottom:var(--wp--preset--spacing--30)\">\n<div class=\"wp-block-group has-background has-sml-medium-font-size is-content-justification-center is-nowrap is-layout-flex wp-container-core-group-is-layout-ebab14d4 wp-block-group-is-layout-flex\" style=\"border-top-left-radius:0px;border-top-right-radius:0px;border-bottom-left-radius:8px;border-bottom-right-radius:8px;background-color:#e5e5e5;margin-top:0;margin-bottom:0;padding-top:var(--wp--preset--spacing--20);padding-right:var(--wp--preset--spacing--10);padding-bottom:var(--wp--preset--spacing--20);padding-left:var(--wp--preset--spacing--10)\">\n<ol style=\"margin-right:var(--wp--preset--spacing--10);margin-left:var(--wp--preset--spacing--10);padding-top:var(--wp--preset--spacing--10);padding-right:var(--wp--preset--spacing--10);padding-bottom:var(--wp--preset--spacing--10);padding-left:var(--wp--preset--spacing--10);line-height:2.1\" class=\"wp-block-list has-contrast-color has-text-color has-link-color has-sml-medium-font-size wp-elements-08434841f713cdabb3691513b9188891\">\n<li class=\"has-sml-medium-font-size\">Bis zu 10 Benutzer, mit einer grundlegenden Benutzerverwaltungskonsole<\/li>\n\n\n\n<li>Akademisch, f\u00fcr nicht-kommerzielle Nutzung<\/li>\n\n\n\n<li>Zugang zum RxnHub Marketplace<\/li>\n\n\n\n<li>Grundlegender API-Zugang, um das offene Repository und Ihre eigenen Daten abzufragen<\/li>\n\n\n\n<li>Kann keine Gruppen erstellen oder beitreten<\/li>\n\n\n\n<li class=\"has-sml-medium-font-size\">Kann unbegrenzt Projekte erstellen (ohne Gruppenfunktionen)<\/li>\n\n\n\n<li>Geteilte Datenbankinstanz<\/li>\n\n\n\n<li>Zugang zur Zwischen-Datenbank, um Beitr\u00e4ge vor dem Speichern zu validieren<\/li>\n\n\n\n<li>Maximale private Datenspeicherung von 2 GB<\/li>\n<\/ol>\n<\/div>\n\n\n\n<div class=\"wp-block-buttons is-content-justification-center is-layout-flex wp-container-core-buttons-is-layout-a89b3969 wp-block-buttons-is-layout-flex\">\n<div class=\"wp-block-button\"><a class=\"wp-block-button__link has-base-2-color has-contrast-3-background-color has-text-color has-background has-link-color wp-element-button\" href=\"https:\/\/www.rxnhub.com\/index.php\/de\/create-an-account-ger\/\" style=\"border-radius:6px;padding-top:6px;padding-bottom:6px\">W\u00e4hle diesen Plan<\/a><\/div>\n<\/div>\n<\/div>\n<\/div>\n\n\n\n<div class=\"wp-block-column is-vertically-aligned-top is-layout-flow wp-block-column-is-layout-flow\">\n<div class=\"wp-block-group has-contrast-3-background-color has-background has-global-padding is-layout-constrained wp-container-core-group-is-layout-1131737d wp-block-group-is-layout-constrained\" style=\"border-top-left-radius:8px;border-top-right-radius:8px;border-bottom-left-radius:0px;border-bottom-right-radius:0px;margin-top:0;margin-bottom:0;padding-top:var(--wp--preset--spacing--20);padding-right:var(--wp--preset--spacing--20);padding-bottom:var(--wp--preset--spacing--20);padding-left:var(--wp--preset--spacing--20)\">\n<p class=\"has-text-align-center has-text-color has-link-color wp-elements-a407939cf0bd48ddaa7e80829156f5a6\" style=\"color:#a7ca00;font-size:clamp(15.747px, 0.984rem + ((1vw - 3.2px) * 1.006), 24px);\"><strong>Organisation<\/strong><\/p>\n\n\n\n<p class=\"has-text-align-center has-base-2-color has-text-color has-link-color wp-elements-b238fc9191105cd0c8387d91ad075381\" style=\"font-size:clamp(18.959px, 1.185rem + ((1vw - 3.2px) * 1.346), 30px);font-style:normal;font-weight:700\">from $250\/<sup><mark style=\"background-color:rgba(0, 0, 0, 0)\" class=\"has-inline-color has-base-2-color\">month<\/mark><\/sup><\/p>\n\n\n\n<p class=\"has-text-align-center has-base-color has-text-color has-link-color wp-elements-a40dc292e2d4f3884805b9cf63e90048\" style=\"padding-right:var(--wp--preset--spacing--10);padding-left:var(--wp--preset--spacing--10)\">Geeignet f\u00fcr eine gro\u00dfe Organisation. Mehrere Teams und unbegrenzte Benutzer, mit vollst\u00e4ndigem API-Zugang und Zugang zu allen unseren Add-ons und zus\u00e4tzlichen Funktionen<\/p>\n<\/div>\n\n\n\n<div class=\"wp-block-group has-background has-global-padding is-layout-constrained wp-block-group-is-layout-constrained\" style=\"border-bottom-left-radius:8px;border-bottom-right-radius:8px;background-color:#e5e5e5;margin-top:0;margin-bottom:0;padding-top:0;padding-bottom:var(--wp--preset--spacing--30)\">\n<div class=\"wp-block-group has-background has-sml-medium-font-size is-content-justification-center is-nowrap is-layout-flex wp-container-core-group-is-layout-ebab14d4 wp-block-group-is-layout-flex\" style=\"border-top-left-radius:0px;border-top-right-radius:0px;border-bottom-left-radius:8px;border-bottom-right-radius:8px;background-color:#e5e5e5;margin-top:0;margin-bottom:0;padding-top:var(--wp--preset--spacing--20);padding-right:var(--wp--preset--spacing--10);padding-bottom:var(--wp--preset--spacing--20);padding-left:var(--wp--preset--spacing--10)\">\n<ol style=\"margin-right:var(--wp--preset--spacing--10);margin-left:var(--wp--preset--spacing--10);padding-top:var(--wp--preset--spacing--10);padding-right:var(--wp--preset--spacing--10);padding-bottom:var(--wp--preset--spacing--10);padding-left:var(--wp--preset--spacing--10);line-height:2.1\" class=\"wp-block-list has-contrast-color has-text-color has-link-color has-sml-medium-font-size wp-elements-b0e6164fb7327267295466fe2610a305\">\n<li class=\"has-sml-medium-font-size\">Unbegrenzte Benutzer und Gruppen, mit Benutzerverwaltungs- und Rollenverteilungsfunktionen<\/li>\n\n\n\n<li>Akademisch, f\u00fcr nicht-kommerzielle Nutzung<\/li>\n\n\n\n<li>Zugang zum RxnHub Marketplace<\/li>\n\n\n\n<li>Vollst\u00e4ndiger API-Zugang, um das offene Repository und Ihre eigenen Daten abzufragen<\/li>\n\n\n\n<li>Kann unbegrenzt Projekte erstellen und den Zugriff teilen<\/li>\n\n\n\n<li class=\"has-sml-medium-font-size\">Private Datenbankinstanz (mehrere Optionen)<\/li>\n\n\n\n<li>Zugang zur Zwischen-Datenbank, um Beitr\u00e4ge vor dem Speichern zu validieren<\/li>\n\n\n\n<li>Ab 2 GB privatem Datenspeicher (Cloud), erweiterbar<\/li>\n\n\n\n<li>Zugang zu allen unseren Add-ons und zus\u00e4tzlichen Funktionen<\/li>\n<\/ol>\n<\/div>\n\n\n\n<div class=\"wp-block-buttons is-content-justification-center is-layout-flex wp-container-core-buttons-is-layout-a89b3969 wp-block-buttons-is-layout-flex\">\n<div class=\"wp-block-button\"><a class=\"wp-block-button__link has-base-2-color has-contrast-3-background-color has-text-color has-background has-link-color wp-element-button\" href=\"https:\/\/www.rxnhub.com\/index.php\/de\/create-an-account-ger\/\" style=\"border-radius:6px;padding-top:6px;padding-bottom:6px\">W\u00e4hle diesen Plan<\/a><\/div>\n<\/div>\n<\/div>\n<\/div>\n<\/div>\n\n\n\n<p class=\"has-contrast-color has-text-color has-link-color has-medium-font-size wp-elements-94dbd840dada291847c963bcd040c7a4\" style=\"padding-top:var(--wp--preset--spacing--10);padding-right:var(--wp--preset--spacing--20);padding-bottom:0;padding-left:var(--wp--preset--spacing--20)\">F\u00fcr Unternehmen und Organisationen mit Gewinnabsicht verwenden Sie bitte unsere spezialisierten kommerziellen Pl\u00e4ne.<\/p>\n\n\n\n<p class=\"has-contrast-color has-text-color has-link-color has-medium-font-size wp-elements-2f53c5957a101fe2026bb7acba8e2351\" style=\"padding-top:var(--wp--preset--spacing--10);padding-right:var(--wp--preset--spacing--20);padding-bottom:0;padding-left:var(--wp--preset--spacing--20)\"><strong>Zugriff auf unsere vollst\u00e4ndigen Allgemeinen Gesch\u00e4ftsbedingungen hier.<\/strong><\/p>\n<\/div>\n","protected":false},"excerpt":{"rendered":"<p>W\u00e4hlen Sie Ihre beste Option Individual $0\/Year Ein Basisaccount, n\u00fctzlich, um die Funktionen unserer Plattform kennenzulernen, mit Zugang zum Open-Access-Repository und der M\u00f6glichkeit, einige der erweiterten Funktionen zu demonstrieren Small Group from $125\/month Geeignet f\u00fcr eine kleine Forschungsgruppe. Mit grundlegenden API-Zugang, um Daten hinzuzuf\u00fcgen und das Open-Access-Repository zu durchsuchen, sowie um bis zu zehn Projekte [&hellip;]<\/p>\n","protected":false},"author":1,"featured_media":0,"parent":0,"menu_order":0,"comment_status":"closed","ping_status":"closed","template":"","meta":{"footnotes":""},"class_list":["post-1470","page","type-page","status-publish","hentry"],"_links":{"self":[{"href":"https:\/\/www.rxnhub.com\/index.php\/wp-json\/wp\/v2\/pages\/1470","targetHints":{"allow":["GET"]}}],"collection":[{"href":"https:\/\/www.rxnhub.com\/index.php\/wp-json\/wp\/v2\/pages"}],"about":[{"href":"https:\/\/www.rxnhub.com\/index.php\/wp-json\/wp\/v2\/types\/page"}],"author":[{"embeddable":true,"href":"https:\/\/www.rxnhub.com\/index.php\/wp-json\/wp\/v2\/users\/1"}],"replies":[{"embeddable":true,"href":"https:\/\/www.rxnhub.com\/index.php\/wp-json\/wp\/v2\/comments?post=1470"}],"version-history":[{"count":6,"href":"https:\/\/www.rxnhub.com\/index.php\/wp-json\/wp\/v2\/pages\/1470\/revisions"}],"predecessor-version":[{"id":1731,"href":"https:\/\/www.rxnhub.com\/index.php\/wp-json\/wp\/v2\/pages\/1470\/revisions\/1731"}],"wp:attachment":[{"href":"https:\/\/www.rxnhub.com\/index.php\/wp-json\/wp\/v2\/media?parent=1470"}],"curies":[{"name":"wp","href":"https:\/\/api.w.org\/{rel}","templated":true}]}}