
{"id":1510,"date":"2024-11-18T10:49:19","date_gmt":"2024-11-18T10:49:19","guid":{"rendered":"https:\/\/www.rxnhub.com\/?page_id=1510"},"modified":"2024-11-18T16:09:07","modified_gmt":"2024-11-18T16:09:07","slug":"access-for-individuals-fra","status":"publish","type":"page","link":"https:\/\/www.rxnhub.com\/index.php\/fr\/access-for-individuals-fra\/","title":{"rendered":"Access for Individuals FRA"},"content":{"rendered":"\n<p class=\"has-text-align-center has-contrast-color has-text-color has-link-color has-x-large-font-size wp-elements-cc72950265385a981af6bc60ca3b91e0\" style=\"padding-top:var(--wp--preset--spacing--50);font-style:normal;font-weight:600\">Acc\u00e8s pour les particulier<\/p>\n\n\n\n<p class=\"has-contrast-color has-text-color has-link-color has-mdm-large-font-size wp-elements-ae125eb8c9cff4c5da84856515cf46cc\" style=\"padding-top:0;padding-right:var(--wp--preset--spacing--30);padding-bottom:0;padding-left:var(--wp--preset--spacing--30)\">Nous proposons trois types de comptes individuels pour un usage personnel (commercial et non commercial), tous avec acc\u00e8s au d\u00e9p\u00f4t de donn\u00e9es ouvertes (Cloud): un compte de base gratuit (\u00e0 vie !), un compte standard avec acc\u00e8s \u00e0 une API de base, et un compte premium pour une interaction programmatique compl\u00e8te. Ces comptes sont id\u00e9aux pour l&#8217;enseignement, l&#8217;apprentissage et les projets individuels.<\/p>\n\n\n\n<div class=\"wp-block-group has-global-padding is-layout-constrained wp-container-core-group-is-layout-a41bc8d6 wp-block-group-is-layout-constrained\" style=\"margin-top:var(--wp--preset--spacing--10);margin-bottom:var(--wp--preset--spacing--10);padding-top:var(--wp--preset--spacing--20);padding-right:0;padding-bottom:var(--wp--preset--spacing--20);padding-left:0\">\n<p class=\"has-text-align-center has-contrast-color has-text-color has-link-color wp-elements-99f660e8d1f5d490640cdb0645308dcb\" style=\"font-size:clamp(20px, 1.25rem + ((1vw - 3.2px) * 1.463), 32px);font-style:normal;font-weight:600\">Choisissez Votre Meilleure Option<\/p>\n\n\n\n<div class=\"wp-block-group has-global-padding is-layout-constrained wp-container-core-group-is-layout-32eb6460 wp-block-group-is-layout-constrained\" style=\"border-style:none;border-width:0px;margin-top:0;margin-bottom:0;padding-top:0;padding-right:0;padding-bottom:var(--wp--preset--spacing--50);padding-left:0\">\n<div class=\"wp-block-columns is-layout-flex wp-container-core-columns-is-layout-24e1f923 wp-block-columns-is-layout-flex\" style=\"padding-top:var(--wp--preset--spacing--20);padding-right:0;padding-bottom:var(--wp--preset--spacing--20);padding-left:0\">\n<div class=\"wp-block-column is-vertically-aligned-top is-layout-flow wp-block-column-is-layout-flow\">\n<div class=\"wp-block-group has-contrast-3-background-color has-background has-global-padding is-layout-constrained wp-container-core-group-is-layout-1131737d wp-block-group-is-layout-constrained\" style=\"border-top-left-radius:8px;border-top-right-radius:8px;border-bottom-left-radius:0px;border-bottom-right-radius:0px;margin-top:0;margin-bottom:0;padding-top:var(--wp--preset--spacing--20);padding-right:var(--wp--preset--spacing--20);padding-bottom:var(--wp--preset--spacing--20);padding-left:var(--wp--preset--spacing--20)\">\n<p class=\"has-text-align-center has-text-color has-link-color wp-elements-d0cfb353f671e2631120ca9eef34fb26\" style=\"color:#a7ca00;font-size:clamp(15.747px, 0.984rem + ((1vw - 3.2px) * 1.006), 24px);\"><strong>Free<\/strong><\/p>\n\n\n\n<p class=\"has-text-align-center has-base-2-color has-text-color has-link-color wp-elements-99b1bec93726fbb664b00531166d0f82\" style=\"font-size:clamp(18.959px, 1.185rem + ((1vw - 3.2px) * 1.346), 30px);font-style:normal;font-weight:700\">$0\/<sup><mark style=\"background-color:rgba(0, 0, 0, 0)\" class=\"has-inline-color has-base-2-color\">for life<\/mark><\/sup><\/p>\n\n\n\n<p class=\"has-text-align-center has-base-color has-text-color has-link-color wp-elements-55f867c75d9eb13501b3dcc0bb555e1d\" style=\"padding-right:var(--wp--preset--spacing--10);padding-left:var(--wp--preset--spacing--10)\">Un compte de base, utile pour apprendre la chimie et la quimio-informatique, avec acc\u00e8s au le d\u00e9p\u00f4t en libre acc\u00e8s<\/p>\n<\/div>\n\n\n\n<div class=\"wp-block-group has-background has-global-padding is-layout-constrained wp-block-group-is-layout-constrained\" style=\"border-bottom-left-radius:8px;border-bottom-right-radius:8px;background-color:#e5e5e5;margin-top:0;margin-bottom:0;padding-top:0;padding-bottom:var(--wp--preset--spacing--30)\">\n<div class=\"wp-block-group has-contrast-color has-text-color has-background has-link-color has-sml-medium-font-size wp-elements-88f65832e26e4eb1df5b9ee0f6b33f3b is-content-justification-center is-nowrap is-layout-flex wp-container-core-group-is-layout-602272ad wp-block-group-is-layout-flex\" style=\"border-top-left-radius:0px;border-top-right-radius:0px;border-bottom-left-radius:8px;border-bottom-right-radius:8px;background-color:#e5e5e5;margin-top:0;margin-bottom:0;padding-top:var(--wp--preset--spacing--20);padding-right:0;padding-bottom:var(--wp--preset--spacing--20);padding-left:0\">\n<ol style=\"margin-right:var(--wp--preset--spacing--10);margin-left:var(--wp--preset--spacing--10);padding-top:var(--wp--preset--spacing--20);padding-right:var(--wp--preset--spacing--20);padding-bottom:var(--wp--preset--spacing--20);padding-left:var(--wp--preset--spacing--20);line-height:2.1\" class=\"wp-block-list has-contrast-color has-text-color has-link-color has-sml-medium-font-size wp-elements-d011ceb8c81c073ed5b364722bc8b371\">\n<li class=\"has-sml-medium-font-size\">Utilisateur Unique<\/li>\n\n\n\n<li class=\"has-sml-medium-font-size\">Usage Non Commercial<\/li>\n\n\n\n<li class=\"has-sml-medium-font-size\">Pas d&#8217;Acc\u00e8s \u00e0 l&#8217;API<\/li>\n\n\n\n<li>Ne Peut Pas Cr\u00e9er Ni Rejoindre des Groupes<\/li>\n\n\n\n<li>Base de Donn\u00e9es Partag\u00e9e<\/li>\n\n\n\n<li class=\"has-sml-medium-font-size\">Stockage de Donn\u00e9es Public<\/li>\n<\/ol>\n<\/div>\n\n\n\n<div class=\"wp-block-buttons is-content-justification-center is-layout-flex wp-container-core-buttons-is-layout-a89b3969 wp-block-buttons-is-layout-flex\">\n<div class=\"wp-block-button\"><a class=\"wp-block-button__link has-base-2-color has-contrast-3-background-color has-text-color has-background has-link-color wp-element-button\" href=\"https:\/\/www.rxnhub.com\/index.php\/fr\/create-an-account-fra\/\" style=\"border-radius:6px;padding-top:6px;padding-bottom:6px\">Choisir ce plan<\/a><\/div>\n<\/div>\n<\/div>\n<\/div>\n\n\n\n<div class=\"wp-block-column is-vertically-aligned-top is-layout-flow wp-block-column-is-layout-flow\">\n<div class=\"wp-block-group has-contrast-3-background-color has-background has-global-padding is-layout-constrained wp-container-core-group-is-layout-1131737d wp-block-group-is-layout-constrained\" style=\"border-top-left-radius:8px;border-top-right-radius:8px;border-bottom-left-radius:0px;border-bottom-right-radius:0px;margin-top:0;margin-bottom:0;padding-top:var(--wp--preset--spacing--20);padding-right:var(--wp--preset--spacing--20);padding-bottom:var(--wp--preset--spacing--20);padding-left:var(--wp--preset--spacing--20)\">\n<p class=\"has-text-align-center has-text-color has-link-color wp-elements-d91ded1fcc1cd980db664aa0766a1420\" style=\"color:#a7ca00;font-size:clamp(15.747px, 0.984rem + ((1vw - 3.2px) * 1.006), 24px);\"><strong>Standard<\/strong><\/p>\n\n\n\n<p class=\"has-text-align-center has-base-2-color has-text-color has-link-color wp-elements-97769ae629a2f26b890279118b63694f\" style=\"font-size:clamp(18.959px, 1.185rem + ((1vw - 3.2px) * 1.346), 30px);font-style:normal;font-weight:700\">from $5\/<sup><mark style=\"background-color:rgba(0, 0, 0, 0)\" class=\"has-inline-color has-base-2-color\">month<\/mark><\/sup><\/p>\n\n\n\n<p class=\"has-text-align-center has-base-color has-text-color has-link-color wp-elements-283c01c5b433b61e3f9f34f8116d5c22\" style=\"padding-right:var(--wp--preset--spacing--10);padding-left:var(--wp--preset--spacing--10)\">Avec un acc\u00e8s \u00e0 une API de base pour ajouter des donn\u00e9es et interroger programmatique le d\u00e9p\u00f4t en libre acc\u00e8s<\/p>\n<\/div>\n\n\n\n<div class=\"wp-block-group has-background has-global-padding is-layout-constrained wp-block-group-is-layout-constrained\" style=\"border-bottom-left-radius:8px;border-bottom-right-radius:8px;background-color:#e5e5e5;margin-top:0;margin-bottom:0;padding-top:0;padding-bottom:var(--wp--preset--spacing--30)\">\n<div class=\"wp-block-group has-background has-sml-medium-font-size is-content-justification-center is-nowrap is-layout-flex wp-container-core-group-is-layout-ebab14d4 wp-block-group-is-layout-flex\" style=\"border-top-left-radius:0px;border-top-right-radius:0px;border-bottom-left-radius:8px;border-bottom-right-radius:8px;background-color:#e5e5e5;margin-top:0;margin-bottom:0;padding-top:var(--wp--preset--spacing--20);padding-right:var(--wp--preset--spacing--10);padding-bottom:var(--wp--preset--spacing--20);padding-left:var(--wp--preset--spacing--10)\">\n<ol style=\"margin-right:var(--wp--preset--spacing--10);margin-left:var(--wp--preset--spacing--10);padding-top:var(--wp--preset--spacing--20);padding-right:var(--wp--preset--spacing--20);padding-bottom:var(--wp--preset--spacing--20);padding-left:var(--wp--preset--spacing--20);line-height:2.1\" class=\"wp-block-list has-contrast-color has-text-color has-link-color has-sml-medium-font-size wp-elements-93b1adf64e9189de02730012c8b062b2\">\n<li class=\"has-sml-medium-font-size\">Utilisateur Unique<\/li>\n\n\n\n<li class=\"has-sml-medium-font-size\">Usage Non Commercial<\/li>\n\n\n\n<li class=\"has-sml-medium-font-size\">Acc\u00e8s de Base \u00e0 l&#8217;API, pour consulter le r\u00e9pertoire d&#8217;acc\u00e8s ouvert et vos propres donn\u00e9es<\/li>\n\n\n\n<li>Acc\u00e8s au Marketplace RxnHub<\/li>\n\n\n\n<li>Ne Peut Pas Cr\u00e9er Ni Rejoindre des Groupes<\/li>\n\n\n\n<li class=\"has-sml-medium-font-size\">Base de Donn\u00e9es Partag\u00e9e<\/li>\n\n\n\n<li>Dossier Priv\u00e9 Unique, avec la capacit\u00e9 de cr\u00e9er des projets illimit\u00e9s (sans fonctionnalit\u00e9s de groupe)<\/li>\n<\/ol>\n<\/div>\n\n\n\n<div class=\"wp-block-buttons is-content-justification-center is-layout-flex wp-container-core-buttons-is-layout-a89b3969 wp-block-buttons-is-layout-flex\">\n<div class=\"wp-block-button\"><a class=\"wp-block-button__link has-base-2-color has-contrast-3-background-color has-text-color has-background has-link-color wp-element-button\" href=\"https:\/\/www.rxnhub.com\/index.php\/fr\/create-an-account-fra\/\" style=\"border-radius:6px;padding-top:6px;padding-bottom:6px\">Choisir ce plan<\/a><\/div>\n<\/div>\n<\/div>\n<\/div>\n\n\n\n<div class=\"wp-block-column is-vertically-aligned-top is-layout-flow wp-block-column-is-layout-flow\">\n<div class=\"wp-block-group has-contrast-3-background-color has-background has-global-padding is-layout-constrained wp-container-core-group-is-layout-1131737d wp-block-group-is-layout-constrained\" style=\"border-top-left-radius:8px;border-top-right-radius:8px;border-bottom-left-radius:0px;border-bottom-right-radius:0px;margin-top:0;margin-bottom:0;padding-top:var(--wp--preset--spacing--20);padding-right:var(--wp--preset--spacing--20);padding-bottom:var(--wp--preset--spacing--20);padding-left:var(--wp--preset--spacing--20)\">\n<p class=\"has-text-align-center has-text-color has-link-color wp-elements-31610642705001963d1c87b1dbaff193\" style=\"color:#a7ca00;font-size:clamp(15.747px, 0.984rem + ((1vw - 3.2px) * 1.006), 24px);\"><strong>Premium<\/strong><\/p>\n\n\n\n<p class=\"has-text-align-center has-base-2-color has-text-color has-link-color wp-elements-98c8871af137fc445b604893dcd237f3\" style=\"font-size:clamp(18.959px, 1.185rem + ((1vw - 3.2px) * 1.346), 30px);font-style:normal;font-weight:700\">from $125\/<sup><mark style=\"background-color:rgba(0, 0, 0, 0)\" class=\"has-inline-color has-base-2-color\">month<\/mark><\/sup><\/p>\n\n\n\n<p class=\"has-text-align-center has-base-color has-text-color has-link-color wp-elements-d844713f51262acb8c8890b0d35bcb47\" style=\"padding-right:var(--wp--preset--spacing--10);padding-left:var(--wp--preset--spacing--10)\">Si\u00e8ge unique, pour un usage commercial. Avec un acc\u00e8s complet \u00e0 l&#8217;API, pour interroger le d\u00e9p\u00f4t en libre acc\u00e8s<\/p>\n<\/div>\n\n\n\n<div class=\"wp-block-group has-background has-global-padding is-layout-constrained wp-block-group-is-layout-constrained\" style=\"border-bottom-left-radius:8px;border-bottom-right-radius:8px;background-color:#e5e5e5;margin-top:0;margin-bottom:0;padding-top:0;padding-bottom:var(--wp--preset--spacing--30)\">\n<div class=\"wp-block-group has-background has-sml-medium-font-size is-content-justification-center is-nowrap is-layout-flex wp-container-core-group-is-layout-ebab14d4 wp-block-group-is-layout-flex\" style=\"border-top-left-radius:0px;border-top-right-radius:0px;border-bottom-left-radius:8px;border-bottom-right-radius:8px;background-color:#e5e5e5;margin-top:0;margin-bottom:0;padding-top:var(--wp--preset--spacing--20);padding-right:var(--wp--preset--spacing--10);padding-bottom:var(--wp--preset--spacing--20);padding-left:var(--wp--preset--spacing--10)\">\n<ol style=\"margin-right:var(--wp--preset--spacing--10);margin-left:var(--wp--preset--spacing--10);padding-top:var(--wp--preset--spacing--20);padding-right:var(--wp--preset--spacing--20);padding-bottom:var(--wp--preset--spacing--20);padding-left:var(--wp--preset--spacing--20);line-height:2.1\" class=\"wp-block-list has-contrast-color has-text-color has-link-color has-sml-medium-font-size wp-elements-0dc8b2ebf072bc7e1e338299e5cb9d03\">\n<li class=\"has-sml-medium-font-size\">Utilisateur Unique<\/li>\n\n\n\n<li>Usage Commercial<\/li>\n\n\n\n<li>Acc\u00e8s Complet \u00e0 l&#8217;API, pour interagir avec le r\u00e9pertoire d&#8217;acc\u00e8s ouvert et vos propres donn\u00e9es<\/li>\n\n\n\n<li>Ne Peut Pas Cr\u00e9er Ni Rejoindre des Groupes, mais peut partager des donn\u00e9es avec des comptes externes<\/li>\n\n\n\n<li>Acc\u00e8s au Marketplace RxnHub<\/li>\n\n\n\n<li>Base de Donn\u00e9es Priv\u00e9e (Cloud)<\/li>\n\n\n\n<li>Projets Illimit\u00e9s, avec la possibilit\u00e9 de partager externe\u00adment avec d&#8217;autres organisations<\/li>\n\n\n\n<li>\u00c0 partir de 2 Go de Stockage de Donn\u00e9es Priv\u00e9es (Cloud), extensible<\/li>\n\n\n\n<li class=\"has-sml-medium-font-size\">Acc\u00e8s \u00e0 Tous les Add-ons et Fonctionnalit\u00e9s Suppl\u00e9mentaires<\/li>\n<\/ol>\n<\/div>\n\n\n\n<div class=\"wp-block-buttons is-content-justification-center is-layout-flex wp-container-core-buttons-is-layout-a89b3969 wp-block-buttons-is-layout-flex\">\n<div class=\"wp-block-button is-style-fill\"><a class=\"wp-block-button__link has-base-2-color has-contrast-3-background-color has-text-color has-background has-link-color wp-element-button\" href=\"https:\/\/www.rxnhub.com\/index.php\/fr\/create-an-account-fra\/\" style=\"border-radius:6px;padding-top:6px;padding-bottom:6px\">Choisir ce plan<\/a><\/div>\n<\/div>\n<\/div>\n<\/div>\n<\/div>\n\n\n\n<p class=\"has-contrast-color has-text-color has-link-color has-medium-font-size wp-elements-78bbc704c73902d765d3f21a5f668898\" style=\"padding-top:var(--wp--preset--spacing--10);padding-right:var(--wp--preset--spacing--20);padding-bottom:0;padding-left:var(--wp--preset--spacing--20)\">Les institutions acad\u00e9miques peuvent b\u00e9n\u00e9ficier de nos comptes personnalis\u00e9s d&#8217;apprentissage et de recherche acad\u00e9mique, avec acc\u00e8s \u00e0 la gestion des comptes et au partage de donn\u00e9es priv\u00e9es entre plusieurs utilisateurs et organisations. Des options d&#8217;h\u00e9bergement en cloud ou de d\u00e9ploiement sur site sont disponibles.<\/p>\n\n\n\n<p class=\"has-contrast-color has-text-color has-link-color has-medium-font-size wp-elements-ada72e45d2463550c4855f12f9140e80\" style=\"padding-top:var(--wp--preset--spacing--10);padding-right:var(--wp--preset--spacing--20);padding-bottom:0;padding-left:var(--wp--preset--spacing--20)\">Pour les entreprises et les organisations \u00e0 but lucratif, veuillez consulter nos plans commerciaux sp\u00e9cialis\u00e9s pour les organisations.<\/p>\n\n\n\n<p class=\"has-contrast-color has-text-color has-link-color has-medium-font-size wp-elements-d5fb907f97b63af815beed814f305955\" style=\"padding-top:var(--wp--preset--spacing--10);padding-right:var(--wp--preset--spacing--20);padding-bottom:0;padding-left:var(--wp--preset--spacing--20)\"><strong>Acc\u00e9dez \u00e0 nos termes et conditions complets ici.<\/strong><\/p>\n<\/div>\n<\/div>\n\n\n\n<p><\/p>\n","protected":false},"excerpt":{"rendered":"<p>Acc\u00e8s pour les particulier Nous proposons trois types de comptes individuels pour un usage personnel (commercial et non commercial), tous avec acc\u00e8s au d\u00e9p\u00f4t de donn\u00e9es ouvertes (Cloud): un compte de base gratuit (\u00e0 vie !), un compte standard avec acc\u00e8s \u00e0 une API de base, et un compte premium pour une interaction programmatique compl\u00e8te. [&hellip;]<\/p>\n","protected":false},"author":1,"featured_media":0,"parent":0,"menu_order":0,"comment_status":"closed","ping_status":"closed","template":"","meta":{"footnotes":""},"class_list":["post-1510","page","type-page","status-publish","hentry"],"_links":{"self":[{"href":"https:\/\/www.rxnhub.com\/index.php\/wp-json\/wp\/v2\/pages\/1510","targetHints":{"allow":["GET"]}}],"collection":[{"href":"https:\/\/www.rxnhub.com\/index.php\/wp-json\/wp\/v2\/pages"}],"about":[{"href":"https:\/\/www.rxnhub.com\/index.php\/wp-json\/wp\/v2\/types\/page"}],"author":[{"embeddable":true,"href":"https:\/\/www.rxnhub.com\/index.php\/wp-json\/wp\/v2\/users\/1"}],"replies":[{"embeddable":true,"href":"https:\/\/www.rxnhub.com\/index.php\/wp-json\/wp\/v2\/comments?post=1510"}],"version-history":[{"count":5,"href":"https:\/\/www.rxnhub.com\/index.php\/wp-json\/wp\/v2\/pages\/1510\/revisions"}],"predecessor-version":[{"id":1740,"href":"https:\/\/www.rxnhub.com\/index.php\/wp-json\/wp\/v2\/pages\/1510\/revisions\/1740"}],"wp:attachment":[{"href":"https:\/\/www.rxnhub.com\/index.php\/wp-json\/wp\/v2\/media?parent=1510"}],"curies":[{"name":"wp","href":"https:\/\/api.w.org\/{rel}","templated":true}]}}