
{"id":1511,"date":"2024-11-18T11:16:31","date_gmt":"2024-11-18T11:16:31","guid":{"rendered":"https:\/\/www.rxnhub.com\/?page_id=1511"},"modified":"2024-11-18T16:20:41","modified_gmt":"2024-11-18T16:20:41","slug":"access-for-individuals-ger","status":"publish","type":"page","link":"https:\/\/www.rxnhub.com\/index.php\/de\/access-for-individuals-ger\/","title":{"rendered":"Access for Individuals GER"},"content":{"rendered":"\n<p class=\"has-text-align-center has-contrast-color has-text-color has-link-color has-x-large-font-size wp-elements-3adc40218198b91bc1112dae3c693ac2\" style=\"padding-top:var(--wp--preset--spacing--50);font-style:normal;font-weight:600\">Zugriff f\u00fcr Einzelpersonen<\/p>\n\n\n\n<p class=\"has-contrast-color has-text-color has-link-color has-mdm-large-font-size wp-elements-e35871ed99a4d973b618af141379b88b\" style=\"padding-top:0;padding-right:var(--wp--preset--spacing--30);padding-bottom:0;padding-left:var(--wp--preset--spacing--30)\">Wir bieten drei Arten von Einzelkonten (einzelner Sitz) f\u00fcr pers\u00f6nliche, nicht kommerzielle und kommerzielle Nutzung an, die alle Zugang zum offenen Datenrepository (Cloud-basiertes Hosting) haben: ein kostenloses Basis-Konto (ein Leben lang!), ein Standard-Konto mit Zugang zu einer grundlegenden API und ein Premium-Konto f\u00fcr umfassende programmgesteuerte Interaktion. Diese Konten sind ideal f\u00fcr Lehre, Lernen und individuelle Projekte.<\/p>\n\n\n\n<div class=\"wp-block-group has-global-padding is-layout-constrained wp-container-core-group-is-layout-a41bc8d6 wp-block-group-is-layout-constrained\" style=\"margin-top:var(--wp--preset--spacing--10);margin-bottom:var(--wp--preset--spacing--10);padding-top:var(--wp--preset--spacing--20);padding-right:0;padding-bottom:var(--wp--preset--spacing--20);padding-left:0\">\n<p class=\"has-text-align-center has-contrast-color has-text-color has-link-color wp-elements-aa076af7fca633c878859eb39cd6257b\" style=\"font-size:clamp(20px, 1.25rem + ((1vw - 3.2px) * 1.463), 32px);font-style:normal;font-weight:600\">W\u00e4hlen Sie Ihre beste Option<\/p>\n\n\n\n<div class=\"wp-block-group has-global-padding is-layout-constrained wp-container-core-group-is-layout-32eb6460 wp-block-group-is-layout-constrained\" style=\"border-style:none;border-width:0px;margin-top:0;margin-bottom:0;padding-top:0;padding-right:0;padding-bottom:var(--wp--preset--spacing--50);padding-left:0\">\n<div class=\"wp-block-columns is-layout-flex wp-container-core-columns-is-layout-24e1f923 wp-block-columns-is-layout-flex\" style=\"padding-top:var(--wp--preset--spacing--20);padding-right:0;padding-bottom:var(--wp--preset--spacing--20);padding-left:0\">\n<div class=\"wp-block-column is-vertically-aligned-top is-layout-flow wp-block-column-is-layout-flow\">\n<div class=\"wp-block-group has-contrast-3-background-color has-background has-global-padding is-layout-constrained wp-container-core-group-is-layout-1131737d wp-block-group-is-layout-constrained\" style=\"border-top-left-radius:8px;border-top-right-radius:8px;border-bottom-left-radius:0px;border-bottom-right-radius:0px;margin-top:0;margin-bottom:0;padding-top:var(--wp--preset--spacing--20);padding-right:var(--wp--preset--spacing--20);padding-bottom:var(--wp--preset--spacing--20);padding-left:var(--wp--preset--spacing--20)\">\n<p class=\"has-text-align-center has-text-color has-link-color wp-elements-d0cfb353f671e2631120ca9eef34fb26\" style=\"color:#a7ca00;font-size:clamp(15.747px, 0.984rem + ((1vw - 3.2px) * 1.006), 24px);\"><strong>Free<\/strong><\/p>\n\n\n\n<p class=\"has-text-align-center has-base-2-color has-text-color has-link-color wp-elements-99b1bec93726fbb664b00531166d0f82\" style=\"font-size:clamp(18.959px, 1.185rem + ((1vw - 3.2px) * 1.346), 30px);font-style:normal;font-weight:700\">$0\/<sup><mark style=\"background-color:rgba(0, 0, 0, 0)\" class=\"has-inline-color has-base-2-color\">for life<\/mark><\/sup><\/p>\n\n\n\n<p class=\"has-text-align-center has-base-color has-text-color has-link-color wp-elements-b167472ee3aa853dbe0f6c23439d6872\" style=\"margin-top:0;margin-right:var(--wp--preset--spacing--10);margin-bottom:0;margin-left:var(--wp--preset--spacing--10)\">Ein Basisaccount, n\u00fctzlich zum Erlernen der Chemie und Quimioinformatik, mit Zugang zum offenen Repository<\/p>\n<\/div>\n\n\n\n<div class=\"wp-block-group has-background has-global-padding is-layout-constrained wp-block-group-is-layout-constrained\" style=\"border-bottom-left-radius:8px;border-bottom-right-radius:8px;background-color:#e5e5e5;margin-top:0;margin-bottom:0;padding-top:0;padding-bottom:var(--wp--preset--spacing--30)\">\n<div class=\"wp-block-group has-contrast-color has-text-color has-background has-link-color has-sml-medium-font-size wp-elements-4a2fe6355901b232104ed7a139a3bef4 is-content-justification-center is-nowrap is-layout-flex wp-container-core-group-is-layout-ebab14d4 wp-block-group-is-layout-flex\" style=\"border-top-left-radius:0px;border-top-right-radius:0px;border-bottom-left-radius:8px;border-bottom-right-radius:8px;background-color:#e5e5e5;margin-top:0;margin-bottom:0;padding-top:var(--wp--preset--spacing--20);padding-right:var(--wp--preset--spacing--10);padding-bottom:var(--wp--preset--spacing--20);padding-left:var(--wp--preset--spacing--10)\">\n<ol style=\"margin-right:var(--wp--preset--spacing--10);margin-left:var(--wp--preset--spacing--10);padding-top:var(--wp--preset--spacing--20);padding-right:var(--wp--preset--spacing--20);padding-bottom:var(--wp--preset--spacing--20);padding-left:var(--wp--preset--spacing--20);line-height:2.1\" class=\"wp-block-list has-contrast-color has-text-color has-link-color has-sml-medium-font-size wp-elements-255e978de44d1e590bd7a77adeba3f70\">\n<li class=\"has-sml-medium-font-size\">Einzelner Benutzer<\/li>\n\n\n\n<li>Nicht kommerzielle Nutzung<\/li>\n\n\n\n<li>Kein API-Zugang<\/li>\n\n\n\n<li>Kann keine Gruppen erstellen oder beitreten<\/li>\n\n\n\n<li>Geteilte Datenbank<\/li>\n\n\n\n<li class=\"has-sml-medium-font-size\">\u00d6ffentlicher Datenspeicher<\/li>\n<\/ol>\n<\/div>\n\n\n\n<div class=\"wp-block-buttons is-content-justification-center is-layout-flex wp-container-core-buttons-is-layout-a89b3969 wp-block-buttons-is-layout-flex\">\n<div class=\"wp-block-button\"><a class=\"wp-block-button__link has-base-2-color has-contrast-3-background-color has-text-color has-background has-link-color wp-element-button\" href=\"https:\/\/www.rxnhub.com\/index.php\/de\/create-an-account-ger\/\" style=\"border-radius:6px;padding-top:6px;padding-bottom:6px\">W\u00e4hle diesen Plan<\/a><\/div>\n<\/div>\n<\/div>\n<\/div>\n\n\n\n<div class=\"wp-block-column is-vertically-aligned-top is-layout-flow wp-block-column-is-layout-flow\">\n<div class=\"wp-block-group has-contrast-3-background-color has-background has-global-padding is-layout-constrained wp-container-core-group-is-layout-1131737d wp-block-group-is-layout-constrained\" style=\"border-top-left-radius:8px;border-top-right-radius:8px;border-bottom-left-radius:0px;border-bottom-right-radius:0px;margin-top:0;margin-bottom:0;padding-top:var(--wp--preset--spacing--20);padding-right:var(--wp--preset--spacing--20);padding-bottom:var(--wp--preset--spacing--20);padding-left:var(--wp--preset--spacing--20)\">\n<p class=\"has-text-align-center has-text-color has-link-color wp-elements-d91ded1fcc1cd980db664aa0766a1420\" style=\"color:#a7ca00;font-size:clamp(15.747px, 0.984rem + ((1vw - 3.2px) * 1.006), 24px);\"><strong>Standard<\/strong><\/p>\n\n\n\n<p class=\"has-text-align-center has-base-2-color has-text-color has-link-color wp-elements-97769ae629a2f26b890279118b63694f\" style=\"font-size:clamp(18.959px, 1.185rem + ((1vw - 3.2px) * 1.346), 30px);font-style:normal;font-weight:700\">from $5\/<sup><mark style=\"background-color:rgba(0, 0, 0, 0)\" class=\"has-inline-color has-base-2-color\">month<\/mark><\/sup><\/p>\n\n\n\n<p class=\"has-text-align-center has-base-color has-text-color has-link-color wp-elements-6c058814e9a0417de76c200ecb3e12da\" style=\"padding-top:0;padding-right:var(--wp--preset--spacing--10);padding-bottom:0;padding-left:var(--wp--preset--spacing--10)\">Mit einem grundlegenden API-Zugang, um Daten hinzuzuf\u00fcgen und das Open-Access-Repository programmgesteuert abzufragen<\/p>\n<\/div>\n\n\n\n<div class=\"wp-block-group has-background has-global-padding is-layout-constrained wp-block-group-is-layout-constrained\" style=\"border-bottom-left-radius:8px;border-bottom-right-radius:8px;background-color:#e5e5e5;margin-top:0;margin-bottom:0;padding-top:0;padding-bottom:var(--wp--preset--spacing--30)\">\n<div class=\"wp-block-group has-background has-sml-medium-font-size is-content-justification-center is-nowrap is-layout-flex wp-container-core-group-is-layout-ebab14d4 wp-block-group-is-layout-flex\" style=\"border-top-left-radius:0px;border-top-right-radius:0px;border-bottom-left-radius:8px;border-bottom-right-radius:8px;background-color:#e5e5e5;margin-top:0;margin-bottom:0;padding-top:var(--wp--preset--spacing--20);padding-right:var(--wp--preset--spacing--10);padding-bottom:var(--wp--preset--spacing--20);padding-left:var(--wp--preset--spacing--10)\">\n<ol style=\"margin-right:var(--wp--preset--spacing--10);margin-left:var(--wp--preset--spacing--10);padding-top:var(--wp--preset--spacing--20);padding-right:var(--wp--preset--spacing--20);padding-bottom:var(--wp--preset--spacing--20);padding-left:var(--wp--preset--spacing--20);line-height:2.1\" class=\"wp-block-list has-contrast-color has-text-color has-link-color has-sml-medium-font-size wp-elements-8a6710eca062425097af6c295a794c4b\">\n<li class=\"has-sml-medium-font-size\">Einzelner Benutzer<\/li>\n\n\n\n<li>Nicht kommerzielle Nutzung<\/li>\n\n\n\n<li>Basis-API-Zugang, zur Abfrage des offenen Repositorys und deiner eigenen Daten<\/li>\n\n\n\n<li>Kann keine Gruppen erstellen oder beitreten<\/li>\n\n\n\n<li>Zugang zum RxnHub Marketplace<\/li>\n\n\n\n<li class=\"has-sml-medium-font-size\">Geteilte Datenbank<\/li>\n\n\n\n<li>Einzelner Privater Ordner, mit der F\u00e4higkeit, unbegrenzt Projekte zu erstellen (keine Gruppenfunktionen)<\/li>\n<\/ol>\n<\/div>\n\n\n\n<div class=\"wp-block-buttons is-content-justification-center is-layout-flex wp-container-core-buttons-is-layout-a89b3969 wp-block-buttons-is-layout-flex\">\n<div class=\"wp-block-button\"><a class=\"wp-block-button__link has-base-2-color has-contrast-3-background-color has-text-color has-background has-link-color wp-element-button\" href=\"https:\/\/www.rxnhub.com\/index.php\/de\/create-an-account-ger\/\" style=\"border-radius:6px;padding-top:6px;padding-bottom:6px\">W\u00e4hle diesen Plan<\/a><\/div>\n<\/div>\n<\/div>\n<\/div>\n\n\n\n<div class=\"wp-block-column is-vertically-aligned-top is-layout-flow wp-block-column-is-layout-flow\">\n<div class=\"wp-block-group has-contrast-3-background-color has-background has-global-padding is-layout-constrained wp-container-core-group-is-layout-1131737d wp-block-group-is-layout-constrained\" style=\"border-top-left-radius:8px;border-top-right-radius:8px;border-bottom-left-radius:0px;border-bottom-right-radius:0px;margin-top:0;margin-bottom:0;padding-top:var(--wp--preset--spacing--20);padding-right:var(--wp--preset--spacing--20);padding-bottom:var(--wp--preset--spacing--20);padding-left:var(--wp--preset--spacing--20)\">\n<p class=\"has-text-align-center has-text-color has-link-color wp-elements-31610642705001963d1c87b1dbaff193\" style=\"color:#a7ca00;font-size:clamp(15.747px, 0.984rem + ((1vw - 3.2px) * 1.006), 24px);\"><strong>Premium<\/strong><\/p>\n\n\n\n<p class=\"has-text-align-center has-base-2-color has-text-color has-link-color wp-elements-98c8871af137fc445b604893dcd237f3\" style=\"font-size:clamp(18.959px, 1.185rem + ((1vw - 3.2px) * 1.346), 30px);font-style:normal;font-weight:700\">from $125\/<sup><mark style=\"background-color:rgba(0, 0, 0, 0)\" class=\"has-inline-color has-base-2-color\">month<\/mark><\/sup><\/p>\n\n\n\n<p class=\"has-text-align-center has-base-color has-text-color has-link-color wp-elements-63863fad5b6183d3b939c1c3ba7158d4\" style=\"padding-right:var(--wp--preset--spacing--10);padding-left:var(--wp--preset--spacing--10)\">Einzelner Sitz, f\u00fcr kommerzielle Nutzung. Mit vollem API-Zugang, um das Open-Access-Repository hinzuzuf\u00fcgen und abzufragen<\/p>\n<\/div>\n\n\n\n<div class=\"wp-block-group has-background has-global-padding is-layout-constrained wp-block-group-is-layout-constrained\" style=\"border-bottom-left-radius:8px;border-bottom-right-radius:8px;background-color:#e5e5e5;margin-top:0;margin-bottom:0;padding-top:0;padding-bottom:var(--wp--preset--spacing--30)\">\n<div class=\"wp-block-group has-background has-sml-medium-font-size is-content-justification-center is-nowrap is-layout-flex wp-container-core-group-is-layout-ebab14d4 wp-block-group-is-layout-flex\" style=\"border-top-left-radius:0px;border-top-right-radius:0px;border-bottom-left-radius:8px;border-bottom-right-radius:8px;background-color:#e5e5e5;margin-top:0;margin-bottom:0;padding-top:var(--wp--preset--spacing--20);padding-right:var(--wp--preset--spacing--10);padding-bottom:var(--wp--preset--spacing--20);padding-left:var(--wp--preset--spacing--10)\">\n<ol style=\"margin-right:var(--wp--preset--spacing--10);margin-left:var(--wp--preset--spacing--10);padding-top:var(--wp--preset--spacing--20);padding-right:var(--wp--preset--spacing--20);padding-bottom:var(--wp--preset--spacing--20);padding-left:var(--wp--preset--spacing--20);line-height:2.1\" class=\"wp-block-list has-contrast-color has-text-color has-link-color has-sml-medium-font-size wp-elements-1c918058a9d5e3ae38af81a7c88a69e5\">\n<li class=\"has-sml-medium-font-size\">Einzelner Benutzer<\/li>\n\n\n\n<li>Kommerzielle Nutzung<\/li>\n\n\n\n<li>Vollst\u00e4ndiger API-Zugang, zur Interaktion mit dem offenen Repository und deinen eigenen Daten<\/li>\n\n\n\n<li>Kann keine Teams erstellen oder beitreten, aber kann Daten mit externen Konten teilen<\/li>\n\n\n\n<li>Zugang zum RxnHub Marketplace<\/li>\n\n\n\n<li class=\"has-sml-medium-font-size\">Private Datenbankinstanz (Cloud)<\/li>\n\n\n\n<li>Unbegrenzte Projekte, mit der M\u00f6glichkeit, extern mit anderen Organisationen zu teilen<\/li>\n\n\n\n<li>Ab 2 GB privatem Datenspeicher (Cloud), erweiterbar gegen eine kleine Geb\u00fchr<\/li>\n\n\n\n<li>Zugang zu allen Add-ons und zus\u00e4tzlichen Funktionen<\/li>\n<\/ol>\n<\/div>\n\n\n\n<div class=\"wp-block-buttons is-content-justification-center is-layout-flex wp-container-core-buttons-is-layout-a89b3969 wp-block-buttons-is-layout-flex\">\n<div class=\"wp-block-button is-style-fill\"><a class=\"wp-block-button__link has-base-2-color has-contrast-3-background-color has-text-color has-background has-link-color wp-element-button\" href=\"https:\/\/www.rxnhub.com\/index.php\/de\/create-an-account-ger\/\" style=\"border-radius:6px;padding-top:6px;padding-bottom:6px\">W\u00e4hle diesen Plan<\/a><\/div>\n<\/div>\n<\/div>\n<\/div>\n<\/div>\n\n\n\n<p class=\"has-contrast-color has-text-color has-link-color has-medium-font-size wp-elements-a64c89a09593125bf5db485fab437bfd\" style=\"padding-top:var(--wp--preset--spacing--10);padding-right:var(--wp--preset--spacing--20);padding-bottom:0;padding-left:var(--wp--preset--spacing--20)\">Dar\u00fcber hinaus k\u00f6nnen akademische Institutionen von unseren ma\u00dfgeschneiderten Konten f\u00fcr akademisches Lernen und Forschung profitieren, die Zugang zur Kontoverwaltung und zum privaten Datenaustausch zwischen mehreren Benutzern und Organisationen bieten. Es stehen Optionen f\u00fcr Cloud-basiertes Hosting oder die Bereitstellung vor Ort zur Verf\u00fcgung.<\/p>\n\n\n\n<p class=\"has-contrast-color has-text-color has-link-color has-medium-font-size wp-elements-0afab1b1f9699101378052c9e2e54275\" style=\"padding-top:var(--wp--preset--spacing--10);padding-right:var(--wp--preset--spacing--20);padding-bottom:0;padding-left:var(--wp--preset--spacing--20)\">F\u00fcr Unternehmen und gewinnorientierte Organisationen konsultieren Sie bitte unsere spezialisierten kommerziellen Pl\u00e4ne f\u00fcr Organisationen.<\/p>\n\n\n\n<p class=\"has-contrast-color has-text-color has-link-color has-medium-font-size wp-elements-2f53c5957a101fe2026bb7acba8e2351\" style=\"padding-top:var(--wp--preset--spacing--10);padding-right:var(--wp--preset--spacing--20);padding-bottom:0;padding-left:var(--wp--preset--spacing--20)\"><strong>Zugriff auf unsere vollst\u00e4ndigen Allgemeinen Gesch\u00e4ftsbedingungen hier.<\/strong><\/p>\n<\/div>\n<\/div>\n\n\n\n<p><\/p>\n","protected":false},"excerpt":{"rendered":"<p>Zugriff f\u00fcr Einzelpersonen Wir bieten drei Arten von Einzelkonten (einzelner Sitz) f\u00fcr pers\u00f6nliche, nicht kommerzielle und kommerzielle Nutzung an, die alle Zugang zum offenen Datenrepository (Cloud-basiertes Hosting) haben: ein kostenloses Basis-Konto (ein Leben lang!), ein Standard-Konto mit Zugang zu einer grundlegenden API und ein Premium-Konto f\u00fcr umfassende programmgesteuerte Interaktion. Diese Konten sind ideal f\u00fcr Lehre, [&hellip;]<\/p>\n","protected":false},"author":1,"featured_media":0,"parent":0,"menu_order":0,"comment_status":"closed","ping_status":"closed","template":"","meta":{"footnotes":""},"class_list":["post-1511","page","type-page","status-publish","hentry"],"_links":{"self":[{"href":"https:\/\/www.rxnhub.com\/index.php\/wp-json\/wp\/v2\/pages\/1511","targetHints":{"allow":["GET"]}}],"collection":[{"href":"https:\/\/www.rxnhub.com\/index.php\/wp-json\/wp\/v2\/pages"}],"about":[{"href":"https:\/\/www.rxnhub.com\/index.php\/wp-json\/wp\/v2\/types\/page"}],"author":[{"embeddable":true,"href":"https:\/\/www.rxnhub.com\/index.php\/wp-json\/wp\/v2\/users\/1"}],"replies":[{"embeddable":true,"href":"https:\/\/www.rxnhub.com\/index.php\/wp-json\/wp\/v2\/comments?post=1511"}],"version-history":[{"count":6,"href":"https:\/\/www.rxnhub.com\/index.php\/wp-json\/wp\/v2\/pages\/1511\/revisions"}],"predecessor-version":[{"id":1741,"href":"https:\/\/www.rxnhub.com\/index.php\/wp-json\/wp\/v2\/pages\/1511\/revisions\/1741"}],"wp:attachment":[{"href":"https:\/\/www.rxnhub.com\/index.php\/wp-json\/wp\/v2\/media?parent=1511"}],"curies":[{"name":"wp","href":"https:\/\/api.w.org\/{rel}","templated":true}]}}