
{"id":1515,"date":"2024-11-18T14:50:01","date_gmt":"2024-11-18T14:50:01","guid":{"rendered":"https:\/\/www.rxnhub.com\/?page_id=1515"},"modified":"2024-11-18T16:25:28","modified_gmt":"2024-11-18T16:25:28","slug":"case-1-fra","status":"publish","type":"page","link":"https:\/\/www.rxnhub.com\/index.php\/fr\/case-1-fra\/","title":{"rendered":"Case 1 FRA"},"content":{"rendered":"\n<div class=\"wp-block-group has-global-padding is-layout-constrained wp-block-group-is-layout-constrained\" style=\"margin-top:0;margin-bottom:0;padding-top:var(--wp--preset--spacing--20);padding-bottom:var(--wp--preset--spacing--20)\">\n<div class=\"wp-block-columns has-base-2-background-color has-background is-layout-flex wp-container-core-columns-is-layout-34bedc32 wp-block-columns-is-layout-flex\" style=\"border-radius:8px;margin-top:0;margin-bottom:0;padding-top:0;padding-right:0;padding-bottom:0;padding-left:0\">\n<div class=\"wp-block-column wow animate__animated animate__fadeInUp has-medium-font-size is-layout-flow wp-block-column-is-layout-flow\" style=\"line-height:1.7\">\n<div class=\"wp-block-group has-global-padding is-layout-constrained wp-container-core-group-is-layout-72190d31 wp-block-group-is-layout-constrained\" style=\"margin-top:0;margin-bottom:0;padding-top:0;padding-right:0;padding-bottom:0;padding-left:0\">\n<p class=\"has-contrast-color has-text-color has-link-color has-large-font-size wp-elements-326b44d2c9a4590d7c868cf9f37411e0\" style=\"padding-top:var(--wp--preset--spacing--50);padding-right:0;padding-bottom:var(--wp--preset--spacing--20);padding-left:0;font-style:normal;font-weight:600\">R\u00e9volutionner la s\u00e9lection des routes gr\u00e2ce \u00e0 la num\u00e9risation<\/p>\n<\/div>\n\n\n\n<div class=\"wp-block-group has-global-padding is-layout-constrained wp-container-core-group-is-layout-72190d31 wp-block-group-is-layout-constrained\" style=\"margin-top:0;margin-bottom:0;padding-top:0;padding-right:0;padding-bottom:0;padding-left:0\">\n<p class=\"has-contrast-color has-text-color has-link-color has-mdm-large-font-size wp-elements-9f2b14349e4d7952a8abd13e43f9d968\" style=\"padding-top:0;padding-right:0;padding-bottom:0;padding-left:0\">Dans le monde complexe de la chimie organique synth\u00e9tique, le parcours allant de la conceptualisation \u00e0 la production de mat\u00e9riaux a traditionnellement repos\u00e9 sur l&#8217;expertise et l&#8217;intuition des chimistes. Cette approche centr\u00e9e sur l&#8217;humain, bien qu&#8217;innovante, est entach\u00e9e de limitations, en particulier dans l&#8217;industrie pharmaceutique o\u00f9 les enjeux sont \u00e9lev\u00e9s et la demande d&#8217;efficacit\u00e9 est incessante.<\/p>\n\n\n\n<p class=\"has-contrast-color has-text-color has-link-color has-mdm-large-font-size wp-elements-431a4dc733e2c85ed48ee7a19355bf5a\" style=\"padding-top:0;padding-right:0;padding-bottom:0;padding-left:0\">L&#8217;un des principaux d\u00e9fis du d\u00e9veloppement pharmaceutique est la planification de la synth\u00e8se des principes actifs pharmaceutiques (APIs). Ce processus commence par l&#8217;identification du pharmacophore, les caract\u00e9ristiques essentielles n\u00e9cessaires pour qu&#8217;une mol\u00e9cule interagisse avec une cible biologique. Les chercheurs proposent diverses mol\u00e9cules cibles, chacune pr\u00e9sentant des avantages th\u00e9rapeutiques potentiels, et d\u00e9veloppent des voies de synth\u00e8se pr\u00e9liminaires pour tester ces compos\u00e9s. Cependant, le chemin allant du laboratoire \u00e0 la production commerciale est long et complexe, n\u00e9cessitant souvent un raffinement it\u00e9ratif de ces voies de synth\u00e8se pour r\u00e9pondre aux exigences de la fabrication \u00e0 grande \u00e9chelle et de la conformit\u00e9 r\u00e9glementaire.<\/p>\n\n\n\n<p class=\"has-contrast-color has-text-color has-link-color has-mdm-large-font-size wp-elements-903e952999de34683afed4ba6e88ced1\" style=\"padding-top:0;padding-right:0;padding-bottom:0;padding-left:0\">Traditionnellement, le choix de la voie de synth\u00e8se optimale pour la production d&#8217;APIs implique une multitude de facteurs. La s\u00e9curit\u00e9, l&#8217;impact environnemental, les consid\u00e9rations l\u00e9gales, la viabilit\u00e9 \u00e9conomique, le contr\u00f4le des processus et le rendement jouent tous des r\u00f4les essentiels. Ce processus d\u00e9cisionnel repose fortement sur l&#8217;exp\u00e9rience des scientifiques des proc\u00e9d\u00e9s, qui doivent synth\u00e9tiser d&#8217;importantes quantit\u00e9s de donn\u00e9es provenant d&#8217;essais en laboratoire, de la litt\u00e9rature et des outils de mod\u00e9lisation. Cependant, les biais humains et l&#8217;incapacit\u00e9 \u00e0 traiter efficacement de grands ensembles de donn\u00e9es peuvent conduire \u00e0 une s\u00e9lection suboptimale des voies.<\/p>\n\n\n\n<p class=\"has-contrast-color has-text-color has-link-color has-mdm-large-font-size wp-elements-688ceac2e4f19fb5067bec26e8a741d7\" style=\"padding-top:0;padding-right:0;padding-bottom:0;padding-left:0\">C&#8217;est ici que la num\u00e9risation intervient comme un v\u00e9ritable catalyseur. En adoptant des outils num\u00e9riques, l&#8217;industrie pharmaceutique peut surmonter les limitations inh\u00e9rentes \u00e0 la planification de synth\u00e8se pilot\u00e9e par l&#8217;humain. La num\u00e9risation permet la capture, l&#8217;organisation et la diffusion syst\u00e9matiques des connaissances \u00e0 travers les projets, en tirant parti de bases de donn\u00e9es centralis\u00e9es et de plateformes collaboratives. Ces syst\u00e8mes facilitent l&#8217;int\u00e9gration de diverses sources de donn\u00e9es, allant des r\u00e9sultats exp\u00e9rimentaux aux pr\u00e9dictions th\u00e9oriques, offrant une vue d&#8217;ensemble compl\u00e8te qui d\u00e9passe les capacit\u00e9s humaines individuelles.<\/p>\n\n\n\n<p class=\"has-contrast-color has-text-color has-link-color has-mdm-large-font-size wp-elements-e4d744b1f426d38e09e8905d34fd3b0a\" style=\"padding-top:0;padding-right:0;padding-bottom:0;padding-left:0\">Un avantage significatif de la num\u00e9risation est la capacit\u00e9 d&#8217;appliquer des algorithmes avanc\u00e9s \u00e0 l&#8217;ensemble des ensembles de donn\u00e9es. Ces algorithmes peuvent r\u00e9v\u00e9ler des informations qui pourraient \u00e9chapper \u00e0 l&#8217;analyse humaine, mettant en \u00e9vidence des voies de synth\u00e8se optimales qui \u00e9quilibrent tous les crit\u00e8res n\u00e9cessaires. Par exemple, les m\u00e9triques de r\u00e9seau peuvent identifier les voies les plus prometteuses, garantissant qu&#8217;aucune option viable n&#8217;est n\u00e9glig\u00e9e en raison de biais inconscients ou de limitations dans le traitement des donn\u00e9es.<\/p>\n\n\n\n<div class=\"wp-block-group has-global-padding is-layout-constrained wp-block-group-is-layout-constrained\" style=\"padding-top:var(--wp--preset--spacing--20)\">\n<figure data-wp-context=\"{&quot;imageId&quot;:&quot;69e8a23e2e512&quot;}\" data-wp-interactive=\"core\/image\" data-wp-key=\"69e8a23e2e512\" class=\"wp-block-image aligncenter size-large is-resized wp-lightbox-container\"><img loading=\"lazy\" decoding=\"async\" width=\"1024\" height=\"638\" data-wp-class--hide=\"state.isContentHidden\" data-wp-class--show=\"state.isContentVisible\" data-wp-init=\"callbacks.setButtonStyles\" data-wp-on--click=\"actions.showLightbox\" data-wp-on--load=\"callbacks.setButtonStyles\" data-wp-on-window--resize=\"callbacks.setButtonStyles\" src=\"https:\/\/www.rxnhub.com\/wp-content\/uploads\/2024\/05\/4-1024x638.png\" alt=\"\" class=\"wp-image-1070\" style=\"box-shadow:var(--wp--preset--shadow--natural);width:650px\" srcset=\"https:\/\/www.rxnhub.com\/wp-content\/uploads\/2024\/05\/4-1024x638.png 1024w, https:\/\/www.rxnhub.com\/wp-content\/uploads\/2024\/05\/4-300x187.png 300w, https:\/\/www.rxnhub.com\/wp-content\/uploads\/2024\/05\/4-768x479.png 768w, https:\/\/www.rxnhub.com\/wp-content\/uploads\/2024\/05\/4.png 1269w\" sizes=\"auto, (max-width: 1024px) 100vw, 1024px\" \/><button\n\t\t\tclass=\"lightbox-trigger\"\n\t\t\ttype=\"button\"\n\t\t\taria-haspopup=\"dialog\"\n\t\t\taria-label=\"Enlarge\"\n\t\t\tdata-wp-init=\"callbacks.initTriggerButton\"\n\t\t\tdata-wp-on--click=\"actions.showLightbox\"\n\t\t\tdata-wp-style--right=\"state.imageButtonRight\"\n\t\t\tdata-wp-style--top=\"state.imageButtonTop\"\n\t\t>\n\t\t\t<svg xmlns=\"http:\/\/www.w3.org\/2000\/svg\" width=\"12\" height=\"12\" fill=\"none\" viewBox=\"0 0 12 12\">\n\t\t\t\t<path fill=\"#fff\" d=\"M2 0a2 2 0 0 0-2 2v2h1.5V2a.5.5 0 0 1 .5-.5h2V0H2Zm2 10.5H2a.5.5 0 0 1-.5-.5V8H0v2a2 2 0 0 0 2 2h2v-1.5ZM8 12v-1.5h2a.5.5 0 0 0 .5-.5V8H12v2a2 2 0 0 1-2 2H8Zm2-12a2 2 0 0 1 2 2v2h-1.5V2a.5.5 0 0 0-.5-.5H8V0h2Z\" \/>\n\t\t\t<\/svg>\n\t\t<\/button><\/figure>\n<\/div>\n\n\n\n<p class=\"has-text-align-center\">Figure 1 : Aborder le probl\u00e8me sous diff\u00e9rents angles peut am\u00e9liorer notre compr\u00e9hension<\/p>\n\n\n\n<p class=\"has-contrast-color has-text-color has-link-color has-mdm-large-font-size wp-elements-3ee2ec0acbe7370eb7a6ab81aa831ffa\" style=\"padding-top:0;padding-right:0;padding-bottom:0;padding-left:0\">De plus, les outils num\u00e9riques facilitent la collaboration en temps r\u00e9el entre les scientifiques, am\u00e9liorant ainsi l&#8217;intelligence collective des \u00e9quipes de recherche. En stockant le savoir chimique dans des bases de donn\u00e9es graphiques, les chercheurs peuvent acc\u00e9der \u00e0 un r\u00e9f\u00e9rentiel partag\u00e9 et y contribuer, enrichissant les m\u00e9tadonn\u00e9es avec des apports continus. Cette approche collaborative non seulement acc\u00e9l\u00e8re le processus de planification de la synth\u00e8se, mais favorise \u00e9galement l&#8217;innovation en exposant les chercheurs \u00e0 un \u00e9ventail plus large d&#8217;id\u00e9es et de m\u00e9thodologies.<\/p>\n\n\n\n<p class=\"has-contrast-color has-text-color has-link-color has-mdm-large-font-size wp-elements-f20a64711ba2185a343f0659855f716e\" style=\"padding-top:0;padding-right:0;padding-bottom:0;padding-left:0\">Les b\u00e9n\u00e9fices de la num\u00e9risation s&#8217;\u00e9tendent au-del\u00e0 du laboratoire. Pour les entreprises pharmaceutiques, les outils num\u00e9riques simplifient la transition de la production \u00e0 petite \u00e9chelle \u00e0 la fabrication commerciale. Ils permettent une mise \u00e0 l&#8217;\u00e9chelle plus efficace des processus de synth\u00e8se, garantissant que les principes actifs pharmaceutiques (APIs) peuvent \u00eatre produits avec la qualit\u00e9 et la quantit\u00e9 requises pour r\u00e9pondre aux demandes du march\u00e9. De plus, la capacit\u00e9 \u00e0 \u00e9valuer et \u00e0 adapter rapidement les voies de synth\u00e8se r\u00e9duit le temps et les co\u00fbts associ\u00e9s au d\u00e9veloppement de m\u00e9dicaments, rendant ainsi les traitements plus accessibles et abordables pour les patients.<\/p>\n\n\n\n<div class=\"wp-block-group has-global-padding is-layout-constrained wp-block-group-is-layout-constrained\" style=\"padding-top:var(--wp--preset--spacing--20)\">\n<figure data-wp-context=\"{&quot;imageId&quot;:&quot;69e8a23e2eb3b&quot;}\" data-wp-interactive=\"core\/image\" data-wp-key=\"69e8a23e2eb3b\" class=\"wp-block-image aligncenter size-large is-resized wp-lightbox-container\"><img loading=\"lazy\" decoding=\"async\" width=\"1024\" height=\"638\" data-wp-class--hide=\"state.isContentHidden\" data-wp-class--show=\"state.isContentVisible\" data-wp-init=\"callbacks.setButtonStyles\" data-wp-on--click=\"actions.showLightbox\" data-wp-on--load=\"callbacks.setButtonStyles\" data-wp-on-window--resize=\"callbacks.setButtonStyles\" src=\"https:\/\/www.rxnhub.com\/wp-content\/uploads\/2024\/05\/Fig-11-1024x638.png\" alt=\"\" class=\"wp-image-1150\" style=\"box-shadow:var(--wp--preset--shadow--natural);width:650px\" srcset=\"https:\/\/www.rxnhub.com\/wp-content\/uploads\/2024\/05\/Fig-11-1024x638.png 1024w, https:\/\/www.rxnhub.com\/wp-content\/uploads\/2024\/05\/Fig-11-300x187.png 300w, https:\/\/www.rxnhub.com\/wp-content\/uploads\/2024\/05\/Fig-11-768x479.png 768w, https:\/\/www.rxnhub.com\/wp-content\/uploads\/2024\/05\/Fig-11.png 1280w\" sizes=\"auto, (max-width: 1024px) 100vw, 1024px\" \/><button\n\t\t\tclass=\"lightbox-trigger\"\n\t\t\ttype=\"button\"\n\t\t\taria-haspopup=\"dialog\"\n\t\t\taria-label=\"Enlarge\"\n\t\t\tdata-wp-init=\"callbacks.initTriggerButton\"\n\t\t\tdata-wp-on--click=\"actions.showLightbox\"\n\t\t\tdata-wp-style--right=\"state.imageButtonRight\"\n\t\t\tdata-wp-style--top=\"state.imageButtonTop\"\n\t\t>\n\t\t\t<svg xmlns=\"http:\/\/www.w3.org\/2000\/svg\" width=\"12\" height=\"12\" fill=\"none\" viewBox=\"0 0 12 12\">\n\t\t\t\t<path fill=\"#fff\" d=\"M2 0a2 2 0 0 0-2 2v2h1.5V2a.5.5 0 0 1 .5-.5h2V0H2Zm2 10.5H2a.5.5 0 0 1-.5-.5V8H0v2a2 2 0 0 0 2 2h2v-1.5ZM8 12v-1.5h2a.5.5 0 0 0 .5-.5V8H12v2a2 2 0 0 1-2 2H8Zm2-12a2 2 0 0 1 2 2v2h-1.5V2a.5.5 0 0 0-.5-.5H8V0h2Z\" \/>\n\t\t\t<\/svg>\n\t\t<\/button><\/figure>\n<\/div>\n\n\n\n<p class=\"has-text-align-center\">Figure 2 : Aborder le probl\u00e8me sous diff\u00e9rents angles peut am\u00e9liorer notre compr\u00e9hension<\/p>\n\n\n\n<p class=\"has-contrast-color has-text-color has-link-color has-mdm-large-font-size wp-elements-4d671c2bc86f62c9424b8a5d850bf8b3\" style=\"padding-top:0;padding-right:0;padding-bottom:0;padding-left:0\">En conclusion, la num\u00e9risation n&#8217;est pas seulement une am\u00e9lioration, mais une n\u00e9cessit\u00e9 pour l&#8217;industrie pharmaceutique. Elle transforme le processus traditionnel de planification de la synth\u00e8se, att\u00e9nuant les biais humains et tirant parti de la puissance des donn\u00e9es et des algorithmes pour identifier les meilleures routes possibles pour la production de principes actifs pharmaceutiques (APIs). En adoptant des outils num\u00e9riques, les entreprises pharmaceutiques peuvent atteindre une plus grande efficacit\u00e9, favoriser l&#8217;innovation et garantir que les m\u00e9dicaments qui sauvent des vies parviennent plus rapidement aux patients et \u00e0 un co\u00fbt r\u00e9duit. Ce changement vers un paradigme num\u00e9rique est essentiel pour r\u00e9pondre aux exigences croissantes des soins de sant\u00e9 modernes et offrir de meilleurs r\u00e9sultats aux patients dans le monde entier.<\/p>\n\n\n\n<p class=\"has-contrast-color has-text-color has-link-color has-large-font-size wp-elements-1f44c3d1ee8079d05ceb2dade25a3349\" style=\"padding-top:var(--wp--preset--spacing--10);padding-right:0;padding-bottom:var(--wp--preset--spacing--10);padding-left:0\">Comment notre plateforme rel\u00e8ve ces d\u00e9fis cl\u00e9s<\/p>\n\n\n\n<p class=\"has-contrast-color has-text-color has-link-color has-mdm-large-font-size wp-elements-ee8270e20a1a2f23a3c63cfebbbef9bc\" style=\"padding-top:0;padding-right:0;padding-bottom:0;padding-left:0\">Notre plateforme est con\u00e7ue pour transformer l&#8217;approche de la planification de synth\u00e8se en offrant une solution polyvalente qui r\u00e9pond \u00e0 une vari\u00e9t\u00e9 de besoins. Elle dispose d&#8217;une base de donn\u00e9es publique robuste de mol\u00e9cules et de r\u00e9actions, qui sera continuellement mise \u00e0 jour gr\u00e2ce \u00e0 des collaborations avec des universit\u00e9s et des organisations chimiques. Cela garantit que les utilisateurs ont acc\u00e8s \u00e0 une richesse d&#8217;informations pour des applications tant \u00e9ducatives que commerciales. De plus, notre plateforme fournit une couche priv\u00e9e o\u00f9 les entreprises peuvent int\u00e9grer de mani\u00e8re s\u00e9curis\u00e9e leurs propres donn\u00e9es provenant de cu notebooks \u00e9lectroniques et d&#8217;autres sources internes. Cet espace priv\u00e9 permet d&#8217;ajouter des informations issues de logiciels de retrosynth\u00e8se et de bases de donn\u00e9es exclusives, tout en maintenant la s\u00e9curit\u00e9 des informations sensibles et le contr\u00f4le par l&#8217;entreprise.<\/p>\n\n\n\n<p class=\"has-contrast-color has-text-color has-link-color has-mdm-large-font-size wp-elements-1e32735579d0263cffd545fc11ca21fc\" style=\"padding-top:0;padding-right:0;padding-bottom:0;padding-left:0\">La plateforme se distingue par sa capacit\u00e9 \u00e0 favoriser la collaboration en \u00e9quipe gr\u00e2ce \u00e0 ses outils de gestion des flux de travail intuitifs. Les utilisateurs peuvent cr\u00e9er des projets centr\u00e9s sur des mol\u00e9cules cibles, le syst\u00e8me int\u00e9grant automatiquement des donn\u00e9es pertinentes pour construire une carte r\u00e9seau des voies de synth\u00e8se potentielles. Les scientifiques peuvent ensuite travailler ensemble pour analyser et affiner ces voies, b\u00e9n\u00e9ficiant de fonctionnalit\u00e9s telles que l&#8217;enrichissement des donn\u00e9es, l&#8217;estimation des co\u00fbts et les \u00e9valuations automatiques de s\u00e9curit\u00e9 et d&#8217;impact environnemental. De plus, bien que les plans futurs incluent la connexion avec des bases de donn\u00e9es d&#8217;achats et des plateformes robotiques, les outils actuels sont d\u00e9j\u00e0 con\u00e7us pour am\u00e9liorer chaque \u00e9tape du processus de planification de la synth\u00e8se, facilitant ainsi la recherche des meilleures solutions de mani\u00e8re efficace et collaborative.<\/p>\n<\/div>\n<\/div>\n<\/div>\n\n\n\n<div class=\"wp-block-buttons is-content-justification-right is-layout-flex wp-container-core-buttons-is-layout-3bf5aab5 wp-block-buttons-is-layout-flex\" style=\"margin-top:var(--wp--preset--spacing--30);margin-bottom:var(--wp--preset--spacing--10)\">\n<div class=\"wp-block-button has-custom-font-size is-style-fill has-mdm-large-font-size\"><a class=\"wp-block-button__link has-base-2-color has-contrast-3-background-color has-text-color has-background has-link-color has-border-color wp-element-button\" href=\"https:\/\/www.rxnhub.com\/index.php\/fr\/cases-fra\/\" style=\"border-color:#ffffff;border-radius:5px;padding-top:5px;padding-right:var(--wp--preset--spacing--40);padding-bottom:5px;padding-left:var(--wp--preset--spacing--40)\">Retour<\/a><\/div>\n<\/div>\n<\/div>\n","protected":false},"excerpt":{"rendered":"<p>R\u00e9volutionner la s\u00e9lection des routes gr\u00e2ce \u00e0 la num\u00e9risation Dans le monde complexe de la chimie organique synth\u00e9tique, le parcours allant de la conceptualisation \u00e0 la production de mat\u00e9riaux a traditionnellement repos\u00e9 sur l&#8217;expertise et l&#8217;intuition des chimistes. Cette approche centr\u00e9e sur l&#8217;humain, bien qu&#8217;innovante, est entach\u00e9e de limitations, en particulier dans l&#8217;industrie pharmaceutique o\u00f9 [&hellip;]<\/p>\n","protected":false},"author":1,"featured_media":0,"parent":0,"menu_order":0,"comment_status":"closed","ping_status":"closed","template":"","meta":{"footnotes":""},"class_list":["post-1515","page","type-page","status-publish","hentry"],"_links":{"self":[{"href":"https:\/\/www.rxnhub.com\/index.php\/wp-json\/wp\/v2\/pages\/1515","targetHints":{"allow":["GET"]}}],"collection":[{"href":"https:\/\/www.rxnhub.com\/index.php\/wp-json\/wp\/v2\/pages"}],"about":[{"href":"https:\/\/www.rxnhub.com\/index.php\/wp-json\/wp\/v2\/types\/page"}],"author":[{"embeddable":true,"href":"https:\/\/www.rxnhub.com\/index.php\/wp-json\/wp\/v2\/users\/1"}],"replies":[{"embeddable":true,"href":"https:\/\/www.rxnhub.com\/index.php\/wp-json\/wp\/v2\/comments?post=1515"}],"version-history":[{"count":4,"href":"https:\/\/www.rxnhub.com\/index.php\/wp-json\/wp\/v2\/pages\/1515\/revisions"}],"predecessor-version":[{"id":1750,"href":"https:\/\/www.rxnhub.com\/index.php\/wp-json\/wp\/v2\/pages\/1515\/revisions\/1750"}],"wp:attachment":[{"href":"https:\/\/www.rxnhub.com\/index.php\/wp-json\/wp\/v2\/media?parent=1515"}],"curies":[{"name":"wp","href":"https:\/\/api.w.org\/{rel}","templated":true}]}}