
{"id":1516,"date":"2024-11-18T14:50:57","date_gmt":"2024-11-18T14:50:57","guid":{"rendered":"https:\/\/www.rxnhub.com\/?page_id=1516"},"modified":"2024-11-18T16:25:39","modified_gmt":"2024-11-18T16:25:39","slug":"case-1-ger","status":"publish","type":"page","link":"https:\/\/www.rxnhub.com\/index.php\/de\/case-1-ger\/","title":{"rendered":"Case 1 GER"},"content":{"rendered":"\n<div class=\"wp-block-group has-global-padding is-layout-constrained wp-block-group-is-layout-constrained\" style=\"margin-top:0;margin-bottom:0;padding-top:var(--wp--preset--spacing--20);padding-bottom:var(--wp--preset--spacing--20)\">\n<div class=\"wp-block-columns has-base-2-background-color has-background is-layout-flex wp-container-core-columns-is-layout-34bedc32 wp-block-columns-is-layout-flex\" style=\"border-radius:8px;margin-top:0;margin-bottom:0;padding-top:0;padding-right:0;padding-bottom:0;padding-left:0\">\n<div class=\"wp-block-column wow animate__animated animate__fadeInUp has-medium-font-size is-layout-flow wp-block-column-is-layout-flow\" style=\"line-height:1.7\">\n<div class=\"wp-block-group has-global-padding is-layout-constrained wp-container-core-group-is-layout-72190d31 wp-block-group-is-layout-constrained\" style=\"margin-top:0;margin-bottom:0;padding-top:0;padding-right:0;padding-bottom:0;padding-left:0\">\n<p class=\"has-contrast-color has-text-color has-link-color has-large-font-size wp-elements-c9679cac8a00254313d98a5811d85ed8\" style=\"padding-top:var(--wp--preset--spacing--50);padding-right:0;padding-bottom:var(--wp--preset--spacing--20);padding-left:0;font-style:normal;font-weight:600\">Revolutionierung der Routenwahl durch Digitalisierung<\/p>\n<\/div>\n\n\n\n<div class=\"wp-block-group has-global-padding is-layout-constrained wp-container-core-group-is-layout-72190d31 wp-block-group-is-layout-constrained\" style=\"margin-top:0;margin-bottom:0;padding-top:0;padding-right:0;padding-bottom:0;padding-left:0\">\n<p class=\"has-contrast-color has-text-color has-link-color has-mdm-large-font-size wp-elements-def9a893f55cde6802f7f9530fa4abb2\" style=\"padding-top:0;padding-right:0;padding-bottom:0;padding-left:0\">In der komplexen Welt der synthetischen organischen Chemie hing der Weg von der Konzeption bis zur Produktion von Materialien traditionell von der Expertise und Intuition der Chemiker ab. Dieser humanzentrierte Ansatz, obwohl innovativ, ist mit Einschr\u00e4nkungen behaftet, insbesondere in der pharmazeutischen Industrie, wo die Risiken hoch sind und die Nachfrage nach Effizienz unerm\u00fcdlich ist.<\/p>\n\n\n\n<p class=\"has-contrast-color has-text-color has-link-color has-mdm-large-font-size wp-elements-40b78f726c5cec884c82e2b750a49b8b\" style=\"padding-top:0;padding-right:0;padding-bottom:0;padding-left:0\">Eine der Hauptanforderungen in der pharmazeutischen Entwicklung ist die Planungsphase der Synthese von Wirkstoffen (APIs). Dieser Prozess beginnt mit der Identifizierung des Pharmacophors, der wesentlichen Merkmale, die erforderlich sind, damit eine Molek\u00fcl mit einem biologischen Ziel interagiert. Forscher schlagen verschiedene Zielmolek\u00fcle vor, die jeweils potenzielle therapeutische Vorteile bieten, und entwickeln vorl\u00e4ufige Synthesewege, um diese Verbindungen zu testen. Der Weg von der Laborforschung zur kommerziellen Produktion ist jedoch lang und komplex und erfordert oft eine iterative Verfeinerung dieser Synthesewege, um den Anforderungen an die Gro\u00dfproduktion und die Einhaltung von Vorschriften gerecht zu werden.<\/p>\n\n\n\n<p class=\"has-contrast-color has-text-color has-link-color has-mdm-large-font-size wp-elements-906c92f62efc18f4cdf095700b45d95a\" style=\"padding-top:0;padding-right:0;padding-bottom:0;padding-left:0\">Traditionell umfasst die Auswahl der optimalen Syntheseroute f\u00fcr die Produktion von APIs eine Vielzahl von Faktoren. Sicherheit, Umweltvertr\u00e4glichkeit, rechtliche \u00dcberlegungen, wirtschaftliche Rentabilit\u00e4t, Prozesskontrolle und Durchsatz spielen alle eine entscheidende Rolle. Dieser Entscheidungsprozess basiert stark auf der Erfahrung der Prozesswissenschaftler, die gro\u00dfe Datenmengen aus Labortests, Literatur und Modelling-Tools zusammenf\u00fchren m\u00fcssen. Allerdings k\u00f6nnen menschliche Vorurteile und die Unf\u00e4higkeit, gro\u00dfe Datens\u00e4tze effektiv zu verarbeiten, zu einer suboptimalen Auswahl der Routen f\u00fchren.<\/p>\n\n\n\n<p class=\"has-contrast-color has-text-color has-link-color has-mdm-large-font-size wp-elements-347460f2d5a7daa008c2d42684bc9bcc\" style=\"padding-top:0;padding-right:0;padding-bottom:0;padding-left:0\">Hier kommt die Digitalisierung als Wendepunkt ins Spiel. Durch die Nutzung digitaler Werkzeuge kann die Pharmaindustrie die inh\u00e4renten Einschr\u00e4nkungen der menschlichen Syntheseplanung \u00fcberwinden. Die Digitalisierung erm\u00f6glicht die systematische Erfassung, Organisation und Verbreitung von Wissen \u00fcber Projekte hinweg, indem zentrale Datenbanken und kollaborative Plattformen genutzt werden. Diese Systeme erlauben die Integration vielf\u00e4ltiger Datenquellen, von experimentellen Ergebnissen bis hin zu theoretischen Vorhersagen, und bieten einen umfassenden \u00dcberblick, der die individuellen menschlichen F\u00e4higkeiten \u00fcbertrifft.<\/p>\n\n\n\n<p class=\"has-contrast-color has-text-color has-link-color has-mdm-large-font-size wp-elements-be08cbd9a46e2bb0e94f36f7377fbf36\" style=\"padding-top:0;padding-right:0;padding-bottom:0;padding-left:0\">Ein wesentlicher Vorteil der Digitalisierung ist die M\u00f6glichkeit, fortschrittliche Algorithmen auf den gesamten Datensatz anzuwenden. Diese Algorithmen k\u00f6nnen Erkenntnisse liefern, die von menschlichen Analysten m\u00f6glicherweise \u00fcbersehen werden, und optimale synthetische Routen aufdecken, die alle erforderlichen Kriterien ber\u00fccksichtigen. Beispielsweise k\u00f6nnen Netzwerkmetriken die vielversprechendsten Wege identifizieren und sicherstellen, dass keine tragf\u00e4higen Optionen aufgrund unbewusster Vorurteile oder Einschr\u00e4nkungen bei der Datenverarbeitung \u00fcbersehen werden.<\/p>\n\n\n\n<div class=\"wp-block-group has-global-padding is-layout-constrained wp-block-group-is-layout-constrained\" style=\"padding-top:var(--wp--preset--spacing--20)\">\n<figure data-wp-context=\"{&quot;imageId&quot;:&quot;69e8a20ada60c&quot;}\" data-wp-interactive=\"core\/image\" data-wp-key=\"69e8a20ada60c\" class=\"wp-block-image aligncenter size-large is-resized wp-lightbox-container\"><img loading=\"lazy\" decoding=\"async\" width=\"1024\" height=\"638\" data-wp-class--hide=\"state.isContentHidden\" data-wp-class--show=\"state.isContentVisible\" data-wp-init=\"callbacks.setButtonStyles\" data-wp-on--click=\"actions.showLightbox\" data-wp-on--load=\"callbacks.setButtonStyles\" data-wp-on-window--resize=\"callbacks.setButtonStyles\" src=\"https:\/\/www.rxnhub.com\/wp-content\/uploads\/2024\/05\/4-1024x638.png\" alt=\"\" class=\"wp-image-1070\" style=\"box-shadow:var(--wp--preset--shadow--natural);width:650px\" srcset=\"https:\/\/www.rxnhub.com\/wp-content\/uploads\/2024\/05\/4-1024x638.png 1024w, https:\/\/www.rxnhub.com\/wp-content\/uploads\/2024\/05\/4-300x187.png 300w, https:\/\/www.rxnhub.com\/wp-content\/uploads\/2024\/05\/4-768x479.png 768w, https:\/\/www.rxnhub.com\/wp-content\/uploads\/2024\/05\/4.png 1269w\" sizes=\"auto, (max-width: 1024px) 100vw, 1024px\" \/><button\n\t\t\tclass=\"lightbox-trigger\"\n\t\t\ttype=\"button\"\n\t\t\taria-haspopup=\"dialog\"\n\t\t\taria-label=\"Enlarge\"\n\t\t\tdata-wp-init=\"callbacks.initTriggerButton\"\n\t\t\tdata-wp-on--click=\"actions.showLightbox\"\n\t\t\tdata-wp-style--right=\"state.imageButtonRight\"\n\t\t\tdata-wp-style--top=\"state.imageButtonTop\"\n\t\t>\n\t\t\t<svg xmlns=\"http:\/\/www.w3.org\/2000\/svg\" width=\"12\" height=\"12\" fill=\"none\" viewBox=\"0 0 12 12\">\n\t\t\t\t<path fill=\"#fff\" d=\"M2 0a2 2 0 0 0-2 2v2h1.5V2a.5.5 0 0 1 .5-.5h2V0H2Zm2 10.5H2a.5.5 0 0 1-.5-.5V8H0v2a2 2 0 0 0 2 2h2v-1.5ZM8 12v-1.5h2a.5.5 0 0 0 .5-.5V8H12v2a2 2 0 0 1-2 2H8Zm2-12a2 2 0 0 1 2 2v2h-1.5V2a.5.5 0 0 0-.5-.5H8V0h2Z\" \/>\n\t\t\t<\/svg>\n\t\t<\/button><\/figure>\n<\/div>\n\n\n\n<p class=\"has-text-align-center\">Abbildung 1: Die Betrachtung des Problems aus verschiedenen Perspektiven kann unser Verst\u00e4ndnis verbessern<\/p>\n\n\n\n<p class=\"has-contrast-color has-text-color has-link-color has-mdm-large-font-size wp-elements-f6c4c47a0bcac25cfe7fb1718b08bae6\" style=\"padding-top:0;padding-right:0;padding-bottom:0;padding-left:0\">Dar\u00fcber hinaus erleichtern digitale Werkzeuge die Zusammenarbeit von Wissenschaftlern in Echtzeit und steigern die kollektive Intelligenz der Forschungsteams. Durch die Speicherung chemischen Wissens in Graphdatenbanken k\u00f6nnen Forscher auf ein gemeinsames Repository zugreifen und dazu beitragen, das Metadatenangebot durch kontinuierliche Eingaben zu bereichern. Dieser kollaborative Ansatz beschleunigt nicht nur den Prozess der Syntheseplanung, sondern f\u00f6rdert auch Innovationen, indem er Forscher einer breiteren Palette von Ideen und Methodologien aussetzt.<\/p>\n\n\n\n<p class=\"has-contrast-color has-text-color has-link-color has-mdm-large-font-size wp-elements-0024780b4d28f468802d3e0adbb1870b\" style=\"padding-top:0;padding-right:0;padding-bottom:0;padding-left:0\">Die Vorteile der Digitalisierung erstrecken sich \u00fcber das Labor hinaus. F\u00fcr Pharmaunternehmen optimieren digitale Werkzeuge den \u00dcbergang von der Kleinserienproduktion zur kommerziellen Herstellung. Sie erm\u00f6glichen eine effizientere Skalierung der Syntheseprozesse und stellen sicher, dass Wirkstoffe in der erforderlichen Qualit\u00e4t und Menge produziert werden, um den Marktanforderungen gerecht zu werden. Dar\u00fcber hinaus reduziert die M\u00f6glichkeit, synthetische Routen schnell zu bewerten und anzupassen, die mit der Arzneimittelentwicklung verbundenen Zeit- und Kostenaufwendungen, wodurch Medikamente letztlich f\u00fcr Patienten zug\u00e4nglicher und erschwinglicher werden.<\/p>\n\n\n\n<div class=\"wp-block-group has-global-padding is-layout-constrained wp-block-group-is-layout-constrained\" style=\"padding-top:var(--wp--preset--spacing--20)\">\n<figure data-wp-context=\"{&quot;imageId&quot;:&quot;69e8a20adb0d0&quot;}\" data-wp-interactive=\"core\/image\" data-wp-key=\"69e8a20adb0d0\" class=\"wp-block-image aligncenter size-large is-resized wp-lightbox-container\"><img loading=\"lazy\" decoding=\"async\" width=\"1024\" height=\"638\" data-wp-class--hide=\"state.isContentHidden\" data-wp-class--show=\"state.isContentVisible\" data-wp-init=\"callbacks.setButtonStyles\" data-wp-on--click=\"actions.showLightbox\" data-wp-on--load=\"callbacks.setButtonStyles\" data-wp-on-window--resize=\"callbacks.setButtonStyles\" src=\"https:\/\/www.rxnhub.com\/wp-content\/uploads\/2024\/05\/Fig-11-1024x638.png\" alt=\"\" class=\"wp-image-1150\" style=\"box-shadow:var(--wp--preset--shadow--natural);width:650px\" srcset=\"https:\/\/www.rxnhub.com\/wp-content\/uploads\/2024\/05\/Fig-11-1024x638.png 1024w, https:\/\/www.rxnhub.com\/wp-content\/uploads\/2024\/05\/Fig-11-300x187.png 300w, https:\/\/www.rxnhub.com\/wp-content\/uploads\/2024\/05\/Fig-11-768x479.png 768w, https:\/\/www.rxnhub.com\/wp-content\/uploads\/2024\/05\/Fig-11.png 1280w\" sizes=\"auto, (max-width: 1024px) 100vw, 1024px\" \/><button\n\t\t\tclass=\"lightbox-trigger\"\n\t\t\ttype=\"button\"\n\t\t\taria-haspopup=\"dialog\"\n\t\t\taria-label=\"Enlarge\"\n\t\t\tdata-wp-init=\"callbacks.initTriggerButton\"\n\t\t\tdata-wp-on--click=\"actions.showLightbox\"\n\t\t\tdata-wp-style--right=\"state.imageButtonRight\"\n\t\t\tdata-wp-style--top=\"state.imageButtonTop\"\n\t\t>\n\t\t\t<svg xmlns=\"http:\/\/www.w3.org\/2000\/svg\" width=\"12\" height=\"12\" fill=\"none\" viewBox=\"0 0 12 12\">\n\t\t\t\t<path fill=\"#fff\" d=\"M2 0a2 2 0 0 0-2 2v2h1.5V2a.5.5 0 0 1 .5-.5h2V0H2Zm2 10.5H2a.5.5 0 0 1-.5-.5V8H0v2a2 2 0 0 0 2 2h2v-1.5ZM8 12v-1.5h2a.5.5 0 0 0 .5-.5V8H12v2a2 2 0 0 1-2 2H8Zm2-12a2 2 0 0 1 2 2v2h-1.5V2a.5.5 0 0 0-.5-.5H8V0h2Z\" \/>\n\t\t\t<\/svg>\n\t\t<\/button><\/figure>\n<\/div>\n\n\n\n<p class=\"has-text-align-center\">Abbildung 2: Die Betrachtung des Problems aus verschiedenen Perspektiven kann unser Verst\u00e4ndnis verbessern<\/p>\n\n\n\n<p class=\"has-contrast-color has-text-color has-link-color has-mdm-large-font-size wp-elements-d46b3b1d82dcb8d4b1dbf54147ecd6c4\" style=\"padding-top:0;padding-right:0;padding-bottom:0;padding-left:0\">Zusammenfassend l\u00e4sst sich sagen, dass Digitalisierung nicht nur eine Verbesserung, sondern eine Notwendigkeit f\u00fcr die Pharmaindustrie ist. Sie transformiert den traditionellen Prozess der Syntheseplanung, mindert menschliche Vorurteile und nutzt die Leistungsf\u00e4higkeit von Daten und Algorithmen, um die bestm\u00f6glichen Routen f\u00fcr die Produktion von Wirkstoffen zu identifizieren. Durch die Annahme digitaler Werkzeuge k\u00f6nnen Pharmaunternehmen gr\u00f6\u00dfere Effizienz erreichen, Innovationen f\u00f6rdern und sicherstellen, dass lebensrettende Medikamente schneller und kosteng\u00fcnstiger zu den Patienten gelangen. Dieser \u00dcbergang zu einem digitalen Paradigma ist entscheidend, um den st\u00e4ndig wachsenden Anforderungen der modernen Gesundheitsversorgung gerecht zu werden und bessere Ergebnisse f\u00fcr Patienten weltweit zu erzielen.<\/p>\n\n\n\n<p class=\"has-contrast-color has-text-color has-link-color has-large-font-size wp-elements-5d2c943730916dd9f2400fdd56f0806f\" style=\"padding-top:var(--wp--preset--spacing--10);padding-right:0;padding-bottom:var(--wp--preset--spacing--10);padding-left:0\">Wie unsere Plattform diese zentralen Herausforderungen l\u00f6st<\/p>\n\n\n\n<p class=\"has-contrast-color has-text-color has-link-color has-mdm-large-font-size wp-elements-c00abef1b8358455e9bc6d16f9836338\" style=\"padding-top:0;padding-right:0;padding-bottom:0;padding-left:0\">Unsere Plattform ist darauf ausgelegt, die Herangehensweise an die Syntheseplanung zu transformieren, indem sie eine vielseitige L\u00f6sung anbietet, die eine Vielzahl von Bed\u00fcrfnissen erf\u00fcllt. Sie verf\u00fcgt \u00fcber eine umfassende \u00f6ffentliche Datenbank von Molek\u00fclen und Reaktionen, die kontinuierlich durch Kooperationen mit Universit\u00e4ten und chemischen Organisationen aktualisiert wird. Dies gew\u00e4hrleistet, dass Benutzer Zugang zu einem umfangreichen Wissensschatz f\u00fcr sowohl Bildungs- als auch kommerzielle Anwendungen haben. Dar\u00fcber hinaus bietet unsere Plattform eine private Ebene, in der Unternehmen ihre eigenen Daten aus elektronischen Laborjournalen und anderen internen Quellen sicher integrieren k\u00f6nnen. Dieser private Raum erm\u00f6glicht die Erg\u00e4nzung von Erkenntnissen aus Retrosynthese-Software und exklusiven Datenbanken, w\u00e4hrend gleichzeitig sensible Informationen gesch\u00fctzt und unter Kontrolle des Unternehmens bleiben.<\/p>\n\n\n\n<p class=\"has-contrast-color has-text-color has-link-color has-mdm-large-font-size wp-elements-470e13fe67fc0f8601ea4827a01aa2ad\" style=\"padding-top:0;padding-right:0;padding-bottom:0;padding-left:0\">Die Plattform zeichnet sich durch die F\u00f6rderung der Teamkollaboration mit ihren intuitiven Workflow-Management-Tools aus. Benutzer k\u00f6nnen Projekte rund um Zielmolek\u00fcle erstellen, wobei das System automatisch relevante Daten integriert, um eine Netzwerkkarte potenzieller synthetischer Routen zu erstellen. Wissenschaftler k\u00f6nnen dann gemeinsam an der Analyse und Verfeinerung dieser Routen arbeiten und von Funktionen wie Datenanreicherung, Kostenabsch\u00e4tzungen sowie automatischen Sicherheits- und Umweltbewertungen profitieren. Dar\u00fcber hinaus sind zuk\u00fcnftige Pl\u00e4ne vorgesehen, um eine Verbindung zu Einkaufsdatenbanken und robotergest\u00fctzten Plattformen herzustellen. Die aktuellen Werkzeuge sind jedoch bereits darauf ausgelegt, jede Phase des Syntheseplanungsprozesses zu verbessern, wodurch es einfacher wird, die besten L\u00f6sungen effizient und kollaborativ zu finden.<\/p>\n<\/div>\n<\/div>\n<\/div>\n\n\n\n<div class=\"wp-block-buttons is-content-justification-right is-layout-flex wp-container-core-buttons-is-layout-3bf5aab5 wp-block-buttons-is-layout-flex\" style=\"margin-top:var(--wp--preset--spacing--30);margin-bottom:var(--wp--preset--spacing--10)\">\n<div class=\"wp-block-button has-custom-font-size is-style-fill has-mdm-large-font-size\"><a class=\"wp-block-button__link has-base-2-color has-contrast-3-background-color has-text-color has-background has-link-color has-border-color wp-element-button\" href=\"https:\/\/www.rxnhub.com\/index.php\/de\/cases-ger\/\" style=\"border-color:#ffffff;border-radius:5px;padding-top:5px;padding-right:var(--wp--preset--spacing--40);padding-bottom:5px;padding-left:var(--wp--preset--spacing--40)\">Zur\u00fcck<\/a><\/div>\n<\/div>\n<\/div>\n","protected":false},"excerpt":{"rendered":"<p>Revolutionierung der Routenwahl durch Digitalisierung In der komplexen Welt der synthetischen organischen Chemie hing der Weg von der Konzeption bis zur Produktion von Materialien traditionell von der Expertise und Intuition der Chemiker ab. Dieser humanzentrierte Ansatz, obwohl innovativ, ist mit Einschr\u00e4nkungen behaftet, insbesondere in der pharmazeutischen Industrie, wo die Risiken hoch sind und die Nachfrage [&hellip;]<\/p>\n","protected":false},"author":1,"featured_media":0,"parent":0,"menu_order":0,"comment_status":"closed","ping_status":"closed","template":"","meta":{"footnotes":""},"class_list":["post-1516","page","type-page","status-publish","hentry"],"_links":{"self":[{"href":"https:\/\/www.rxnhub.com\/index.php\/wp-json\/wp\/v2\/pages\/1516","targetHints":{"allow":["GET"]}}],"collection":[{"href":"https:\/\/www.rxnhub.com\/index.php\/wp-json\/wp\/v2\/pages"}],"about":[{"href":"https:\/\/www.rxnhub.com\/index.php\/wp-json\/wp\/v2\/types\/page"}],"author":[{"embeddable":true,"href":"https:\/\/www.rxnhub.com\/index.php\/wp-json\/wp\/v2\/users\/1"}],"replies":[{"embeddable":true,"href":"https:\/\/www.rxnhub.com\/index.php\/wp-json\/wp\/v2\/comments?post=1516"}],"version-history":[{"count":5,"href":"https:\/\/www.rxnhub.com\/index.php\/wp-json\/wp\/v2\/pages\/1516\/revisions"}],"predecessor-version":[{"id":1751,"href":"https:\/\/www.rxnhub.com\/index.php\/wp-json\/wp\/v2\/pages\/1516\/revisions\/1751"}],"wp:attachment":[{"href":"https:\/\/www.rxnhub.com\/index.php\/wp-json\/wp\/v2\/media?parent=1516"}],"curies":[{"name":"wp","href":"https:\/\/api.w.org\/{rel}","templated":true}]}}