
{"id":1520,"date":"2024-11-18T14:52:17","date_gmt":"2024-11-18T14:52:17","guid":{"rendered":"https:\/\/www.rxnhub.com\/?page_id=1520"},"modified":"2024-11-18T16:27:47","modified_gmt":"2024-11-18T16:27:47","slug":"case-2-esp","status":"publish","type":"page","link":"https:\/\/www.rxnhub.com\/index.php\/es\/case-2-esp\/","title":{"rendered":"Case 2 ESP"},"content":{"rendered":"\n<div class=\"wp-block-group has-global-padding is-layout-constrained wp-block-group-is-layout-constrained\" style=\"margin-top:0;margin-bottom:0;padding-top:var(--wp--preset--spacing--20);padding-bottom:var(--wp--preset--spacing--20)\">\n<div class=\"wp-block-columns has-base-2-background-color has-background is-layout-flex wp-container-core-columns-is-layout-34bedc32 wp-block-columns-is-layout-flex\" style=\"border-radius:8px;margin-top:0;margin-bottom:0;padding-top:0;padding-right:0;padding-bottom:0;padding-left:0\">\n<div class=\"wp-block-column wow animate__animated animate__fadeInUp is-layout-flow wp-block-column-is-layout-flow\">\n<div class=\"wp-block-group has-global-padding is-layout-constrained wp-container-core-group-is-layout-b6566b0e wp-block-group-is-layout-constrained\" style=\"margin-top:0;margin-bottom:0;padding-top:var(--wp--preset--spacing--50);padding-right:0;padding-bottom:0;padding-left:0\">\n<p class=\"has-contrast-color has-text-color has-link-color has-large-font-size wp-elements-6ec70d9d7c185b2a6b994f951b80832b\" style=\"padding-top:0;padding-right:0;padding-bottom:var(--wp--preset--spacing--20);padding-left:0;font-style:normal;font-weight:600\">Redefiniendo el \u2018Brainstorming\u2019 y la \u2018Generaci\u00f3n de Ideas\u2019<\/p>\n<\/div>\n\n\n\n<div class=\"wp-block-group has-body-font-family has-medium-font-size has-global-padding is-layout-constrained wp-container-core-group-is-layout-72190d31 wp-block-group-is-layout-constrained\" style=\"margin-top:0;margin-bottom:0;padding-top:0;padding-right:0;padding-bottom:0;padding-left:0;line-height:1.7\">\n<p class=\"has-contrast-color has-text-color has-link-color has-mdm-large-font-size wp-elements-11165ff07f3f16525b85ec978ec6a5f9\" style=\"padding-top:0;padding-right:0;padding-bottom:0;padding-left:0\">En el \u00e1mbito de las ciencias qu\u00edmicas, el an\u00e1lisis retrosint\u00e9tico ha sido durante mucho tiempo un pilar de la innovaci\u00f3n. Este proceso iterativo y cooperativo se basa en la generaci\u00f3n y el perfeccionamiento de ideas, con los qu\u00edmicos construyendo sobre las contribuciones de sus colegas para desarrollar soluciones tanto pr\u00e1cticas como creativas. Sin embargo, gestionar la enorme cantidad de conocimiento generado en este entorno din\u00e1mico presenta un desaf\u00edo significativo.<\/p>\n\n\n\n<p class=\"has-contrast-color has-text-color has-link-color has-mdm-large-font-size wp-elements-9d085c99d7986e874ded9a7a7c7bed6f\" style=\"padding-top:0;padding-right:0;padding-bottom:0;padding-left:0\">Para abordar este desaf\u00edo, los cient\u00edficos han adoptado cada vez m\u00e1s sistemas avanzados de gesti\u00f3n del conocimiento dise\u00f1ados para capturar y organizar sus conocimientos. Estos sistemas van m\u00e1s all\u00e1 del simple almacenamiento de datos; mejoran el proceso colaborativo en s\u00ed. Al implementar una gesti\u00f3n del conocimiento efectiva, los investigadores garantizan que las ideas valiosas se preserven y sean f\u00e1cilmente accesibles, fomentando un entorno en el que las nuevas ideas puedan prosperar.<\/p>\n\n\n\n<p class=\"has-contrast-color has-text-color has-link-color has-mdm-large-font-size wp-elements-23445e07dd7bce005aafbce443465542\" style=\"padding-top:0;padding-right:0;padding-bottom:0;padding-left:0\">Un aspecto crucial de este proceso es la captura y organizaci\u00f3n de la extensa informaci\u00f3n generada por los qu\u00edmicos. Esto comienza con un enfoque sencillo: los cient\u00edficos registran sus ideas directamente utilizando herramientas que permiten a los qu\u00edmicos dibujar y editar estructuras moleculares, las cuales son posteriormente procesadas y almacenadas de manera sistem\u00e1tica. El objetivo principal es garantizar que cada fragmento de informaci\u00f3n\u2014ya sea una mol\u00e9cula simple o una v\u00eda de reacci\u00f3n compleja\u2014quede documentado e integrado en el marco de conocimiento m\u00e1s amplio.<\/p>\n\n\n\n<div class=\"wp-block-group has-global-padding is-layout-constrained wp-block-group-is-layout-constrained\" style=\"padding-top:var(--wp--preset--spacing--20)\">\n<figure data-wp-context=\"{&quot;imageId&quot;:&quot;69e8b7cabc394&quot;}\" data-wp-interactive=\"core\/image\" data-wp-key=\"69e8b7cabc394\" class=\"wp-block-image aligncenter size-full is-resized wp-lightbox-container\"><img loading=\"lazy\" decoding=\"async\" width=\"1280\" height=\"979\" data-wp-class--hide=\"state.isContentHidden\" data-wp-class--show=\"state.isContentVisible\" data-wp-init=\"callbacks.setButtonStyles\" data-wp-on--click=\"actions.showLightbox\" data-wp-on--load=\"callbacks.setButtonStyles\" data-wp-on-window--resize=\"callbacks.setButtonStyles\" src=\"https:\/\/www.rxnhub.com\/wp-content\/uploads\/2024\/05\/Fig-7.png\" alt=\"\" class=\"wp-image-1155\" style=\"box-shadow:var(--wp--preset--shadow--natural);width:700px\" srcset=\"https:\/\/www.rxnhub.com\/wp-content\/uploads\/2024\/05\/Fig-7.png 1280w, https:\/\/www.rxnhub.com\/wp-content\/uploads\/2024\/05\/Fig-7-300x229.png 300w, https:\/\/www.rxnhub.com\/wp-content\/uploads\/2024\/05\/Fig-7-1024x783.png 1024w, https:\/\/www.rxnhub.com\/wp-content\/uploads\/2024\/05\/Fig-7-768x587.png 768w\" sizes=\"auto, (max-width: 1280px) 100vw, 1280px\" \/><button\n\t\t\tclass=\"lightbox-trigger\"\n\t\t\ttype=\"button\"\n\t\t\taria-haspopup=\"dialog\"\n\t\t\taria-label=\"Enlarge\"\n\t\t\tdata-wp-init=\"callbacks.initTriggerButton\"\n\t\t\tdata-wp-on--click=\"actions.showLightbox\"\n\t\t\tdata-wp-style--right=\"state.imageButtonRight\"\n\t\t\tdata-wp-style--top=\"state.imageButtonTop\"\n\t\t>\n\t\t\t<svg xmlns=\"http:\/\/www.w3.org\/2000\/svg\" width=\"12\" height=\"12\" fill=\"none\" viewBox=\"0 0 12 12\">\n\t\t\t\t<path fill=\"#fff\" d=\"M2 0a2 2 0 0 0-2 2v2h1.5V2a.5.5 0 0 1 .5-.5h2V0H2Zm2 10.5H2a.5.5 0 0 1-.5-.5V8H0v2a2 2 0 0 0 2 2h2v-1.5ZM8 12v-1.5h2a.5.5 0 0 0 .5-.5V8H12v2a2 2 0 0 1-2 2H8Zm2-12a2 2 0 0 1 2 2v2h-1.5V2a.5.5 0 0 0-.5-.5H8V0h2Z\" \/>\n\t\t\t<\/svg>\n\t\t<\/button><\/figure>\n<\/div>\n\n\n\n<p class=\"has-text-align-center has-medium-font-size\">Figura 1: Gestionar todas las diferentes ideas simult\u00e1neamente es la \u00fanica forma de encontrar un \u00f3ptimo<\/p>\n\n\n\n<p class=\"has-contrast-color has-text-color has-mdm-large-font-size\">Para optimizar este proceso, se emplea un procedimiento estandarizado de tres pasos. En primer lugar, los cient\u00edficos ingresan sus ideas a trav\u00e9s de una interfaz f\u00e1cil de usar, donde pueden dibujar nuevas estructuras o modificar las existentes. A continuaci\u00f3n, los datos son traducidos y enriquecidos para ajustarse a un formato estructurado que facilita la gesti\u00f3n y la conexi\u00f3n con otra informaci\u00f3n. Finalmente, estos datos procesados se almacenan en un sistema centralizado.<\/p>\n\n\n\n<p class=\"has-contrast-color has-text-color has-mdm-large-font-size\">Una caracter\u00edstica clave de este sistema es su capacidad para actualizar y refinar autom\u00e1ticamente la informaci\u00f3n almacenada. Cuando un cient\u00edfico presenta una nueva idea, el sistema verifica si ya existe en la base de datos. Si no es as\u00ed, crea una nueva entrada y establece las relaciones necesarias. Adem\u00e1s, el sistema incluye mecanismos para un mayor enriquecimiento de datos. Los cient\u00edficos pueden proporcionar metadatos adicionales, como las condiciones de reacci\u00f3n y las probabilidades de \u00e9xito, que se incorporan al sistema. Este detalle adicional incrementa el valor de la informaci\u00f3n, haci\u00e9ndola m\u00e1s \u00fatil para futuras investigaciones y desarrollos.<\/p>\n\n\n\n<p class=\"has-contrast-color has-text-color has-mdm-large-font-size\">Adem\u00e1s, el sistema est\u00e1 dise\u00f1ado para integrar datos de diversas fuentes, incluidas la literatura y bases de datos existentes. Esta capacidad ampl\u00eda el alcance de la base de conocimientos, asegurando que se considere toda la informaci\u00f3n relevante y que los cient\u00edficos tengan acceso al conjunto de datos m\u00e1s completo posible. Una vez validada por su precisi\u00f3n e integridad, la informaci\u00f3n se pone a disposici\u00f3n de otros investigadores. Este repositorio centralizado permite a los cient\u00edficos visualizar y construir sobre el trabajo de sus colegas, fomentando un entorno colaborativo en el que las nuevas ideas pueden evolucionar y mejorar r\u00e1pidamente.<\/p>\n\n\n\n<p class=\"has-contrast-color has-text-color has-link-color has-large-font-size wp-elements-8191223fa08190c7f0b5941918078d17\" style=\"padding-top:var(--wp--preset--spacing--10);padding-right:0;padding-bottom:var(--wp--preset--spacing--10);padding-left:0\">Elevando la Investigaci\u00f3n Qu\u00edmica a trav\u00e9s de una Gesti\u00f3n del Conocimiento Avanzada<\/p>\n\n\n\n<p class=\"has-contrast-color has-text-color has-link-color has-mdm-large-font-size wp-elements-36df48b807bf7d13f0c10a49af65bb2f\" style=\"padding-top:0;padding-right:0;padding-bottom:0;padding-left:0\">La integraci\u00f3n de sistemas avanzados de gesti\u00f3n del conocimiento representa un cambio transformador en la investigaci\u00f3n qu\u00edmica, mejorando fundamentalmente la forma en que se capturan y utilizan los conocimientos cient\u00edficos. Estas plataformas sofisticadas van m\u00e1s all\u00e1 del mero almacenamiento de datos; act\u00faan como herramientas din\u00e1micas para organizar y enriquecer la informaci\u00f3n. Al documentar y conectar sistem\u00e1ticamente estructuras moleculares, rutas de reacci\u00f3n y condiciones experimentales, estos sistemas garantizan que cada pieza de conocimiento valioso se conserve y est\u00e9 f\u00e1cilmente accesible. Este enfoque integral no solo protege datos cruciales, sino que tambi\u00e9n optimiza el proceso de construcci\u00f3n sobre la investigaci\u00f3n existente, acelerando as\u00ed el ritmo del descubrimiento y la innovaci\u00f3n.<\/p>\n\n\n\n<p class=\"has-contrast-color has-text-color has-link-color has-mdm-large-font-size wp-elements-a10f698d5bd623a3df78906db07867c0\" style=\"padding-top:0;padding-right:0;padding-bottom:0;padding-left:0\">Nuestra plataforma ejemplifica este enfoque avanzado al ofrecer un entorno robusto para gestionar y expandir el conocimiento cient\u00edfico. Facilita la entrada e integraci\u00f3n de datos de manera fluida, permitiendo a los investigadores contribuir y perfeccionar ideas de forma colaborativa. Con caracter\u00edsticas que apoyan actualizaciones en tiempo real, enriquecimiento de datos y validaci\u00f3n autom\u00e1tica, nuestro sistema garantiza que la base de conocimientos se mantenga precisa y actualizada. Al proporcionar un repositorio centralizado donde los cient\u00edficos pueden visualizar y construir sobre el trabajo de sus colegas, nuestra plataforma fomenta una atm\u00f3sfera colaborativa que impulsa el progreso y abre nuevas avenidas para la investigaci\u00f3n. Este marco cohesivo no solo mejora la eficiencia del proceso de investigaci\u00f3n, sino que tambi\u00e9n amplifica el impacto de cada contribuci\u00f3n cient\u00edfica, allanando el camino para avances y descubrimientos en las ciencias qu\u00edmicas.<\/p>\n\n\n\n<div class=\"wp-block-buttons is-content-justification-right is-layout-flex wp-container-core-buttons-is-layout-3bf5aab5 wp-block-buttons-is-layout-flex\" style=\"margin-top:var(--wp--preset--spacing--30);margin-bottom:var(--wp--preset--spacing--10)\">\n<div class=\"wp-block-button has-custom-font-size is-style-fill has-mdm-large-font-size\"><a class=\"wp-block-button__link has-base-2-color has-contrast-3-background-color has-text-color has-background has-link-color has-border-color wp-element-button\" href=\"https:\/\/www.rxnhub.com\/index.php\/es\/cases-esp\/\" style=\"border-color:#ffffff;border-radius:5px;padding-top:5px;padding-right:var(--wp--preset--spacing--40);padding-bottom:5px;padding-left:var(--wp--preset--spacing--40)\">Regresar<\/a><\/div>\n<\/div>\n<\/div>\n<\/div>\n<\/div>\n<\/div>\n\n\n\n<p><\/p>\n","protected":false},"excerpt":{"rendered":"<p>Redefiniendo el \u2018Brainstorming\u2019 y la \u2018Generaci\u00f3n de Ideas\u2019 En el \u00e1mbito de las ciencias qu\u00edmicas, el an\u00e1lisis retrosint\u00e9tico ha sido durante mucho tiempo un pilar de la innovaci\u00f3n. Este proceso iterativo y cooperativo se basa en la generaci\u00f3n y el perfeccionamiento de ideas, con los qu\u00edmicos construyendo sobre las contribuciones de sus colegas para desarrollar [&hellip;]<\/p>\n","protected":false},"author":1,"featured_media":0,"parent":0,"menu_order":0,"comment_status":"closed","ping_status":"closed","template":"","meta":{"footnotes":""},"class_list":["post-1520","page","type-page","status-publish","hentry"],"_links":{"self":[{"href":"https:\/\/www.rxnhub.com\/index.php\/wp-json\/wp\/v2\/pages\/1520","targetHints":{"allow":["GET"]}}],"collection":[{"href":"https:\/\/www.rxnhub.com\/index.php\/wp-json\/wp\/v2\/pages"}],"about":[{"href":"https:\/\/www.rxnhub.com\/index.php\/wp-json\/wp\/v2\/types\/page"}],"author":[{"embeddable":true,"href":"https:\/\/www.rxnhub.com\/index.php\/wp-json\/wp\/v2\/users\/1"}],"replies":[{"embeddable":true,"href":"https:\/\/www.rxnhub.com\/index.php\/wp-json\/wp\/v2\/comments?post=1520"}],"version-history":[{"count":4,"href":"https:\/\/www.rxnhub.com\/index.php\/wp-json\/wp\/v2\/pages\/1520\/revisions"}],"predecessor-version":[{"id":1752,"href":"https:\/\/www.rxnhub.com\/index.php\/wp-json\/wp\/v2\/pages\/1520\/revisions\/1752"}],"wp:attachment":[{"href":"https:\/\/www.rxnhub.com\/index.php\/wp-json\/wp\/v2\/media?parent=1520"}],"curies":[{"name":"wp","href":"https:\/\/api.w.org\/{rel}","templated":true}]}}