
{"id":1521,"date":"2024-11-18T14:52:37","date_gmt":"2024-11-18T14:52:37","guid":{"rendered":"https:\/\/www.rxnhub.com\/?page_id=1521"},"modified":"2024-11-18T16:27:36","modified_gmt":"2024-11-18T16:27:36","slug":"case-2-fra","status":"publish","type":"page","link":"https:\/\/www.rxnhub.com\/index.php\/fr\/case-2-fra\/","title":{"rendered":"Case 2 FRA"},"content":{"rendered":"\n<div class=\"wp-block-group has-global-padding is-layout-constrained wp-block-group-is-layout-constrained\" style=\"margin-top:0;margin-bottom:0;padding-top:var(--wp--preset--spacing--20);padding-bottom:var(--wp--preset--spacing--20)\">\n<div class=\"wp-block-columns has-base-2-background-color has-background is-layout-flex wp-container-core-columns-is-layout-34bedc32 wp-block-columns-is-layout-flex\" style=\"border-radius:8px;margin-top:0;margin-bottom:0;padding-top:0;padding-right:0;padding-bottom:0;padding-left:0\">\n<div class=\"wp-block-column wow animate__animated animate__fadeInUp is-layout-flow wp-block-column-is-layout-flow\">\n<div class=\"wp-block-group has-global-padding is-layout-constrained wp-container-core-group-is-layout-b6566b0e wp-block-group-is-layout-constrained\" style=\"margin-top:0;margin-bottom:0;padding-top:var(--wp--preset--spacing--50);padding-right:0;padding-bottom:0;padding-left:0\">\n<p class=\"has-contrast-color has-text-color has-link-color has-large-font-size wp-elements-169a0473731f488d3e1bae64b3f842a3\" style=\"padding-top:0;padding-right:0;padding-bottom:var(--wp--preset--spacing--20);padding-left:0;font-style:normal;font-weight:600\">Red\u00e9finir le \u00ab brainstorming \u00bb et la \u00ab g\u00e9n\u00e9ration d&#8217;id\u00e9es \u00bb<\/p>\n<\/div>\n\n\n\n<div class=\"wp-block-group has-body-font-family has-medium-font-size has-global-padding is-layout-constrained wp-container-core-group-is-layout-72190d31 wp-block-group-is-layout-constrained\" style=\"margin-top:0;margin-bottom:0;padding-top:0;padding-right:0;padding-bottom:0;padding-left:0;line-height:1.7\">\n<p class=\"has-contrast-color has-text-color has-link-color has-mdm-large-font-size wp-elements-514f71a78bee12f36a95e77736464023\" style=\"padding-top:0;padding-right:0;padding-bottom:0;padding-left:0\">Dans le domaine des sciences chimiques, l&#8217;analyse r\u00e9trosynth\u00e9tique est depuis longtemps un pilier de l&#8217;innovation. Ce processus it\u00e9ratif et coop\u00e9ratif repose sur la g\u00e9n\u00e9ration et le perfectionnement des id\u00e9es, les chimistes s&#8217;appuyant sur les contributions des uns et des autres pour d\u00e9velopper des solutions \u00e0 la fois pratiques et cr\u00e9atives. Cependant, la gestion de l&#8217;immense quantit\u00e9 de connaissances g\u00e9n\u00e9r\u00e9es dans cet environnement dynamique constitue un d\u00e9fi significatif.<\/p>\n\n\n\n<p class=\"has-contrast-color has-text-color has-link-color has-mdm-large-font-size wp-elements-4e030edcad11ef1342c358c6d53eff28\" style=\"padding-top:0;padding-right:0;padding-bottom:0;padding-left:0\">Pour y rem\u00e9dier, les scientifiques ont de plus en plus adopt\u00e9 des syst\u00e8mes avanc\u00e9s de gestion des connaissances con\u00e7us pour capturer et organiser leurs id\u00e9es. Ces syst\u00e8mes vont au-del\u00e0 du simple stockage de donn\u00e9es ; ils am\u00e9liorent le processus collaboratif lui-m\u00eame. En mettant en \u0153uvre une gestion efficace des connaissances, les chercheurs garantissent que des id\u00e9es pr\u00e9cieuses sont pr\u00e9serv\u00e9es et facilement accessibles, favorisant ainsi un environnement propice \u00e0 l&#8217;\u00e9panouissement de nouvelles id\u00e9es.<\/p>\n\n\n\n<p class=\"has-contrast-color has-text-color has-link-color has-mdm-large-font-size wp-elements-9aa7222291b19f1c57431cc723f9ac6b\" style=\"padding-top:0;padding-right:0;padding-bottom:0;padding-left:0\">Un aspect crucial de ce processus est la capture et l&#8217;organisation de l&#8217;importante quantit\u00e9 d&#8217;informations g\u00e9n\u00e9r\u00e9es par les chimistes. Cela commence par une approche simple : les scientifiques enregistrent leurs id\u00e9es directement \u00e0 l&#8217;aide d&#8217;outils permettant de dessiner et d&#8217;\u00e9diter des structures mol\u00e9culaires, qui sont ensuite trait\u00e9es et stock\u00e9es de mani\u00e8re syst\u00e9matique. L&#8217;objectif principal est de garantir que chaque fragment d&#8217;information\u2014qu&#8217;il s&#8217;agisse d&#8217;une simple mol\u00e9cule ou d&#8217;une voie de r\u00e9action complexe\u2014soit document\u00e9 et int\u00e9gr\u00e9 dans le cadre plus large des connaissances.<\/p>\n\n\n\n<div class=\"wp-block-group has-global-padding is-layout-constrained wp-block-group-is-layout-constrained\" style=\"padding-top:var(--wp--preset--spacing--20)\">\n<figure data-wp-context=\"{&quot;imageId&quot;:&quot;69e8b73e6a267&quot;}\" data-wp-interactive=\"core\/image\" data-wp-key=\"69e8b73e6a267\" class=\"wp-block-image aligncenter size-full is-resized wp-lightbox-container\"><img loading=\"lazy\" decoding=\"async\" width=\"1280\" height=\"979\" data-wp-class--hide=\"state.isContentHidden\" data-wp-class--show=\"state.isContentVisible\" data-wp-init=\"callbacks.setButtonStyles\" data-wp-on--click=\"actions.showLightbox\" data-wp-on--load=\"callbacks.setButtonStyles\" data-wp-on-window--resize=\"callbacks.setButtonStyles\" src=\"https:\/\/www.rxnhub.com\/wp-content\/uploads\/2024\/05\/Fig-7.png\" alt=\"\" class=\"wp-image-1155\" style=\"box-shadow:var(--wp--preset--shadow--natural);width:700px\" srcset=\"https:\/\/www.rxnhub.com\/wp-content\/uploads\/2024\/05\/Fig-7.png 1280w, https:\/\/www.rxnhub.com\/wp-content\/uploads\/2024\/05\/Fig-7-300x229.png 300w, https:\/\/www.rxnhub.com\/wp-content\/uploads\/2024\/05\/Fig-7-1024x783.png 1024w, https:\/\/www.rxnhub.com\/wp-content\/uploads\/2024\/05\/Fig-7-768x587.png 768w\" sizes=\"auto, (max-width: 1280px) 100vw, 1280px\" \/><button\n\t\t\tclass=\"lightbox-trigger\"\n\t\t\ttype=\"button\"\n\t\t\taria-haspopup=\"dialog\"\n\t\t\taria-label=\"Enlarge\"\n\t\t\tdata-wp-init=\"callbacks.initTriggerButton\"\n\t\t\tdata-wp-on--click=\"actions.showLightbox\"\n\t\t\tdata-wp-style--right=\"state.imageButtonRight\"\n\t\t\tdata-wp-style--top=\"state.imageButtonTop\"\n\t\t>\n\t\t\t<svg xmlns=\"http:\/\/www.w3.org\/2000\/svg\" width=\"12\" height=\"12\" fill=\"none\" viewBox=\"0 0 12 12\">\n\t\t\t\t<path fill=\"#fff\" d=\"M2 0a2 2 0 0 0-2 2v2h1.5V2a.5.5 0 0 1 .5-.5h2V0H2Zm2 10.5H2a.5.5 0 0 1-.5-.5V8H0v2a2 2 0 0 0 2 2h2v-1.5ZM8 12v-1.5h2a.5.5 0 0 0 .5-.5V8H12v2a2 2 0 0 1-2 2H8Zm2-12a2 2 0 0 1 2 2v2h-1.5V2a.5.5 0 0 0-.5-.5H8V0h2Z\" \/>\n\t\t\t<\/svg>\n\t\t<\/button><\/figure>\n<\/div>\n\n\n\n<p class=\"has-text-align-center has-medium-font-size\">Figure 1 : G\u00e9rer simultan\u00e9ment toutes les id\u00e9es diff\u00e9rentes est la seule mani\u00e8re de trouver un optimum<\/p>\n\n\n\n<p class=\"has-contrast-color has-text-color has-mdm-large-font-size\">Pour rationaliser ce processus, une proc\u00e9dure standardis\u00e9e en trois \u00e9tapes est mise en \u0153uvre. Tout d&#8217;abord, les scientifiques saisissent leurs id\u00e9es via une interface conviviale, o\u00f9 ils peuvent soit dessiner de nouvelles structures, soit modifier des structures existantes. Ensuite, les donn\u00e9es sont traduites et enrichies afin de s&#8217;adapter \u00e0 un format structur\u00e9 qui facilite leur gestion et leur connexion avec d&#8217;autres informations. Enfin, ces donn\u00e9es trait\u00e9es sont stock\u00e9es dans un syst\u00e8me centralis\u00e9.<\/p>\n\n\n\n<p class=\"has-contrast-color has-text-color has-mdm-large-font-size\">Une caract\u00e9ristique cl\u00e9 de ce syst\u00e8me est sa capacit\u00e9 \u00e0 mettre \u00e0 jour et \u00e0 affiner automatiquement les informations stock\u00e9es. Lorsqu&#8217;un scientifique soumet une nouvelle id\u00e9e, le syst\u00e8me v\u00e9rifie si elle existe d\u00e9j\u00e0 dans la base de donn\u00e9es. Si ce n&#8217;est pas le cas, il cr\u00e9e une nouvelle entr\u00e9e et \u00e9tablit les relations n\u00e9cessaires. De plus, le syst\u00e8me comprend des m\u00e9canismes pour un enrichissement suppl\u00e9mentaire des donn\u00e9es. Les scientifiques peuvent fournir des m\u00e9tadonn\u00e9es additionnelles, telles que les conditions de r\u00e9action et les probabilit\u00e9s de succ\u00e8s, qui sont ensuite int\u00e9gr\u00e9es dans le syst\u00e8me. Ce niveau de d\u00e9tail suppl\u00e9mentaire accro\u00eet la valeur des informations, les rendant plus utiles pour la recherche et le d\u00e9veloppement futurs.<\/p>\n\n\n\n<p class=\"has-contrast-color has-text-color has-mdm-large-font-size\">De plus, le syst\u00e8me est con\u00e7u pour int\u00e9grer des donn\u00e9es provenant de diverses sources, y compris la litt\u00e9rature et les bases de donn\u00e9es existantes. Cette capacit\u00e9 \u00e9largit le champ de la base de connaissances, garantissant que toutes les informations pertinentes sont prises en compte et que les scientifiques ont acc\u00e8s \u00e0 l&#8217;ensemble de donn\u00e9es le plus complet possible. Une fois valid\u00e9es pour leur pr\u00e9cision et leur int\u00e9grit\u00e9, les donn\u00e9es sont mises \u00e0 la disposition d&#8217;autres chercheurs. Ce d\u00e9p\u00f4t centralis\u00e9 permet aux scientifiques de consulter et de s&#8217;appuyer sur le travail des autres, favorisant un environnement collaboratif o\u00f9 de nouvelles id\u00e9es peuvent rapidement \u00e9voluer et s&#8217;am\u00e9liorer.<\/p>\n\n\n\n<p class=\"has-contrast-color has-text-color has-link-color has-large-font-size wp-elements-c24540c9ff5bd946e9fb947a835474dc\" style=\"padding-top:var(--wp--preset--spacing--10);padding-right:0;padding-bottom:var(--wp--preset--spacing--10);padding-left:0\">\u00c9lever la recherche chimique par une gestion avanc\u00e9e des connaissances<\/p>\n\n\n\n<p class=\"has-contrast-color has-text-color has-link-color has-mdm-large-font-size wp-elements-84f981d7f2eec0718867befe9aa8abf8\" style=\"padding-top:0;padding-right:0;padding-bottom:0;padding-left:0\">L&#8217;int\u00e9gration de syst\u00e8mes avanc\u00e9s de gestion des connaissances repr\u00e9sente un changement transformateur dans la recherche chimique, am\u00e9liorant fondamentalement la mani\u00e8re dont les connaissances scientifiques sont captur\u00e9es et utilis\u00e9es. Ces plateformes sophistiqu\u00e9es vont au-del\u00e0 du simple stockage de donn\u00e9es ; elles agissent comme des outils dynamiques pour organiser et enrichir l&#8217;information. En documentant et en reliant syst\u00e9matiquement les structures mol\u00e9culaires, les voies de r\u00e9action et les conditions exp\u00e9rimentales, ces syst\u00e8mes garantissent que chaque \u00e9l\u00e9ment de connaissance pr\u00e9cieuse est pr\u00e9serv\u00e9 et facilement accessible. Cette approche globale non seulement prot\u00e8ge des donn\u00e9es cruciales, mais rationalise \u00e9galement le processus de construction sur la recherche existante, acc\u00e9l\u00e9rant ainsi le rythme de la d\u00e9couverte et de l&#8217;innovation.<\/p>\n\n\n\n<p class=\"has-contrast-color has-text-color has-link-color has-mdm-large-font-size wp-elements-f6bb1aac26f6bd50203444c03125e8e6\" style=\"padding-top:0;padding-right:0;padding-bottom:0;padding-left:0\">Notre plateforme illustre cette approche avanc\u00e9e en offrant un environnement robuste pour la gestion et l&#8217;expansion des connaissances scientifiques. Elle facilite l&#8217;entr\u00e9e et l&#8217;int\u00e9gration des donn\u00e9es de mani\u00e8re fluide, permettant aux chercheurs de contribuer \u00e0 des id\u00e9es et de les affiner de mani\u00e8re collaborative. Gr\u00e2ce \u00e0 des fonctionnalit\u00e9s qui soutiennent les mises \u00e0 jour en temps r\u00e9el, l&#8217;enrichissement des donn\u00e9es et la validation automatique, notre syst\u00e8me garantit que la base de connaissances reste pr\u00e9cise et \u00e0 jour. En fournissant un d\u00e9p\u00f4t centralis\u00e9 o\u00f9 les scientifiques peuvent visualiser et s&#8217;appuyer sur le travail des autres, notre plateforme favorise une atmosph\u00e8re collaborative qui stimule le progr\u00e8s et ouvre de nouvelles avenues de recherche. Ce cadre coh\u00e9rent non seulement am\u00e9liore l&#8217;efficacit\u00e9 du processus de recherche, mais amplifie \u00e9galement l&#8217;impact de chaque contribution scientifique, ouvrant la voie \u00e0 des perc\u00e9es et des avanc\u00e9es dans les sciences chimiques.<\/p>\n\n\n\n<div class=\"wp-block-buttons is-content-justification-right is-layout-flex wp-container-core-buttons-is-layout-3bf5aab5 wp-block-buttons-is-layout-flex\" style=\"margin-top:var(--wp--preset--spacing--30);margin-bottom:var(--wp--preset--spacing--10)\">\n<div class=\"wp-block-button has-custom-font-size is-style-fill has-mdm-large-font-size\"><a class=\"wp-block-button__link has-base-2-color has-contrast-3-background-color has-text-color has-background has-link-color has-border-color wp-element-button\" href=\"https:\/\/www.rxnhub.com\/index.php\/fr\/cases-fra\/\" style=\"border-color:#ffffff;border-radius:5px;padding-top:5px;padding-right:var(--wp--preset--spacing--40);padding-bottom:5px;padding-left:var(--wp--preset--spacing--40)\">Retour<\/a><\/div>\n<\/div>\n<\/div>\n<\/div>\n<\/div>\n<\/div>\n\n\n\n<p><\/p>\n","protected":false},"excerpt":{"rendered":"<p>Red\u00e9finir le \u00ab brainstorming \u00bb et la \u00ab g\u00e9n\u00e9ration d&#8217;id\u00e9es \u00bb Dans le domaine des sciences chimiques, l&#8217;analyse r\u00e9trosynth\u00e9tique est depuis longtemps un pilier de l&#8217;innovation. Ce processus it\u00e9ratif et coop\u00e9ratif repose sur la g\u00e9n\u00e9ration et le perfectionnement des id\u00e9es, les chimistes s&#8217;appuyant sur les contributions des uns et des autres pour d\u00e9velopper des solutions [&hellip;]<\/p>\n","protected":false},"author":1,"featured_media":0,"parent":0,"menu_order":0,"comment_status":"closed","ping_status":"closed","template":"","meta":{"footnotes":""},"class_list":["post-1521","page","type-page","status-publish","hentry"],"_links":{"self":[{"href":"https:\/\/www.rxnhub.com\/index.php\/wp-json\/wp\/v2\/pages\/1521","targetHints":{"allow":["GET"]}}],"collection":[{"href":"https:\/\/www.rxnhub.com\/index.php\/wp-json\/wp\/v2\/pages"}],"about":[{"href":"https:\/\/www.rxnhub.com\/index.php\/wp-json\/wp\/v2\/types\/page"}],"author":[{"embeddable":true,"href":"https:\/\/www.rxnhub.com\/index.php\/wp-json\/wp\/v2\/users\/1"}],"replies":[{"embeddable":true,"href":"https:\/\/www.rxnhub.com\/index.php\/wp-json\/wp\/v2\/comments?post=1521"}],"version-history":[{"count":3,"href":"https:\/\/www.rxnhub.com\/index.php\/wp-json\/wp\/v2\/pages\/1521\/revisions"}],"predecessor-version":[{"id":1756,"href":"https:\/\/www.rxnhub.com\/index.php\/wp-json\/wp\/v2\/pages\/1521\/revisions\/1756"}],"wp:attachment":[{"href":"https:\/\/www.rxnhub.com\/index.php\/wp-json\/wp\/v2\/media?parent=1521"}],"curies":[{"name":"wp","href":"https:\/\/api.w.org\/{rel}","templated":true}]}}