
{"id":1527,"date":"2024-11-18T15:42:35","date_gmt":"2024-11-18T15:42:35","guid":{"rendered":"https:\/\/www.rxnhub.com\/?page_id=1527"},"modified":"2024-11-18T15:55:59","modified_gmt":"2024-11-18T15:55:59","slug":"cases-esp","status":"publish","type":"page","link":"https:\/\/www.rxnhub.com\/index.php\/es\/cases-esp\/","title":{"rendered":"Cases ESP"},"content":{"rendered":"\n<p class=\"has-contrast-3-color has-text-color has-link-color has-body-font-family has-x-large-font-size wp-elements-0cf76dd3d546b32d5531add0429e23e6\" style=\"padding-top:var(--wp--preset--spacing--50);font-style:normal;font-weight:600\">Nuestros Casos de Estudio <\/p>\n\n\n\n<p class=\"has-contrast-3-color has-text-color has-link-color has-body-font-family has-mdm-large-font-size wp-elements-5ad4b1875783ee6ca30bf776eaf839cc\" style=\"font-style:normal;font-weight:400\">Las capacidades de nuestra plataforma se ilustran a trav\u00e9s de una selecci\u00f3n de ejemplos basados en nuestra experiencia trabajando en este campo. Informaci\u00f3n detallada de referencia se puede encontrar en nuestro art\u00edculo seminal publicado en Digital Discovery (<a href=\"https:\/\/doi.org\/10.1039\/D4DD00120F\">https:\/\/doi.org\/10.1039\/D4DD00120F<\/a> Royal Society of Chemistry, 2024), desarrollado mientras trabaj\u00e1bamos con Pfizer.<\/p>\n\n\n\n<div class=\"wp-block-columns is-layout-flex wp-container-core-columns-is-layout-28f84493 wp-block-columns-is-layout-flex\">\n<div class=\"wp-block-column has-global-padding is-layout-constrained wp-container-core-column-is-layout-f4bbaf7a wp-block-column-is-layout-constrained\" style=\"padding-top:var(--wp--preset--spacing--10);padding-right:var(--wp--preset--spacing--20);padding-bottom:var(--wp--preset--spacing--10);padding-left:var(--wp--preset--spacing--20);flex-basis:100%\">\n<div class=\"wp-block-columns is-layout-flex wp-container-core-columns-is-layout-28f84493 wp-block-columns-is-layout-flex\">\n<div class=\"wp-block-column is-vertically-aligned-center is-layout-flow wp-block-column-is-layout-flow\" style=\"flex-basis:50%\">\n<p class=\"has-contrast-3-color has-text-color has-link-color has-body-font-family has-large-font-size wp-elements-784b5db9f556d4efd662494b3d1cd7a2\" style=\"font-style:normal;font-weight:600\">Revisando Nuestro Caso de Estudio con Pfizer: Conclusiones Clave<\/p>\n\n\n\n<p class=\"has-contrast-3-color has-text-color has-link-color has-body-font-family has-medium-font-size wp-elements-60e4fc8701d2dc8efd450ef575c82e81\" style=\"font-style:normal;font-weight:500\">Explora c\u00f3mo los avances digitales est\u00e1n revolucionando la qu\u00edmica org\u00e1nica sint\u00e9tica en nuestro an\u00e1lisis del caso de estudio con Pfizer. Este art\u00edculo examina la integraci\u00f3n de ideas humanas y predicciones retrosint\u00e9ticas en un contexto pr\u00e1ctico, destacando su papel futuro en el desarrollo de f\u00e1rmacos.<\/p>\n\n\n\n<p class=\"has-contrast-3-color has-text-color has-link-color has-body-font-family has-medium-font-size wp-elements-ce4bce16f22c8d51e895496e16e49575\" style=\"font-style:normal;font-weight:500\">Descubre c\u00f3mo este enfoque puede optimizar la planificaci\u00f3n de la s\u00edntesis, abordando al mismo tiempo los costos, el impacto ambiental y los desaf\u00edos colaborativos, y aprende c\u00f3mo nuestra plataforma est\u00e1 equipada para afrontar estos problemas.<\/p>\n\n\n\n<div class=\"wp-block-buttons is-layout-flex wp-block-buttons-is-layout-flex\">\n<div class=\"wp-block-button has-custom-font-size is-style-fill has-medium-font-size\"><a class=\"wp-block-button__link has-base-2-color has-contrast-3-background-color has-text-color has-background has-link-color has-border-color wp-element-button\" href=\"https:\/\/www.rxnhub.com\/index.php\/es\/case-4-esp\/\" style=\"border-color:#ffffff;border-radius:5px;padding-top:5px;padding-right:var(--wp--preset--spacing--40);padding-bottom:5px;padding-left:var(--wp--preset--spacing--40)\">Leer m\u00e1s<\/a><\/div>\n<\/div>\n<\/div>\n\n\n\n<div class=\"wp-block-column is-vertically-aligned-center is-layout-flow wp-block-column-is-layout-flow\" style=\"padding-top:var(--wp--preset--spacing--20);padding-right:var(--wp--preset--spacing--10);padding-bottom:var(--wp--preset--spacing--20);padding-left:var(--wp--preset--spacing--10);flex-basis:50%\">\n<figure class=\"wp-block-image aligncenter size-large\"><img loading=\"lazy\" decoding=\"async\" width=\"1024\" height=\"682\" src=\"https:\/\/www.rxnhub.com\/wp-content\/uploads\/2024\/07\/Designs-UI-09-1024x682.png\" alt=\"\" class=\"wp-image-780\" srcset=\"https:\/\/www.rxnhub.com\/wp-content\/uploads\/2024\/07\/Designs-UI-09-1024x682.png 1024w, https:\/\/www.rxnhub.com\/wp-content\/uploads\/2024\/07\/Designs-UI-09-300x200.png 300w, https:\/\/www.rxnhub.com\/wp-content\/uploads\/2024\/07\/Designs-UI-09-768x512.png 768w, https:\/\/www.rxnhub.com\/wp-content\/uploads\/2024\/07\/Designs-UI-09.png 1280w\" sizes=\"auto, (max-width: 1024px) 100vw, 1024px\" \/><\/figure>\n<\/div>\n<\/div>\n<\/div>\n<\/div>\n\n\n\n<div class=\"wp-block-columns is-layout-flex wp-container-core-columns-is-layout-28f84493 wp-block-columns-is-layout-flex\">\n<div class=\"wp-block-column has-global-padding is-layout-constrained wp-container-core-column-is-layout-f4bbaf7a wp-block-column-is-layout-constrained\" style=\"padding-top:var(--wp--preset--spacing--10);padding-right:var(--wp--preset--spacing--20);padding-bottom:var(--wp--preset--spacing--10);padding-left:var(--wp--preset--spacing--20);flex-basis:100%\">\n<div class=\"wp-block-columns is-layout-flex wp-container-core-columns-is-layout-28f84493 wp-block-columns-is-layout-flex\">\n<div class=\"wp-block-column is-vertically-aligned-center is-layout-flow wp-block-column-is-layout-flow\" style=\"flex-basis:50%\">\n<p class=\"has-contrast-3-color has-text-color has-link-color has-body-font-family has-large-font-size wp-elements-e11e8095b81ea25c42afb8edbfe0f4b1\" style=\"font-style:normal;font-weight:600\">Redefiniendo el &#8216;Brainstorming&#8217; y la &#8216;Generaci\u00f3n de Ideas&#8217;<\/p>\n\n\n\n<p class=\"has-contrast-3-color has-text-color has-link-color has-body-font-family has-medium-font-size wp-elements-d76d7e2617630770082080e92052ddaa\" style=\"font-style:normal;font-weight:500\">Demostramos que la digitalizaci\u00f3n y la agregaci\u00f3n eficiente de datos pueden mejorar la s\u00edntesis farmac\u00e9utica al mitigar los sesgos, mejorar la toma de decisiones y optimizar el proceso de selecci\u00f3n de rutas.<\/p>\n\n\n\n<p class=\"has-contrast-3-color has-text-color has-link-color has-body-font-family has-medium-font-size wp-elements-de831ef8a5cf512f8fb7e17ef64d5c12\" style=\"font-style:normal;font-weight:500\">Nuestra tecnolog\u00eda permiti\u00f3 una gesti\u00f3n de datos y colaboraci\u00f3n eficientes, agilizando todo el proceso de selecci\u00f3n de rutas. Este enfoque puede utilizarse desde el descubrimiento inicial de f\u00e1rmacos hasta la fabricaci\u00f3n a escala comercial.<\/p>\n\n\n\n<div class=\"wp-block-buttons is-layout-flex wp-block-buttons-is-layout-flex\">\n<div class=\"wp-block-button has-custom-font-size is-style-fill has-medium-font-size\"><a class=\"wp-block-button__link has-base-2-color has-contrast-3-background-color has-text-color has-background has-link-color has-border-color wp-element-button\" href=\"https:\/\/www.rxnhub.com\/index.php\/es\/case-2-esp\/\" style=\"border-color:#ffffff;border-radius:5px;padding-top:5px;padding-right:var(--wp--preset--spacing--40);padding-bottom:5px;padding-left:var(--wp--preset--spacing--40)\">Leer m\u00e1s<\/a><\/div>\n<\/div>\n<\/div>\n\n\n\n<div class=\"wp-block-column is-vertically-aligned-center is-layout-flow wp-block-column-is-layout-flow\" style=\"padding-top:var(--wp--preset--spacing--20);padding-right:var(--wp--preset--spacing--10);padding-bottom:var(--wp--preset--spacing--20);padding-left:var(--wp--preset--spacing--10);flex-basis:50%\">\n<figure class=\"wp-block-image aligncenter size-large\"><img loading=\"lazy\" decoding=\"async\" width=\"1024\" height=\"574\" src=\"https:\/\/www.rxnhub.com\/wp-content\/uploads\/2024\/09\/Fig-13-1024x574.png\" alt=\"\" class=\"wp-image-1328\" srcset=\"https:\/\/www.rxnhub.com\/wp-content\/uploads\/2024\/09\/Fig-13-1024x574.png 1024w, https:\/\/www.rxnhub.com\/wp-content\/uploads\/2024\/09\/Fig-13-300x168.png 300w, https:\/\/www.rxnhub.com\/wp-content\/uploads\/2024\/09\/Fig-13-768x430.png 768w, https:\/\/www.rxnhub.com\/wp-content\/uploads\/2024\/09\/Fig-13.png 1280w\" sizes=\"auto, (max-width: 1024px) 100vw, 1024px\" \/><\/figure>\n<\/div>\n<\/div>\n<\/div>\n<\/div>\n\n\n\n<div class=\"wp-block-columns is-layout-flex wp-container-core-columns-is-layout-28f84493 wp-block-columns-is-layout-flex\">\n<div class=\"wp-block-column has-global-padding is-layout-constrained wp-container-core-column-is-layout-f4bbaf7a wp-block-column-is-layout-constrained\" style=\"padding-top:var(--wp--preset--spacing--10);padding-right:var(--wp--preset--spacing--20);padding-bottom:var(--wp--preset--spacing--10);padding-left:var(--wp--preset--spacing--20);flex-basis:100%\">\n<div class=\"wp-block-columns is-layout-flex wp-container-core-columns-is-layout-28f84493 wp-block-columns-is-layout-flex\">\n<div class=\"wp-block-column is-vertically-aligned-center is-layout-flow wp-block-column-is-layout-flow\" style=\"flex-basis:50%\">\n<p class=\"has-contrast-3-color has-text-color has-link-color has-body-font-family has-large-font-size wp-elements-0a9f4cb914ff945fbf101cf2d2420fe7\" style=\"font-style:normal;font-weight:600\">Revolucionando la selecci\u00f3n de rutas a trav\u00e9s de la digitalizaci\u00f3n<\/p>\n\n\n\n<p class=\"has-contrast-3-color has-text-color has-link-color has-body-font-family has-medium-font-size wp-elements-9dd03355b9452e0639b92ad12b444c35\" style=\"font-style:normal;font-weight:500\">Descubre c\u00f3mo la digitalizaci\u00f3n est\u00e1 revolucionando la selecci\u00f3n de rutas en el desarrollo farmac\u00e9utico. Las herramientas digitales agilizan el proceso al integrar datos, aplicar algoritmos avanzados y mejorar la colaboraci\u00f3n entre equipos.<\/p>\n\n\n\n<p class=\"has-contrast-3-color has-text-color has-link-color has-body-font-family has-medium-font-size wp-elements-814a1c6b93709f0176db292b23b7331f\" style=\"font-style:normal;font-weight:500\">Nuestra plataforma ofrece una soluci\u00f3n robusta, haciendo que la planificaci\u00f3n de la s\u00edntesis sea m\u00e1s eficiente y rentable para acelerar los ciclos de desarrollo de medicamentos.<\/p>\n\n\n\n<div class=\"wp-block-buttons is-layout-flex wp-block-buttons-is-layout-flex\">\n<div class=\"wp-block-button has-custom-font-size is-style-fill has-medium-font-size\"><a class=\"wp-block-button__link has-base-2-color has-contrast-3-background-color has-text-color has-background has-link-color has-border-color wp-element-button\" href=\"https:\/\/www.rxnhub.com\/index.php\/es\/caso-1-esp\/\" style=\"border-color:#ffffff;border-radius:5px;padding-top:5px;padding-right:var(--wp--preset--spacing--40);padding-bottom:5px;padding-left:var(--wp--preset--spacing--40)\">Leer m\u00e1s<\/a><\/div>\n<\/div>\n<\/div>\n\n\n\n<div class=\"wp-block-column is-vertically-aligned-center is-layout-flow wp-block-column-is-layout-flow\" style=\"padding-top:var(--wp--preset--spacing--20);padding-right:var(--wp--preset--spacing--10);padding-bottom:var(--wp--preset--spacing--20);padding-left:var(--wp--preset--spacing--10);flex-basis:50%\">\n<figure class=\"wp-block-image aligncenter size-large\"><img loading=\"lazy\" decoding=\"async\" width=\"1024\" height=\"574\" src=\"https:\/\/www.rxnhub.com\/wp-content\/uploads\/2024\/09\/Fig-15-1024x574.png\" alt=\"\" class=\"wp-image-1203\" srcset=\"https:\/\/www.rxnhub.com\/wp-content\/uploads\/2024\/09\/Fig-15-1024x574.png 1024w, https:\/\/www.rxnhub.com\/wp-content\/uploads\/2024\/09\/Fig-15-300x168.png 300w, https:\/\/www.rxnhub.com\/wp-content\/uploads\/2024\/09\/Fig-15-768x430.png 768w, https:\/\/www.rxnhub.com\/wp-content\/uploads\/2024\/09\/Fig-15.png 1280w\" sizes=\"auto, (max-width: 1024px) 100vw, 1024px\" \/><\/figure>\n<\/div>\n<\/div>\n<\/div>\n<\/div>\n\n\n\n<div class=\"wp-block-columns is-layout-flex wp-container-core-columns-is-layout-28f84493 wp-block-columns-is-layout-flex\">\n<div class=\"wp-block-column has-global-padding is-layout-constrained wp-container-core-column-is-layout-f4bbaf7a wp-block-column-is-layout-constrained\" style=\"padding-top:var(--wp--preset--spacing--10);padding-right:var(--wp--preset--spacing--20);padding-bottom:var(--wp--preset--spacing--10);padding-left:var(--wp--preset--spacing--20);flex-basis:100%\">\n<div class=\"wp-block-columns is-layout-flex wp-container-core-columns-is-layout-28f84493 wp-block-columns-is-layout-flex\">\n<div class=\"wp-block-column is-vertically-aligned-center is-layout-flow wp-block-column-is-layout-flow\" style=\"flex-basis:50%\">\n<p class=\"has-contrast-3-color has-text-color has-link-color has-body-font-family has-large-font-size wp-elements-49a207e636136d0d76db926412346c67\" style=\"font-style:normal;font-weight:600\">Abrazando el poder de los algoritmos<\/p>\n\n\n\n<p class=\"has-contrast-3-color has-text-color has-link-color has-body-font-family has-medium-font-size wp-elements-cc829f7c5d14f9f4534d03fb9ca5cbb0\" style=\"font-style:normal;font-weight:500\">Descubre c\u00f3mo una d\u00e9cada de investigaci\u00f3n interdisciplinaria ha revolucionado la planificaci\u00f3n de la s\u00edntesis qu\u00edmica. Nuestra plataforma de vanguardia integra de manera fluida herramientas predictivas avanzadas, ofreciendo a los qu\u00edmicos un espacio colaborativo para desarrollar y definir la pr\u00f3xima generaci\u00f3n de procesos qu\u00edmicos.<\/p>\n\n\n\n<p class=\"has-contrast-3-color has-text-color has-link-color has-body-font-family has-medium-font-size wp-elements-8abf6b04aaf9a48e50a87a7e6e4ad49f\" style=\"font-style:normal;font-weight:500\">Descubre c\u00f3mo esta soluci\u00f3n din\u00e1mica est\u00e1 transformando proyectos desde el desarrollo de f\u00e1rmacos hasta la ciencia de materiales.<\/p>\n\n\n\n<div class=\"wp-block-buttons is-layout-flex wp-block-buttons-is-layout-flex\">\n<div class=\"wp-block-button has-custom-font-size is-style-fill has-medium-font-size\"><a class=\"wp-block-button__link has-base-2-color has-contrast-3-background-color has-text-color has-background has-link-color has-border-color wp-element-button\" href=\"https:\/\/www.rxnhub.com\/index.php\/es\/case-3-esp\/\" style=\"border-color:#ffffff;border-radius:5px;padding-top:5px;padding-right:var(--wp--preset--spacing--40);padding-bottom:5px;padding-left:var(--wp--preset--spacing--40)\">Leer m\u00e1s<\/a><\/div>\n<\/div>\n<\/div>\n\n\n\n<div class=\"wp-block-column is-vertically-aligned-center is-layout-flow wp-block-column-is-layout-flow\" style=\"padding-top:var(--wp--preset--spacing--20);padding-right:var(--wp--preset--spacing--10);padding-bottom:var(--wp--preset--spacing--20);padding-left:var(--wp--preset--spacing--10);flex-basis:50%\">\n<figure class=\"wp-block-image aligncenter size-large\"><img loading=\"lazy\" decoding=\"async\" width=\"1024\" height=\"574\" src=\"https:\/\/www.rxnhub.com\/wp-content\/uploads\/2024\/09\/Fig-14-1024x574.png\" alt=\"\" class=\"wp-image-1204\" srcset=\"https:\/\/www.rxnhub.com\/wp-content\/uploads\/2024\/09\/Fig-14-1024x574.png 1024w, https:\/\/www.rxnhub.com\/wp-content\/uploads\/2024\/09\/Fig-14-300x168.png 300w, https:\/\/www.rxnhub.com\/wp-content\/uploads\/2024\/09\/Fig-14-768x430.png 768w, https:\/\/www.rxnhub.com\/wp-content\/uploads\/2024\/09\/Fig-14.png 1280w\" sizes=\"auto, (max-width: 1024px) 100vw, 1024px\" \/><\/figure>\n<\/div>\n<\/div>\n<\/div>\n<\/div>\n\n\n\n<p><\/p>\n","protected":false},"excerpt":{"rendered":"<p>Nuestros Casos de Estudio Las capacidades de nuestra plataforma se ilustran a trav\u00e9s de una selecci\u00f3n de ejemplos basados en nuestra experiencia trabajando en este campo. Informaci\u00f3n detallada de referencia se puede encontrar en nuestro art\u00edculo seminal publicado en Digital Discovery (https:\/\/doi.org\/10.1039\/D4DD00120F Royal Society of Chemistry, 2024), desarrollado mientras trabaj\u00e1bamos con Pfizer. Revisando Nuestro Caso [&hellip;]<\/p>\n","protected":false},"author":1,"featured_media":0,"parent":0,"menu_order":0,"comment_status":"closed","ping_status":"closed","template":"","meta":{"footnotes":""},"class_list":["post-1527","page","type-page","status-publish","hentry"],"_links":{"self":[{"href":"https:\/\/www.rxnhub.com\/index.php\/wp-json\/wp\/v2\/pages\/1527","targetHints":{"allow":["GET"]}}],"collection":[{"href":"https:\/\/www.rxnhub.com\/index.php\/wp-json\/wp\/v2\/pages"}],"about":[{"href":"https:\/\/www.rxnhub.com\/index.php\/wp-json\/wp\/v2\/types\/page"}],"author":[{"embeddable":true,"href":"https:\/\/www.rxnhub.com\/index.php\/wp-json\/wp\/v2\/users\/1"}],"replies":[{"embeddable":true,"href":"https:\/\/www.rxnhub.com\/index.php\/wp-json\/wp\/v2\/comments?post=1527"}],"version-history":[{"count":3,"href":"https:\/\/www.rxnhub.com\/index.php\/wp-json\/wp\/v2\/pages\/1527\/revisions"}],"predecessor-version":[{"id":1724,"href":"https:\/\/www.rxnhub.com\/index.php\/wp-json\/wp\/v2\/pages\/1527\/revisions\/1724"}],"wp:attachment":[{"href":"https:\/\/www.rxnhub.com\/index.php\/wp-json\/wp\/v2\/media?parent=1527"}],"curies":[{"name":"wp","href":"https:\/\/api.w.org\/{rel}","templated":true}]}}