
{"id":1528,"date":"2024-11-18T15:42:25","date_gmt":"2024-11-18T15:42:25","guid":{"rendered":"https:\/\/www.rxnhub.com\/?page_id=1528"},"modified":"2024-11-18T15:56:27","modified_gmt":"2024-11-18T15:56:27","slug":"cases-fra","status":"publish","type":"page","link":"https:\/\/www.rxnhub.com\/index.php\/fr\/cases-fra\/","title":{"rendered":"Cases FRA"},"content":{"rendered":"\n<p class=\"has-contrast-3-color has-text-color has-link-color has-body-font-family has-x-large-font-size wp-elements-7e7907cd3d51beac47ffa1c33adab710\" style=\"padding-top:var(--wp--preset--spacing--50);font-style:normal;font-weight:600\">Nos cas d&#8217;utilisation<\/p>\n\n\n\n<p class=\"has-contrast-3-color has-text-color has-link-color has-body-font-family has-mdm-large-font-size wp-elements-2098bc79c5e8c72dbe4b303f05686ee2\" style=\"font-style:normal;font-weight:400\">Les capacit\u00e9s de notre plateforme sont illustr\u00e9es \u00e0 travers une s\u00e9lection d&#8217;exemples bas\u00e9s sur notre exp\u00e9rience dans ce domaine. Des informations de r\u00e9f\u00e9rence d\u00e9taill\u00e9es peuvent \u00eatre trouv\u00e9es dans notre article fondamental publi\u00e9 dans Digital Discovery (<a href=\"https:\/\/doi.org\/10.1039\/D4DD00120F\">https:\/\/doi.org\/10.1039\/D4DD00120F<\/a> Royal Society of Chemistry, 2024), d\u00e9velopp\u00e9 en collaboration avec Pfizer.<\/p>\n\n\n\n<div class=\"wp-block-columns is-layout-flex wp-container-core-columns-is-layout-28f84493 wp-block-columns-is-layout-flex\">\n<div class=\"wp-block-column has-global-padding is-layout-constrained wp-container-core-column-is-layout-f4bbaf7a wp-block-column-is-layout-constrained\" style=\"padding-top:var(--wp--preset--spacing--10);padding-right:var(--wp--preset--spacing--20);padding-bottom:var(--wp--preset--spacing--10);padding-left:var(--wp--preset--spacing--20);flex-basis:100%\">\n<div class=\"wp-block-columns is-layout-flex wp-container-core-columns-is-layout-28f84493 wp-block-columns-is-layout-flex\">\n<div class=\"wp-block-column is-vertically-aligned-center is-layout-flow wp-block-column-is-layout-flow\" style=\"flex-basis:50%\">\n<p class=\"has-contrast-3-color has-text-color has-link-color has-body-font-family has-large-font-size wp-elements-02c9d5dc28b4873b39143b9c935f204c\" style=\"font-style:normal;font-weight:600\">Revisiter notre \u00e9tude de cas Pfizer: Principaux enseignements<\/p>\n\n\n\n<p class=\"has-contrast-3-color has-text-color has-link-color has-body-font-family has-medium-font-size wp-elements-619cc8d51f0bc11e971377642302e5f6\" style=\"font-style:normal;font-weight:500\">D\u00e9couvrez comment les avanc\u00e9es num\u00e9riques r\u00e9volutionnent la chimie organique de synth\u00e8se dans notre analyse de l&#8217;\u00e9tude de cas Pfizer. Cet article examine l&#8217;int\u00e9gration des id\u00e9es humaines et des pr\u00e9dictions r\u00e9trosynth\u00e9tiques dans un contexte pratique, mettant en lumi\u00e8re leur r\u00f4le futur dans le d\u00e9veloppement de m\u00e9dicaments.<\/p>\n\n\n\n<p class=\"has-contrast-3-color has-text-color has-link-color has-body-font-family has-medium-font-size wp-elements-708ebc5620e839eace5dfd25cf417a65\" style=\"font-style:normal;font-weight:500\">D\u00e9couvrez comment cette approche peut optimiser la planification de la synth\u00e8se tout en abordant les d\u00e9fis li\u00e9s aux co\u00fbts, \u00e0 l&#8217;impact environnemental et \u00e0 la collaboration, et apprenez comment notre plateforme est \u00e9quip\u00e9e pour r\u00e9soudre ces probl\u00e8mes.<\/p>\n\n\n\n<div class=\"wp-block-buttons is-layout-flex wp-block-buttons-is-layout-flex\">\n<div class=\"wp-block-button has-custom-font-size is-style-fill has-medium-font-size\"><a class=\"wp-block-button__link has-base-2-color has-contrast-3-background-color has-text-color has-background has-link-color has-border-color wp-element-button\" href=\"https:\/\/www.rxnhub.com\/index.php\/fr\/case-4-fra\/\" style=\"border-color:#ffffff;border-radius:5px;padding-top:5px;padding-right:var(--wp--preset--spacing--40);padding-bottom:5px;padding-left:var(--wp--preset--spacing--40)\">En savoir plus<\/a><\/div>\n<\/div>\n<\/div>\n\n\n\n<div class=\"wp-block-column is-vertically-aligned-center is-layout-flow wp-block-column-is-layout-flow\" style=\"padding-top:var(--wp--preset--spacing--20);padding-right:var(--wp--preset--spacing--10);padding-bottom:var(--wp--preset--spacing--20);padding-left:var(--wp--preset--spacing--10);flex-basis:50%\">\n<figure class=\"wp-block-image aligncenter size-large\"><img loading=\"lazy\" decoding=\"async\" width=\"1024\" height=\"682\" src=\"https:\/\/www.rxnhub.com\/wp-content\/uploads\/2024\/07\/Designs-UI-09-1024x682.png\" alt=\"\" class=\"wp-image-780\" srcset=\"https:\/\/www.rxnhub.com\/wp-content\/uploads\/2024\/07\/Designs-UI-09-1024x682.png 1024w, https:\/\/www.rxnhub.com\/wp-content\/uploads\/2024\/07\/Designs-UI-09-300x200.png 300w, https:\/\/www.rxnhub.com\/wp-content\/uploads\/2024\/07\/Designs-UI-09-768x512.png 768w, https:\/\/www.rxnhub.com\/wp-content\/uploads\/2024\/07\/Designs-UI-09.png 1280w\" sizes=\"auto, (max-width: 1024px) 100vw, 1024px\" \/><\/figure>\n<\/div>\n<\/div>\n<\/div>\n<\/div>\n\n\n\n<div class=\"wp-block-columns is-layout-flex wp-container-core-columns-is-layout-28f84493 wp-block-columns-is-layout-flex\">\n<div class=\"wp-block-column has-global-padding is-layout-constrained wp-container-core-column-is-layout-f4bbaf7a wp-block-column-is-layout-constrained\" style=\"padding-top:var(--wp--preset--spacing--10);padding-right:var(--wp--preset--spacing--20);padding-bottom:var(--wp--preset--spacing--10);padding-left:var(--wp--preset--spacing--20);flex-basis:100%\">\n<div class=\"wp-block-columns is-layout-flex wp-container-core-columns-is-layout-28f84493 wp-block-columns-is-layout-flex\">\n<div class=\"wp-block-column is-vertically-aligned-center is-layout-flow wp-block-column-is-layout-flow\" style=\"flex-basis:50%\">\n<p class=\"has-contrast-3-color has-text-color has-link-color has-body-font-family has-large-font-size wp-elements-ef99fe7a03d816c40d9c68ab1460101e\" style=\"font-style:normal;font-weight:600\">Red\u00e9finir le &#8216;Brainstorming&#8217; et la &#8216;G\u00e9n\u00e9ration d&#8217;Id\u00e9es&#8217;<\/p>\n\n\n\n<p class=\"has-contrast-3-color has-text-color has-link-color has-body-font-family has-medium-font-size wp-elements-7036c8ab9b926a0112369899e5a3b8b9\" style=\"font-style:normal;font-weight:500\">Nous avons d\u00e9montr\u00e9 que la num\u00e9risation et l&#8217;agr\u00e9gation efficace des donn\u00e9es peuvent am\u00e9liorer la synth\u00e8se pharmaceutique en r\u00e9duisant les biais, en am\u00e9liorant la prise de d\u00e9cision et en optimisant le processus de s\u00e9lection des voies.<\/p>\n\n\n\n<p class=\"has-contrast-3-color has-text-color has-link-color has-body-font-family has-medium-font-size wp-elements-8441c9345f2e4065799eb5c64cc90cdb\" style=\"font-style:normal;font-weight:500\">Notre technologie a permis une gestion efficace des donn\u00e9es et une collaboration, rationalisant ainsi l&#8217;ensemble du processus de s\u00e9lection des voies. Cette approche peut \u00eatre utilis\u00e9e depuis la d\u00e9couverte initiale de m\u00e9dicaments jusqu&#8217;\u00e0 la production \u00e0 grande \u00e9chelle.<\/p>\n\n\n\n<div class=\"wp-block-buttons is-layout-flex wp-block-buttons-is-layout-flex\">\n<div class=\"wp-block-button has-custom-font-size is-style-fill has-medium-font-size\"><a class=\"wp-block-button__link has-base-2-color has-contrast-3-background-color has-text-color has-background has-link-color has-border-color wp-element-button\" href=\"https:\/\/www.rxnhub.com\/index.php\/fr\/case-2-fra\/\" style=\"border-color:#ffffff;border-radius:5px;padding-top:5px;padding-right:var(--wp--preset--spacing--40);padding-bottom:5px;padding-left:var(--wp--preset--spacing--40)\">En savoir plus<\/a><\/div>\n<\/div>\n<\/div>\n\n\n\n<div class=\"wp-block-column is-vertically-aligned-center is-layout-flow wp-block-column-is-layout-flow\" style=\"padding-top:var(--wp--preset--spacing--20);padding-right:var(--wp--preset--spacing--10);padding-bottom:var(--wp--preset--spacing--20);padding-left:var(--wp--preset--spacing--10);flex-basis:50%\">\n<figure class=\"wp-block-image aligncenter size-large\"><img loading=\"lazy\" decoding=\"async\" width=\"1024\" height=\"574\" src=\"https:\/\/www.rxnhub.com\/wp-content\/uploads\/2024\/09\/Fig-13-1024x574.png\" alt=\"\" class=\"wp-image-1328\" srcset=\"https:\/\/www.rxnhub.com\/wp-content\/uploads\/2024\/09\/Fig-13-1024x574.png 1024w, https:\/\/www.rxnhub.com\/wp-content\/uploads\/2024\/09\/Fig-13-300x168.png 300w, https:\/\/www.rxnhub.com\/wp-content\/uploads\/2024\/09\/Fig-13-768x430.png 768w, https:\/\/www.rxnhub.com\/wp-content\/uploads\/2024\/09\/Fig-13.png 1280w\" sizes=\"auto, (max-width: 1024px) 100vw, 1024px\" \/><\/figure>\n<\/div>\n<\/div>\n<\/div>\n<\/div>\n\n\n\n<div class=\"wp-block-columns is-layout-flex wp-container-core-columns-is-layout-28f84493 wp-block-columns-is-layout-flex\">\n<div class=\"wp-block-column has-global-padding is-layout-constrained wp-container-core-column-is-layout-f4bbaf7a wp-block-column-is-layout-constrained\" style=\"padding-top:var(--wp--preset--spacing--10);padding-right:var(--wp--preset--spacing--20);padding-bottom:var(--wp--preset--spacing--10);padding-left:var(--wp--preset--spacing--20);flex-basis:100%\">\n<div class=\"wp-block-columns is-layout-flex wp-container-core-columns-is-layout-28f84493 wp-block-columns-is-layout-flex\">\n<div class=\"wp-block-column is-vertically-aligned-center is-layout-flow wp-block-column-is-layout-flow\" style=\"flex-basis:50%\">\n<p class=\"has-contrast-3-color has-text-color has-link-color has-body-font-family has-large-font-size wp-elements-b597e93ae4e365b3a82d4a9ba2302c53\" style=\"font-style:normal;font-weight:600\">R\u00e9volutionner la s\u00e9lection des voies gr\u00e2ce \u00e0 la num\u00e9risation<\/p>\n\n\n\n<p class=\"has-contrast-3-color has-text-color has-link-color has-body-font-family has-medium-font-size wp-elements-6831902ad96e71939fe961b33462028d\" style=\"font-style:normal;font-weight:500\">D\u00e9couvrez comment la num\u00e9risation r\u00e9volutionne la s\u00e9lection des voies dans le d\u00e9veloppement pharmaceutique. Les outils num\u00e9riques simplifient le processus en int\u00e9grant les donn\u00e9es, en appliquant des algorithmes avanc\u00e9s et en am\u00e9liorant la collaboration au sein des \u00e9quipes.<\/p>\n\n\n\n<p class=\"has-contrast-3-color has-text-color has-link-color has-body-font-family has-medium-font-size wp-elements-9f4377a9dbc1a2c4273928d88b8eb593\" style=\"font-style:normal;font-weight:500\">Notre plateforme offre une solution robuste, rendant la planification de la synth\u00e8se plus efficace et rentable pour acc\u00e9l\u00e9rer vos cycles de d\u00e9veloppement de m\u00e9dicaments.<\/p>\n\n\n\n<div class=\"wp-block-buttons is-layout-flex wp-block-buttons-is-layout-flex\">\n<div class=\"wp-block-button has-custom-font-size is-style-fill has-medium-font-size\"><a class=\"wp-block-button__link has-base-2-color has-contrast-3-background-color has-text-color has-background has-link-color has-border-color wp-element-button\" href=\"https:\/\/www.rxnhub.com\/index.php\/fr\/case-1-fra\/\" style=\"border-color:#ffffff;border-radius:5px;padding-top:5px;padding-right:var(--wp--preset--spacing--40);padding-bottom:5px;padding-left:var(--wp--preset--spacing--40)\">En savoir plus<\/a><\/div>\n<\/div>\n<\/div>\n\n\n\n<div class=\"wp-block-column is-vertically-aligned-center is-layout-flow wp-block-column-is-layout-flow\" style=\"padding-top:var(--wp--preset--spacing--20);padding-right:var(--wp--preset--spacing--10);padding-bottom:var(--wp--preset--spacing--20);padding-left:var(--wp--preset--spacing--10);flex-basis:50%\">\n<figure class=\"wp-block-image aligncenter size-large\"><img loading=\"lazy\" decoding=\"async\" width=\"1024\" height=\"574\" src=\"https:\/\/www.rxnhub.com\/wp-content\/uploads\/2024\/09\/Fig-15-1024x574.png\" alt=\"\" class=\"wp-image-1203\" srcset=\"https:\/\/www.rxnhub.com\/wp-content\/uploads\/2024\/09\/Fig-15-1024x574.png 1024w, https:\/\/www.rxnhub.com\/wp-content\/uploads\/2024\/09\/Fig-15-300x168.png 300w, https:\/\/www.rxnhub.com\/wp-content\/uploads\/2024\/09\/Fig-15-768x430.png 768w, https:\/\/www.rxnhub.com\/wp-content\/uploads\/2024\/09\/Fig-15.png 1280w\" sizes=\"auto, (max-width: 1024px) 100vw, 1024px\" \/><\/figure>\n<\/div>\n<\/div>\n<\/div>\n<\/div>\n\n\n\n<div class=\"wp-block-columns is-layout-flex wp-container-core-columns-is-layout-28f84493 wp-block-columns-is-layout-flex\">\n<div class=\"wp-block-column has-global-padding is-layout-constrained wp-container-core-column-is-layout-f4bbaf7a wp-block-column-is-layout-constrained\" style=\"padding-top:var(--wp--preset--spacing--10);padding-right:var(--wp--preset--spacing--20);padding-bottom:var(--wp--preset--spacing--10);padding-left:var(--wp--preset--spacing--20);flex-basis:100%\">\n<div class=\"wp-block-columns is-layout-flex wp-container-core-columns-is-layout-28f84493 wp-block-columns-is-layout-flex\">\n<div class=\"wp-block-column is-vertically-aligned-center is-layout-flow wp-block-column-is-layout-flow\" style=\"flex-basis:50%\">\n<p class=\"has-contrast-3-color has-text-color has-link-color has-body-font-family has-large-font-size wp-elements-ca1ab3f1ee0a5d356b477f20cc132758\" style=\"font-style:normal;font-weight:600\">Maximiser la puissance des algorithmes<\/p>\n\n\n\n<p class=\"has-contrast-3-color has-text-color has-link-color has-body-font-family has-medium-font-size wp-elements-f9bd0cac3336cfcfb50e04269ab7b25d\" style=\"font-style:normal;font-weight:500\">D\u00e9couvrez comment une d\u00e9cennie de recherche interdisciplinaire a r\u00e9volutionn\u00e9 la planification de la synth\u00e8se chimique. Notre plateforme de pointe int\u00e8gre parfaitement des outils pr\u00e9dictifs avanc\u00e9s, offrant aux chimistes un espace collaboratif pour d\u00e9velopper et d\u00e9finir la prochaine g\u00e9n\u00e9ration de processus chimiques.<\/p>\n\n\n\n<p class=\"has-contrast-3-color has-text-color has-link-color has-body-font-family has-medium-font-size wp-elements-27e6aac2c9f57e85a1f6d45ae9d33e79\" style=\"font-style:normal;font-weight:500\">Apprenez comment cette solution dynamique transforme des projets allant du d\u00e9veloppement de m\u00e9dicaments \u00e0 la science des mat\u00e9riaux.<\/p>\n\n\n\n<div class=\"wp-block-buttons is-layout-flex wp-block-buttons-is-layout-flex\">\n<div class=\"wp-block-button has-custom-font-size is-style-fill has-medium-font-size\"><a class=\"wp-block-button__link has-base-2-color has-contrast-3-background-color has-text-color has-background has-link-color has-border-color wp-element-button\" href=\"https:\/\/www.rxnhub.com\/index.php\/fr\/case-3-fra\/\" style=\"border-color:#ffffff;border-radius:5px;padding-top:5px;padding-right:var(--wp--preset--spacing--40);padding-bottom:5px;padding-left:var(--wp--preset--spacing--40)\">En savoir plus<\/a><\/div>\n<\/div>\n<\/div>\n\n\n\n<div class=\"wp-block-column is-vertically-aligned-center is-layout-flow wp-block-column-is-layout-flow\" style=\"padding-top:var(--wp--preset--spacing--20);padding-right:var(--wp--preset--spacing--10);padding-bottom:var(--wp--preset--spacing--20);padding-left:var(--wp--preset--spacing--10);flex-basis:50%\">\n<figure class=\"wp-block-image aligncenter size-large\"><img loading=\"lazy\" decoding=\"async\" width=\"1024\" height=\"574\" src=\"https:\/\/www.rxnhub.com\/wp-content\/uploads\/2024\/09\/Fig-14-1024x574.png\" alt=\"\" class=\"wp-image-1204\" srcset=\"https:\/\/www.rxnhub.com\/wp-content\/uploads\/2024\/09\/Fig-14-1024x574.png 1024w, https:\/\/www.rxnhub.com\/wp-content\/uploads\/2024\/09\/Fig-14-300x168.png 300w, https:\/\/www.rxnhub.com\/wp-content\/uploads\/2024\/09\/Fig-14-768x430.png 768w, https:\/\/www.rxnhub.com\/wp-content\/uploads\/2024\/09\/Fig-14.png 1280w\" sizes=\"auto, (max-width: 1024px) 100vw, 1024px\" \/><\/figure>\n<\/div>\n<\/div>\n<\/div>\n<\/div>\n\n\n\n<p><\/p>\n","protected":false},"excerpt":{"rendered":"<p>Nos cas d&#8217;utilisation Les capacit\u00e9s de notre plateforme sont illustr\u00e9es \u00e0 travers une s\u00e9lection d&#8217;exemples bas\u00e9s sur notre exp\u00e9rience dans ce domaine. Des informations de r\u00e9f\u00e9rence d\u00e9taill\u00e9es peuvent \u00eatre trouv\u00e9es dans notre article fondamental publi\u00e9 dans Digital Discovery (https:\/\/doi.org\/10.1039\/D4DD00120F Royal Society of Chemistry, 2024), d\u00e9velopp\u00e9 en collaboration avec Pfizer. Revisiter notre \u00e9tude de cas Pfizer: [&hellip;]<\/p>\n","protected":false},"author":1,"featured_media":0,"parent":0,"menu_order":0,"comment_status":"closed","ping_status":"closed","template":"","meta":{"footnotes":""},"class_list":["post-1528","page","type-page","status-publish","hentry"],"_links":{"self":[{"href":"https:\/\/www.rxnhub.com\/index.php\/wp-json\/wp\/v2\/pages\/1528","targetHints":{"allow":["GET"]}}],"collection":[{"href":"https:\/\/www.rxnhub.com\/index.php\/wp-json\/wp\/v2\/pages"}],"about":[{"href":"https:\/\/www.rxnhub.com\/index.php\/wp-json\/wp\/v2\/types\/page"}],"author":[{"embeddable":true,"href":"https:\/\/www.rxnhub.com\/index.php\/wp-json\/wp\/v2\/users\/1"}],"replies":[{"embeddable":true,"href":"https:\/\/www.rxnhub.com\/index.php\/wp-json\/wp\/v2\/comments?post=1528"}],"version-history":[{"count":3,"href":"https:\/\/www.rxnhub.com\/index.php\/wp-json\/wp\/v2\/pages\/1528\/revisions"}],"predecessor-version":[{"id":1725,"href":"https:\/\/www.rxnhub.com\/index.php\/wp-json\/wp\/v2\/pages\/1528\/revisions\/1725"}],"wp:attachment":[{"href":"https:\/\/www.rxnhub.com\/index.php\/wp-json\/wp\/v2\/media?parent=1528"}],"curies":[{"name":"wp","href":"https:\/\/api.w.org\/{rel}","templated":true}]}}