
{"id":1536,"date":"2024-10-18T10:50:01","date_gmt":"2024-10-18T09:50:01","guid":{"rendered":"https:\/\/www.rxnhub.com\/?page_id=1536"},"modified":"2024-10-18T10:50:01","modified_gmt":"2024-10-18T09:50:01","slug":"contact-us-ger","status":"publish","type":"page","link":"https:\/\/www.rxnhub.com\/index.php\/de\/contact-us-ger\/","title":{"rendered":"Contact Us GER"},"content":{"rendered":"\n<div class=\"wp-block-group wow animate__animated animate__fadeInUp has-global-padding is-content-justification-center is-layout-constrained wp-block-group-is-layout-constrained\" style=\"margin-top:0;margin-bottom:0;padding-top:var(--wp--preset--spacing--50);padding-bottom:var(--wp--preset--spacing--30)\">\n<div class=\"wp-block-columns alignwide is-layout-flex wp-container-core-columns-is-layout-7fc3d43a wp-block-columns-is-layout-flex\">\n<div class=\"wp-block-column is-layout-flow wp-block-column-is-layout-flow\" style=\"flex-basis:10%\"><\/div>\n\n\n\n<div class=\"wp-block-column wow animate__animated animate__fadeInUp is-layout-flow wp-block-column-is-layout-flow\" style=\"flex-basis:80%\">\n<div class=\"wp-block-group has-global-padding is-layout-constrained wp-block-group-is-layout-constrained\" style=\"margin-top:0;margin-bottom:0;padding-top:0;padding-bottom:0\">\n<p class=\"has-text-align-left has-contrast-color has-text-color has-link-color has-body-font-family has-large-font-size wp-elements-bf759dcf321e163c89ac30f83ac3a26e\" style=\"margin-top:0;margin-bottom:0;font-style:normal;font-weight:600\">Vielen Dank, dass Sie mit uns in Kontakt getreten sind<\/p>\n\n\n\n<p class=\"has-text-align-left has-contrast-color has-text-color has-link-color has-medium-font-size wp-elements-5079a5fe83f939baa8f09012ebfdb6ca\">Unser Unternehmen f\u00fchrt die Chemie-Revolution an. Unsere Plattform dient als Grundlage f\u00fcr die Entwicklung modernster Werkzeuge, die die chemischen Wissenschaften in die neue digitale \u00c4ra vorantreiben werden.<\/p>\n\n\n\n<p class=\"has-text-align-left has-contrast-color has-text-color has-link-color has-medium-font-size wp-elements-39bd79afe6df3988c243de3e92d22d9e\">Bitte f\u00fcllen Sie das untenstehende Formular f\u00fcr Anfragen oder R\u00fcckmeldungen aus. Alternativ k\u00f6nnen Sie uns auch eine E-Mail an Enquiries@RxnHub.com senden, und jemand aus unserem Team wird Sie kontaktieren.<\/p>\n<\/div>\n<\/div>\n\n\n\n<div class=\"wp-block-column is-layout-flow wp-block-column-is-layout-flow\" style=\"flex-basis:10%\"><\/div>\n<\/div>\n<\/div>\n\n\n\n<div class=\"wp-block-group has-global-padding is-layout-constrained wp-block-group-is-layout-constrained\" style=\"padding-top:var(--wp--preset--spacing--10);padding-bottom:var(--wp--preset--spacing--10)\">\n<div class=\"wp-block-columns is-layout-flex wp-container-core-columns-is-layout-28f84493 wp-block-columns-is-layout-flex\">\n<div class=\"wp-block-column is-layout-flow wp-block-column-is-layout-flow\" style=\"flex-basis:15%\"><\/div>\n\n\n\n<div class=\"wp-block-column is-layout-flow wp-block-column-is-layout-flow\" style=\"flex-basis:70%\">\n<form id=\"customForm\" method=\"post\" action=\"\" style=\"\n    max-width: 600px;\n    margin: 0 auto;\n    padding: 20px;\n    background-color: #D6DDED;\n    border-radius: 5px;\n    box-shadow: 0 2px 4px rgba(0, 0, 0, 0.1);\n    font-family: Poppins, sans-serif;\n\">\n    <label for=\"first_name\" style=\"\n        display: block;\n        margin-bottom: 8px;\n        font-weight: semi-bold;\n    \">First Name*<\/label>\n    <input type=\"text\" name=\"first_name\" required=\"\" style=\"\n        width: 100%;\n        padding: 10px;\n        margin-bottom: 16px;\n        border: 1px solid #ddd;\n        border-radius: 4px;\n        box-sizing: border-box;\n    \"><br>\n    \n    <label for=\"last_name\" style=\"\n        display: block;\n        margin-bottom: 8px;\n        font-weight: semi-bold;\n    \">Last Name*<\/label>\n    <input type=\"text\" name=\"last_name\" required=\"\" style=\"\n        width: 100%;\n        padding: 10px;\n        margin-bottom: 16px;\n        border: 1px solid #ddd;\n        border-radius: 4px;\n        box-sizing: border-box;\n    \"><br>\n    \n    <label for=\"email\" style=\"\n        display: block;\n        margin-bottom: 8px;\n        font-weight: semi-bold;\n    \">Email*<\/label>\n    <input type=\"email\" name=\"email\" required=\"\" style=\"\n        width: 100%;\n        padding: 10px;\n        margin-bottom: 16px;\n        border: 1px solid #ddd;\n        border-radius: 4px;\n        box-sizing: border-box;\n    \"><br>\n    \n    <label for=\"organization\" style=\"\n        display: block;\n        margin-bottom: 8px;\n        font-weight: semi-bold;\n    \">Organization (optional)<\/label>\n    <input type=\"text\" name=\"organization\" style=\"\n        width: 100%;\n        padding: 10px;\n        margin-bottom: 16px;\n        border: 1px solid #ddd;\n        border-radius: 4px;\n        box-sizing: border-box;\n    \"><br>\n    \n    <label for=\"account_type\" style=\"\n        display: block;\n        margin-bottom: 8px;\n        font-weight: semi-bold;\n    \">Type of Account*<\/label>\n    <select name=\"account_type\" required=\"\" style=\"\n        width: 100%;\n        padding: 10px;\n        margin-bottom: 16px;\n        border: 1px solid #ddd;\n        border-radius: 4px;\n        box-sizing: border-box;\n    \">\n        <option value=\"\" disabled=\"\" selected=\"\">Select account type<\/option>\n        <option value=\"Personal\">Personal<\/option>\n        <option value=\"Academic\">Academic<\/option>\n        <option value=\"Commercial\">Commercial<\/option>\n    <\/select><br>\n    \n    <label for=\"message\" style=\"\n        display: block;\n        margin-bottom: 8px;\n        font-weight: semi-bold;\n    \">Message (optional)<\/label>\n    <textarea name=\"message\" style=\"\n        width: 100%;\n        padding: 10px;\n        margin-bottom: 16px;\n        border: 1px solid #ddd;\n        border-radius: 4px;\n        box-sizing: border-box;\n        height: 100px;\n    \"><\/textarea><br>\n    \n    <input type=\"submit\" name=\"submit_form\" value=\"Submit\" style=\"\n        background-color: #00273f;\n        color: #fff;\n        padding: 10px 20px;\n        border: none;\n        border-radius: 4px;\n        font-size: 16px;\n        cursor: pointer;\n        font-weight: semi-bold;\n    \">\n<\/form>\n<\/div>\n\n\n\n<div class=\"wp-block-column is-layout-flow wp-block-column-is-layout-flow\" style=\"flex-basis:15%\"><\/div>\n<\/div>\n<\/div>\n\n\n\n<p><\/p>\n","protected":false},"excerpt":{"rendered":"<p>Vielen Dank, dass Sie mit uns in Kontakt getreten sind Unser Unternehmen f\u00fchrt die Chemie-Revolution an. Unsere Plattform dient als Grundlage f\u00fcr die Entwicklung modernster Werkzeuge, die die chemischen Wissenschaften in die neue digitale \u00c4ra vorantreiben werden. Bitte f\u00fcllen Sie das untenstehende Formular f\u00fcr Anfragen oder R\u00fcckmeldungen aus. Alternativ k\u00f6nnen Sie uns auch eine E-Mail [&hellip;]<\/p>\n","protected":false},"author":1,"featured_media":0,"parent":0,"menu_order":0,"comment_status":"closed","ping_status":"closed","template":"","meta":{"footnotes":""},"class_list":["post-1536","page","type-page","status-publish","hentry"],"_links":{"self":[{"href":"https:\/\/www.rxnhub.com\/index.php\/wp-json\/wp\/v2\/pages\/1536","targetHints":{"allow":["GET"]}}],"collection":[{"href":"https:\/\/www.rxnhub.com\/index.php\/wp-json\/wp\/v2\/pages"}],"about":[{"href":"https:\/\/www.rxnhub.com\/index.php\/wp-json\/wp\/v2\/types\/page"}],"author":[{"embeddable":true,"href":"https:\/\/www.rxnhub.com\/index.php\/wp-json\/wp\/v2\/users\/1"}],"replies":[{"embeddable":true,"href":"https:\/\/www.rxnhub.com\/index.php\/wp-json\/wp\/v2\/comments?post=1536"}],"version-history":[{"count":2,"href":"https:\/\/www.rxnhub.com\/index.php\/wp-json\/wp\/v2\/pages\/1536\/revisions"}],"predecessor-version":[{"id":1590,"href":"https:\/\/www.rxnhub.com\/index.php\/wp-json\/wp\/v2\/pages\/1536\/revisions\/1590"}],"wp:attachment":[{"href":"https:\/\/www.rxnhub.com\/index.php\/wp-json\/wp\/v2\/media?parent=1536"}],"curies":[{"name":"wp","href":"https:\/\/api.w.org\/{rel}","templated":true}]}}