
{"id":1543,"date":"2024-10-18T11:12:44","date_gmt":"2024-10-18T10:12:44","guid":{"rendered":"https:\/\/www.rxnhub.com\/?page_id=1543"},"modified":"2024-10-18T11:12:45","modified_gmt":"2024-10-18T10:12:45","slug":"services-esp","status":"publish","type":"page","link":"https:\/\/www.rxnhub.com\/index.php\/es\/services-esp\/","title":{"rendered":"Services ESP"},"content":{"rendered":"\n<div class=\"wp-block-group alignwide has-global-padding is-layout-constrained wp-container-core-group-is-layout-ec16a4f0 wp-block-group-is-layout-constrained\" style=\"margin-top:0px;margin-bottom:0px;padding-top:0;padding-right:0;padding-bottom:0;padding-left:0\">\n<div class=\"wp-block-columns has-base-2-background-color has-background is-layout-flex wp-container-core-columns-is-layout-1d12d6cd wp-block-columns-is-layout-flex\" style=\"border-radius:8px;margin-top:0;margin-bottom:0;padding-top:0;padding-right:0;padding-bottom:0;padding-left:0\">\n<div class=\"wp-block-column is-vertically-aligned-center wow animate__animated animate__fadeInUp has-base-color has-text-color has-link-color wp-elements-39e8b92d7be813558d41defc8dbf9031 is-layout-flow wp-block-column-is-layout-flow\" style=\"padding-top:var(--wp--preset--spacing--30);padding-right:0;padding-bottom:0;padding-left:0;flex-basis:100%\">\n<div class=\"wp-block-group has-base-color has-text-color has-link-color wp-elements-7ba6d1ab04f100d7ce38a871ec5c4bfa has-global-padding is-content-justification-left is-layout-constrained wp-container-core-group-is-layout-64cbb289 wp-block-group-is-layout-constrained\" style=\"margin-top:0;margin-bottom:0;padding-top:var(--wp--preset--spacing--40);padding-right:0;padding-bottom:var(--wp--preset--spacing--10);padding-left:0\">\n<p class=\"has-text-align-left has-contrast-3-color has-text-color has-link-color wp-elements-9242b01c5531f026ad54600f510a2ede\" style=\"font-size:clamp(20px, 1.25rem + ((1vw - 3.2px) * 1.463), 32px);font-style:normal;font-weight:600\">Nuestros Servicios<\/p>\n<\/div>\n<\/div>\n<\/div>\n\n\n\n<p class=\"has-contrast-color has-text-color has-link-color has-mdm-large-font-size wp-elements-0c7af922ec4dd6ca27c52d419a663b87\" style=\"margin-top:0;margin-right:0;margin-bottom:0;margin-left:0;padding-top:0;padding-right:0;padding-bottom:0;padding-left:0\">Nuestra empresa lidera la revoluci\u00f3n qu\u00edmica. Nuestra plataforma sirve como la base para la pr\u00f3xima generaci\u00f3n de herramientas que impulsar\u00e1n las ciencias qu\u00edmicas hacia una nueva era digital.<\/p>\n\n\n\n<p class=\"has-contrast-color has-text-color has-link-color has-mdm-large-font-size wp-elements-2b77ac4e04498866b62c236296dfe0c8\" style=\"margin-top:0;margin-right:0;margin-bottom:0;margin-left:0;padding-top:0;padding-right:0;padding-bottom:0;padding-left:0\">Nos impulsa nuestra pasi\u00f3n por la qu\u00edmica, esforz\u00e1ndonos continuamente por innovar y redefinir las posibilidades dentro de la industria. Nuestro objetivo es hacer que las herramientas avanzadas sean accesibles para todos, abordando el cambio clim\u00e1tico, reduciendo desechos y apoyando una econom\u00eda m\u00e1s verde. Nuestro objetivo final es crear un impacto duradero, desde el avance de la educaci\u00f3n de los futuros qu\u00edmicos hasta la generaci\u00f3n de valor en todas las \u00e1reas de I+D qu\u00edmica comercial.<\/p>\n\n\n\n<p><\/p>\n\n\n\n<div class=\"wp-block-columns are-vertically-aligned-top has-base-background-color has-background is-layout-flex wp-container-core-columns-is-layout-b61ab78d wp-block-columns-is-layout-flex\" style=\"border-radius:8px;margin-top:0;margin-bottom:0;padding-top:0;padding-right:0;padding-bottom:0;padding-left:0\">\n<div class=\"wp-block-column is-vertically-aligned-top wow animate__animated animate__fadeInUp has-base-color has-text-color has-link-color wp-elements-23c7c53a5d102588ae3327ee9944a02d is-layout-flow wp-block-column-is-layout-flow\" style=\"padding-top:0;padding-right:var(--wp--preset--spacing--10);padding-bottom:0;padding-left:var(--wp--preset--spacing--10);flex-basis:50%\">\n<div class=\"wp-block-group has-base-color has-text-color has-link-color wp-elements-4a16a41006862366d52b4b4b4e04be1d has-global-padding is-content-justification-right is-layout-constrained wp-container-core-group-is-layout-265d2cff wp-block-group-is-layout-constrained\" style=\"margin-top:0;margin-bottom:0;padding-top:var(--wp--preset--spacing--20);padding-right:0;padding-bottom:var(--wp--preset--spacing--20);padding-left:0\">\n<figure class=\"wp-block-image aligncenter size-full\"><img loading=\"lazy\" decoding=\"async\" width=\"250\" height=\"250\" src=\"https:\/\/www.rxnhub.com\/wp-content\/uploads\/2024\/09\/Icono-9.png\" alt=\"\" class=\"wp-image-1343\" srcset=\"https:\/\/www.rxnhub.com\/wp-content\/uploads\/2024\/09\/Icono-9.png 250w, https:\/\/www.rxnhub.com\/wp-content\/uploads\/2024\/09\/Icono-9-150x150.png 150w\" sizes=\"auto, (max-width: 250px) 100vw, 250px\" \/><\/figure>\n\n\n\n<p class=\"has-text-align-center has-contrast-color has-text-color has-link-color wp-elements-4a46c1745d33ad47e409c1a8f5a7df87\" style=\"font-size:clamp(20px, 1.25rem + ((1vw - 3.2px) * 1.463), 32px);\">Soporte T\u00e9cnico<\/p>\n\n\n\n<p class=\"has-text-align-left has-contrast-color has-text-color has-link-color has-medium-font-size wp-elements-a21728e8c8e260005f56899f5300061c\">Una infraestructura confiable es la columna vertebral de cualquier operaci\u00f3n exitosa, y apoyamos nuestros servicios para garantizar que sus sistemas funcionen sin inconvenientes.<\/p>\n\n\n\n<ul class=\"wp-block-list has-contrast-color has-text-color has-link-color wp-elements-412ba6eba42fe26e3de5e2a1fd13159e\">\n<li class=\"has-medium-font-size\">Aproveche la Informaci\u00f3n Qu\u00edmica de Sus Investigaciones Pasadas<\/li>\n\n\n\n<li>Mejore los Flujos de Trabajo con Herramientas de Gesti\u00f3n y Visualizaci\u00f3n de Datos<\/li>\n\n\n\n<li>Integre los flujos de datos y algoritmos de RxnHub en sus sistemas actuales, incluidos bases de datos locales, Cuadernos Electr\u00f3nicos de Laboratorio y herramientas de producci\u00f3n.<\/li>\n\n\n\n<li class=\"has-medium-font-size\">Introduzca perspectivas de IA en sus proyectos de I+D Qu\u00edmica.<\/li>\n<\/ul>\n\n\n\n<p class=\"has-text-align-left has-contrast-color has-text-color has-link-color has-medium-font-size wp-elements-faa88117455ecf7546d2cb55e165b62f\">Nuestros servicios incluyen mantenimiento, actualizaciones y resoluci\u00f3n de problemas para minimizar el tiempo de inactividad y maximizar la productividad, permiti\u00e9ndole centrarse en la innovaci\u00f3n y el crecimiento.<\/p>\n<\/div>\n<\/div>\n\n\n\n<div class=\"wp-block-column is-vertically-aligned-top wow animate__animated animate__fadeInUp has-base-color has-text-color has-link-color wp-elements-c1066683d069555158a0b57df69b306f is-layout-flow wp-block-column-is-layout-flow\" style=\"padding-top:0;padding-right:var(--wp--preset--spacing--10);padding-bottom:0;padding-left:var(--wp--preset--spacing--10);flex-basis:50%\">\n<div class=\"wp-block-group has-base-color has-text-color has-link-color wp-elements-ca3c68e8a971f9e374d37dcc5e6a97a0 has-global-padding is-content-justification-right is-layout-constrained wp-container-core-group-is-layout-265d2cff wp-block-group-is-layout-constrained\" style=\"margin-top:0;margin-bottom:0;padding-top:var(--wp--preset--spacing--20);padding-right:0;padding-bottom:var(--wp--preset--spacing--20);padding-left:0\">\n<figure class=\"wp-block-image aligncenter size-full\"><img loading=\"lazy\" decoding=\"async\" width=\"250\" height=\"250\" src=\"https:\/\/www.rxnhub.com\/wp-content\/uploads\/2024\/09\/Icono-10.png\" alt=\"\" class=\"wp-image-1344\" srcset=\"https:\/\/www.rxnhub.com\/wp-content\/uploads\/2024\/09\/Icono-10.png 250w, https:\/\/www.rxnhub.com\/wp-content\/uploads\/2024\/09\/Icono-10-150x150.png 150w\" sizes=\"auto, (max-width: 250px) 100vw, 250px\" \/><\/figure>\n\n\n\n<p class=\"has-text-align-center has-contrast-color has-text-color has-link-color wp-elements-6853c7ba17c43b98f1bf2100fb0e823a\" style=\"font-size:clamp(20px, 1.25rem + ((1vw - 3.2px) * 1.463), 32px);\">An\u00e1lisis de Datos<\/p>\n\n\n\n<p class=\"has-text-align-left has-contrast-color has-text-color has-link-color has-medium-font-size wp-elements-db5a769a992f4855db97da549a8341f8\"><em>\u00bfPuede encontrar rutas de s\u00edntesis \u00f3ptimas protegidas de la replicaci\u00f3n gen\u00e9rica?<\/em><\/p>\n\n\n\n<p class=\"has-text-align-left has-contrast-color has-text-color has-link-color has-medium-font-size wp-elements-cdf87d64fbd64a712c9a1fd06d98c6d0\">Nuestros servicios de an\u00e1lisis de datos dotan a su empresa de conocimientos pr\u00e1cticos derivados de una extensa colecci\u00f3n de datos qu\u00edmicos. Al examinar tendencias, comparar datos internos con datos p\u00fablicos y predichos, e identificar patrones cruciales, le asistimos en la toma de decisiones informadas que le otorgan una ventaja competitiva.<\/p>\n\n\n\n<p class=\"has-text-align-left has-contrast-color has-text-color has-link-color has-medium-font-size wp-elements-542c6c20064b39fe7065ddba9e632689\">Ya sea que opere en farmac\u00e9uticos, petroqu\u00edmicos o campos relacionados, nuestras soluciones de an\u00e1lisis de datos ofrecen la claridad y previsi\u00f3n necesarias para prosperar en su industria.<\/p>\n<\/div>\n<\/div>\n\n\n\n<div class=\"wp-block-column is-vertically-aligned-top wow animate__animated animate__fadeInUp has-base-color has-text-color has-link-color wp-elements-6400710e6f919ec0061b1fdf5e7d6c16 is-layout-flow wp-block-column-is-layout-flow\" style=\"padding-top:0;padding-right:var(--wp--preset--spacing--10);padding-bottom:0;padding-left:var(--wp--preset--spacing--10);flex-basis:50%\">\n<div class=\"wp-block-group has-base-color has-text-color has-link-color wp-elements-a5d8a1f28b77aaa951980daf76f5b056 has-global-padding is-content-justification-right is-layout-constrained wp-container-core-group-is-layout-265d2cff wp-block-group-is-layout-constrained\" style=\"margin-top:0;margin-bottom:0;padding-top:var(--wp--preset--spacing--20);padding-right:0;padding-bottom:var(--wp--preset--spacing--20);padding-left:0\">\n<figure class=\"wp-block-image aligncenter size-full\"><img loading=\"lazy\" decoding=\"async\" width=\"250\" height=\"250\" src=\"https:\/\/www.rxnhub.com\/wp-content\/uploads\/2024\/09\/Icono-8.png\" alt=\"\" class=\"wp-image-1345\" srcset=\"https:\/\/www.rxnhub.com\/wp-content\/uploads\/2024\/09\/Icono-8.png 250w, https:\/\/www.rxnhub.com\/wp-content\/uploads\/2024\/09\/Icono-8-150x150.png 150w\" sizes=\"auto, (max-width: 250px) 100vw, 250px\" \/><\/figure>\n\n\n\n<p class=\"has-text-align-center has-contrast-color has-text-color has-link-color wp-elements-6cfc769e312f359c43b3b50404782d49\" style=\"font-size:clamp(20px, 1.25rem + ((1vw - 3.2px) * 1.463), 32px);\">Desarrollo de Software<\/p>\n\n\n\n<p class=\"has-text-align-left has-contrast-color has-text-color has-link-color has-medium-font-size wp-elements-9db55743be766aff4f5b751876c98e2e\">Nuestros servicios de desarrollo de software se especializan en la creaci\u00f3n de aplicaciones personalizadas para apoyar sus requisitos de desarrollo qu\u00edmico.<\/p>\n\n\n\n<ul class=\"wp-block-list has-contrast-color has-text-color has-link-color wp-elements-feeac890c4640ca0e1f2e3a16437b4f2\">\n<li class=\"has-medium-font-size\">Creaci\u00f3n conceptual de herramientas para nuevos sistemas de trabajo<\/li>\n\n\n\n<li>Escritura de scripts en Python para miner\u00eda de datos o integraci\u00f3n<\/li>\n\n\n\n<li>Desarrollo de herramientas de visualizaci\u00f3n y gesti\u00f3n de datos<\/li>\n\n\n\n<li class=\"has-medium-font-size\">Desarrollo de algoritmos para optimizaci\u00f3n multivariable<\/li>\n<\/ul>\n\n\n\n<p class=\"has-text-align-left has-contrast-color has-text-color has-link-color has-medium-font-size wp-elements-5b52bca1f466724b6e710783006d8d0f\">Nuestro equipo de desarrolladores calificados garantiza que el software se integre de manera fluida con su infraestructura existente, ofreciendo una soluci\u00f3n robusta y f\u00e1cil de usar que se alinea con sus requisitos espec\u00edficos.<\/p>\n<\/div>\n<\/div>\n<\/div>\n<\/div>\n\n\n\n<div class=\"wp-block-buttons is-content-justification-right is-layout-flex wp-container-core-buttons-is-layout-6521e4ba wp-block-buttons-is-layout-flex\" style=\"margin-top:var(--wp--preset--spacing--10)\">\n<div class=\"wp-block-button has-custom-font-size is-style-fill has-medium-font-size\"><a class=\"wp-block-button__link has-base-2-color has-text-color has-background has-link-color wp-element-button\" href=\"https:\/\/www.rxnhub.com\/index.php\/contact-us\/\" style=\"border-radius:5px;background-color:#004f77;padding-top:5px;padding-right:var(--wp--preset--spacing--30);padding-bottom:5px;padding-left:var(--wp--preset--spacing--30)\">Contactenos<\/a><\/div>\n<\/div>\n\n\n\n<p><\/p>\n","protected":false},"excerpt":{"rendered":"<p>Nuestros Servicios Nuestra empresa lidera la revoluci\u00f3n qu\u00edmica. Nuestra plataforma sirve como la base para la pr\u00f3xima generaci\u00f3n de herramientas que impulsar\u00e1n las ciencias qu\u00edmicas hacia una nueva era digital. Nos impulsa nuestra pasi\u00f3n por la qu\u00edmica, esforz\u00e1ndonos continuamente por innovar y redefinir las posibilidades dentro de la industria. Nuestro objetivo es hacer que las [&hellip;]<\/p>\n","protected":false},"author":1,"featured_media":0,"parent":0,"menu_order":0,"comment_status":"closed","ping_status":"closed","template":"","meta":{"footnotes":""},"class_list":["post-1543","page","type-page","status-publish","hentry"],"_links":{"self":[{"href":"https:\/\/www.rxnhub.com\/index.php\/wp-json\/wp\/v2\/pages\/1543","targetHints":{"allow":["GET"]}}],"collection":[{"href":"https:\/\/www.rxnhub.com\/index.php\/wp-json\/wp\/v2\/pages"}],"about":[{"href":"https:\/\/www.rxnhub.com\/index.php\/wp-json\/wp\/v2\/types\/page"}],"author":[{"embeddable":true,"href":"https:\/\/www.rxnhub.com\/index.php\/wp-json\/wp\/v2\/users\/1"}],"replies":[{"embeddable":true,"href":"https:\/\/www.rxnhub.com\/index.php\/wp-json\/wp\/v2\/comments?post=1543"}],"version-history":[{"count":5,"href":"https:\/\/www.rxnhub.com\/index.php\/wp-json\/wp\/v2\/pages\/1543\/revisions"}],"predecessor-version":[{"id":1603,"href":"https:\/\/www.rxnhub.com\/index.php\/wp-json\/wp\/v2\/pages\/1543\/revisions\/1603"}],"wp:attachment":[{"href":"https:\/\/www.rxnhub.com\/index.php\/wp-json\/wp\/v2\/media?parent=1543"}],"curies":[{"name":"wp","href":"https:\/\/api.w.org\/{rel}","templated":true}]}}