
{"id":1544,"date":"2024-10-18T11:17:07","date_gmt":"2024-10-18T10:17:07","guid":{"rendered":"https:\/\/www.rxnhub.com\/?page_id=1544"},"modified":"2024-10-18T11:17:07","modified_gmt":"2024-10-18T10:17:07","slug":"services-ger","status":"publish","type":"page","link":"https:\/\/www.rxnhub.com\/index.php\/de\/services-ger\/","title":{"rendered":"Services GER"},"content":{"rendered":"\n<div class=\"wp-block-group alignwide has-global-padding is-layout-constrained wp-container-core-group-is-layout-ec16a4f0 wp-block-group-is-layout-constrained\" style=\"margin-top:0px;margin-bottom:0px;padding-top:0;padding-right:0;padding-bottom:0;padding-left:0\">\n<div class=\"wp-block-columns has-base-2-background-color has-background is-layout-flex wp-container-core-columns-is-layout-1d12d6cd wp-block-columns-is-layout-flex\" style=\"border-radius:8px;margin-top:0;margin-bottom:0;padding-top:0;padding-right:0;padding-bottom:0;padding-left:0\">\n<div class=\"wp-block-column is-vertically-aligned-center wow animate__animated animate__fadeInUp has-base-color has-text-color has-link-color wp-elements-ca224278329aca90b0e6cf905d4e1977 is-layout-flow wp-block-column-is-layout-flow\" style=\"padding-top:var(--wp--preset--spacing--30);padding-right:0;padding-bottom:0;padding-left:0;flex-basis:100%\">\n<div class=\"wp-block-group has-base-color has-text-color has-link-color wp-elements-bce12eff6ab2aa8f8dd682db300072c7 has-global-padding is-content-justification-left is-layout-constrained wp-container-core-group-is-layout-64cbb289 wp-block-group-is-layout-constrained\" style=\"margin-top:0;margin-bottom:0;padding-top:var(--wp--preset--spacing--40);padding-right:0;padding-bottom:var(--wp--preset--spacing--10);padding-left:0\">\n<p class=\"has-text-align-left has-contrast-3-color has-text-color has-link-color wp-elements-3ac6f0e9f33fa43668c0cdbe85c79dbb\" style=\"font-size:clamp(20px, 1.25rem + ((1vw - 3.2px) * 1.463), 32px);font-style:normal;font-weight:600\">Unsere Dienstleistungen<\/p>\n<\/div>\n<\/div>\n<\/div>\n\n\n\n<p class=\"has-contrast-color has-text-color has-link-color has-mdm-large-font-size wp-elements-3aa64655e79aae1ba9c523c6e362995a\" style=\"margin-top:0;margin-right:0;margin-bottom:0;margin-left:0;padding-top:0;padding-right:0;padding-bottom:0;padding-left:0\">Unser Unternehmen f\u00fchrt die Chemie-Revolution an. Unsere Plattform dient als Fundament f\u00fcr die n\u00e4chste Generation von Werkzeugen, die die chemischen Wissenschaften in eine neue digitale \u00c4ra f\u00fchren werden.<\/p>\n\n\n\n<p class=\"has-contrast-color has-text-color has-link-color has-mdm-large-font-size wp-elements-9447b14628cc5e36a0c3f74a7ef81ee3\" style=\"margin-top:0;margin-right:0;margin-bottom:0;margin-left:0;padding-top:0;padding-right:0;padding-bottom:0;padding-left:0\">Wir sind von unserer Leidenschaft f\u00fcr Chemie angetrieben und streben kontinuierlich danach, zu innovieren und die M\u00f6glichkeiten innerhalb der Branche neu zu definieren. Unser Ziel ist es, fortschrittliche Werkzeuge f\u00fcr jedermann zug\u00e4nglich zu machen, den Klimawandel zu bek\u00e4mpfen, Abf\u00e4lle zu reduzieren und eine gr\u00fcnere Wirtschaft zu unterst\u00fctzen. Unser ultimatives Ziel ist es, einen nachhaltigen Einfluss zu schaffen, von der F\u00f6rderung der Ausbildung zuk\u00fcnftiger Chemiker bis hin zur Schaffung von Werten in allen Bereichen der kommerziellen chemischen Forschung und Entwicklung.<\/p>\n\n\n\n<p><\/p>\n\n\n\n<div class=\"wp-block-columns are-vertically-aligned-top has-base-background-color has-background is-layout-flex wp-container-core-columns-is-layout-b61ab78d wp-block-columns-is-layout-flex\" style=\"border-radius:8px;margin-top:0;margin-bottom:0;padding-top:0;padding-right:0;padding-bottom:0;padding-left:0\">\n<div class=\"wp-block-column is-vertically-aligned-top wow animate__animated animate__fadeInUp has-base-color has-text-color has-link-color wp-elements-0084ca1057b3310d92aa31828c74908f is-layout-flow wp-block-column-is-layout-flow\" style=\"padding-top:0;padding-right:var(--wp--preset--spacing--10);padding-bottom:0;padding-left:var(--wp--preset--spacing--10);flex-basis:50%\">\n<div class=\"wp-block-group has-base-color has-text-color has-link-color wp-elements-10958e82985f66d3d34c5c86612b51ad has-global-padding is-content-justification-right is-layout-constrained wp-container-core-group-is-layout-265d2cff wp-block-group-is-layout-constrained\" style=\"margin-top:0;margin-bottom:0;padding-top:var(--wp--preset--spacing--20);padding-right:0;padding-bottom:var(--wp--preset--spacing--20);padding-left:0\">\n<figure class=\"wp-block-image aligncenter size-full\"><img loading=\"lazy\" decoding=\"async\" width=\"250\" height=\"250\" src=\"https:\/\/www.rxnhub.com\/wp-content\/uploads\/2024\/09\/Icono-9.png\" alt=\"\" class=\"wp-image-1343\" srcset=\"https:\/\/www.rxnhub.com\/wp-content\/uploads\/2024\/09\/Icono-9.png 250w, https:\/\/www.rxnhub.com\/wp-content\/uploads\/2024\/09\/Icono-9-150x150.png 150w\" sizes=\"auto, (max-width: 250px) 100vw, 250px\" \/><\/figure>\n\n\n\n<p class=\"has-text-align-center has-contrast-color has-text-color has-link-color wp-elements-07620fd1ccff692072fa9a2c8c9f7289\" style=\"font-size:clamp(20px, 1.25rem + ((1vw - 3.2px) * 1.463), 32px);\">IT-Support<\/p>\n\n\n\n<p class=\"has-text-align-left has-contrast-color has-text-color has-link-color has-medium-font-size wp-elements-b298f30363fde974ab91b804867db9cf\">Zuverl\u00e4ssige Infrastruktur ist das R\u00fcckgrat jeder erfolgreichen Unternehmung, und wir unterst\u00fctzen unsere Dienstleistungen, um sicherzustellen, dass Ihre Systeme stets reibungslos laufen.<\/p>\n\n\n\n<ul class=\"wp-block-list has-contrast-color has-text-color has-link-color wp-elements-0d51c048568a1e74758347152a7162b0\">\n<li class=\"has-medium-font-size\">Nutzen Sie chemische Informationen aus Ihren bisherigen Forschungsarbeiten<\/li>\n\n\n\n<li>Verbessern Sie Arbeitsabl\u00e4ufe mit Datenmanagement- und Visualisierungstools<\/li>\n\n\n\n<li>Integrieren Sie RxnHub-Datenstr\u00f6me und Algorithmen in Ihre aktuellen Systeme, einschlie\u00dflich lokaler Datenbanken, elektronischer Laborjournale und Produktionswerkzeuge.<\/li>\n\n\n\n<li class=\"has-medium-font-size\">F\u00fchren Sie KI-Insights in Ihre chemischen F&amp;E-Projekte ein.<\/li>\n<\/ul>\n\n\n\n<p class=\"has-text-align-left has-contrast-color has-text-color has-link-color has-medium-font-size wp-elements-4b0a086c7ac2ee786c6745f61472c067\">Unsere Dienstleistungen umfassen Wartung, Updates und Fehlerbehebung, um Ausfallzeiten zu minimieren und die Produktivit\u00e4t zu maximieren, sodass Sie sich auf Innovation und Wachstum konzentrieren k\u00f6nnen.<\/p>\n<\/div>\n<\/div>\n\n\n\n<div class=\"wp-block-column is-vertically-aligned-top wow animate__animated animate__fadeInUp has-base-color has-text-color has-link-color wp-elements-a2945f3129eb07dc7e9275e12958bd7d is-layout-flow wp-block-column-is-layout-flow\" style=\"padding-top:0;padding-right:var(--wp--preset--spacing--10);padding-bottom:0;padding-left:var(--wp--preset--spacing--10);flex-basis:50%\">\n<div class=\"wp-block-group has-base-color has-text-color has-link-color wp-elements-50752991d6c82bc2f9f52e2033a76063 has-global-padding is-content-justification-right is-layout-constrained wp-container-core-group-is-layout-265d2cff wp-block-group-is-layout-constrained\" style=\"margin-top:0;margin-bottom:0;padding-top:var(--wp--preset--spacing--20);padding-right:0;padding-bottom:var(--wp--preset--spacing--20);padding-left:0\">\n<figure class=\"wp-block-image aligncenter size-full\"><img loading=\"lazy\" decoding=\"async\" width=\"250\" height=\"250\" src=\"https:\/\/www.rxnhub.com\/wp-content\/uploads\/2024\/09\/Icono-10.png\" alt=\"\" class=\"wp-image-1344\" srcset=\"https:\/\/www.rxnhub.com\/wp-content\/uploads\/2024\/09\/Icono-10.png 250w, https:\/\/www.rxnhub.com\/wp-content\/uploads\/2024\/09\/Icono-10-150x150.png 150w\" sizes=\"auto, (max-width: 250px) 100vw, 250px\" \/><\/figure>\n\n\n\n<p class=\"has-text-align-center has-contrast-color has-text-color has-link-color wp-elements-63675c82080005b1c8f4a31e24053ee5\" style=\"font-size:clamp(20px, 1.25rem + ((1vw - 3.2px) * 1.463), 32px);\">Datenanalyse<\/p>\n\n\n\n<p class=\"has-text-align-left has-contrast-color has-text-color has-link-color has-medium-font-size wp-elements-093e89dffcf37e7376441c1dac057049\"><em>K\u00f6nnen Sie optimale Synthesewege finden, die vor generischer Replikation gesch\u00fctzt sind?<\/em><\/p>\n\n\n\n<p class=\"has-text-align-left has-contrast-color has-text-color has-link-color has-medium-font-size wp-elements-e929d9bd3eb5101b557f3f929a230c3a\">Unsere Datenanalysetools statten Ihr Unternehmen mit umsetzbaren Erkenntnissen aus, die aus einer umfassenden Sammlung chemischer Daten gewonnen werden. Durch die Analyse von Trends, den Vergleich interner Daten mit \u00f6ffentlichen und prognostizierten Daten sowie die Identifizierung wichtiger Muster unterst\u00fctzen wir Sie dabei, fundierte Entscheidungen zu treffen, die Ihnen einen Wettbewerbsvorteil verschaffen.<\/p>\n\n\n\n<p class=\"has-text-align-left has-contrast-color has-text-color has-link-color has-medium-font-size wp-elements-c328ff722dbeb114d77b304cadefa26a\">Egal, ob Sie im Bereich Pharmazie, Petrochemie oder verwandten Branchen t\u00e4tig sind, unsere Datenanalysetools bieten die Klarheit und Weitsicht, die erforderlich sind, um in Ihrer Branche erfolgreich zu sein.<\/p>\n<\/div>\n<\/div>\n\n\n\n<div class=\"wp-block-column is-vertically-aligned-top wow animate__animated animate__fadeInUp has-base-color has-text-color has-link-color wp-elements-60b16611d438fdb5fa00880c30749c24 is-layout-flow wp-block-column-is-layout-flow\" style=\"padding-top:0;padding-right:var(--wp--preset--spacing--10);padding-bottom:0;padding-left:var(--wp--preset--spacing--10);flex-basis:50%\">\n<div class=\"wp-block-group has-base-color has-text-color has-link-color wp-elements-7f423ca6d49e45f13fdfd43a7fa046b9 has-global-padding is-content-justification-right is-layout-constrained wp-container-core-group-is-layout-265d2cff wp-block-group-is-layout-constrained\" style=\"margin-top:0;margin-bottom:0;padding-top:var(--wp--preset--spacing--20);padding-right:0;padding-bottom:var(--wp--preset--spacing--20);padding-left:0\">\n<figure class=\"wp-block-image aligncenter size-full\"><img loading=\"lazy\" decoding=\"async\" width=\"250\" height=\"250\" src=\"https:\/\/www.rxnhub.com\/wp-content\/uploads\/2024\/09\/Icono-8.png\" alt=\"\" class=\"wp-image-1345\" srcset=\"https:\/\/www.rxnhub.com\/wp-content\/uploads\/2024\/09\/Icono-8.png 250w, https:\/\/www.rxnhub.com\/wp-content\/uploads\/2024\/09\/Icono-8-150x150.png 150w\" sizes=\"auto, (max-width: 250px) 100vw, 250px\" \/><\/figure>\n\n\n\n<p class=\"has-text-align-center has-contrast-color has-text-color has-link-color wp-elements-0e97ace79d4d037910de2d1c52fc5a64\" style=\"font-size:clamp(20px, 1.25rem + ((1vw - 3.2px) * 1.463), 32px);\">Softwareentwicklung<\/p>\n\n\n\n<p class=\"has-text-align-left has-contrast-color has-text-color has-link-color has-medium-font-size wp-elements-c80d262ee0158db32a1f6f1abb34d168\">Unsere Softwareentwicklungsdienste sind auf die Erstellung ma\u00dfgeschneiderter Anwendungen spezialisiert, um Ihre Anforderungen in der chemischen Entwicklung zu unterst\u00fctzen.<\/p>\n\n\n\n<ul class=\"wp-block-list has-contrast-color has-text-color has-link-color wp-elements-74f213cc47bc998c4cc923aab2fcc9a8\">\n<li class=\"has-medium-font-size\">Erstellung neuer konzeptioneller Designs f\u00fcr neue Aufgaben<\/li>\n\n\n\n<li>Schreiben von Python-Skripten f\u00fcr Datenanalyse oder Integration<\/li>\n\n\n\n<li>Entwicklung von Datenvisualisierungs- und Managementtools<\/li>\n\n\n\n<li class=\"has-medium-font-size\">Entwicklung von Algorithmen zur multivariaten Optimierung<\/li>\n<\/ul>\n\n\n\n<p class=\"has-text-align-left has-contrast-color has-text-color has-link-color has-medium-font-size wp-elements-e89bc9ecff32617a2b1a29b43ae5a108\">Unser Team erfahrener Entwickler sorgt daf\u00fcr, dass die Software nahtlos in Ihre bestehende Infrastruktur integriert wird und eine benutzerfreundliche sowie robuste L\u00f6sung bietet, die auf Ihre spezifischen Anforderungen abgestimmt ist.<\/p>\n<\/div>\n<\/div>\n<\/div>\n<\/div>\n\n\n\n<div class=\"wp-block-buttons is-content-justification-right is-layout-flex wp-container-core-buttons-is-layout-6521e4ba wp-block-buttons-is-layout-flex\" style=\"margin-top:var(--wp--preset--spacing--10)\">\n<div class=\"wp-block-button has-custom-font-size is-style-fill has-medium-font-size\"><a class=\"wp-block-button__link has-base-2-color has-text-color has-background has-link-color wp-element-button\" href=\"https:\/\/www.rxnhub.com\/index.php\/contact-us\/\" style=\"border-radius:5px;background-color:#004f77;padding-top:5px;padding-right:var(--wp--preset--spacing--30);padding-bottom:5px;padding-left:var(--wp--preset--spacing--30)\">Kontaktieren Sie uns<\/a><\/div>\n<\/div>\n\n\n\n<p><\/p>\n","protected":false},"excerpt":{"rendered":"<p>Unsere Dienstleistungen Unser Unternehmen f\u00fchrt die Chemie-Revolution an. Unsere Plattform dient als Fundament f\u00fcr die n\u00e4chste Generation von Werkzeugen, die die chemischen Wissenschaften in eine neue digitale \u00c4ra f\u00fchren werden. Wir sind von unserer Leidenschaft f\u00fcr Chemie angetrieben und streben kontinuierlich danach, zu innovieren und die M\u00f6glichkeiten innerhalb der Branche neu zu definieren. Unser Ziel [&hellip;]<\/p>\n","protected":false},"author":1,"featured_media":0,"parent":0,"menu_order":0,"comment_status":"closed","ping_status":"closed","template":"","meta":{"footnotes":""},"class_list":["post-1544","page","type-page","status-publish","hentry"],"_links":{"self":[{"href":"https:\/\/www.rxnhub.com\/index.php\/wp-json\/wp\/v2\/pages\/1544","targetHints":{"allow":["GET"]}}],"collection":[{"href":"https:\/\/www.rxnhub.com\/index.php\/wp-json\/wp\/v2\/pages"}],"about":[{"href":"https:\/\/www.rxnhub.com\/index.php\/wp-json\/wp\/v2\/types\/page"}],"author":[{"embeddable":true,"href":"https:\/\/www.rxnhub.com\/index.php\/wp-json\/wp\/v2\/users\/1"}],"replies":[{"embeddable":true,"href":"https:\/\/www.rxnhub.com\/index.php\/wp-json\/wp\/v2\/comments?post=1544"}],"version-history":[{"count":5,"href":"https:\/\/www.rxnhub.com\/index.php\/wp-json\/wp\/v2\/pages\/1544\/revisions"}],"predecessor-version":[{"id":1605,"href":"https:\/\/www.rxnhub.com\/index.php\/wp-json\/wp\/v2\/pages\/1544\/revisions\/1605"}],"wp:attachment":[{"href":"https:\/\/www.rxnhub.com\/index.php\/wp-json\/wp\/v2\/media?parent=1544"}],"curies":[{"name":"wp","href":"https:\/\/api.w.org\/{rel}","templated":true}]}}