
{"id":1545,"date":"2024-10-18T11:15:40","date_gmt":"2024-10-18T10:15:40","guid":{"rendered":"https:\/\/www.rxnhub.com\/?page_id=1545"},"modified":"2024-10-18T11:15:41","modified_gmt":"2024-10-18T10:15:41","slug":"services-fra","status":"publish","type":"page","link":"https:\/\/www.rxnhub.com\/index.php\/fr\/services-fra\/","title":{"rendered":"Services FRA"},"content":{"rendered":"\n<div class=\"wp-block-group alignwide has-global-padding is-layout-constrained wp-container-core-group-is-layout-ec16a4f0 wp-block-group-is-layout-constrained\" style=\"margin-top:0px;margin-bottom:0px;padding-top:0;padding-right:0;padding-bottom:0;padding-left:0\">\n<div class=\"wp-block-columns has-base-2-background-color has-background is-layout-flex wp-container-core-columns-is-layout-1d12d6cd wp-block-columns-is-layout-flex\" style=\"border-radius:8px;margin-top:0;margin-bottom:0;padding-top:0;padding-right:0;padding-bottom:0;padding-left:0\">\n<div class=\"wp-block-column is-vertically-aligned-center wow animate__animated animate__fadeInUp has-base-color has-text-color has-link-color wp-elements-1e7abc916825da71ba50dd210a4261ce is-layout-flow wp-block-column-is-layout-flow\" style=\"padding-top:var(--wp--preset--spacing--30);padding-right:0;padding-bottom:0;padding-left:0;flex-basis:100%\">\n<div class=\"wp-block-group has-base-color has-text-color has-link-color wp-elements-ff996519398efc1ede62103f15f1272b has-global-padding is-content-justification-left is-layout-constrained wp-container-core-group-is-layout-64cbb289 wp-block-group-is-layout-constrained\" style=\"margin-top:0;margin-bottom:0;padding-top:var(--wp--preset--spacing--40);padding-right:0;padding-bottom:var(--wp--preset--spacing--10);padding-left:0\">\n<p class=\"has-text-align-left has-contrast-3-color has-text-color has-link-color wp-elements-564c47b16ac2fe65f613c3039252338e\" style=\"font-size:clamp(20px, 1.25rem + ((1vw - 3.2px) * 1.463), 32px);font-style:normal;font-weight:600\">Nos Services<\/p>\n<\/div>\n<\/div>\n<\/div>\n\n\n\n<p class=\"has-contrast-color has-text-color has-link-color has-mdm-large-font-size wp-elements-1d4c0d9a3287bf621cf35b3c7668b226\" style=\"margin-top:0;margin-right:0;margin-bottom:0;margin-left:0;padding-top:0;padding-right:0;padding-bottom:0;padding-left:0\">Notre entreprise est \u00e0 la pointe de la r\u00e9volution chimique. Notre plateforme sert de fondation pour la prochaine g\u00e9n\u00e9ration d&#8217;outils qui propulseront les sciences chimiques dans une nouvelle \u00e8re num\u00e9rique.<\/p>\n\n\n\n<p class=\"has-contrast-color has-text-color has-link-color has-mdm-large-font-size wp-elements-bbb0187b871524042a7518f1638e1a47\" style=\"margin-top:0;margin-right:0;margin-bottom:0;margin-left:0;padding-top:0;padding-right:0;padding-bottom:0;padding-left:0\">Nous sommes anim\u00e9s par notre passion pour la chimie, nous nous effor\u00e7ons en permanence d&#8217;innover et de red\u00e9finir les possibilit\u00e9s au sein de l&#8217;industrie. Notre objectif est de rendre des outils avanc\u00e9s accessibles \u00e0 tous, en r\u00e9pondant aux enjeux du changement climatique, en r\u00e9duisant les d\u00e9chets et en soutenant une \u00e9conomie plus verte. Notre but ultime est de cr\u00e9er un impact durable, allant de l&#8217;avancement de l&#8217;\u00e9ducation des futurs chimistes \u00e0 la g\u00e9n\u00e9ration de valeur dans tous les domaines de la recherche et du d\u00e9veloppement chimiques commerciaux.<\/p>\n\n\n\n<p><\/p>\n\n\n\n<div class=\"wp-block-columns are-vertically-aligned-top has-base-background-color has-background is-layout-flex wp-container-core-columns-is-layout-b61ab78d wp-block-columns-is-layout-flex\" style=\"border-radius:8px;margin-top:0;margin-bottom:0;padding-top:0;padding-right:0;padding-bottom:0;padding-left:0\">\n<div class=\"wp-block-column is-vertically-aligned-top wow animate__animated animate__fadeInUp has-base-color has-text-color has-link-color wp-elements-8ed11791b1db7be7a905c399c392fb8a is-layout-flow wp-block-column-is-layout-flow\" style=\"padding-top:0;padding-right:var(--wp--preset--spacing--10);padding-bottom:0;padding-left:var(--wp--preset--spacing--10);flex-basis:50%\">\n<div class=\"wp-block-group has-base-color has-text-color has-link-color wp-elements-4f462ed8701e7c14452337f3865bb013 has-global-padding is-content-justification-right is-layout-constrained wp-container-core-group-is-layout-265d2cff wp-block-group-is-layout-constrained\" style=\"margin-top:0;margin-bottom:0;padding-top:var(--wp--preset--spacing--20);padding-right:0;padding-bottom:var(--wp--preset--spacing--20);padding-left:0\">\n<figure class=\"wp-block-image aligncenter size-full\"><img loading=\"lazy\" decoding=\"async\" width=\"250\" height=\"250\" src=\"https:\/\/www.rxnhub.com\/wp-content\/uploads\/2024\/09\/Icono-9.png\" alt=\"\" class=\"wp-image-1343\" srcset=\"https:\/\/www.rxnhub.com\/wp-content\/uploads\/2024\/09\/Icono-9.png 250w, https:\/\/www.rxnhub.com\/wp-content\/uploads\/2024\/09\/Icono-9-150x150.png 150w\" sizes=\"auto, (max-width: 250px) 100vw, 250px\" \/><\/figure>\n\n\n\n<p class=\"has-text-align-center has-contrast-color has-text-color has-link-color wp-elements-37165d4545176f3b42299b2fc6c9bb36\" style=\"font-size:clamp(20px, 1.25rem + ((1vw - 3.2px) * 1.463), 32px);\">Support Informatique<\/p>\n\n\n\n<p class=\"has-text-align-left has-contrast-color has-text-color has-link-color has-medium-font-size wp-elements-1e0a9af2c0b4b6b50361fa47f2099797\">Une infrastructure fiable est la colonne vert\u00e9brale de toute op\u00e9ration r\u00e9ussie, et nous soutenons nos services pour garantir que vos syst\u00e8mes fonctionnent toujours sans accroc.<\/p>\n\n\n\n<ul class=\"wp-block-list has-contrast-color has-text-color has-link-color wp-elements-69fb7df5ce0a300659ddb5a463e2f38d\">\n<li class=\"has-medium-font-size\">Exploitez les Informations Chimiques de Vos Recherches Pass\u00e9es<\/li>\n\n\n\n<li>Am\u00e9liorez les Flux de Travail avec des Outils de Gestion et de Visualisation des Donn\u00e9es<\/li>\n\n\n\n<li>Int\u00e9grez les flux de donn\u00e9es et les algorithmes de RxnHub dans vos syst\u00e8mes actuels, y compris les bases de donn\u00e9es locales, les Cahiers de Laboratoire \u00c9lectroniques et les outils de production.<\/li>\n\n\n\n<li class=\"has-medium-font-size\">Introduisez des insights bas\u00e9s sur l&#8217;IA dans vos projets de R&amp;D chimique.<\/li>\n<\/ul>\n\n\n\n<p class=\"has-text-align-left has-contrast-color has-text-color has-link-color has-medium-font-size wp-elements-291a3d3a52e9e2185fb4473966d6e314\">Nos services incluent la maintenance, les mises \u00e0 jour et le d\u00e9pannage pour minimiser les temps d&#8217;arr\u00eat et maximiser la productivit\u00e9, vous permettant ainsi de vous concentrer sur l&#8217;innovation et la croissance.<\/p>\n<\/div>\n<\/div>\n\n\n\n<div class=\"wp-block-column is-vertically-aligned-top wow animate__animated animate__fadeInUp has-base-color has-text-color has-link-color wp-elements-21217e6673b548efeed3487945041161 is-layout-flow wp-block-column-is-layout-flow\" style=\"padding-top:0;padding-right:var(--wp--preset--spacing--10);padding-bottom:0;padding-left:var(--wp--preset--spacing--10);flex-basis:50%\">\n<div class=\"wp-block-group has-base-color has-text-color has-link-color wp-elements-5f7722194e52fa90ed88f42ad3495722 has-global-padding is-content-justification-right is-layout-constrained wp-container-core-group-is-layout-265d2cff wp-block-group-is-layout-constrained\" style=\"margin-top:0;margin-bottom:0;padding-top:var(--wp--preset--spacing--20);padding-right:0;padding-bottom:var(--wp--preset--spacing--20);padding-left:0\">\n<figure class=\"wp-block-image aligncenter size-full\"><img loading=\"lazy\" decoding=\"async\" width=\"250\" height=\"250\" src=\"https:\/\/www.rxnhub.com\/wp-content\/uploads\/2024\/09\/Icono-10.png\" alt=\"\" class=\"wp-image-1344\" srcset=\"https:\/\/www.rxnhub.com\/wp-content\/uploads\/2024\/09\/Icono-10.png 250w, https:\/\/www.rxnhub.com\/wp-content\/uploads\/2024\/09\/Icono-10-150x150.png 150w\" sizes=\"auto, (max-width: 250px) 100vw, 250px\" \/><\/figure>\n\n\n\n<p class=\"has-text-align-center has-contrast-color has-text-color has-link-color wp-elements-0cf07b8b26bcbbb75462cf0a4b896cff\" style=\"font-size:clamp(20px, 1.25rem + ((1vw - 3.2px) * 1.463), 32px);\">Analyse des donn\u00e9es<\/p>\n\n\n\n<p class=\"has-text-align-left has-contrast-color has-text-color has-link-color has-medium-font-size wp-elements-fbd18830f1e03b5dfdf04e4a7b5f91cc\"><em>Pouvez-vous trouver des chemins de synth\u00e8se optimaux prot\u00e9g\u00e9s de la r\u00e9plication g\u00e9n\u00e9rique ?<\/em><\/p>\n\n\n\n<p class=\"has-text-align-left has-contrast-color has-text-color has-link-color has-medium-font-size wp-elements-3c69d248cb4a97745849e987fbffc228\">Nos services d&#8217;analyse des donn\u00e9es \u00e9quipent votre entreprise d&#8217;informations exploitables d\u00e9riv\u00e9es d&#8217;une vaste collection de donn\u00e9es chimiques. En scrutant les tendances, en comparant les donn\u00e9es internes avec les donn\u00e9es publiques et pr\u00e9dites, et en identifiant des mod\u00e8les cruciaux, nous vous assistons dans la prise de d\u00e9cisions \u00e9clair\u00e9es qui vous conf\u00e8rent un avantage concurrentiel.<\/p>\n\n\n\n<p class=\"has-text-align-left has-contrast-color has-text-color has-link-color has-medium-font-size wp-elements-46185614cd4acb3321cbf2cdf0e3cdca\">Que vous op\u00e9riez dans les domaines pharmaceutiques, p\u00e9trochimiques ou dans des secteurs connexes, nos solutions d&#8217;analyse des donn\u00e9es offrent la clart\u00e9 et la pr\u00e9voyance n\u00e9cessaires pour prosp\u00e9rer dans votre industrie.<\/p>\n<\/div>\n<\/div>\n\n\n\n<div class=\"wp-block-column is-vertically-aligned-top wow animate__animated animate__fadeInUp has-base-color has-text-color has-link-color wp-elements-28d1a5f94dc0adab45b3930a36716442 is-layout-flow wp-block-column-is-layout-flow\" style=\"padding-top:0;padding-right:var(--wp--preset--spacing--10);padding-bottom:0;padding-left:var(--wp--preset--spacing--10);flex-basis:50%\">\n<div class=\"wp-block-group has-base-color has-text-color has-link-color wp-elements-e7ee4b85209e93af352e47c3f637cf9f has-global-padding is-content-justification-right is-layout-constrained wp-container-core-group-is-layout-265d2cff wp-block-group-is-layout-constrained\" style=\"margin-top:0;margin-bottom:0;padding-top:var(--wp--preset--spacing--20);padding-right:0;padding-bottom:var(--wp--preset--spacing--20);padding-left:0\">\n<figure class=\"wp-block-image aligncenter size-full\"><img loading=\"lazy\" decoding=\"async\" width=\"250\" height=\"250\" src=\"https:\/\/www.rxnhub.com\/wp-content\/uploads\/2024\/09\/Icono-8.png\" alt=\"\" class=\"wp-image-1345\" srcset=\"https:\/\/www.rxnhub.com\/wp-content\/uploads\/2024\/09\/Icono-8.png 250w, https:\/\/www.rxnhub.com\/wp-content\/uploads\/2024\/09\/Icono-8-150x150.png 150w\" sizes=\"auto, (max-width: 250px) 100vw, 250px\" \/><\/figure>\n\n\n\n<p class=\"has-text-align-center has-contrast-color has-text-color has-link-color wp-elements-df403525126e22910635863b56ad0739\" style=\"font-size:clamp(20px, 1.25rem + ((1vw - 3.2px) * 1.463), 32px);\">D\u00e9veloppement de logiciels<\/p>\n\n\n\n<p class=\"has-text-align-left has-contrast-color has-text-color has-link-color has-medium-font-size wp-elements-486f57f64179342cb61bd935ee426e2b\">Nos services de d\u00e9veloppement de logiciels se sp\u00e9cialisent dans la cr\u00e9ation d&#8217;applications sur mesure pour soutenir vos exigences en mati\u00e8re de d\u00e9veloppement chimique.<\/p>\n\n\n\n<ul class=\"wp-block-list has-contrast-color has-text-color has-link-color wp-elements-c731847c8be28684d00d68bbe1decfbe\">\n<li class=\"has-medium-font-size\">Cr\u00e9ation de nouveaux concepts pour de nouvelles t\u00e2ches<\/li>\n\n\n\n<li>R\u00e9daction de scripts Python pour l&#8217;exploration de donn\u00e9es ou l&#8217;int\u00e9gration<\/li>\n\n\n\n<li>D\u00e9veloppement d&#8217;outils de visualisation et de gestion des donn\u00e9es<\/li>\n\n\n\n<li class=\"has-medium-font-size\">D\u00e9veloppement d&#8217;algorithmes pour l&#8217;optimisation multivari\u00e9e<\/li>\n<\/ul>\n\n\n\n<p class=\"has-text-align-left has-contrast-color has-text-color has-link-color has-medium-font-size wp-elements-d671076676632d86164ccbd91877e768\">Notre \u00e9quipe de d\u00e9veloppeurs qualifi\u00e9s veille \u00e0 ce que le logiciel s&#8217;int\u00e8gre parfaitement \u00e0 votre infrastructure existante, offrant une solution conviviale et robuste qui r\u00e9pond \u00e0 vos besoins sp\u00e9cifiques.<\/p>\n<\/div>\n<\/div>\n<\/div>\n<\/div>\n\n\n\n<div class=\"wp-block-buttons is-content-justification-right is-layout-flex wp-container-core-buttons-is-layout-6521e4ba wp-block-buttons-is-layout-flex\" style=\"margin-top:var(--wp--preset--spacing--10)\">\n<div class=\"wp-block-button has-custom-font-size is-style-fill has-medium-font-size\"><a class=\"wp-block-button__link has-base-2-color has-text-color has-background has-link-color wp-element-button\" href=\"https:\/\/www.rxnhub.com\/index.php\/contact-us\/\" style=\"border-radius:5px;background-color:#004f77;padding-top:5px;padding-right:var(--wp--preset--spacing--30);padding-bottom:5px;padding-left:var(--wp--preset--spacing--30)\">Contactez-nous<\/a><\/div>\n<\/div>\n\n\n\n<p><\/p>\n","protected":false},"excerpt":{"rendered":"<p>Nos Services Notre entreprise est \u00e0 la pointe de la r\u00e9volution chimique. Notre plateforme sert de fondation pour la prochaine g\u00e9n\u00e9ration d&#8217;outils qui propulseront les sciences chimiques dans une nouvelle \u00e8re num\u00e9rique. Nous sommes anim\u00e9s par notre passion pour la chimie, nous nous effor\u00e7ons en permanence d&#8217;innover et de red\u00e9finir les possibilit\u00e9s au sein de [&hellip;]<\/p>\n","protected":false},"author":1,"featured_media":0,"parent":0,"menu_order":0,"comment_status":"closed","ping_status":"closed","template":"","meta":{"footnotes":""},"class_list":["post-1545","page","type-page","status-publish","hentry"],"_links":{"self":[{"href":"https:\/\/www.rxnhub.com\/index.php\/wp-json\/wp\/v2\/pages\/1545","targetHints":{"allow":["GET"]}}],"collection":[{"href":"https:\/\/www.rxnhub.com\/index.php\/wp-json\/wp\/v2\/pages"}],"about":[{"href":"https:\/\/www.rxnhub.com\/index.php\/wp-json\/wp\/v2\/types\/page"}],"author":[{"embeddable":true,"href":"https:\/\/www.rxnhub.com\/index.php\/wp-json\/wp\/v2\/users\/1"}],"replies":[{"embeddable":true,"href":"https:\/\/www.rxnhub.com\/index.php\/wp-json\/wp\/v2\/comments?post=1545"}],"version-history":[{"count":5,"href":"https:\/\/www.rxnhub.com\/index.php\/wp-json\/wp\/v2\/pages\/1545\/revisions"}],"predecessor-version":[{"id":1604,"href":"https:\/\/www.rxnhub.com\/index.php\/wp-json\/wp\/v2\/pages\/1545\/revisions\/1604"}],"wp:attachment":[{"href":"https:\/\/www.rxnhub.com\/index.php\/wp-json\/wp\/v2\/media?parent=1545"}],"curies":[{"name":"wp","href":"https:\/\/api.w.org\/{rel}","templated":true}]}}