
{"id":1552,"date":"2024-10-18T10:54:46","date_gmt":"2024-10-18T09:54:46","guid":{"rendered":"https:\/\/www.rxnhub.com\/?page_id=1552"},"modified":"2024-10-18T10:54:47","modified_gmt":"2024-10-18T09:54:47","slug":"create-an-account-ger","status":"publish","type":"page","link":"https:\/\/www.rxnhub.com\/index.php\/de\/create-an-account-ger\/","title":{"rendered":"Create an Account GER"},"content":{"rendered":"\n<div class=\"wp-block-group wow animate__animated animate__fadeInUp has-global-padding is-content-justification-center is-layout-constrained wp-container-core-group-is-layout-68028da8 wp-block-group-is-layout-constrained\" style=\"margin-top:0;margin-bottom:0;padding-top:0;padding-right:0;padding-bottom:0;padding-left:0\">\n<div class=\"wp-block-columns alignwide are-vertically-aligned-center is-layout-flex wp-container-core-columns-is-layout-9c22b1e3 wp-block-columns-is-layout-flex\">\n<div class=\"wp-block-column is-layout-flow wp-block-column-is-layout-flow\" style=\"flex-basis:10%\"><\/div>\n\n\n\n<div class=\"wp-block-column is-vertically-aligned-center wow animate__animated animate__fadeInUp is-layout-flow wp-block-column-is-layout-flow\" style=\"flex-basis:80%\">\n<div class=\"wp-block-group has-global-padding is-layout-constrained wp-container-core-group-is-layout-5e9a61d3 wp-block-group-is-layout-constrained\" style=\"margin-top:0;margin-bottom:0;padding-top:0;padding-bottom:0\">\n<p class=\"has-text-align-left has-contrast-color has-text-color has-link-color has-large-font-size wp-elements-68c6325144813c0534dc55e5b05871ff\" style=\"margin-top:0;margin-bottom:0;padding-top:var(--wp--preset--spacing--50);font-style:normal;font-weight:600\">Vielen Dank f\u00fcr Ihre Kontaktaufnahme<\/p>\n\n\n\n<p class=\"has-text-align-left has-contrast-color has-text-color has-link-color has-mdm-large-font-size wp-elements-dccebc93ac0409e24ad7f360a69689aa\" style=\"padding-bottom:var(--wp--preset--spacing--10)\">Treten Sie unserem Beta-Testprogramm f\u00fcr fr\u00fche Anwender bei! Wir arbeiten weiterhin intensiv an unserer Benutzeroberfl\u00e4che, sodass dies einige Zeit in Anspruch nehmen kann, aber keine Sorge \u2013 wir werden uns bei Ihnen melden. Bitte f\u00fcllen Sie das untenstehende Formular aus, um ein Konto zu beantragen und fr\u00fchzeitigen Zugang zu erhalten.<\/p>\n<\/div>\n<\/div>\n\n\n\n<div class=\"wp-block-column is-layout-flow wp-block-column-is-layout-flow\" style=\"flex-basis:10%\"><\/div>\n<\/div>\n<\/div>\n\n\n\n<p><\/p>\n\n\n\n<div class=\"wp-block-group has-global-padding is-layout-constrained wp-block-group-is-layout-constrained\" style=\"padding-top:var(--wp--preset--spacing--10);padding-bottom:var(--wp--preset--spacing--10)\">\n<div class=\"wp-block-columns is-layout-flex wp-container-core-columns-is-layout-28f84493 wp-block-columns-is-layout-flex\">\n<div class=\"wp-block-column is-layout-flow wp-block-column-is-layout-flow\" style=\"flex-basis:15%\"><\/div>\n\n\n\n<div class=\"wp-block-column is-layout-flow wp-block-column-is-layout-flow\" style=\"flex-basis:70%\">\n<form id=\"customForm\" method=\"post\" action=\"\" style=\"\n    max-width: 600px;\n    margin: 0 auto;\n    padding: 20px;\n    background-color: #D6DDED;\n    border-radius: 5px;\n    box-shadow: 0 2px 4px rgba(0, 0, 0, 0.1);\n    font-family: Poppins, sans-serif;\n\">\n    <label for=\"first_name\" style=\"\n        display: block;\n        margin-bottom: 8px;\n        font-weight: semi-bold;\n    \">First Name*<\/label>\n    <input type=\"text\" name=\"first_name\" required=\"\" style=\"\n        width: 100%;\n        padding: 10px;\n        margin-bottom: 16px;\n        border: 1px solid #ddd;\n        border-radius: 4px;\n        box-sizing: border-box;\n    \"><br>\n    \n    <label for=\"last_name\" style=\"\n        display: block;\n        margin-bottom: 8px;\n        font-weight: semi-bold;\n    \">Last Name*<\/label>\n    <input type=\"text\" name=\"last_name\" required=\"\" style=\"\n        width: 100%;\n        padding: 10px;\n        margin-bottom: 16px;\n        border: 1px solid #ddd;\n        border-radius: 4px;\n        box-sizing: border-box;\n    \"><br>\n    \n    <label for=\"email\" style=\"\n        display: block;\n        margin-bottom: 8px;\n        font-weight: semi-bold;\n    \">Email*<\/label>\n    <input type=\"email\" name=\"email\" required=\"\" style=\"\n        width: 100%;\n        padding: 10px;\n        margin-bottom: 16px;\n        border: 1px solid #ddd;\n        border-radius: 4px;\n        box-sizing: border-box;\n    \"><br>\n    \n    <label for=\"organization\" style=\"\n        display: block;\n        margin-bottom: 8px;\n        font-weight: semi-bold;\n    \">Organization (optional)<\/label>\n    <input type=\"text\" name=\"organization\" style=\"\n        width: 100%;\n        padding: 10px;\n        margin-bottom: 16px;\n        border: 1px solid #ddd;\n        border-radius: 4px;\n        box-sizing: border-box;\n    \"><br>\n    \n    <label for=\"account_type\" style=\"\n        display: block;\n        margin-bottom: 8px;\n        font-weight: semi-bold;\n    \">Type of Account*<\/label>\n    <select name=\"account_type\" required=\"\" style=\"\n        width: 100%;\n        padding: 10px;\n        margin-bottom: 16px;\n        border: 1px solid #ddd;\n        border-radius: 4px;\n        box-sizing: border-box;\n    \">\n        <option value=\"\" disabled=\"\" selected=\"\">Select account type<\/option>\n        <option value=\"Personal\">Personal<\/option>\n        <option value=\"Academic\">Academic<\/option>\n        <option value=\"Commercial\">Commercial<\/option>\n    <\/select><br>\n    \n    <label for=\"message\" style=\"\n        display: block;\n        margin-bottom: 8px;\n        font-weight: semi-bold;\n    \">Message (optional)<\/label>\n    <textarea name=\"message\" style=\"\n        width: 100%;\n        padding: 10px;\n        margin-bottom: 16px;\n        border: 1px solid #ddd;\n        border-radius: 4px;\n        box-sizing: border-box;\n        height: 100px;\n    \"><\/textarea><br>\n    \n    <input type=\"submit\" name=\"submit_form\" value=\"Submit\" style=\"\n        background-color: #00273f;\n        color: #fff;\n        padding: 10px 20px;\n        border: none;\n        border-radius: 4px;\n        font-size: 16px;\n        cursor: pointer;\n        font-weight: semi-bold;\n    \">\n<\/form>\n<\/div>\n\n\n\n<div class=\"wp-block-column is-layout-flow wp-block-column-is-layout-flow\" style=\"flex-basis:15%\"><\/div>\n<\/div>\n<\/div>\n","protected":false},"excerpt":{"rendered":"<p>Vielen Dank f\u00fcr Ihre Kontaktaufnahme Treten Sie unserem Beta-Testprogramm f\u00fcr fr\u00fche Anwender bei! Wir arbeiten weiterhin intensiv an unserer Benutzeroberfl\u00e4che, sodass dies einige Zeit in Anspruch nehmen kann, aber keine Sorge \u2013 wir werden uns bei Ihnen melden. Bitte f\u00fcllen Sie das untenstehende Formular aus, um ein Konto zu beantragen und fr\u00fchzeitigen Zugang zu erhalten. [&hellip;]<\/p>\n","protected":false},"author":1,"featured_media":0,"parent":0,"menu_order":0,"comment_status":"closed","ping_status":"closed","template":"","meta":{"footnotes":""},"class_list":["post-1552","page","type-page","status-publish","hentry"],"_links":{"self":[{"href":"https:\/\/www.rxnhub.com\/index.php\/wp-json\/wp\/v2\/pages\/1552","targetHints":{"allow":["GET"]}}],"collection":[{"href":"https:\/\/www.rxnhub.com\/index.php\/wp-json\/wp\/v2\/pages"}],"about":[{"href":"https:\/\/www.rxnhub.com\/index.php\/wp-json\/wp\/v2\/types\/page"}],"author":[{"embeddable":true,"href":"https:\/\/www.rxnhub.com\/index.php\/wp-json\/wp\/v2\/users\/1"}],"replies":[{"embeddable":true,"href":"https:\/\/www.rxnhub.com\/index.php\/wp-json\/wp\/v2\/comments?post=1552"}],"version-history":[{"count":2,"href":"https:\/\/www.rxnhub.com\/index.php\/wp-json\/wp\/v2\/pages\/1552\/revisions"}],"predecessor-version":[{"id":1593,"href":"https:\/\/www.rxnhub.com\/index.php\/wp-json\/wp\/v2\/pages\/1552\/revisions\/1593"}],"wp:attachment":[{"href":"https:\/\/www.rxnhub.com\/index.php\/wp-json\/wp\/v2\/media?parent=1552"}],"curies":[{"name":"wp","href":"https:\/\/api.w.org\/{rel}","templated":true}]}}