
{"id":1553,"date":"2024-10-18T10:53:52","date_gmt":"2024-10-18T09:53:52","guid":{"rendered":"https:\/\/www.rxnhub.com\/?page_id=1553"},"modified":"2024-10-18T10:53:52","modified_gmt":"2024-10-18T09:53:52","slug":"create-an-account-fra","status":"publish","type":"page","link":"https:\/\/www.rxnhub.com\/index.php\/fr\/create-an-account-fra\/","title":{"rendered":"Create an Account FRA"},"content":{"rendered":"\n<div class=\"wp-block-group wow animate__animated animate__fadeInUp has-global-padding is-content-justification-center is-layout-constrained wp-container-core-group-is-layout-68028da8 wp-block-group-is-layout-constrained\" style=\"margin-top:0;margin-bottom:0;padding-top:0;padding-right:0;padding-bottom:0;padding-left:0\">\n<div class=\"wp-block-columns alignwide are-vertically-aligned-center is-layout-flex wp-container-core-columns-is-layout-9c22b1e3 wp-block-columns-is-layout-flex\">\n<div class=\"wp-block-column is-layout-flow wp-block-column-is-layout-flow\" style=\"flex-basis:10%\"><\/div>\n\n\n\n<div class=\"wp-block-column is-vertically-aligned-center wow animate__animated animate__fadeInUp is-layout-flow wp-block-column-is-layout-flow\" style=\"flex-basis:80%\">\n<div class=\"wp-block-group has-global-padding is-layout-constrained wp-container-core-group-is-layout-5e9a61d3 wp-block-group-is-layout-constrained\" style=\"margin-top:0;margin-bottom:0;padding-top:0;padding-bottom:0\">\n<p class=\"has-text-align-left has-contrast-color has-text-color has-link-color has-large-font-size wp-elements-ea7270c42c09e944a787de5c9bde2222\" style=\"margin-top:0;margin-bottom:0;padding-top:var(--wp--preset--spacing--50);font-style:normal;font-weight:600\">Merci de nous avoir contact\u00e9s<\/p>\n\n\n\n<p class=\"has-text-align-left has-contrast-color has-text-color has-link-color has-mdm-large-font-size wp-elements-ab613549d1d633c5114363318b2422e4\" style=\"padding-bottom:var(--wp--preset--spacing--10)\">Rejoignez notre programme de test b\u00eata pour les premiers adopteurs ! Nous sommes encore en pleine it\u00e9ration de notre interface, cela peut donc prendre un certain temps, mais ne vous inqui\u00e9tez pas : nous reviendrons vers vous. Remplissez le formulaire ci-dessous pour demander un compte et b\u00e9n\u00e9ficier d&#8217;un acc\u00e8s anticip\u00e9.<\/p>\n<\/div>\n<\/div>\n\n\n\n<div class=\"wp-block-column is-layout-flow wp-block-column-is-layout-flow\" style=\"flex-basis:10%\"><\/div>\n<\/div>\n<\/div>\n\n\n\n<p><\/p>\n\n\n\n<div class=\"wp-block-group has-global-padding is-layout-constrained wp-block-group-is-layout-constrained\" style=\"padding-top:var(--wp--preset--spacing--10);padding-bottom:var(--wp--preset--spacing--10)\">\n<div class=\"wp-block-columns is-layout-flex wp-container-core-columns-is-layout-28f84493 wp-block-columns-is-layout-flex\">\n<div class=\"wp-block-column is-layout-flow wp-block-column-is-layout-flow\" style=\"flex-basis:15%\"><\/div>\n\n\n\n<div class=\"wp-block-column is-layout-flow wp-block-column-is-layout-flow\" style=\"flex-basis:70%\">\n<form id=\"customForm\" method=\"post\" action=\"\" style=\"\n    max-width: 600px;\n    margin: 0 auto;\n    padding: 20px;\n    background-color: #D6DDED;\n    border-radius: 5px;\n    box-shadow: 0 2px 4px rgba(0, 0, 0, 0.1);\n    font-family: Poppins, sans-serif;\n\">\n    <label for=\"first_name\" style=\"\n        display: block;\n        margin-bottom: 8px;\n        font-weight: semi-bold;\n    \">First Name*<\/label>\n    <input type=\"text\" name=\"first_name\" required=\"\" style=\"\n        width: 100%;\n        padding: 10px;\n        margin-bottom: 16px;\n        border: 1px solid #ddd;\n        border-radius: 4px;\n        box-sizing: border-box;\n    \"><br>\n    \n    <label for=\"last_name\" style=\"\n        display: block;\n        margin-bottom: 8px;\n        font-weight: semi-bold;\n    \">Last Name*<\/label>\n    <input type=\"text\" name=\"last_name\" required=\"\" style=\"\n        width: 100%;\n        padding: 10px;\n        margin-bottom: 16px;\n        border: 1px solid #ddd;\n        border-radius: 4px;\n        box-sizing: border-box;\n    \"><br>\n    \n    <label for=\"email\" style=\"\n        display: block;\n        margin-bottom: 8px;\n        font-weight: semi-bold;\n    \">Email*<\/label>\n    <input type=\"email\" name=\"email\" required=\"\" style=\"\n        width: 100%;\n        padding: 10px;\n        margin-bottom: 16px;\n        border: 1px solid #ddd;\n        border-radius: 4px;\n        box-sizing: border-box;\n    \"><br>\n    \n    <label for=\"organization\" style=\"\n        display: block;\n        margin-bottom: 8px;\n        font-weight: semi-bold;\n    \">Organization (optional)<\/label>\n    <input type=\"text\" name=\"organization\" style=\"\n        width: 100%;\n        padding: 10px;\n        margin-bottom: 16px;\n        border: 1px solid #ddd;\n        border-radius: 4px;\n        box-sizing: border-box;\n    \"><br>\n    \n    <label for=\"account_type\" style=\"\n        display: block;\n        margin-bottom: 8px;\n        font-weight: semi-bold;\n    \">Type of Account*<\/label>\n    <select name=\"account_type\" required=\"\" style=\"\n        width: 100%;\n        padding: 10px;\n        margin-bottom: 16px;\n        border: 1px solid #ddd;\n        border-radius: 4px;\n        box-sizing: border-box;\n    \">\n        <option value=\"\" disabled=\"\" selected=\"\">Select account type<\/option>\n        <option value=\"Personal\">Personal<\/option>\n        <option value=\"Academic\">Academic<\/option>\n        <option value=\"Commercial\">Commercial<\/option>\n    <\/select><br>\n    \n    <label for=\"message\" style=\"\n        display: block;\n        margin-bottom: 8px;\n        font-weight: semi-bold;\n    \">Message (optional)<\/label>\n    <textarea name=\"message\" style=\"\n        width: 100%;\n        padding: 10px;\n        margin-bottom: 16px;\n        border: 1px solid #ddd;\n        border-radius: 4px;\n        box-sizing: border-box;\n        height: 100px;\n    \"><\/textarea><br>\n    \n    <input type=\"submit\" name=\"submit_form\" value=\"Submit\" style=\"\n        background-color: #00273f;\n        color: #fff;\n        padding: 10px 20px;\n        border: none;\n        border-radius: 4px;\n        font-size: 16px;\n        cursor: pointer;\n        font-weight: semi-bold;\n    \">\n<\/form>\n<\/div>\n\n\n\n<div class=\"wp-block-column is-layout-flow wp-block-column-is-layout-flow\" style=\"flex-basis:15%\"><\/div>\n<\/div>\n<\/div>\n","protected":false},"excerpt":{"rendered":"<p>Merci de nous avoir contact\u00e9s Rejoignez notre programme de test b\u00eata pour les premiers adopteurs ! Nous sommes encore en pleine it\u00e9ration de notre interface, cela peut donc prendre un certain temps, mais ne vous inqui\u00e9tez pas : nous reviendrons vers vous. Remplissez le formulaire ci-dessous pour demander un compte et b\u00e9n\u00e9ficier d&#8217;un acc\u00e8s anticip\u00e9. [&hellip;]<\/p>\n","protected":false},"author":1,"featured_media":0,"parent":0,"menu_order":0,"comment_status":"closed","ping_status":"closed","template":"","meta":{"footnotes":""},"class_list":["post-1553","page","type-page","status-publish","hentry"],"_links":{"self":[{"href":"https:\/\/www.rxnhub.com\/index.php\/wp-json\/wp\/v2\/pages\/1553","targetHints":{"allow":["GET"]}}],"collection":[{"href":"https:\/\/www.rxnhub.com\/index.php\/wp-json\/wp\/v2\/pages"}],"about":[{"href":"https:\/\/www.rxnhub.com\/index.php\/wp-json\/wp\/v2\/types\/page"}],"author":[{"embeddable":true,"href":"https:\/\/www.rxnhub.com\/index.php\/wp-json\/wp\/v2\/users\/1"}],"replies":[{"embeddable":true,"href":"https:\/\/www.rxnhub.com\/index.php\/wp-json\/wp\/v2\/comments?post=1553"}],"version-history":[{"count":2,"href":"https:\/\/www.rxnhub.com\/index.php\/wp-json\/wp\/v2\/pages\/1553\/revisions"}],"predecessor-version":[{"id":1592,"href":"https:\/\/www.rxnhub.com\/index.php\/wp-json\/wp\/v2\/pages\/1553\/revisions\/1592"}],"wp:attachment":[{"href":"https:\/\/www.rxnhub.com\/index.php\/wp-json\/wp\/v2\/media?parent=1553"}],"curies":[{"name":"wp","href":"https:\/\/api.w.org\/{rel}","templated":true}]}}