
{"id":1560,"date":"2024-11-18T16:30:22","date_gmt":"2024-11-18T16:30:22","guid":{"rendered":"https:\/\/www.rxnhub.com\/?page_id=1560"},"modified":"2024-11-18T19:46:56","modified_gmt":"2024-11-18T19:46:56","slug":"case-3-ger","status":"publish","type":"page","link":"https:\/\/www.rxnhub.com\/index.php\/de\/case-3-ger\/","title":{"rendered":"Case 3 GER"},"content":{"rendered":"\n<div class=\"wp-block-group has-global-padding is-layout-constrained wp-block-group-is-layout-constrained\" style=\"margin-top:0;margin-bottom:0;padding-top:var(--wp--preset--spacing--20);padding-bottom:var(--wp--preset--spacing--20)\">\n<div class=\"wp-block-columns has-base-2-background-color has-background is-layout-flex wp-container-core-columns-is-layout-34bedc32 wp-block-columns-is-layout-flex\" style=\"border-radius:8px;margin-top:0;margin-bottom:0;padding-top:0;padding-right:0;padding-bottom:0;padding-left:0\">\n<div class=\"wp-block-column wow animate__animated animate__fadeInUp is-layout-flow wp-block-column-is-layout-flow\">\n<div class=\"wp-block-group has-global-padding is-layout-constrained wp-container-core-group-is-layout-72190d31 wp-block-group-is-layout-constrained\" style=\"margin-top:0;margin-bottom:0;padding-top:0;padding-right:0;padding-bottom:0;padding-left:0\">\n<p class=\"has-contrast-color has-text-color has-link-color has-large-font-size wp-elements-c3826ba2a9b846a3387c5bfc92c577ae\" style=\"padding-top:var(--wp--preset--spacing--40);padding-right:0;padding-bottom:var(--wp--preset--spacing--20);padding-left:0;font-style:normal;font-weight:600\">Maximierung der Kraft der Algorithmen<\/p>\n<\/div>\n\n\n\n<div class=\"wp-block-group has-global-padding is-layout-constrained wp-container-core-group-is-layout-72190d31 wp-block-group-is-layout-constrained\" style=\"margin-top:0;margin-bottom:0;padding-top:0;padding-right:0;padding-bottom:0;padding-left:0\">\n<p class=\"has-contrast-color has-text-color has-link-color has-mdm-large-font-size wp-elements-da1542fc8330bc3ac4817b19d5373a3f\" style=\"padding-top:0;padding-right:0;padding-bottom:0;padding-left:0\">Im letzten Jahrzehnt hat die kollaborative Forschung zwischen Chemikern, Experten f\u00fcr Chemoinformatik, Chemieingenieuren und Data Scientists verschiedene Algorithmen hervorgebracht, die in der Lage sind, komplette Syntheserouten vorherzusagen. Diese Fortschritte wurden in eine Reihe von Softwarepaketen integriert, sowohl kommerzielle als auch Open-Source-Tools, wie IBM Rxn for Chemistry, ASKCOS, Chemairs, Synthia, Reaxis und SciFinderN. Diese Werkzeuge sind jetzt f\u00fcr die gesamte Chemie-Community leicht zug\u00e4nglich. Obwohl sie urspr\u00fcnglich zur Unterst\u00fctzung der Arzneimittelentwicklung entwickelt wurden, k\u00f6nnen diese pr\u00e4diktiven Werkzeuge auch die Auswahl kommerzieller Routen verbessern, indem sie die Vielfalt der Ideen erh\u00f6hen.<\/p>\n\n\n\n<p class=\"has-contrast-color has-text-color has-link-color has-mdm-large-font-size wp-elements-1441652d2bf63cafddd6dab6b19db5c8\" style=\"padding-top:0;padding-right:0;padding-bottom:0;padding-left:0\">Eine bemerkenswerte Anwendung dieser Algorithmen war in der Synthese von Lotiglipron bei Pfizer. Mit ASKCOS, einem Retro-Synthese-Tool, das vom Konsortium Machine Learning for Pharmaceutical Discovery and Synthesis (MLPDS) entwickelt wurde, integrierten Forscher manuell vielversprechende Routen, die von der Software generiert wurden. ASKCOS erm\u00f6glicht es den Nutzern, ein Zielmolek\u00fcl einzugeben und potenzielle synthetische Routen zu erzeugen, indem es maschinelle Lernmodelle verwendet, die auf verschiedenen chemischen Datenbanken trainiert wurden. Trotz der Raffinesse dieser Werkzeuge haben sie oft Schwierigkeiten mit komplexen Transformationen, wie denen, die die Bildung von Heterocyclen oder die Erzeugung gew\u00fcnschter chiraler Spezies betreffen, die in pharmazeutischen Anwendungen h\u00e4ufig vorkommen. Infolgedessen ist immer noch ein erheblicher manueller Aufwand erforderlich, um unpraktische Vorschl\u00e4ge herauszufiltern.<\/p>\n\n\n\n<div class=\"wp-block-group has-global-padding is-layout-constrained wp-block-group-is-layout-constrained\" style=\"padding-top:var(--wp--preset--spacing--20)\">\n<figure data-wp-context=\"{&quot;imageId&quot;:&quot;69e8b763a3caa&quot;}\" data-wp-interactive=\"core\/image\" data-wp-key=\"69e8b763a3caa\" class=\"wp-block-image aligncenter size-large is-resized wp-lightbox-container\"><img loading=\"lazy\" decoding=\"async\" width=\"1024\" height=\"636\" data-wp-class--hide=\"state.isContentHidden\" data-wp-class--show=\"state.isContentVisible\" data-wp-init=\"callbacks.setButtonStyles\" data-wp-on--click=\"actions.showLightbox\" data-wp-on--load=\"callbacks.setButtonStyles\" data-wp-on-window--resize=\"callbacks.setButtonStyles\" src=\"https:\/\/www.rxnhub.com\/wp-content\/uploads\/2024\/05\/Figure-10-1-1024x636.png\" alt=\"\" class=\"wp-image-1143\" style=\"box-shadow:var(--wp--preset--shadow--natural);width:600px\" srcset=\"https:\/\/www.rxnhub.com\/wp-content\/uploads\/2024\/05\/Figure-10-1-1024x636.png 1024w, https:\/\/www.rxnhub.com\/wp-content\/uploads\/2024\/05\/Figure-10-1-300x186.png 300w, https:\/\/www.rxnhub.com\/wp-content\/uploads\/2024\/05\/Figure-10-1-768x477.png 768w, https:\/\/www.rxnhub.com\/wp-content\/uploads\/2024\/05\/Figure-10-1.png 1280w\" sizes=\"auto, (max-width: 1024px) 100vw, 1024px\" \/><button\n\t\t\tclass=\"lightbox-trigger\"\n\t\t\ttype=\"button\"\n\t\t\taria-haspopup=\"dialog\"\n\t\t\taria-label=\"Enlarge\"\n\t\t\tdata-wp-init=\"callbacks.initTriggerButton\"\n\t\t\tdata-wp-on--click=\"actions.showLightbox\"\n\t\t\tdata-wp-style--right=\"state.imageButtonRight\"\n\t\t\tdata-wp-style--top=\"state.imageButtonTop\"\n\t\t>\n\t\t\t<svg xmlns=\"http:\/\/www.w3.org\/2000\/svg\" width=\"12\" height=\"12\" fill=\"none\" viewBox=\"0 0 12 12\">\n\t\t\t\t<path fill=\"#fff\" d=\"M2 0a2 2 0 0 0-2 2v2h1.5V2a.5.5 0 0 1 .5-.5h2V0H2Zm2 10.5H2a.5.5 0 0 1-.5-.5V8H0v2a2 2 0 0 0 2 2h2v-1.5ZM8 12v-1.5h2a.5.5 0 0 0 .5-.5V8H12v2a2 2 0 0 1-2 2H8Zm2-12a2 2 0 0 1 2 2v2h-1.5V2a.5.5 0 0 0-.5-.5H8V0h2Z\" \/>\n\t\t\t<\/svg>\n\t\t<\/button><\/figure>\n<\/div>\n\n\n\n<p class=\"has-text-align-center\">Figure 1: Diversity of routes generated for a single target molecule<\/p>\n\n\n\n<p class=\"has-contrast-color has-text-color has-link-color has-mdm-large-font-size wp-elements-9459b0726f28182804b1b3ee516a3fff\" style=\"padding-top:0;padding-right:0;padding-bottom:0;padding-left:0\">Im Fall von Lotiglipron schlugen die Forscher eine Methode der Parallelverarbeitung vor, bei der synthetische Ideen separat gesammelt und gefiltert wurden, bevor sie am Ende eines Brainstorming-Zyklus mit den menschlichen Beitr\u00e4gen zusammengef\u00fchrt wurden. Dieser Ansatz hatte zum Ziel, das Rauschen zu mindern, das durch pr\u00e4diktive Algorithmen erzeugt wird, die die menschliche Kreativit\u00e4t \u00fcberw\u00e4ltigen und interessante Bereiche verschleiern k\u00f6nnen.<\/p>\n\n\n\n<p class=\"has-contrast-color has-text-color has-link-color has-mdm-large-font-size wp-elements-226a326101e6961b50edd7426cc2bc36\" style=\"padding-top:0;padding-right:0;padding-bottom:0;padding-left:0\">Die gr\u00f6\u00dfte Herausforderung bei der Verfeinerung dieser pr\u00e4diktiven Werkzeuge liegt in der Qualit\u00e4t der verf\u00fcgbaren Trainingsdaten. Die aktuellen Datens\u00e4tze, die oft aus elektronischen Laborb\u00fcchern, \u00f6ffentlichen Patenten und Literaturquellen stammen, sind auf erfolgreiche Reaktionen ausgerichtet. Forscher schlagen vor, dass die Verwendung von qualitativ besseren Daten die Leistung der Algorithmen erheblich verbessern k\u00f6nnte.<\/p>\n\n\n\n<p class=\"has-contrast-color has-text-color has-link-color has-mdm-large-font-size wp-elements-271472dcc82019cc6b18f10f9af17db3\" style=\"padding-top:0;padding-right:0;padding-bottom:0;padding-left:0\">In diesem Fall integriert das Netzwerk sowohl die von Menschen generierten Ideen als auch die von Algorithmen generierten Ideen, die so pr\u00e4sentiert werden, dass die Identifikation einzelner Syntheserouten erleichtert wird. Die sechs von Menschen vorgeschlagenen Syntheserouten und die sechs vom Software-Algorithmus generierten Routen wurden weiter mit Anmerkungen und Daten zu spezifischen Eigenschaften jeder Route angereichert, was die Optimierung des Auswahlprozesses erm\u00f6glichte. Anschlie\u00dfend konnten Abfragen durchgef\u00fchrt werden, um die k\u00fcrzeste Syntheseroute von den Zielmolek\u00fclen zu den Ausgangsmaterialien zu finden, unter Verwendung des Dijkstra-Algorithmus, der die Anzahl der erforderlichen Schritte minimiert.<\/p>\n\n\n\n<p class=\"has-contrast-color has-text-color has-link-color has-mdm-large-font-size wp-elements-4b40a375fe0b424fbb187d74d80453c7\" style=\"padding-top:0;padding-right:0;padding-bottom:0;padding-left:0\">Die ersten Ergebnisse hoben jedoch die Notwendigkeit hervor, umfassendere Informationen zu ber\u00fccksichtigen. Zum Beispiel beinhalteten einige vom Algorithmus vorgeschlagene Routen Ausgangsmaterialien, die kommerziell nicht verf\u00fcgbar waren, was sie unpraktisch machte. Dies unterstreicht die Bedeutung, Informationen \u00fcber die Verf\u00fcgbarkeit und Komplexit\u00e4t der Ausgangsmaterialien in die pr\u00e4diktiven Modelle einzubeziehen.<\/p>\n\n\n\n<p class=\"has-contrast-color has-text-color has-link-color has-mdm-large-font-size wp-elements-76489ffd768ed70a1785a33e31b9822c\" style=\"padding-top:0;padding-right:0;padding-bottom:0;padding-left:0\">Letztendlich stellen diese Bem\u00fchungen einen bedeutenden Fortschritt in Richtung der Integration von K\u00fcnstlicher Intelligenz mit menschlicher Erfahrung in der chemischen Synthese dar. Die kontinuierliche Verbesserung pr\u00e4diktiver Algorithmen, zusammen mit hochwertigen Trainingsdaten, verspricht, die Art und Weise zu revolutionieren, wie Chemiker die Synthese komplexer Molek\u00fcle angehen, und ebnet den Weg f\u00fcr effizientere und innovativere Arzneimittelentwicklungsprozesse.<\/p>\n\n\n\n<p class=\"has-contrast-color has-text-color has-link-color has-large-font-size wp-elements-faa5a4825560e63327239e2df64f2265\" style=\"padding-top:var(--wp--preset--spacing--10);padding-right:0;padding-bottom:var(--wp--preset--spacing--10);padding-left:0\">Unsere Plattform bietet ein umfassendes Werkzeug zur Planung von synthetischen Routen<\/p>\n\n\n\n<p class=\"has-contrast-color has-text-color has-link-color has-mdm-large-font-size wp-elements-ab58ba45715f12b2e4d514d5c3a301f7\" style=\"padding-top:0;padding-right:0;padding-bottom:0;padding-left:0\">Unsere Plattform kann Ergebnisse der f\u00fchrenden pr\u00e4diktiven Tools (je nach Abonnementplan) integrieren, wie IBM Rxn4Chemistry, ASKCOS, Synthia und Chemical.AI, und bietet eine umfassende L\u00f6sung f\u00fcr die Planung von Synthesewegen. Durch die Vereinheitlichung dieser fortschrittlichen Algorithmen bieten wir den Nutzern Zugang zu einer breiten Palette pr\u00e4diktiver Modelle und Synthesewegen. Unsere Plattform zeichnet sich durch eine exzellente Datenfilterung aus, indem sie umfangreiche Datenbanken und Echtzeit-Feedback nutzt, um die Vorhersagen zu verfeinern. Dieser Ansatz reduziert erheblich das Rauschen und stellt sicher, dass nur die vielversprechendsten und innovativsten Wege pr\u00e4sentiert werden. Die Benutzeroberfl\u00e4che ist intuitiv und erleichtert die Visualisierung und Erkundung der Wege, wodurch eine reibungslose Zusammenarbeit zwischen den Nutzern gef\u00f6rdert wird.<\/p>\n\n\n\n<div class=\"wp-block-group has-global-padding is-layout-constrained wp-block-group-is-layout-constrained\" style=\"padding-top:var(--wp--preset--spacing--20)\">\n<figure data-wp-context=\"{&quot;imageId&quot;:&quot;69e8b763a450b&quot;}\" data-wp-interactive=\"core\/image\" data-wp-key=\"69e8b763a450b\" class=\"wp-block-image aligncenter size-large is-resized wp-lightbox-container\"><img loading=\"lazy\" decoding=\"async\" width=\"1024\" height=\"589\" data-wp-class--hide=\"state.isContentHidden\" data-wp-class--show=\"state.isContentVisible\" data-wp-init=\"callbacks.setButtonStyles\" data-wp-on--click=\"actions.showLightbox\" data-wp-on--load=\"callbacks.setButtonStyles\" data-wp-on-window--resize=\"callbacks.setButtonStyles\" src=\"https:\/\/www.rxnhub.com\/wp-content\/uploads\/2024\/05\/Fig-5-1024x589.png\" alt=\"\" class=\"wp-image-1110\" style=\"width:700px\" srcset=\"https:\/\/www.rxnhub.com\/wp-content\/uploads\/2024\/05\/Fig-5-1024x589.png 1024w, https:\/\/www.rxnhub.com\/wp-content\/uploads\/2024\/05\/Fig-5-300x173.png 300w, https:\/\/www.rxnhub.com\/wp-content\/uploads\/2024\/05\/Fig-5-768x442.png 768w, https:\/\/www.rxnhub.com\/wp-content\/uploads\/2024\/05\/Fig-5.png 1280w\" sizes=\"auto, (max-width: 1024px) 100vw, 1024px\" \/><button\n\t\t\tclass=\"lightbox-trigger\"\n\t\t\ttype=\"button\"\n\t\t\taria-haspopup=\"dialog\"\n\t\t\taria-label=\"Enlarge\"\n\t\t\tdata-wp-init=\"callbacks.initTriggerButton\"\n\t\t\tdata-wp-on--click=\"actions.showLightbox\"\n\t\t\tdata-wp-style--right=\"state.imageButtonRight\"\n\t\t\tdata-wp-style--top=\"state.imageButtonTop\"\n\t\t>\n\t\t\t<svg xmlns=\"http:\/\/www.w3.org\/2000\/svg\" width=\"12\" height=\"12\" fill=\"none\" viewBox=\"0 0 12 12\">\n\t\t\t\t<path fill=\"#fff\" d=\"M2 0a2 2 0 0 0-2 2v2h1.5V2a.5.5 0 0 1 .5-.5h2V0H2Zm2 10.5H2a.5.5 0 0 1-.5-.5V8H0v2a2 2 0 0 0 2 2h2v-1.5ZM8 12v-1.5h2a.5.5 0 0 0 .5-.5V8H12v2a2 2 0 0 1-2 2H8Zm2-12a2 2 0 0 1 2 2v2h-1.5V2a.5.5 0 0 0-.5-.5H8V0h2Z\" \/>\n\t\t\t<\/svg>\n\t\t<\/button><\/figure>\n<\/div>\n\n\n\n<p class=\"has-text-align-center\">Figure 2: Data aggregation capabilities possible from RxnHub platform<\/p>\n\n\n\n<div class=\"wp-block-buttons is-content-justification-right is-layout-flex wp-container-core-buttons-is-layout-3bf5aab5 wp-block-buttons-is-layout-flex\" style=\"margin-top:var(--wp--preset--spacing--30);margin-bottom:var(--wp--preset--spacing--10)\">\n<div class=\"wp-block-button has-custom-font-size is-style-fill has-mdm-large-font-size\"><a class=\"wp-block-button__link has-base-2-color has-contrast-3-background-color has-text-color has-background has-link-color has-border-color wp-element-button\" href=\"https:\/\/www.rxnhub.com\/index.php\/de\/cases-ger\/\" style=\"border-color:#ffffff;border-radius:4px;padding-top:5px;padding-right:var(--wp--preset--spacing--40);padding-bottom:5px;padding-left:var(--wp--preset--spacing--40)\">Zur\u00fcck<\/a><\/div>\n<\/div>\n<\/div>\n<\/div>\n<\/div>\n<\/div>\n\n\n\n<p><\/p>\n","protected":false},"excerpt":{"rendered":"<p>Maximierung der Kraft der Algorithmen Im letzten Jahrzehnt hat die kollaborative Forschung zwischen Chemikern, Experten f\u00fcr Chemoinformatik, Chemieingenieuren und Data Scientists verschiedene Algorithmen hervorgebracht, die in der Lage sind, komplette Syntheserouten vorherzusagen. Diese Fortschritte wurden in eine Reihe von Softwarepaketen integriert, sowohl kommerzielle als auch Open-Source-Tools, wie IBM Rxn for Chemistry, ASKCOS, Chemairs, Synthia, Reaxis [&hellip;]<\/p>\n","protected":false},"author":1,"featured_media":0,"parent":0,"menu_order":0,"comment_status":"closed","ping_status":"closed","template":"","meta":{"footnotes":""},"class_list":["post-1560","page","type-page","status-publish","hentry"],"_links":{"self":[{"href":"https:\/\/www.rxnhub.com\/index.php\/wp-json\/wp\/v2\/pages\/1560","targetHints":{"allow":["GET"]}}],"collection":[{"href":"https:\/\/www.rxnhub.com\/index.php\/wp-json\/wp\/v2\/pages"}],"about":[{"href":"https:\/\/www.rxnhub.com\/index.php\/wp-json\/wp\/v2\/types\/page"}],"author":[{"embeddable":true,"href":"https:\/\/www.rxnhub.com\/index.php\/wp-json\/wp\/v2\/users\/1"}],"replies":[{"embeddable":true,"href":"https:\/\/www.rxnhub.com\/index.php\/wp-json\/wp\/v2\/comments?post=1560"}],"version-history":[{"count":7,"href":"https:\/\/www.rxnhub.com\/index.php\/wp-json\/wp\/v2\/pages\/1560\/revisions"}],"predecessor-version":[{"id":1809,"href":"https:\/\/www.rxnhub.com\/index.php\/wp-json\/wp\/v2\/pages\/1560\/revisions\/1809"}],"wp:attachment":[{"href":"https:\/\/www.rxnhub.com\/index.php\/wp-json\/wp\/v2\/media?parent=1560"}],"curies":[{"name":"wp","href":"https:\/\/api.w.org\/{rel}","templated":true}]}}