
{"id":1561,"date":"2024-11-18T16:30:09","date_gmt":"2024-11-18T16:30:09","guid":{"rendered":"https:\/\/www.rxnhub.com\/?page_id=1561"},"modified":"2024-11-18T19:46:59","modified_gmt":"2024-11-18T19:46:59","slug":"case-3-fra","status":"publish","type":"page","link":"https:\/\/www.rxnhub.com\/index.php\/fr\/case-3-fra\/","title":{"rendered":"Case 3 FRA"},"content":{"rendered":"\n<div class=\"wp-block-group has-global-padding is-layout-constrained wp-block-group-is-layout-constrained\" style=\"margin-top:0;margin-bottom:0;padding-top:var(--wp--preset--spacing--20);padding-bottom:var(--wp--preset--spacing--20)\">\n<div class=\"wp-block-columns has-base-2-background-color has-background is-layout-flex wp-container-core-columns-is-layout-34bedc32 wp-block-columns-is-layout-flex\" style=\"border-radius:8px;margin-top:0;margin-bottom:0;padding-top:0;padding-right:0;padding-bottom:0;padding-left:0\">\n<div class=\"wp-block-column wow animate__animated animate__fadeInUp is-layout-flow wp-block-column-is-layout-flow\">\n<div class=\"wp-block-group has-global-padding is-layout-constrained wp-container-core-group-is-layout-72190d31 wp-block-group-is-layout-constrained\" style=\"margin-top:0;margin-bottom:0;padding-top:0;padding-right:0;padding-bottom:0;padding-left:0\">\n<p class=\"has-contrast-color has-text-color has-link-color has-large-font-size wp-elements-37d0517e0ae0752b756cf96727db6004\" style=\"padding-top:var(--wp--preset--spacing--40);padding-right:0;padding-bottom:var(--wp--preset--spacing--20);padding-left:0;font-style:normal;font-weight:600\">Maximiser la puissance des algorithmes<\/p>\n<\/div>\n\n\n\n<div class=\"wp-block-group has-global-padding is-layout-constrained wp-container-core-group-is-layout-72190d31 wp-block-group-is-layout-constrained\" style=\"margin-top:0;margin-bottom:0;padding-top:0;padding-right:0;padding-bottom:0;padding-left:0\">\n<p class=\"has-contrast-color has-text-color has-link-color has-mdm-large-font-size wp-elements-38d811c73047779b62f184fb77a2fc7b\" style=\"padding-top:0;padding-right:0;padding-bottom:0;padding-left:0\">Au cours de la derni\u00e8re d\u00e9cennie, la recherche collaborative entre chimistes, experts en chimiom\u00e9trie, ing\u00e9nieurs chimiques et data scientists a donn\u00e9 lieu \u00e0 divers algorithmes capables de pr\u00e9dire des voies de synth\u00e8se compl\u00e8tes. Ces avanc\u00e9es ont \u00e9t\u00e9 int\u00e9gr\u00e9es dans une gamme de logiciels, \u00e0 la fois commerciaux et open-source, tels qu&#8217;IBM Rxn for Chemistry, ASKCOS, Chemairs, Synthia, Reaxis et SciFinderN. Ces outils sont d\u00e9sormais facilement accessibles \u00e0 toute la communaut\u00e9 chimique. Bien qu&#8217;ils aient \u00e9t\u00e9 principalement d\u00e9velopp\u00e9s pour assister dans le d\u00e9veloppement de m\u00e9dicaments, ces outils pr\u00e9dictifs peuvent \u00e9galement am\u00e9liorer la s\u00e9lection des voies commerciales en augmentant la diversit\u00e9 des id\u00e9es.<\/p>\n\n\n\n<p class=\"has-contrast-color has-text-color has-link-color has-mdm-large-font-size wp-elements-0eb1b339152ebe02b392da07ed6a6960\" style=\"padding-top:0;padding-right:0;padding-bottom:0;padding-left:0\">Une application notable de ces algorithmes a \u00e9t\u00e9 dans la synth\u00e8se du Lotiglipron chez Pfizer. En utilisant ASKCOS, un outil de r\u00e9trosynth\u00e8se d\u00e9velopp\u00e9 par le consortium Machine Learning for Pharmaceutical Discovery and Synthesis (MLPDS), les chercheurs ont int\u00e9gr\u00e9 manuellement les voies prometteuses g\u00e9n\u00e9r\u00e9es par le logiciel. ASKCOS permet aux utilisateurs de saisir une mol\u00e9cule cible et g\u00e9n\u00e8re des voies de synth\u00e8se potentielles \u00e0 l\u2019aide de mod\u00e8les d\u2019apprentissage automatique entra\u00een\u00e9s sur diverses bases de donn\u00e9es chimiques. Malgr\u00e9 la sophistication de ces outils, ils rencontrent souvent des difficult\u00e9s avec des transformations complexes, telles que celles impliquant la formation d&#8217;h\u00e9t\u00e9rocycles ou la cr\u00e9ation d&#8217;esp\u00e8ces chirales souhait\u00e9es, courantes dans les applications pharmaceutiques. En cons\u00e9quence, un effort manuel important est toujours n\u00e9cessaire pour filtrer les suggestions peu pratiques.<\/p>\n\n\n\n<div class=\"wp-block-group has-global-padding is-layout-constrained wp-block-group-is-layout-constrained\" style=\"padding-top:var(--wp--preset--spacing--20)\">\n<figure data-wp-context=\"{&quot;imageId&quot;:&quot;69e8b7031fbbe&quot;}\" data-wp-interactive=\"core\/image\" data-wp-key=\"69e8b7031fbbe\" class=\"wp-block-image aligncenter size-large is-resized wp-lightbox-container\"><img loading=\"lazy\" decoding=\"async\" width=\"1024\" height=\"636\" data-wp-class--hide=\"state.isContentHidden\" data-wp-class--show=\"state.isContentVisible\" data-wp-init=\"callbacks.setButtonStyles\" data-wp-on--click=\"actions.showLightbox\" data-wp-on--load=\"callbacks.setButtonStyles\" data-wp-on-window--resize=\"callbacks.setButtonStyles\" src=\"https:\/\/www.rxnhub.com\/wp-content\/uploads\/2024\/05\/Figure-10-1-1024x636.png\" alt=\"\" class=\"wp-image-1143\" style=\"box-shadow:var(--wp--preset--shadow--natural);width:600px\" srcset=\"https:\/\/www.rxnhub.com\/wp-content\/uploads\/2024\/05\/Figure-10-1-1024x636.png 1024w, https:\/\/www.rxnhub.com\/wp-content\/uploads\/2024\/05\/Figure-10-1-300x186.png 300w, https:\/\/www.rxnhub.com\/wp-content\/uploads\/2024\/05\/Figure-10-1-768x477.png 768w, https:\/\/www.rxnhub.com\/wp-content\/uploads\/2024\/05\/Figure-10-1.png 1280w\" sizes=\"auto, (max-width: 1024px) 100vw, 1024px\" \/><button\n\t\t\tclass=\"lightbox-trigger\"\n\t\t\ttype=\"button\"\n\t\t\taria-haspopup=\"dialog\"\n\t\t\taria-label=\"Enlarge\"\n\t\t\tdata-wp-init=\"callbacks.initTriggerButton\"\n\t\t\tdata-wp-on--click=\"actions.showLightbox\"\n\t\t\tdata-wp-style--right=\"state.imageButtonRight\"\n\t\t\tdata-wp-style--top=\"state.imageButtonTop\"\n\t\t>\n\t\t\t<svg xmlns=\"http:\/\/www.w3.org\/2000\/svg\" width=\"12\" height=\"12\" fill=\"none\" viewBox=\"0 0 12 12\">\n\t\t\t\t<path fill=\"#fff\" d=\"M2 0a2 2 0 0 0-2 2v2h1.5V2a.5.5 0 0 1 .5-.5h2V0H2Zm2 10.5H2a.5.5 0 0 1-.5-.5V8H0v2a2 2 0 0 0 2 2h2v-1.5ZM8 12v-1.5h2a.5.5 0 0 0 .5-.5V8H12v2a2 2 0 0 1-2 2H8Zm2-12a2 2 0 0 1 2 2v2h-1.5V2a.5.5 0 0 0-.5-.5H8V0h2Z\" \/>\n\t\t\t<\/svg>\n\t\t<\/button><\/figure>\n<\/div>\n\n\n\n<p class=\"has-text-align-center\">Figure 1: Diversity of routes generated for a single target molecule<\/p>\n\n\n\n<p class=\"has-contrast-color has-text-color has-link-color has-mdm-large-font-size wp-elements-284c489a941472ac0ee9929725458d96\" style=\"padding-top:0;padding-right:0;padding-bottom:0;padding-left:0\">Dans le cas du Lotiglipron, les chercheurs ont propos\u00e9 une m\u00e9thode de traitement parall\u00e8le dans laquelle les id\u00e9es synth\u00e9tiques \u00e9taient collect\u00e9es et filtr\u00e9es s\u00e9par\u00e9ment avant d\u2019\u00eatre fusionn\u00e9es avec les contributions humaines \u00e0 la fin d\u2019un cycle. Cette approche visait \u00e0 att\u00e9nuer le bruit g\u00e9n\u00e9r\u00e9 par les algorithmes pr\u00e9dictifs, qui peuvent submerger la cr\u00e9ativit\u00e9 humaine et masquer les domaines d\u2019int\u00e9r\u00eat.<\/p>\n\n\n\n<p class=\"has-contrast-color has-text-color has-link-color has-mdm-large-font-size wp-elements-d0c4f4fc64344de4a3bd7c32a347e205\" style=\"padding-top:0;padding-right:0;padding-bottom:0;padding-left:0\">Le principal d\u00e9fi pour affiner ces outils pr\u00e9dictifs r\u00e9side dans la qualit\u00e9 des donn\u00e9es d\u2019entra\u00eenement disponibles. Les ensembles de donn\u00e9es actuels, qui proviennent souvent de carnets de laboratoire \u00e9lectroniques, de brevets publics et de sources bibliographiques, sont biais\u00e9s en faveur des r\u00e9actions r\u00e9ussies. Les chercheurs sugg\u00e8rent que l\u2019utilisation de donn\u00e9es de meilleure qualit\u00e9 pourrait am\u00e9liorer consid\u00e9rablement les performances des algorithmes.<\/p>\n\n\n\n<p class=\"has-contrast-color has-text-color has-link-color has-mdm-large-font-size wp-elements-e76af7c51361189a70bd6ac25c4c500d\" style=\"padding-top:0;padding-right:0;padding-bottom:0;padding-left:0\">Dans ce cas, le r\u00e9seau int\u00e8gre \u00e0 la fois les id\u00e9es g\u00e9n\u00e9r\u00e9es par les humains et celles g\u00e9n\u00e9r\u00e9es par les algorithmes, pr\u00e9sent\u00e9es de mani\u00e8re \u00e0 faciliter l&#8217;identification des routes de synth\u00e8se individuelles. Les six routes de synth\u00e8se propos\u00e9es par les humains et les six g\u00e9n\u00e9r\u00e9es par le logiciel ont \u00e9t\u00e9 enrichies avec des annotations et des donn\u00e9es concernant les propri\u00e9t\u00e9s sp\u00e9cifiques de chaque route, ce qui a permis l&#8217;optimisation du processus de s\u00e9lection. Ensuite, des requ\u00eates pouvaient \u00eatre effectu\u00e9es pour trouver la route de synth\u00e8se la plus courte, depuis les mol\u00e9cules cibles jusqu&#8217;aux mat\u00e9riaux de d\u00e9part, en utilisant l&#8217;algorithme de Dijkstra, qui minimise le nombre d&#8217;\u00e9tapes impliqu\u00e9es.<\/p>\n\n\n\n<p class=\"has-contrast-color has-text-color has-link-color has-mdm-large-font-size wp-elements-9f1816abe6fd4946942308adbcbd8d27\" style=\"padding-top:0;padding-right:0;padding-bottom:0;padding-left:0\">Cependant, les r\u00e9sultats initiaux ont mis en \u00e9vidence la n\u00e9cessit\u00e9 de disposer d&#8217;informations plus compl\u00e8tes. Par exemple, certaines routes sugg\u00e9r\u00e9es par l&#8217;algorithme impliquaient des mat\u00e9riaux de d\u00e9part qui n&#8217;\u00e9taient pas disponibles commercialement, ce qui les rendait peu pratiques. Cela souligne l&#8217;importance d&#8217;inclure des informations sur la disponibilit\u00e9 et la complexit\u00e9 des mat\u00e9riaux de d\u00e9part dans les mod\u00e8les pr\u00e9dictifs.<\/p>\n\n\n\n<p class=\"has-contrast-color has-text-color has-link-color has-mdm-large-font-size wp-elements-1b8716829403d3630ad7114339e13187\" style=\"padding-top:0;padding-right:0;padding-bottom:0;padding-left:0\">En fin de compte, ces efforts repr\u00e9sentent une avanc\u00e9e significative vers l&#8217;int\u00e9gration de l&#8217;intelligence artificielle avec l&#8217;exp\u00e9rience humaine dans la synth\u00e8se chimique. L&#8217;am\u00e9lioration continue des algorithmes pr\u00e9dictifs, combin\u00e9e \u00e0 des donn\u00e9es d&#8217;entra\u00eenement de haute qualit\u00e9, promet de r\u00e9volutionner la mani\u00e8re dont les chimistes abordent la synth\u00e8se de mol\u00e9cules complexes, ouvrant la voie \u00e0 des processus de d\u00e9veloppement de m\u00e9dicaments plus efficaces et innovants.<\/p>\n\n\n\n<p class=\"has-contrast-color has-text-color has-link-color has-large-font-size wp-elements-7f1d96b2543b75632b59dbbd6e4db93a\" style=\"padding-top:var(--wp--preset--spacing--10);padding-right:0;padding-bottom:var(--wp--preset--spacing--10);padding-left:0\">Notre plateforme offre un outil complet pour concevoir des routes synth\u00e9tiques<\/p>\n\n\n\n<p class=\"has-contrast-color has-text-color has-link-color has-mdm-large-font-size wp-elements-8e2e7dbc2454ff6f1f8414354a7ea053\" style=\"padding-top:0;padding-right:0;padding-bottom:0;padding-left:0\">Notre plateforme peut int\u00e9grer les r\u00e9sultats des principaux outils pr\u00e9dictifs (selon le plan d&#8217;abonnement), tels que IBM Rxn4Chemistry, ASKCOS, Synthia et Chemical.AI, offrant une solution compl\u00e8te pour la planification des voies de synth\u00e8se. En unifiant ces algorithmes avanc\u00e9s, nous offrons aux utilisateurs un acc\u00e8s \u00e0 une large gamme de mod\u00e8les pr\u00e9dictifs et de voies de synth\u00e8se. Notre plateforme excelle dans le filtrage des donn\u00e9es, en utilisant de vastes bases de donn\u00e9es et des retours en temps r\u00e9el pour affiner les pr\u00e9dictions. Cette approche r\u00e9duit consid\u00e9rablement le bruit, garantissant que seules les voies les plus viables et innovantes sont pr\u00e9sent\u00e9es. L&#8217;interface utilisateur est intuitive, facilitant la visualisation et l&#8217;exploration des voies, tout en favorisant une collaboration fluide entre les utilisateurs.<\/p>\n\n\n\n<div class=\"wp-block-group has-global-padding is-layout-constrained wp-block-group-is-layout-constrained\" style=\"padding-top:var(--wp--preset--spacing--20)\">\n<figure data-wp-context=\"{&quot;imageId&quot;:&quot;69e8b703203e2&quot;}\" data-wp-interactive=\"core\/image\" data-wp-key=\"69e8b703203e2\" class=\"wp-block-image aligncenter size-large is-resized wp-lightbox-container\"><img loading=\"lazy\" decoding=\"async\" width=\"1024\" height=\"589\" data-wp-class--hide=\"state.isContentHidden\" data-wp-class--show=\"state.isContentVisible\" data-wp-init=\"callbacks.setButtonStyles\" data-wp-on--click=\"actions.showLightbox\" data-wp-on--load=\"callbacks.setButtonStyles\" data-wp-on-window--resize=\"callbacks.setButtonStyles\" src=\"https:\/\/www.rxnhub.com\/wp-content\/uploads\/2024\/05\/Fig-5-1024x589.png\" alt=\"\" class=\"wp-image-1110\" style=\"width:700px\" srcset=\"https:\/\/www.rxnhub.com\/wp-content\/uploads\/2024\/05\/Fig-5-1024x589.png 1024w, https:\/\/www.rxnhub.com\/wp-content\/uploads\/2024\/05\/Fig-5-300x173.png 300w, https:\/\/www.rxnhub.com\/wp-content\/uploads\/2024\/05\/Fig-5-768x442.png 768w, https:\/\/www.rxnhub.com\/wp-content\/uploads\/2024\/05\/Fig-5.png 1280w\" sizes=\"auto, (max-width: 1024px) 100vw, 1024px\" \/><button\n\t\t\tclass=\"lightbox-trigger\"\n\t\t\ttype=\"button\"\n\t\t\taria-haspopup=\"dialog\"\n\t\t\taria-label=\"Enlarge\"\n\t\t\tdata-wp-init=\"callbacks.initTriggerButton\"\n\t\t\tdata-wp-on--click=\"actions.showLightbox\"\n\t\t\tdata-wp-style--right=\"state.imageButtonRight\"\n\t\t\tdata-wp-style--top=\"state.imageButtonTop\"\n\t\t>\n\t\t\t<svg xmlns=\"http:\/\/www.w3.org\/2000\/svg\" width=\"12\" height=\"12\" fill=\"none\" viewBox=\"0 0 12 12\">\n\t\t\t\t<path fill=\"#fff\" d=\"M2 0a2 2 0 0 0-2 2v2h1.5V2a.5.5 0 0 1 .5-.5h2V0H2Zm2 10.5H2a.5.5 0 0 1-.5-.5V8H0v2a2 2 0 0 0 2 2h2v-1.5ZM8 12v-1.5h2a.5.5 0 0 0 .5-.5V8H12v2a2 2 0 0 1-2 2H8Zm2-12a2 2 0 0 1 2 2v2h-1.5V2a.5.5 0 0 0-.5-.5H8V0h2Z\" \/>\n\t\t\t<\/svg>\n\t\t<\/button><\/figure>\n<\/div>\n\n\n\n<p class=\"has-text-align-center\">Figure 2: Data aggregation capabilities possible from RxnHub platform<\/p>\n\n\n\n<div class=\"wp-block-buttons is-content-justification-right is-layout-flex wp-container-core-buttons-is-layout-3bf5aab5 wp-block-buttons-is-layout-flex\" style=\"margin-top:var(--wp--preset--spacing--30);margin-bottom:var(--wp--preset--spacing--10)\">\n<div class=\"wp-block-button has-custom-font-size is-style-fill has-mdm-large-font-size\"><a class=\"wp-block-button__link has-base-2-color has-contrast-3-background-color has-text-color has-background has-link-color has-border-color wp-element-button\" href=\"https:\/\/www.rxnhub.com\/index.php\/fr\/cases-fra\/\" style=\"border-color:#ffffff;border-radius:4px;padding-top:5px;padding-right:var(--wp--preset--spacing--40);padding-bottom:5px;padding-left:var(--wp--preset--spacing--40)\">Retour<\/a><\/div>\n<\/div>\n<\/div>\n<\/div>\n<\/div>\n<\/div>\n\n\n\n<p><\/p>\n","protected":false},"excerpt":{"rendered":"<p>Maximiser la puissance des algorithmes Au cours de la derni\u00e8re d\u00e9cennie, la recherche collaborative entre chimistes, experts en chimiom\u00e9trie, ing\u00e9nieurs chimiques et data scientists a donn\u00e9 lieu \u00e0 divers algorithmes capables de pr\u00e9dire des voies de synth\u00e8se compl\u00e8tes. Ces avanc\u00e9es ont \u00e9t\u00e9 int\u00e9gr\u00e9es dans une gamme de logiciels, \u00e0 la fois commerciaux et open-source, tels [&hellip;]<\/p>\n","protected":false},"author":1,"featured_media":0,"parent":0,"menu_order":0,"comment_status":"closed","ping_status":"closed","template":"","meta":{"footnotes":""},"class_list":["post-1561","page","type-page","status-publish","hentry"],"_links":{"self":[{"href":"https:\/\/www.rxnhub.com\/index.php\/wp-json\/wp\/v2\/pages\/1561","targetHints":{"allow":["GET"]}}],"collection":[{"href":"https:\/\/www.rxnhub.com\/index.php\/wp-json\/wp\/v2\/pages"}],"about":[{"href":"https:\/\/www.rxnhub.com\/index.php\/wp-json\/wp\/v2\/types\/page"}],"author":[{"embeddable":true,"href":"https:\/\/www.rxnhub.com\/index.php\/wp-json\/wp\/v2\/users\/1"}],"replies":[{"embeddable":true,"href":"https:\/\/www.rxnhub.com\/index.php\/wp-json\/wp\/v2\/comments?post=1561"}],"version-history":[{"count":6,"href":"https:\/\/www.rxnhub.com\/index.php\/wp-json\/wp\/v2\/pages\/1561\/revisions"}],"predecessor-version":[{"id":1810,"href":"https:\/\/www.rxnhub.com\/index.php\/wp-json\/wp\/v2\/pages\/1561\/revisions\/1810"}],"wp:attachment":[{"href":"https:\/\/www.rxnhub.com\/index.php\/wp-json\/wp\/v2\/media?parent=1561"}],"curies":[{"name":"wp","href":"https:\/\/api.w.org\/{rel}","templated":true}]}}