
{"id":1562,"date":"2024-11-18T16:29:52","date_gmt":"2024-11-18T16:29:52","guid":{"rendered":"https:\/\/www.rxnhub.com\/?page_id=1562"},"modified":"2024-11-18T19:47:02","modified_gmt":"2024-11-18T19:47:02","slug":"case-3-esp","status":"publish","type":"page","link":"https:\/\/www.rxnhub.com\/index.php\/es\/case-3-esp\/","title":{"rendered":"Case 3 ESP"},"content":{"rendered":"\n<div class=\"wp-block-group has-global-padding is-layout-constrained wp-block-group-is-layout-constrained\" style=\"margin-top:0;margin-bottom:0;padding-top:var(--wp--preset--spacing--20);padding-bottom:var(--wp--preset--spacing--20)\">\n<div class=\"wp-block-columns has-base-2-background-color has-background is-layout-flex wp-container-core-columns-is-layout-34bedc32 wp-block-columns-is-layout-flex\" style=\"border-radius:8px;margin-top:0;margin-bottom:0;padding-top:0;padding-right:0;padding-bottom:0;padding-left:0\">\n<div class=\"wp-block-column wow animate__animated animate__fadeInUp is-layout-flow wp-block-column-is-layout-flow\">\n<div class=\"wp-block-group has-global-padding is-layout-constrained wp-container-core-group-is-layout-72190d31 wp-block-group-is-layout-constrained\" style=\"margin-top:0;margin-bottom:0;padding-top:0;padding-right:0;padding-bottom:0;padding-left:0\">\n<p class=\"has-contrast-color has-text-color has-link-color has-large-font-size wp-elements-279c51726ef05593e4edc1e2253ddc6c\" style=\"padding-top:var(--wp--preset--spacing--40);padding-right:0;padding-bottom:var(--wp--preset--spacing--20);padding-left:0;font-style:normal;font-weight:600\">Abrazando el Poder de los Algoritmos<\/p>\n<\/div>\n\n\n\n<div class=\"wp-block-group has-global-padding is-layout-constrained wp-container-core-group-is-layout-72190d31 wp-block-group-is-layout-constrained\" style=\"margin-top:0;margin-bottom:0;padding-top:0;padding-right:0;padding-bottom:0;padding-left:0\">\n<p class=\"has-contrast-color has-text-color has-link-color has-mdm-large-font-size wp-elements-3344850ba34c03071e9cef24a5289134\" style=\"padding-top:0;padding-right:0;padding-bottom:0;padding-left:0\">En la \u00faltima d\u00e9cada, la investigaci\u00f3n colaborativa entre qu\u00edmicos, expertos en quimioinform\u00e1tica, ingenieros qu\u00edmicos y cient\u00edficos de datos ha dado lugar a varios algoritmos capaces de predecir rutas de s\u00edntesis completas. Estos avances se han integrado en una variedad de paquetes de software, tanto comerciales como de c\u00f3digo abierto, como IBM Rxn for Chemistry, ASKCOS, Chemairs, Synthia, Reaxis y SciFinderN. Estas herramientas ya est\u00e1n f\u00e1cilmente accesibles para toda la comunidad qu\u00edmica. Aunque fueron desarrolladas principalmente para asistir en el desarrollo de f\u00e1rmacos, estas herramientas predictivas tambi\u00e9n pueden mejorar la selecci\u00f3n de rutas comerciales al aumentar la diversidad de ideas.<\/p>\n\n\n\n<p class=\"has-contrast-color has-text-color has-link-color has-mdm-large-font-size wp-elements-b3d0c30b2f623dc37e6b64c8a9ea2b80\" style=\"padding-top:0;padding-right:0;padding-bottom:0;padding-left:0\">Una aplicaci\u00f3n notable de estos algoritmos fue en la s\u00edntesis de Lotiglipron en Pfizer. Utilizando ASKCOS, una herramienta de retros\u00edntesis desarrollada por el consorcio Machine Learning for Pharmaceutical Discovery and Synthesis (MLPDS), los investigadores incorporaron manualmente rutas prometedoras generadas por el software. ASKCOS permite a los usuarios ingresar una mol\u00e9cula objetivo y genera rutas sint\u00e9ticas potenciales utilizando modelos de aprendizaje autom\u00e1tico entrenados con diversas bases de datos qu\u00edmicas. A pesar de la sofisticaci\u00f3n de estas herramientas, a menudo tienen dificultades con transformaciones complejas, como aquellas que implican la formaci\u00f3n de heterociclos o la creaci\u00f3n de especies quirales deseadas, comunes en aplicaciones farmac\u00e9uticas. Como resultado, todav\u00eda se requiere un esfuerzo manual significativo para filtrar las sugerencias poco pr\u00e1cticas.<\/p>\n\n\n\n<div class=\"wp-block-group has-global-padding is-layout-constrained wp-block-group-is-layout-constrained\" style=\"padding-top:var(--wp--preset--spacing--20)\">\n<figure data-wp-context=\"{&quot;imageId&quot;:&quot;69e8b81a12d3e&quot;}\" data-wp-interactive=\"core\/image\" data-wp-key=\"69e8b81a12d3e\" class=\"wp-block-image aligncenter size-large is-resized wp-lightbox-container\"><img loading=\"lazy\" decoding=\"async\" width=\"1024\" height=\"636\" data-wp-class--hide=\"state.isContentHidden\" data-wp-class--show=\"state.isContentVisible\" data-wp-init=\"callbacks.setButtonStyles\" data-wp-on--click=\"actions.showLightbox\" data-wp-on--load=\"callbacks.setButtonStyles\" data-wp-on-window--resize=\"callbacks.setButtonStyles\" src=\"https:\/\/www.rxnhub.com\/wp-content\/uploads\/2024\/05\/Figure-10-1-1024x636.png\" alt=\"\" class=\"wp-image-1143\" style=\"box-shadow:var(--wp--preset--shadow--natural);width:600px\" srcset=\"https:\/\/www.rxnhub.com\/wp-content\/uploads\/2024\/05\/Figure-10-1-1024x636.png 1024w, https:\/\/www.rxnhub.com\/wp-content\/uploads\/2024\/05\/Figure-10-1-300x186.png 300w, https:\/\/www.rxnhub.com\/wp-content\/uploads\/2024\/05\/Figure-10-1-768x477.png 768w, https:\/\/www.rxnhub.com\/wp-content\/uploads\/2024\/05\/Figure-10-1.png 1280w\" sizes=\"auto, (max-width: 1024px) 100vw, 1024px\" \/><button\n\t\t\tclass=\"lightbox-trigger\"\n\t\t\ttype=\"button\"\n\t\t\taria-haspopup=\"dialog\"\n\t\t\taria-label=\"Enlarge\"\n\t\t\tdata-wp-init=\"callbacks.initTriggerButton\"\n\t\t\tdata-wp-on--click=\"actions.showLightbox\"\n\t\t\tdata-wp-style--right=\"state.imageButtonRight\"\n\t\t\tdata-wp-style--top=\"state.imageButtonTop\"\n\t\t>\n\t\t\t<svg xmlns=\"http:\/\/www.w3.org\/2000\/svg\" width=\"12\" height=\"12\" fill=\"none\" viewBox=\"0 0 12 12\">\n\t\t\t\t<path fill=\"#fff\" d=\"M2 0a2 2 0 0 0-2 2v2h1.5V2a.5.5 0 0 1 .5-.5h2V0H2Zm2 10.5H2a.5.5 0 0 1-.5-.5V8H0v2a2 2 0 0 0 2 2h2v-1.5ZM8 12v-1.5h2a.5.5 0 0 0 .5-.5V8H12v2a2 2 0 0 1-2 2H8Zm2-12a2 2 0 0 1 2 2v2h-1.5V2a.5.5 0 0 0-.5-.5H8V0h2Z\" \/>\n\t\t\t<\/svg>\n\t\t<\/button><\/figure>\n<\/div>\n\n\n\n<p class=\"has-text-align-center\">Figure 1: Diversity of routes generated for a single target molecule<\/p>\n\n\n\n<p class=\"has-contrast-color has-text-color has-link-color has-mdm-large-font-size wp-elements-9cc2f4a9ab5bcca0b9efec775cdf9079\" style=\"padding-top:0;padding-right:0;padding-bottom:0;padding-left:0\">En el caso del Lotiglipr\u00f3n, los investigadores propusieron un m\u00e9todo de procesamiento paralelo en el que las ideas sint\u00e9ticas se recopilaban y filtraban por separado antes de fusionarlas con las contribuciones humanas al final de un ciclo. Este enfoque ten\u00eda como objetivo mitigar el ruido generado por los algoritmos predictivos, los cuales pueden abrumar la creatividad humana y enmascarar \u00e1reas de inter\u00e9s.<\/p>\n\n\n\n<p class=\"has-contrast-color has-text-color has-link-color has-mdm-large-font-size wp-elements-99d1c01dbc4702d906622efa540e63e4\" style=\"padding-top:0;padding-right:0;padding-bottom:0;padding-left:0\">El principal desaf\u00edo para perfeccionar estas herramientas predictivas radica en la calidad de los datos de entrenamiento disponibles. Los conjuntos de datos actuales, que a menudo provienen de cuadernos de laboratorio electr\u00f3nicos, patentes p\u00fablicas y fuentes bibliogr\u00e1ficas, est\u00e1n sesgados hacia reacciones exitosas. Los investigadores sugieren que utilizar datos de mejor calidad podr\u00eda mejorar significativamente el rendimiento de los algoritmos.<\/p>\n\n\n\n<p class=\"has-contrast-color has-text-color has-link-color has-mdm-large-font-size wp-elements-5fbd8914d065de24862026aadff12a38\" style=\"padding-top:0;padding-right:0;padding-bottom:0;padding-left:0\">En este caso, la red integra tanto las ideas generadas por humanos como las generadas por algoritmos, presentadas de una manera que facilita la identificaci\u00f3n de rutas de s\u00edntesis individuales. Las seis rutas de s\u00edntesis propuestas por humanos y las seis generadas por el software se enriquecieron a\u00fan m\u00e1s con anotaciones y datos sobre propiedades espec\u00edficas de cada ruta, lo que permiti\u00f3 la optimizaci\u00f3n del proceso de selecci\u00f3n. Luego, se pod\u00edan realizar consultas para encontrar la ruta de s\u00edntesis m\u00e1s corta desde las mol\u00e9culas objetivo hasta los materiales de partida, utilizando el algoritmo de Dijkstra, que minimiza el n\u00famero de pasos involucrados.<\/p>\n\n\n\n<p class=\"has-contrast-color has-text-color has-link-color has-mdm-large-font-size wp-elements-694535aa60d19eb21e6f17ef81074bf0\" style=\"padding-top:0;padding-right:0;padding-bottom:0;padding-left:0\">Sin embargo, los resultados iniciales destacaron la necesidad de contar con informaci\u00f3n m\u00e1s completa. Por ejemplo, algunas rutas sugeridas por el algoritmo implicaban materiales de partida que no estaban disponibles comercialmente, lo que las hac\u00eda poco pr\u00e1cticas. Esto subraya la importancia de incluir informaci\u00f3n sobre la disponibilidad y la complejidad de los materiales de partida en los modelos predictivos. <\/p>\n\n\n\n<p class=\"has-contrast-color has-text-color has-link-color has-mdm-large-font-size wp-elements-532a12a735c8e3b6d07a37957137ba0b\" style=\"padding-top:0;padding-right:0;padding-bottom:0;padding-left:0\">En \u00faltima instancia, estos esfuerzos representan un avance significativo hacia la integraci\u00f3n de la inteligencia artificial con la experiencia humana en la s\u00edntesis qu\u00edmica. La mejora continua de los algoritmos predictivos, junto con datos de entrenamiento de alta calidad, promete revolucionar la forma en que los qu\u00edmicos abordan la s\u00edntesis de mol\u00e9culas complejas, allanando el camino para procesos de desarrollo de f\u00e1rmacos m\u00e1s eficientes e innovadores.<\/p>\n\n\n\n<p class=\"has-contrast-color has-text-color has-link-color has-large-font-size wp-elements-5a454b890eccc77a346fa764c7f796b4\" style=\"padding-top:var(--wp--preset--spacing--10);padding-right:0;padding-bottom:var(--wp--preset--spacing--10);padding-left:0\">Nuestra plataforma ofrece una herramienta integral para dise\u00f1ar rutas sint\u00e9ticas<\/p>\n\n\n\n<p class=\"has-contrast-color has-text-color has-link-color has-mdm-large-font-size wp-elements-7261c1c226b6e7607a94696b513eb18d\" style=\"padding-top:0;padding-right:0;padding-bottom:0;padding-left:0\">Nuestra plataforma puede integrar resultados de las principales herramientas predictivas (dependiendo del plan de suscripci\u00f3n), como IBM Rxn4Chemistry, ASKCOS, Synthia y Chemical.AI, proporcionando una soluci\u00f3n integral para la planificaci\u00f3n de rutas de s\u00edntesis. Al unificar estos algoritmos avanzados, ofrecemos a los usuarios acceso a una amplia variedad de modelos predictivos y rutas de s\u00edntesis. Nuestra plataforma destaca en el filtrado de datos, utilizando amplias bases de datos y retroalimentaci\u00f3n en tiempo real para refinar las predicciones. Este enfoque reduce significativamente el ruido, garantizando que solo se presenten las rutas m\u00e1s viables e innovadoras. La interfaz de usuario es intuitiva, lo que facilita la visualizaci\u00f3n y exploraci\u00f3n de las rutas, promoviendo una colaboraci\u00f3n fluida entre los usuarios.<\/p>\n\n\n\n<div class=\"wp-block-group has-global-padding is-layout-constrained wp-block-group-is-layout-constrained\" style=\"padding-top:var(--wp--preset--spacing--20)\">\n<figure data-wp-context=\"{&quot;imageId&quot;:&quot;69e8b81a135b4&quot;}\" data-wp-interactive=\"core\/image\" data-wp-key=\"69e8b81a135b4\" class=\"wp-block-image aligncenter size-large is-resized wp-lightbox-container\"><img loading=\"lazy\" decoding=\"async\" width=\"1024\" height=\"589\" data-wp-class--hide=\"state.isContentHidden\" data-wp-class--show=\"state.isContentVisible\" data-wp-init=\"callbacks.setButtonStyles\" data-wp-on--click=\"actions.showLightbox\" data-wp-on--load=\"callbacks.setButtonStyles\" data-wp-on-window--resize=\"callbacks.setButtonStyles\" src=\"https:\/\/www.rxnhub.com\/wp-content\/uploads\/2024\/05\/Fig-5-1024x589.png\" alt=\"\" class=\"wp-image-1110\" style=\"width:700px\" srcset=\"https:\/\/www.rxnhub.com\/wp-content\/uploads\/2024\/05\/Fig-5-1024x589.png 1024w, https:\/\/www.rxnhub.com\/wp-content\/uploads\/2024\/05\/Fig-5-300x173.png 300w, https:\/\/www.rxnhub.com\/wp-content\/uploads\/2024\/05\/Fig-5-768x442.png 768w, https:\/\/www.rxnhub.com\/wp-content\/uploads\/2024\/05\/Fig-5.png 1280w\" sizes=\"auto, (max-width: 1024px) 100vw, 1024px\" \/><button\n\t\t\tclass=\"lightbox-trigger\"\n\t\t\ttype=\"button\"\n\t\t\taria-haspopup=\"dialog\"\n\t\t\taria-label=\"Enlarge\"\n\t\t\tdata-wp-init=\"callbacks.initTriggerButton\"\n\t\t\tdata-wp-on--click=\"actions.showLightbox\"\n\t\t\tdata-wp-style--right=\"state.imageButtonRight\"\n\t\t\tdata-wp-style--top=\"state.imageButtonTop\"\n\t\t>\n\t\t\t<svg xmlns=\"http:\/\/www.w3.org\/2000\/svg\" width=\"12\" height=\"12\" fill=\"none\" viewBox=\"0 0 12 12\">\n\t\t\t\t<path fill=\"#fff\" d=\"M2 0a2 2 0 0 0-2 2v2h1.5V2a.5.5 0 0 1 .5-.5h2V0H2Zm2 10.5H2a.5.5 0 0 1-.5-.5V8H0v2a2 2 0 0 0 2 2h2v-1.5ZM8 12v-1.5h2a.5.5 0 0 0 .5-.5V8H12v2a2 2 0 0 1-2 2H8Zm2-12a2 2 0 0 1 2 2v2h-1.5V2a.5.5 0 0 0-.5-.5H8V0h2Z\" \/>\n\t\t\t<\/svg>\n\t\t<\/button><\/figure>\n<\/div>\n\n\n\n<p class=\"has-text-align-center\">Figure 2: Data aggregation capabilities possible from RxnHub platform<\/p>\n\n\n\n<div class=\"wp-block-buttons is-content-justification-right is-layout-flex wp-container-core-buttons-is-layout-3bf5aab5 wp-block-buttons-is-layout-flex\" style=\"margin-top:var(--wp--preset--spacing--30);margin-bottom:var(--wp--preset--spacing--10)\">\n<div class=\"wp-block-button has-custom-font-size is-style-fill has-mdm-large-font-size\"><a class=\"wp-block-button__link has-base-2-color has-contrast-3-background-color has-text-color has-background has-link-color has-border-color wp-element-button\" href=\"https:\/\/www.rxnhub.com\/index.php\/es\/cases-esp\/\" style=\"border-color:#ffffff;border-radius:4px;padding-top:5px;padding-right:var(--wp--preset--spacing--40);padding-bottom:5px;padding-left:var(--wp--preset--spacing--40)\">Regresar<\/a><\/div>\n<\/div>\n<\/div>\n<\/div>\n<\/div>\n<\/div>\n\n\n\n<p><\/p>\n","protected":false},"excerpt":{"rendered":"<p>Abrazando el Poder de los Algoritmos En la \u00faltima d\u00e9cada, la investigaci\u00f3n colaborativa entre qu\u00edmicos, expertos en quimioinform\u00e1tica, ingenieros qu\u00edmicos y cient\u00edficos de datos ha dado lugar a varios algoritmos capaces de predecir rutas de s\u00edntesis completas. Estos avances se han integrado en una variedad de paquetes de software, tanto comerciales como de c\u00f3digo abierto, [&hellip;]<\/p>\n","protected":false},"author":1,"featured_media":0,"parent":0,"menu_order":0,"comment_status":"closed","ping_status":"closed","template":"","meta":{"footnotes":""},"class_list":["post-1562","page","type-page","status-publish","hentry"],"_links":{"self":[{"href":"https:\/\/www.rxnhub.com\/index.php\/wp-json\/wp\/v2\/pages\/1562","targetHints":{"allow":["GET"]}}],"collection":[{"href":"https:\/\/www.rxnhub.com\/index.php\/wp-json\/wp\/v2\/pages"}],"about":[{"href":"https:\/\/www.rxnhub.com\/index.php\/wp-json\/wp\/v2\/types\/page"}],"author":[{"embeddable":true,"href":"https:\/\/www.rxnhub.com\/index.php\/wp-json\/wp\/v2\/users\/1"}],"replies":[{"embeddable":true,"href":"https:\/\/www.rxnhub.com\/index.php\/wp-json\/wp\/v2\/comments?post=1562"}],"version-history":[{"count":7,"href":"https:\/\/www.rxnhub.com\/index.php\/wp-json\/wp\/v2\/pages\/1562\/revisions"}],"predecessor-version":[{"id":1811,"href":"https:\/\/www.rxnhub.com\/index.php\/wp-json\/wp\/v2\/pages\/1562\/revisions\/1811"}],"wp:attachment":[{"href":"https:\/\/www.rxnhub.com\/index.php\/wp-json\/wp\/v2\/media?parent=1562"}],"curies":[{"name":"wp","href":"https:\/\/api.w.org\/{rel}","templated":true}]}}