
{"id":1565,"date":"2024-11-18T19:08:44","date_gmt":"2024-11-18T19:08:44","guid":{"rendered":"https:\/\/www.rxnhub.com\/?page_id=1565"},"modified":"2024-11-18T19:08:44","modified_gmt":"2024-11-18T19:08:44","slug":"case-4-fra","status":"publish","type":"page","link":"https:\/\/www.rxnhub.com\/index.php\/fr\/case-4-fra\/","title":{"rendered":"Case 4 FRA"},"content":{"rendered":"\n<div class=\"wp-block-group has-global-padding is-layout-constrained wp-block-group-is-layout-constrained\" style=\"margin-top:0;margin-bottom:0;padding-top:var(--wp--preset--spacing--20);padding-bottom:var(--wp--preset--spacing--20)\">\n<div class=\"wp-block-columns has-base-2-background-color has-background is-layout-flex wp-container-core-columns-is-layout-34bedc32 wp-block-columns-is-layout-flex\" style=\"border-radius:8px;margin-top:0;margin-bottom:0;padding-top:0;padding-right:0;padding-bottom:0;padding-left:0\">\n<div class=\"wp-block-column wow animate__animated animate__fadeInUp is-layout-flow wp-block-column-is-layout-flow\">\n<div class=\"wp-block-group has-global-padding is-layout-constrained wp-container-core-group-is-layout-72190d31 wp-block-group-is-layout-constrained\" style=\"margin-top:0;margin-bottom:0;padding-top:0;padding-right:0;padding-bottom:0;padding-left:0\">\n<p class=\"has-contrast-color has-text-color has-link-color has-large-font-size wp-elements-03a77c28b2d276e9a8d23a746b3c5fe9\" style=\"padding-top:var(--wp--preset--spacing--40);padding-right:0;padding-bottom:var(--wp--preset--spacing--20);padding-left:0;font-style:normal;font-weight:600\">Revisiter notre \u00e9tude de cas Pfizer: Principaux enseignements<\/p>\n<\/div>\n\n\n\n<div class=\"wp-block-group has-global-padding is-layout-constrained wp-container-core-group-is-layout-72190d31 wp-block-group-is-layout-constrained\" style=\"margin-top:0;margin-bottom:0;padding-top:0;padding-right:0;padding-bottom:0;padding-left:0\">\n<p class=\"has-contrast-color has-text-color has-link-color has-mdm-large-font-size wp-elements-a129dea41a00d8f5e6bda3ff3efb8c4e\" style=\"padding-top:0;padding-right:0;padding-bottom:0;padding-left:0\">Dans le domaine de la chimie organique de synth\u00e8se, le processus de planification de la cr\u00e9ation de nouveaux mat\u00e9riaux est crucial et d\u00e9pend traditionnellement en grande partie de l&#8217;intellect et de la cr\u00e9ativit\u00e9 humaine. Ce processus, connu sous le nom d&#8217;analyse r\u00e9trosynth\u00e9tique, consiste \u00e0 travailler en arri\u00e8re \u00e0 partir d&#8217;un compos\u00e9 d\u00e9sir\u00e9 pour d\u00e9terminer la meilleure voie de synth\u00e8se. Bien que les chimistes utilisent cette technique depuis longtemps, en ayant recours \u00e0 des discussions collaboratives ou des s\u00e9ances de brainstorming, cela reste une t\u00e2che complexe, remplie de d\u00e9fis. Les limites de la capacit\u00e9 humaine \u00e0 g\u00e9rer de grandes quantit\u00e9s de donn\u00e9es peuvent introduire des biais et des inefficacit\u00e9s lorsqu&#8217;il s&#8217;agit de s\u00e9lectionner la voie de synth\u00e8se optimale.<\/p>\n\n\n\n<p class=\"has-contrast-color has-text-color has-link-color has-mdm-large-font-size wp-elements-b2d7aacf621d0c10ab8189867252a384\" style=\"padding-top:0;padding-right:0;padding-bottom:0;padding-left:0\">Les r\u00e9cents progr\u00e8s de la technologie num\u00e9rique, en particulier dans le secteur pharmaceutique, transforment cette approche traditionnelle. Le d\u00e9veloppement d&#8217;outils num\u00e9riques innovants facilite le processus de planification, en offrant des plateformes plus collaboratives et objectives, pour une meilleure prise de d\u00e9cision. Cela est illustr\u00e9 par le cas de Pfizer et son utilisation dans la synth\u00e8se de Lotiglipron [https:\/\/doi.org\/10.1039\/D4DD00120F], un m\u00e9dicament actuellement en d\u00e9veloppement. L&#8217;int\u00e9gration de solutions num\u00e9riques vise \u00e0 capturer et \u00e0 utiliser plus efficacement le savoir collectif des scientifiques, r\u00e9duisant ainsi la d\u00e9pendance \u00e0 l&#8217;effort humain individuel et att\u00e9nuant les biais inconscients.<\/p>\n\n\n\n<p class=\"has-contrast-color has-text-color has-link-color has-mdm-large-font-size wp-elements-b3235d405273629b7ef8b3edc1bbd5d2\" style=\"padding-top:0;padding-right:0;padding-bottom:0;padding-left:0\">Le processus commence par la capture des id\u00e9es initiales des chimistes \u00e0 l&#8217;aide d&#8217;interfaces num\u00e9riques faciles \u00e0 utiliser. Ces id\u00e9es sont ensuite enrichies et transform\u00e9es \u00e0 travers des algorithmes sophistiqu\u00e9s avant d&#8217;\u00eatre stock\u00e9es dans un syst\u00e8me centralis\u00e9. Dans le cas de Pfizer, le syst\u00e8me a permis la mise \u00e0 jour continue des donn\u00e9es, ajoutant et reliant de nouvelles id\u00e9es, garantissant ainsi que la base de connaissances croissait et restait \u00e0 jour et compl\u00e8te.<\/p>\n\n\n\n<div class=\"wp-block-group has-global-padding is-layout-constrained wp-block-group-is-layout-constrained\" style=\"padding-top:var(--wp--preset--spacing--40);padding-bottom:var(--wp--preset--spacing--10)\">\n<figure class=\"wp-block-image aligncenter size-large is-resized\"><img loading=\"lazy\" decoding=\"async\" width=\"1024\" height=\"682\" src=\"https:\/\/www.rxnhub.com\/wp-content\/uploads\/2024\/07\/Designs-UI-09-1024x682.png\" alt=\"\" class=\"wp-image-780\" style=\"box-shadow:var(--wp--preset--shadow--natural);width:600px\" srcset=\"https:\/\/www.rxnhub.com\/wp-content\/uploads\/2024\/07\/Designs-UI-09-1024x682.png 1024w, https:\/\/www.rxnhub.com\/wp-content\/uploads\/2024\/07\/Designs-UI-09-300x200.png 300w, https:\/\/www.rxnhub.com\/wp-content\/uploads\/2024\/07\/Designs-UI-09-768x512.png 768w, https:\/\/www.rxnhub.com\/wp-content\/uploads\/2024\/07\/Designs-UI-09.png 1280w\" sizes=\"auto, (max-width: 1024px) 100vw, 1024px\" \/><\/figure>\n<\/div>\n\n\n\n<p class=\"has-text-align-center has-contrast-2-color has-text-color has-link-color has-sml-medium-font-size wp-elements-fb2776bb65cabb817ad29f9b7a668c9c\" style=\"padding-top:0;padding-right:var(--wp--preset--spacing--30);padding-bottom:0;padding-left:var(--wp--preset--spacing--30)\">Figure 1: Research article published by Digital Discovery (RSC 2024), <a href=\"https:\/\/pubs.rsc.org\/en\/content\/articlelanding\/2024\/dd\/d4dd00120f\" data-type=\"link\" data-id=\"https:\/\/pubs.rsc.org\/en\/content\/articlelanding\/2024\/dd\/d4dd00120f\">available here<\/a>.<\/p>\n\n\n\n<p class=\"has-contrast-color has-text-color has-link-color has-mdm-large-font-size wp-elements-18dcdc26dab167cd0c2c02149528e9a3\" style=\"padding-top:0;padding-right:0;padding-bottom:0;padding-left:0\">L&#8217;un des outils num\u00e9riques cl\u00e9s dans cette d\u00e9marche est ASKCOS, un logiciel bas\u00e9 sur l&#8217;apprentissage automatique d\u00e9velopp\u00e9 par le consortium Machine Learning for Pharmaceutical Discovery and Synthesis (MLPDS). ASKCOS aide \u00e0 g\u00e9n\u00e9rer des voies de synth\u00e8se potentielles en traitant un large \u00e9ventail de donn\u00e9es chimiques. Bien que cet outil fournisse des informations pr\u00e9cieuses, il n&#8217;est pas exempt de limitations. Pour des mol\u00e9cules complexes comme le Lotiglipron, qui impliquent des transformations complexes et des conditions chimiques sp\u00e9cifiques, les pr\u00e9dictions du logiciel n\u00e9cessitent souvent un affinage manuel pour garantir leur faisabilit\u00e9 pratique. Le d\u00e9fi r\u00e9side dans le filtrage des suggestions moins pertinentes et dans le fait de se concentrer sur les voies les plus prometteuses.<\/p>\n\n\n\n<p class=\"has-contrast-color has-text-color has-link-color has-mdm-large-font-size wp-elements-e326874c9c7e20950dc983df91ca0de8\" style=\"padding-top:0;padding-right:0;padding-bottom:0;padding-left:0\">En pratique, l&#8217;int\u00e9gration des connaissances humaines avec les donn\u00e9es g\u00e9n\u00e9r\u00e9es par des algorithmes est essentielle. Dans le cas de Lotiglipron de Pfizer, l&#8217;\u00e9quipe a combin\u00e9 des voies s\u00e9lectionn\u00e9es manuellement avec celles sugg\u00e9r\u00e9es par ASKCOS, ce qui a permis d&#8217;obtenir un groupe d&#8217;id\u00e9es plus large. Cette approche hybride vise \u00e0 exploiter les forces tant de la cr\u00e9ativit\u00e9 humaine que de la puissance informatique. Cependant, l&#8217;efficacit\u00e9 de ces algorithmes d\u00e9pend largement de la qualit\u00e9 et de la port\u00e9e des donn\u00e9es avec lesquelles ils sont entra\u00een\u00e9s. Les sources de donn\u00e9es actuelles, telles que la litt\u00e9rature et les d\u00e9p\u00f4ts de brevets, contiennent souvent des biais et des informations incompl\u00e8tes, ce qui peut affecter la fiabilit\u00e9 des pr\u00e9dictions.<\/p>\n\n\n\n<p class=\"has-contrast-color has-text-color has-link-color has-mdm-large-font-size wp-elements-1531def91e19d5ce8ed3d79c941e06ec\" style=\"padding-top:0;padding-right:0;padding-bottom:0;padding-left:0\">En fin de compte, l&#8217;objectif est d&#8217;affiner le processus de planification de la synth\u00e8se en combinant l&#8217;expertise traditionnelle avec des outils num\u00e9riques modernes. \u00c0 mesure que le domaine progresse, l&#8217;int\u00e9gration continue de ces technologies promet d&#8217;am\u00e9liorer l&#8217;efficacit\u00e9 et la pr\u00e9cision dans le d\u00e9veloppement de nouveaux compos\u00e9s. Pour Pfizer et des organisations similaires, cela signifie des approches plus solides et innovantes du d\u00e9veloppement pharmaceutique, ouvrant la voie \u00e0 des traitements plus efficaces et \u00e0 des avanc\u00e9es m\u00e9dicales.<\/p>\n\n\n\n<p class=\"has-contrast-color has-text-color has-link-color has-large-font-size wp-elements-04ea0c53a354fbda150045795990c38f\" style=\"padding-top:var(--wp--preset--spacing--20);padding-right:0;padding-bottom:var(--wp--preset--spacing--20);padding-left:0\">Optimisant l&#8217;efficacit\u00e9 commerciale, l&#8217;impact environnemental et favorisant la collaboration<\/p>\n\n\n\n<p class=\"has-contrast-color has-text-color has-link-color has-mdm-large-font-size wp-elements-f001bd3591054217e2cec82357916f6f\" style=\"padding-top:0;padding-right:0;padding-bottom:0;padding-left:0\">La strat\u00e9gie d\u00e9crite dans l&#8217;\u00e9tude pr\u00e9sente une approche innovante pour optimiser les voies de synth\u00e8se en \u00e9quilibrant plusieurs priorit\u00e9s, souvent contradictoires. Cette m\u00e9thode promet de r\u00e9volutionner l&#8217;industrie en facilitant une production plus rentable et en acc\u00e9l\u00e9rant le d\u00e9veloppement de nouveaux m\u00e9dicaments. En int\u00e9grant des mesures de contr\u00f4le des impuret\u00e9s plus rigoureuses dans le processus de conception, l&#8217;approche propos\u00e9e r\u00e9pond \u00e0 l&#8217;une des exigences r\u00e9glementaires les plus strictes de l&#8217;industrie, en garantissant que les compos\u00e9s ind\u00e9sirables restent ma\u00eetris\u00e9s tout au long de la synth\u00e8se. De plus, cette strat\u00e9gie s&#8217;aligne sur les objectifs environnementaux en int\u00e9grant des consid\u00e9rations telles que les risques chimiques, la r\u00e9duction des d\u00e9chets et la consommation d&#8217;\u00e9nergie, ce qui pourrait orienter les processus vers des \u00e9missions nettes nulles et r\u00e9duire les co\u00fbts globaux de production.<\/p>\n\n\n\n<p class=\"has-contrast-color has-text-color has-link-color has-mdm-large-font-size wp-elements-b444d430374bff8425ad238a8f412213\" style=\"padding-top:0;padding-right:0;padding-bottom:0;padding-left:0\">L&#8217;approche offre \u00e9galement des am\u00e9liorations significatives dans l&#8217;estimation des co\u00fbts et l&#8217;efficacit\u00e9 op\u00e9rationnelle. En int\u00e9grant des donn\u00e9es en temps r\u00e9el sur les prix des mati\u00e8res premi\u00e8res dans le processus de planification de la synth\u00e8se, les algorithmes pr\u00e9dictifs peuvent fournir des estimations de co\u00fbts plus pr\u00e9cises, permettant ainsi une meilleure planification financi\u00e8re et une optimisation des routes de production. Cette vision bas\u00e9e sur les donn\u00e9es peut r\u00e9v\u00e9ler des alternatives rentables qui, autrement, pourraient \u00eatre n\u00e9glig\u00e9es. De plus, l&#8217;approche soutient la modularisation des op\u00e9rations pharmaceutiques, permettant aux entreprises de collaborer efficacement avec des organisations de recherche, des universit\u00e9s et d&#8217;autres partenaires par le biais de l&#8217;\u00e9change contr\u00f4l\u00e9 de portions de donn\u00e9es. Cette m\u00e9thode am\u00e9liore le transfert et l&#8217;int\u00e9gration des donn\u00e9es entre diff\u00e9rentes entit\u00e9s, comblant ainsi les lacunes de connaissance et am\u00e9liorant l&#8217;efficacit\u00e9 globale du d\u00e9veloppement des processus chimiques.<\/p>\n\n\n\n<p class=\"has-contrast-color has-text-color has-link-color has-large-font-size wp-elements-cf6be0fae8ada8291191b06bbc10b9a8\" style=\"padding-top:var(--wp--preset--spacing--20);padding-right:0;padding-bottom:var(--wp--preset--spacing--20);padding-left:0\">Notre Plateforme Peut Transformer La Fa\u00e7on Dont Vous Pensez La Chimie<\/p>\n\n\n\n<p class=\"has-contrast-color has-text-color has-link-color has-mdm-large-font-size wp-elements-00a9b3c816007e56e04ca2bf2e6d111e\" style=\"padding-top:0;padding-right:0;padding-bottom:0;padding-left:0\">Notre plateforme int\u00e8gre les principes mis en avant dans le cas de Pfizer, offrant une solution num\u00e9rique compl\u00e8te qui transforme la planification des routes synth\u00e9tiques en un processus plus efficace, collaboratif et impartial. En tirant parti d&#8217;algorithmes avanc\u00e9s d&#8217;apprentissage automatique, similaires \u00e0 ASKCOS, notre plateforme traite de grandes quantit\u00e9s de donn\u00e9es pour sugg\u00e9rer des routes optimales. Cela permet de r\u00e9duire la charge intellectuelle des utilisateurs, tout en att\u00e9nuant les biais et les inefficacit\u00e9s d\u00e8s le d\u00e9but du processus.<\/p>\n\n\n\n<p class=\"has-contrast-color has-text-color has-link-color has-mdm-large-font-size wp-elements-eada38b6324c6bf47a12f7a0362a3f19\" style=\"padding-top:0;padding-right:0;padding-bottom:0;padding-left:0\">Nous offrons une interface facile \u00e0 utiliser pour la capture des id\u00e9es initiales. Des algorithmes sophistiqu\u00e9s garantissent que chaque contribution soit stock\u00e9e de mani\u00e8re centralis\u00e9e, maintenant les donn\u00e9es continuellement \u00e0 jour. Cela permet une collaboration fluide entre les scientifiques, favorisant des strat\u00e9gies de synth\u00e8se innovantes. La capacit\u00e9 de notre plateforme \u00e0 int\u00e9grer des donn\u00e9es en temps r\u00e9el, y compris les co\u00fbts et les consid\u00e9rations li\u00e9es \u00e0 l&#8217;impact environnemental, est en ad\u00e9quation avec les objectifs r\u00e9glementaires et de durabilit\u00e9 de l&#8217;industrie.<\/p>\n\n\n\n<p class=\"has-contrast-color has-text-color has-link-color has-mdm-large-font-size wp-elements-c7cd8ce814535b7a5278a82a41607042\" style=\"padding-top:0;padding-right:0;padding-bottom:0;padding-left:0\">En modulant les op\u00e9rations et en facilitant l&#8217;\u00e9change de donn\u00e9es, notre plateforme am\u00e9liore l&#8217;efficacit\u00e9 g\u00e9n\u00e9rale et soutient le d\u00e9veloppement chimique innovant. De plus, il n&#8217;est pas n\u00e9cessaire de modifier votre infrastructure num\u00e9rique pour l&#8217;adopter. Notre plateforme peut \u00eatre d\u00e9ploy\u00e9e sur vos installations, en se connectant \u00e0 tous vos syst\u00e8mes de mani\u00e8re invisible.<\/p>\n<\/div>\n<\/div>\n<\/div>\n\n\n\n<div class=\"wp-block-buttons is-content-justification-right is-layout-flex wp-container-core-buttons-is-layout-3bf5aab5 wp-block-buttons-is-layout-flex\" style=\"margin-top:var(--wp--preset--spacing--30);margin-bottom:var(--wp--preset--spacing--10)\">\n<div class=\"wp-block-button has-custom-font-size is-style-fill has-mdm-large-font-size\"><a class=\"wp-block-button__link has-base-2-color has-contrast-3-background-color has-text-color has-background has-link-color has-border-color wp-element-button\" href=\"https:\/\/www.rxnhub.com\/index.php\/fr\/cases-fra\/\" style=\"border-color:#ffffff;border-radius:5px;padding-top:5px;padding-right:var(--wp--preset--spacing--40);padding-bottom:5px;padding-left:var(--wp--preset--spacing--40)\">Retour<\/a><\/div>\n<\/div>\n<\/div>\n\n\n\n<p><\/p>\n","protected":false},"excerpt":{"rendered":"<p>Revisiter notre \u00e9tude de cas Pfizer: Principaux enseignements Dans le domaine de la chimie organique de synth\u00e8se, le processus de planification de la cr\u00e9ation de nouveaux mat\u00e9riaux est crucial et d\u00e9pend traditionnellement en grande partie de l&#8217;intellect et de la cr\u00e9ativit\u00e9 humaine. Ce processus, connu sous le nom d&#8217;analyse r\u00e9trosynth\u00e9tique, consiste \u00e0 travailler en arri\u00e8re [&hellip;]<\/p>\n","protected":false},"author":1,"featured_media":0,"parent":0,"menu_order":0,"comment_status":"closed","ping_status":"closed","template":"","meta":{"footnotes":""},"class_list":["post-1565","page","type-page","status-publish","hentry"],"_links":{"self":[{"href":"https:\/\/www.rxnhub.com\/index.php\/wp-json\/wp\/v2\/pages\/1565","targetHints":{"allow":["GET"]}}],"collection":[{"href":"https:\/\/www.rxnhub.com\/index.php\/wp-json\/wp\/v2\/pages"}],"about":[{"href":"https:\/\/www.rxnhub.com\/index.php\/wp-json\/wp\/v2\/types\/page"}],"author":[{"embeddable":true,"href":"https:\/\/www.rxnhub.com\/index.php\/wp-json\/wp\/v2\/users\/1"}],"replies":[{"embeddable":true,"href":"https:\/\/www.rxnhub.com\/index.php\/wp-json\/wp\/v2\/comments?post=1565"}],"version-history":[{"count":9,"href":"https:\/\/www.rxnhub.com\/index.php\/wp-json\/wp\/v2\/pages\/1565\/revisions"}],"predecessor-version":[{"id":1795,"href":"https:\/\/www.rxnhub.com\/index.php\/wp-json\/wp\/v2\/pages\/1565\/revisions\/1795"}],"wp:attachment":[{"href":"https:\/\/www.rxnhub.com\/index.php\/wp-json\/wp\/v2\/media?parent=1565"}],"curies":[{"name":"wp","href":"https:\/\/api.w.org\/{rel}","templated":true}]}}