
{"id":1566,"date":"2024-11-18T19:07:27","date_gmt":"2024-11-18T19:07:27","guid":{"rendered":"https:\/\/www.rxnhub.com\/?page_id=1566"},"modified":"2024-11-18T19:07:27","modified_gmt":"2024-11-18T19:07:27","slug":"case-4-esp","status":"publish","type":"page","link":"https:\/\/www.rxnhub.com\/index.php\/es\/case-4-esp\/","title":{"rendered":"Case 4 ESP"},"content":{"rendered":"\n<div class=\"wp-block-group has-global-padding is-layout-constrained wp-block-group-is-layout-constrained\" style=\"margin-top:0;margin-bottom:0;padding-top:var(--wp--preset--spacing--20);padding-bottom:var(--wp--preset--spacing--20)\">\n<div class=\"wp-block-columns has-base-2-background-color has-background is-layout-flex wp-container-core-columns-is-layout-34bedc32 wp-block-columns-is-layout-flex\" style=\"border-radius:8px;margin-top:0;margin-bottom:0;padding-top:0;padding-right:0;padding-bottom:0;padding-left:0\">\n<div class=\"wp-block-column wow animate__animated animate__fadeInUp is-layout-flow wp-block-column-is-layout-flow\">\n<div class=\"wp-block-group has-global-padding is-layout-constrained wp-container-core-group-is-layout-72190d31 wp-block-group-is-layout-constrained\" style=\"margin-top:0;margin-bottom:0;padding-top:0;padding-right:0;padding-bottom:0;padding-left:0\">\n<p class=\"has-contrast-color has-text-color has-link-color has-large-font-size wp-elements-ec61d506c0d814f150563b3e49d29e9b\" style=\"padding-top:var(--wp--preset--spacing--40);padding-right:0;padding-bottom:var(--wp--preset--spacing--20);padding-left:0;font-style:normal;font-weight:600\">Revisando Nuestro Caso de Estudio con Pfizer: Conclusiones Clave<\/p>\n<\/div>\n\n\n\n<div class=\"wp-block-group has-global-padding is-layout-constrained wp-container-core-group-is-layout-72190d31 wp-block-group-is-layout-constrained\" style=\"margin-top:0;margin-bottom:0;padding-top:0;padding-right:0;padding-bottom:0;padding-left:0\">\n<p class=\"has-contrast-color has-text-color has-link-color has-mdm-large-font-size wp-elements-c4813e7e855abdf2b41f50ac29654fb8\" style=\"padding-top:0;padding-right:0;padding-bottom:0;padding-left:0\">En el mundo de la qu\u00edmica org\u00e1nica sint\u00e9tica, el proceso de planificar c\u00f3mo crear nuevos materiales es crucial, y tradicionalmente depende en gran medida del intelecto y la creatividad humana. Este proceso, conocido como an\u00e1lisis retrosint\u00e9tico, implica trabajar hacia atr\u00e1s a partir de un compuesto deseado para determinar la mejor ruta de s\u00edntesis. Aunque los qu\u00edmicos han empleado esta t\u00e9cnica durante mucho tiempo, usando discusiones colaborativas o lluvias de ideas, esta sigue siendo una tarea compleja llena de desaf\u00edos. Las limitaciones de la capacidad humana para gestionar grandes cantidades de datos pueden introducir sesgos e ineficiencias al momento de seleccionar la ruta de s\u00edntesis \u00f3ptima.<\/p>\n\n\n\n<p class=\"has-contrast-color has-text-color has-link-color has-mdm-large-font-size wp-elements-870ddaec8b39e7ac070881aab7e42ab4\" style=\"padding-top:0;padding-right:0;padding-bottom:0;padding-left:0\">Los recientes avances en la tecnolog\u00eda digital, particularmente en el sector farmac\u00e9utico, est\u00e1n transformando este enfoque tradicional. El desarrollo de herramientas digitales innovadoras est\u00e1 agilizando el proceso de planificaci\u00f3n, ofreciendo plataformas m\u00e1s colaborativas y objetivas, para una mejor toma de decisiones. Esto se ejemplifica con el caso de Pfizer y su uso en la s\u00edntesis de Lotiglipron [<a href=\"https:\/\/doi.org\/10.1039\/D4DD00120F\">https:\/\/doi.org\/10.1039\/D4DD00120F<\/a>], un f\u00e1rmaco que actualmente est\u00e1 en desarrollo. La integraci\u00f3n de soluciones digitales tiene como objetivo capturar y utilizar el conocimiento colectivo de los cient\u00edficos de manera m\u00e1s efectiva, reduciendo la dependencia del esfuerzo humano individual y mitigando los sesgos inconscientes.<\/p>\n\n\n\n<p class=\"has-contrast-color has-text-color has-link-color has-mdm-large-font-size wp-elements-5219e56379ca27863f0af12862ef56d8\" style=\"padding-top:0;padding-right:0;padding-bottom:0;padding-left:0\">El proceso comienza con la captura de ideas iniciales de los qu\u00edmicos mediante interfaces digitales f\u00e1ciles de usar. Estas ideas se enriquecen y transforman a trav\u00e9s de algoritmos sofisticados antes de ser almacenadas en un sistema centralizado. En el caso de Pfizer, el sistema permiti\u00f3 la actualizaci\u00f3n continua de los datos, a\u00f1adiendo y conectando nuevas ideas, garantizando que la base de conocimientos creciera y se mantuviera actualizada y completa.<\/p>\n\n\n\n<div class=\"wp-block-group has-global-padding is-layout-constrained wp-block-group-is-layout-constrained\" style=\"padding-top:var(--wp--preset--spacing--40);padding-bottom:var(--wp--preset--spacing--10)\">\n<figure class=\"wp-block-image aligncenter size-large is-resized\"><img loading=\"lazy\" decoding=\"async\" width=\"1024\" height=\"682\" src=\"https:\/\/www.rxnhub.com\/wp-content\/uploads\/2024\/07\/Designs-UI-09-1024x682.png\" alt=\"\" class=\"wp-image-780\" style=\"box-shadow:var(--wp--preset--shadow--natural);width:600px\" srcset=\"https:\/\/www.rxnhub.com\/wp-content\/uploads\/2024\/07\/Designs-UI-09-1024x682.png 1024w, https:\/\/www.rxnhub.com\/wp-content\/uploads\/2024\/07\/Designs-UI-09-300x200.png 300w, https:\/\/www.rxnhub.com\/wp-content\/uploads\/2024\/07\/Designs-UI-09-768x512.png 768w, https:\/\/www.rxnhub.com\/wp-content\/uploads\/2024\/07\/Designs-UI-09.png 1280w\" sizes=\"auto, (max-width: 1024px) 100vw, 1024px\" \/><\/figure>\n<\/div>\n\n\n\n<p class=\"has-text-align-center has-contrast-2-color has-text-color has-link-color has-sml-medium-font-size wp-elements-fb2776bb65cabb817ad29f9b7a668c9c\" style=\"padding-top:0;padding-right:var(--wp--preset--spacing--30);padding-bottom:0;padding-left:var(--wp--preset--spacing--30)\">Figure 1: Research article published by Digital Discovery (RSC 2024), <a href=\"https:\/\/pubs.rsc.org\/en\/content\/articlelanding\/2024\/dd\/d4dd00120f\" data-type=\"link\" data-id=\"https:\/\/pubs.rsc.org\/en\/content\/articlelanding\/2024\/dd\/d4dd00120f\">available here<\/a>.<\/p>\n\n\n\n<p class=\"has-contrast-color has-text-color has-link-color has-mdm-large-font-size wp-elements-9fd1e3643b6b8793ac67cbeb08f3aea9\" style=\"padding-top:0;padding-right:0;padding-bottom:0;padding-left:0\">Una de las herramientas digitales clave en este esfuerzo es ASKCOS, un software basado en aprendizaje autom\u00e1tico desarrollado por el consorcio Machine Learning for Pharmaceutical Discovery and Synthesis (MLPDS). ASKCOS ayuda a generar rutas de s\u00edntesis potenciales procesando una amplia variedad de datos qu\u00edmicos. Aunque esta herramienta proporciona valiosas perspectivas, no est\u00e1 exenta de limitaciones. Para mol\u00e9culas complejas como el Lotiglipron, que involucra transformaciones intrincadas y condiciones qu\u00edmicas espec\u00edficas, las predicciones del software a menudo requieren un ajuste manual para garantizar su viabilidad pr\u00e1ctica. El desaf\u00edo radica en filtrar las sugerencias menos relevantes y centrarse en las rutas m\u00e1s prometedoras.<\/p>\n\n\n\n<p class=\"has-contrast-color has-text-color has-link-color has-mdm-large-font-size wp-elements-896c25eff3d73eecd072a04b856f3d3a\" style=\"padding-top:0;padding-right:0;padding-bottom:0;padding-left:0\">En la pr\u00e1ctica, integrar los conocimientos humanos con los datos generados por algoritmos es esencial. Para el caso de Lotiglipron de Pfizer, el equipo combin\u00f3 rutas seleccionadas manualmente con aquellas sugeridas por ASKCOS, lo que result\u00f3 en un grupo m\u00e1s amplio de ideas. Este enfoque h\u00edbrido tiene como objetivo aprovechar las fortalezas tanto de la creatividad humana como del poder computacional. Sin embargo, la efectividad de estos algoritmos depende significativamente de la calidad y el alcance de los datos con los que se entrenan. Las fuentes de datos actuales, como la literatura y los repositorios de patentes, a menudo contienen sesgos e informaci\u00f3n incompleta, lo que puede afectar la fiabilidad de las predicciones.<\/p>\n\n\n\n<p class=\"has-contrast-color has-text-color has-link-color has-mdm-large-font-size wp-elements-ac3f69ae5296233ea162f1d2274df251\" style=\"padding-top:0;padding-right:0;padding-bottom:0;padding-left:0\">En \u00faltima instancia, el objetivo es perfeccionar el proceso de planificaci\u00f3n de s\u00edntesis combinando la experiencia tradicional con herramientas digitales modernas. A medida que el campo avanza, la integraci\u00f3n continua de estas tecnolog\u00edas promete mejorar la eficiencia y precisi\u00f3n en el desarrollo de nuevos compuestos. Para Pfizer y organizaciones similares, esto significa enfoques m\u00e1s s\u00f3lidos e innovadores para el desarrollo farmac\u00e9utico, allanando el camino hacia tratamientos m\u00e1s efectivos y avances en la medicina.<\/p>\n\n\n\n<p class=\"has-contrast-color has-text-color has-link-color has-large-font-size wp-elements-f921ef83651a487852900c421f6e05f0\" style=\"padding-top:var(--wp--preset--spacing--20);padding-right:0;padding-bottom:var(--wp--preset--spacing--20);padding-left:0\">Optimizando la eficiencia comercial, el impacto ambiental y fomentando la colaboraci\u00f3n<\/p>\n\n\n\n<p class=\"has-contrast-color has-text-color has-link-color has-mdm-large-font-size wp-elements-6b72fb05af5befaf525109cbac3be834\" style=\"padding-top:0;padding-right:0;padding-bottom:0;padding-left:0\">La estrategia descrita en el estudio presenta un enfoque innovador para optimizar las rutas sint\u00e9ticas al equilibrar m\u00faltiples prioridades, a menudo conflictivas. Este m\u00e9todo promete revolucionar la industria al facilitar una producci\u00f3n m\u00e1s rentable y acelerar el desarrollo de nuevos medicamentos. Al integrar medidas m\u00e1s exhaustivas de control de impurezas durante el proceso de dise\u00f1o, el enfoque propuesto aborda uno de los estrictos requisitos regulatorios de la industria, garantizando que los compuestos no deseados se mantengan bajo control durante toda la s\u00edntesis. Adem\u00e1s, esta estrategia se alinea con los objetivos ambientales al incorporar consideraciones como los riesgos qu\u00edmicos, la minimizaci\u00f3n de residuos y el consumo de energ\u00eda, lo que podr\u00eda orientar los procesos hacia emisiones netas cero y reducir los costos generales de producci\u00f3n.<\/p>\n\n\n\n<p class=\"has-contrast-color has-text-color has-link-color has-mdm-large-font-size wp-elements-d132e2096956948efe514d655b69272b\" style=\"padding-top:0;padding-right:0;padding-bottom:0;padding-left:0\">El enfoque tambi\u00e9n ofrece mejoras significativas en la estimaci\u00f3n de costos y la eficiencia operativa. Al integrar datos de precios en tiempo real de materias primas en el proceso de planificaci\u00f3n de la s\u00edntesis, los algoritmos predictivos pueden proporcionar estimaciones de costos m\u00e1s precisas, lo que permite una mejor planificaci\u00f3n financiera y optimizaci\u00f3n de las rutas de producci\u00f3n. Esta visi\u00f3n basada en datos puede revelar alternativas rentables que, de otro modo, podr\u00edan pasarse por alto. Adem\u00e1s, el enfoque apoya la modularizaci\u00f3n de las operaciones farmac\u00e9uticas, permitiendo que las empresas colaboren de manera eficiente con organizaciones de investigaci\u00f3n, universidades y otros socios mediante el intercambio controlado de porciones de datos. Este m\u00e9todo mejora la transferencia e integraci\u00f3n de datos entre diferentes entidades, cerrando brechas en el conocimiento y mejorando la eficiencia general del desarrollo de procesos qu\u00edmicos.<\/p>\n\n\n\n<p class=\"has-contrast-color has-text-color has-link-color has-large-font-size wp-elements-d34dc7a2a52c1d51ed3f21afc4cfc757\" style=\"padding-top:var(--wp--preset--spacing--20);padding-right:0;padding-bottom:var(--wp--preset--spacing--20);padding-left:0\">Nuestra Plataforma Puede Transformar La Forma En Que Piensas Qu\u00edmica<\/p>\n\n\n\n<p class=\"has-contrast-color has-text-color has-link-color has-mdm-large-font-size wp-elements-5fbcb4ddc7cb8d66623e15afca269f1a\" style=\"padding-top:0;padding-right:0;padding-bottom:0;padding-left:0\">Nuestra plataforma incorpora los principios destacados en el caso de Pfizer, ofreciendo una soluci\u00f3n digital integral que transforma la planificaci\u00f3n de rutas sint\u00e9ticas en un proceso m\u00e1s eficiente, colaborativo e imparcial. Al aprovechar algoritmos avanzados de aprendizaje autom\u00e1tico, similares a ASKCOS, nuestra plataforma procesa grandes cantidades de datos para sugerir rutas \u00f3ptimas. Esto ayuda a reducir la carga intelectual de las personas, mitigando sesgos e ineficiencias desde el inicio del proceso.<\/p>\n\n\n\n<p class=\"has-contrast-color has-text-color has-link-color has-mdm-large-font-size wp-elements-d71de5967ea7688cd15d41d2e5ce3f1e\" style=\"padding-top:0;padding-right:0;padding-bottom:0;padding-left:0\">Ofrecemos una interfaz f\u00e1cil de usar para la captura de ideas iniciales. Sofisticados algoritmos aseguran que cada contribuci\u00f3n se almacene de forma centralizada, manteniendo los datos actualizados de manera continua. Esto permite una colaboraci\u00f3n fluida entre cient\u00edficos, fomentando estrategias de s\u00edntesis innovadoras. La capacidad de nuestra plataforma para incorporar datos en tiempo real, incluidos los costos y las consideraciones sobre el impacto ambiental, est\u00e1 alineada con los objetivos regulatorios y de sostenibilidad de la industria.<\/p>\n\n\n\n<p class=\"has-contrast-color has-text-color has-link-color has-mdm-large-font-size wp-elements-2d3dcc41d7916db48156ba806d9b3430\" style=\"padding-top:0;padding-right:0;padding-bottom:0;padding-left:0\">Al modularizar las operaciones y facilitar el intercambio de datos, nuestra plataforma mejora la eficiencia general y apoya el desarrollo qu\u00edmico innovador. Adem\u00e1s, no es necesario modificar su infraestructura digital para adaptarse a ella. Nuestra plataforma puede ser implementada en sus instalaciones, conect\u00e1ndose a todos sus sistemas de manera invisible.<\/p>\n<\/div>\n<\/div>\n<\/div>\n\n\n\n<div class=\"wp-block-buttons is-content-justification-right is-layout-flex wp-container-core-buttons-is-layout-3bf5aab5 wp-block-buttons-is-layout-flex\" style=\"margin-top:var(--wp--preset--spacing--30);margin-bottom:var(--wp--preset--spacing--10)\">\n<div class=\"wp-block-button has-custom-font-size is-style-fill has-mdm-large-font-size\"><a class=\"wp-block-button__link has-base-2-color has-contrast-3-background-color has-text-color has-background has-link-color has-border-color wp-element-button\" href=\"https:\/\/www.rxnhub.com\/index.php\/es\/cases-esp\/\" style=\"border-color:#ffffff;border-radius:5px;padding-top:5px;padding-right:var(--wp--preset--spacing--40);padding-bottom:5px;padding-left:var(--wp--preset--spacing--40)\">Regresar<\/a><\/div>\n<\/div>\n<\/div>\n\n\n\n<p><\/p>\n","protected":false},"excerpt":{"rendered":"<p>Revisando Nuestro Caso de Estudio con Pfizer: Conclusiones Clave En el mundo de la qu\u00edmica org\u00e1nica sint\u00e9tica, el proceso de planificar c\u00f3mo crear nuevos materiales es crucial, y tradicionalmente depende en gran medida del intelecto y la creatividad humana. Este proceso, conocido como an\u00e1lisis retrosint\u00e9tico, implica trabajar hacia atr\u00e1s a partir de un compuesto deseado [&hellip;]<\/p>\n","protected":false},"author":1,"featured_media":0,"parent":0,"menu_order":0,"comment_status":"closed","ping_status":"closed","template":"","meta":{"footnotes":""},"class_list":["post-1566","page","type-page","status-publish","hentry"],"_links":{"self":[{"href":"https:\/\/www.rxnhub.com\/index.php\/wp-json\/wp\/v2\/pages\/1566","targetHints":{"allow":["GET"]}}],"collection":[{"href":"https:\/\/www.rxnhub.com\/index.php\/wp-json\/wp\/v2\/pages"}],"about":[{"href":"https:\/\/www.rxnhub.com\/index.php\/wp-json\/wp\/v2\/types\/page"}],"author":[{"embeddable":true,"href":"https:\/\/www.rxnhub.com\/index.php\/wp-json\/wp\/v2\/users\/1"}],"replies":[{"embeddable":true,"href":"https:\/\/www.rxnhub.com\/index.php\/wp-json\/wp\/v2\/comments?post=1566"}],"version-history":[{"count":9,"href":"https:\/\/www.rxnhub.com\/index.php\/wp-json\/wp\/v2\/pages\/1566\/revisions"}],"predecessor-version":[{"id":1794,"href":"https:\/\/www.rxnhub.com\/index.php\/wp-json\/wp\/v2\/pages\/1566\/revisions\/1794"}],"wp:attachment":[{"href":"https:\/\/www.rxnhub.com\/index.php\/wp-json\/wp\/v2\/media?parent=1566"}],"curies":[{"name":"wp","href":"https:\/\/api.w.org\/{rel}","templated":true}]}}