
{"id":1687,"date":"2024-11-18T12:41:40","date_gmt":"2024-11-18T12:41:40","guid":{"rendered":"https:\/\/www.rxnhub.com\/?page_id=1687"},"modified":"2024-11-18T16:03:08","modified_gmt":"2024-11-18T16:03:08","slug":"access-for-academia-esp","status":"publish","type":"page","link":"https:\/\/www.rxnhub.com\/index.php\/es\/access-for-academia-esp\/","title":{"rendered":"Access for Academia ESP"},"content":{"rendered":"\n<div class=\"wp-block-cover is-light has-parallax\" style=\"margin-top:0;margin-bottom:0;padding-top:0;padding-right:0;padding-bottom:0;padding-left:0;min-height:193px;aspect-ratio:unset;\"><span aria-hidden=\"true\" class=\"wp-block-cover__background has-base-2-background-color has-background-dim-100 has-background-dim\"><\/span><div class=\"wp-block-cover__image-background wp-image-6 has-parallax\" style=\"background-position:50% 50%;background-image:url(https:\/\/www.rxnhub.com\/wp-content\/themes\/agencygrove\/assets\/images\/patterns.webp)\"><\/div><div class=\"wp-block-cover__inner-container is-layout-flow wp-block-cover-is-layout-flow\">\n<div class=\"wp-block-group is-layout-flow wp-block-group-is-layout-flow\" style=\"margin-top:0;margin-bottom:0;padding-top:0;padding-right:0;padding-bottom:0;padding-left:0\">\n<p class=\"has-text-align-center has-contrast-color has-text-color has-link-color has-x-large-font-size wp-elements-91579b66c5c0f2c9d89a9c07de939b9c\" style=\"padding-top:var(--wp--preset--spacing--50);font-style:normal;font-weight:600\">Acceso para Aprendizaje e Investigaci\u00f3n Acad\u00e9mica<\/p>\n\n\n\n<div class=\"wp-block-group has-global-padding is-layout-constrained wp-container-core-group-is-layout-9cb65369 wp-block-group-is-layout-constrained\" style=\"margin-top:0;margin-bottom:0;padding-top:var(--wp--preset--spacing--20);padding-right:0;padding-bottom:var(--wp--preset--spacing--20);padding-left:0\">\n<div class=\"wp-block-columns has-base-2-background-color has-background is-layout-flex wp-container-core-columns-is-layout-34bedc32 wp-block-columns-is-layout-flex\" style=\"border-radius:8px;margin-top:0;margin-bottom:0;padding-top:0;padding-right:0;padding-bottom:0;padding-left:0\">\n<div class=\"wp-block-column wow animate__animated animate__fadeInUp is-layout-flow wp-block-column-is-layout-flow\">\n<div class=\"wp-block-group has-global-padding is-layout-constrained wp-container-core-group-is-layout-72190d31 wp-block-group-is-layout-constrained\" style=\"margin-top:0;margin-bottom:0;padding-top:0;padding-right:0;padding-bottom:0;padding-left:0\">\n<p class=\"has-contrast-color has-text-color has-link-color has-mdm-large-font-size wp-elements-4d1e4b529d5a6136d6dc19b2d0e3d976\" style=\"padding-top:0;padding-right:var(--wp--preset--spacing--30);padding-bottom:0;padding-left:var(--wp--preset--spacing--30)\">Ofrecemos tres tipos de cuentas acad\u00e9micas para aprendizaje e investigaci\u00f3n, destinadas a uso no-comercial. Cada cuenta proporciona acceso a nuestro repositorio de datos abiertos, con opciones de hosting en la nube o implementaci\u00f3n local. Estas cuentas son ideales para la ense\u00f1anza, el intercambio y la colaboraci\u00f3n en grupos de estudiantes, as\u00ed como para proyectos de investigaci\u00f3n individuales.<\/p>\n\n\n\n<p class=\"has-contrast-color has-text-color has-link-color has-large-font-size wp-elements-7600c922ce1accca673389029f4a9f6a\" style=\"padding-top:0;padding-right:var(--wp--preset--spacing--30);padding-bottom:0;padding-left:var(--wp--preset--spacing--30);font-style:normal;font-weight:600\">Para Aprendizaje:<\/p>\n\n\n\n<p class=\"has-contrast-color has-text-color has-link-color has-mdm-large-font-size wp-elements-fb55fef2eda6bfe302fa6e4b33da1152\" style=\"padding-top:0;padding-right:var(--wp--preset--spacing--30);padding-bottom:0;padding-left:var(--wp--preset--spacing--30)\">Ofrecemos un sistema en l\u00ednea dise\u00f1ado para estudiantes, educadores, investigadores y cualquier persona interesada en el campo de la qu\u00edmica.<\/p>\n\n\n\n<ul style=\"padding-right:var(--wp--preset--spacing--40);padding-left:var(--wp--preset--spacing--40)\" class=\"wp-block-list has-contrast-color has-text-color has-link-color has-mdm-large-font-size wp-elements-ed3570797f1b895c84add867db6439b1\">\n<li>Un espacio para crear rutas de sintesis, evaluarlas, e implementar entrenamientos grupales con ejercicios de retros\u00edntesis.<\/li>\n\n\n\n<li>Acceso a herramientas de Chemi-inform\u00e1tica para aprender a buscar y dise\u00f1ar nuevas mol\u00e9culas de forma digital, con la posibilidad de integrar tus propios scripts.<\/li>\n\n\n\n<li>Un espacio para conectarte a herramientas de retros\u00edntesis e integrar predicciones en el an\u00e1lisis.<\/li>\n<\/ul>\n\n\n\n<p class=\"has-contrast-color has-text-color has-link-color has-large-font-size wp-elements-13b7304b25775c65dd617752c8955262\" style=\"padding-top:0;padding-right:var(--wp--preset--spacing--30);padding-bottom:0;padding-left:var(--wp--preset--spacing--30);font-style:normal;font-weight:600\">Para Investigaci\u00f3n:<\/p>\n\n\n\n<ul style=\"padding-right:var(--wp--preset--spacing--40);padding-left:var(--wp--preset--spacing--40)\" class=\"wp-block-list has-contrast-color has-text-color has-link-color has-mdm-large-font-size wp-elements-c8864259e0b25c452d1b643c7df3881b\">\n<li>Explora las tendencias actuales y descubre nuevas \u00e1reas en el espacio qu\u00edmico.<\/li>\n\n\n\n<li>Accede y contribuye a la base de conocimiento global, depositando tus propios datos y compartiendo con otros acad\u00e9micos y socios industriales.<\/li>\n\n\n\n<li>Acelera la s\u00edntesis conectando predicciones de retros\u00edntesis, y contrast\u00e1ndolas con rutas publicadas.<\/li>\n\n\n\n<li>Desarrolla tus propios scripts y herramientas digitales para explorar el universo de datos, utilizando nuestras APIs que son totalmente accesibles para todos<\/li>\n<\/ul>\n<\/div>\n<\/div>\n<\/div>\n<\/div>\n<\/div>\n<\/div><\/div>\n\n\n\n<div class=\"wp-block-group has-global-padding is-layout-constrained wp-container-core-group-is-layout-32eb6460 wp-block-group-is-layout-constrained\" style=\"border-style:none;border-width:0px;margin-top:0;margin-bottom:0;padding-top:0;padding-right:0;padding-bottom:var(--wp--preset--spacing--50);padding-left:0\">\n<div class=\"wp-block-group has-global-padding is-layout-constrained wp-container-core-group-is-layout-e65b050f wp-block-group-is-layout-constrained\" style=\"margin-top:var(--wp--preset--spacing--10);margin-bottom:var(--wp--preset--spacing--10);padding-top:0;padding-right:0;padding-bottom:0;padding-left:0\">\n<p class=\"has-text-align-center has-contrast-color has-text-color has-link-color wp-elements-23cca322167f09b55026f1da2eb8fef6\" style=\"font-size:clamp(20px, 1.25rem + ((1vw - 3.2px) * 1.463), 32px);font-style:normal;font-weight:600\">Elige tu Plan<\/p>\n<\/div>\n\n\n\n<div class=\"wp-block-columns is-layout-flex wp-container-core-columns-is-layout-24e1f923 wp-block-columns-is-layout-flex\" style=\"padding-top:var(--wp--preset--spacing--20);padding-right:0;padding-bottom:var(--wp--preset--spacing--20);padding-left:0\">\n<div class=\"wp-block-column is-vertically-aligned-top is-layout-flow wp-block-column-is-layout-flow\">\n<div class=\"wp-block-group has-contrast-3-background-color has-background has-global-padding is-layout-constrained wp-container-core-group-is-layout-1131737d wp-block-group-is-layout-constrained\" style=\"border-top-left-radius:8px;border-top-right-radius:8px;border-bottom-left-radius:0px;border-bottom-right-radius:0px;margin-top:0;margin-bottom:0;padding-top:var(--wp--preset--spacing--20);padding-right:var(--wp--preset--spacing--20);padding-bottom:var(--wp--preset--spacing--20);padding-left:var(--wp--preset--spacing--20)\">\n<p class=\"has-text-align-center has-text-color has-link-color wp-elements-07fece0690388d6a40f4644d56579440\" style=\"color:#a7ca00;font-size:clamp(15.747px, 0.984rem + ((1vw - 3.2px) * 1.006), 24px);\"><strong>Individual<\/strong><\/p>\n\n\n\n<p class=\"has-text-align-center has-base-2-color has-text-color has-link-color wp-elements-ec7435a9b1a6b6d6f80d9b3c4ba60884\" style=\"font-size:clamp(18.959px, 1.185rem + ((1vw - 3.2px) * 1.346), 30px);font-style:normal;font-weight:700\">$0\/<sup><mark style=\"background-color:rgba(0, 0, 0, 0)\" class=\"has-inline-color has-base-2-color\">Year<\/mark><\/sup><\/p>\n\n\n\n<p class=\"has-text-align-center has-base-color has-text-color has-link-color wp-elements-2b80ba89071e1bf9245c0211e0e6ccfd\" style=\"padding-top:0;padding-right:var(--wp--preset--spacing--10);padding-bottom:0;padding-left:var(--wp--preset--spacing--10)\">Una cuenta b\u00e1sica, \u00fatil para probar las capacidades de nuestra plataforma, con acceso al repositorio de acceso abierto y la opci\u00f3n de probar algunas funciones avanzadas<\/p>\n<\/div>\n\n\n\n<div class=\"wp-block-group has-background has-global-padding is-layout-constrained wp-block-group-is-layout-constrained\" style=\"border-bottom-left-radius:8px;border-bottom-right-radius:8px;background-color:#e5e5e5;margin-top:0;margin-bottom:0;padding-top:0;padding-bottom:var(--wp--preset--spacing--30)\">\n<div class=\"wp-block-group has-contrast-color has-text-color has-background has-link-color has-sml-medium-font-size wp-elements-f90371bd7842c0bc4af61a7433cc5642 is-content-justification-center is-nowrap is-layout-flex wp-container-core-group-is-layout-ebab14d4 wp-block-group-is-layout-flex\" style=\"border-top-left-radius:0px;border-top-right-radius:0px;border-bottom-left-radius:8px;border-bottom-right-radius:8px;background-color:#e5e5e5;margin-top:0;margin-bottom:0;padding-top:var(--wp--preset--spacing--20);padding-right:var(--wp--preset--spacing--10);padding-bottom:var(--wp--preset--spacing--20);padding-left:var(--wp--preset--spacing--10)\">\n<ol style=\"margin-top:var(--wp--preset--spacing--10);margin-right:var(--wp--preset--spacing--20);margin-bottom:var(--wp--preset--spacing--10);margin-left:var(--wp--preset--spacing--20);padding-top:var(--wp--preset--spacing--10);padding-right:var(--wp--preset--spacing--10);padding-bottom:var(--wp--preset--spacing--10);padding-left:var(--wp--preset--spacing--10);line-height:2.1\" class=\"wp-block-list has-contrast-color has-text-color has-link-color has-sml-medium-font-size wp-elements-0bc33955f0b250ec180fd0676abb4291\">\n<li class=\"has-sml-medium-font-size\">Usuario \u00fanico<\/li>\n\n\n\n<li>Acad\u00e9mico, uso no comercial<\/li>\n\n\n\n<li>Sin acceso a la API<\/li>\n\n\n\n<li>No puede crear ni unirse a equipos<\/li>\n\n\n\n<li>Instancia de base de datos compartida<\/li>\n\n\n\n<li class=\"has-sml-medium-font-size\">Almacenamiento de datos p\u00fablico<\/li>\n<\/ol>\n<\/div>\n\n\n\n<div class=\"wp-block-buttons is-content-justification-center is-layout-flex wp-container-core-buttons-is-layout-a89b3969 wp-block-buttons-is-layout-flex\">\n<div class=\"wp-block-button\"><a class=\"wp-block-button__link has-base-2-color has-contrast-3-background-color has-text-color has-background has-link-color wp-element-button\" href=\"https:\/\/www.rxnhub.com\/index.php\/es\/create-an-account-esp\/\" style=\"border-radius:6px;padding-top:6px;padding-bottom:6px\">Elige este plan<\/a><\/div>\n<\/div>\n<\/div>\n<\/div>\n\n\n\n<div class=\"wp-block-column is-vertically-aligned-top is-layout-flow wp-block-column-is-layout-flow\">\n<div class=\"wp-block-group has-contrast-3-background-color has-background has-global-padding is-layout-constrained wp-container-core-group-is-layout-1131737d wp-block-group-is-layout-constrained\" style=\"border-top-left-radius:8px;border-top-right-radius:8px;border-bottom-left-radius:0px;border-bottom-right-radius:0px;margin-top:0;margin-bottom:0;padding-top:var(--wp--preset--spacing--20);padding-right:var(--wp--preset--spacing--20);padding-bottom:var(--wp--preset--spacing--20);padding-left:var(--wp--preset--spacing--20)\">\n<p class=\"has-text-align-center has-text-color has-link-color wp-elements-d373db7a858c914c28a7445ce03f508b\" style=\"color:#a7ca00;font-size:clamp(15.747px, 0.984rem + ((1vw - 3.2px) * 1.006), 24px);\"><strong>Small Group<\/strong><\/p>\n\n\n\n<p class=\"has-text-align-center has-base-2-color has-text-color has-link-color wp-elements-06d7b79097b3c7c21d490a1569d11f63\" style=\"font-size:clamp(18.959px, 1.185rem + ((1vw - 3.2px) * 1.346), 30px);font-style:normal;font-weight:700\">desde $125\/<sup><mark style=\"background-color:rgba(0, 0, 0, 0)\" class=\"has-inline-color has-base-2-color\">mes<\/mark><\/sup><\/p>\n\n\n\n<p class=\"has-text-align-center has-base-color has-text-color has-link-color wp-elements-153b8280683c83eb4589c8c36b002622\" style=\"padding-right:var(--wp--preset--spacing--10);padding-left:var(--wp--preset--spacing--10)\">Adecuada para un peque\u00f1o grupo de investigaci\u00f3n (un solo equipo con hasta 10 usuarios), con acceso b\u00e1sico a la API para interrogar el repositorio de acceso abierto<\/p>\n<\/div>\n\n\n\n<div class=\"wp-block-group has-background has-global-padding is-layout-constrained wp-block-group-is-layout-constrained\" style=\"border-bottom-left-radius:8px;border-bottom-right-radius:8px;background-color:#e5e5e5;margin-top:0;margin-bottom:0;padding-top:0;padding-bottom:var(--wp--preset--spacing--30)\">\n<div class=\"wp-block-group has-background has-sml-medium-font-size is-content-justification-center is-nowrap is-layout-flex wp-container-core-group-is-layout-ebab14d4 wp-block-group-is-layout-flex\" style=\"border-top-left-radius:0px;border-top-right-radius:0px;border-bottom-left-radius:8px;border-bottom-right-radius:8px;background-color:#e5e5e5;margin-top:0;margin-bottom:0;padding-top:var(--wp--preset--spacing--20);padding-right:var(--wp--preset--spacing--10);padding-bottom:var(--wp--preset--spacing--20);padding-left:var(--wp--preset--spacing--10)\">\n<ol style=\"margin-top:var(--wp--preset--spacing--10);margin-right:var(--wp--preset--spacing--20);margin-bottom:var(--wp--preset--spacing--10);margin-left:var(--wp--preset--spacing--20);padding-top:var(--wp--preset--spacing--10);padding-right:var(--wp--preset--spacing--10);padding-bottom:var(--wp--preset--spacing--10);padding-left:var(--wp--preset--spacing--10);line-height:2.1\" class=\"wp-block-list has-contrast-color has-text-color has-link-color has-sml-medium-font-size wp-elements-13a7031316450da96d4649e3f3b6ba9e\">\n<li class=\"has-sml-medium-font-size\">Hasta 10 usuarios, con consola de gesti\u00f3n b\u00e1sica de usuarios<\/li>\n\n\n\n<li>Acad\u00e9mico, para uso no comercial<\/li>\n\n\n\n<li>Acceso al marketplace de RxnHub<\/li>\n\n\n\n<li>Acceso b\u00e1sico a la API, para interrogar el repositorio abierto y tus propios datos<\/li>\n\n\n\n<li>No puede crear ni unirse a grupos<\/li>\n\n\n\n<li>Puede crear proyectos ilimitados (sin funciones de grupo)<\/li>\n\n\n\n<li>Instancia de base de datos compartida<\/li>\n\n\n\n<li>Acceso a base de datos intermedia, para validar las contribuciones antes de guardar<\/li>\n\n\n\n<li>Almacenamiento m\u00e1ximo de datos privados de 2GB<\/li>\n<\/ol>\n<\/div>\n\n\n\n<div class=\"wp-block-buttons is-content-justification-center is-layout-flex wp-container-core-buttons-is-layout-a89b3969 wp-block-buttons-is-layout-flex\">\n<div class=\"wp-block-button\"><a class=\"wp-block-button__link has-base-2-color has-contrast-3-background-color has-text-color has-background has-link-color wp-element-button\" href=\"https:\/\/www.rxnhub.com\/index.php\/es\/create-an-account-esp\/\" style=\"border-radius:6px;padding-top:6px;padding-bottom:6px\">Elige este plan<\/a><\/div>\n<\/div>\n<\/div>\n<\/div>\n\n\n\n<div class=\"wp-block-column is-vertically-aligned-top is-layout-flow wp-block-column-is-layout-flow\">\n<div class=\"wp-block-group has-contrast-3-background-color has-background has-global-padding is-layout-constrained wp-container-core-group-is-layout-1131737d wp-block-group-is-layout-constrained\" style=\"border-top-left-radius:8px;border-top-right-radius:8px;border-bottom-left-radius:0px;border-bottom-right-radius:0px;margin-top:0;margin-bottom:0;padding-top:var(--wp--preset--spacing--20);padding-right:var(--wp--preset--spacing--20);padding-bottom:var(--wp--preset--spacing--20);padding-left:var(--wp--preset--spacing--20)\">\n<p class=\"has-text-align-center has-text-color has-link-color wp-elements-a407939cf0bd48ddaa7e80829156f5a6\" style=\"color:#a7ca00;font-size:clamp(15.747px, 0.984rem + ((1vw - 3.2px) * 1.006), 24px);\"><strong>Organisation<\/strong><\/p>\n\n\n\n<p class=\"has-text-align-center has-base-2-color has-text-color has-link-color wp-elements-3843c9ac6c49ba1ab59ff85e2323102d\" style=\"font-size:clamp(18.959px, 1.185rem + ((1vw - 3.2px) * 1.346), 30px);font-style:normal;font-weight:700\">desde $250\/<sup><mark style=\"background-color:rgba(0, 0, 0, 0)\" class=\"has-inline-color has-base-2-color\">mes<\/mark><\/sup><\/p>\n\n\n\n<p class=\"has-text-align-center has-base-color has-text-color has-link-color wp-elements-8b3e0f90173db62fe97caf5022cdc7b7\" style=\"padding-right:var(--wp--preset--spacing--10);padding-left:var(--wp--preset--spacing--10)\">Adecuada para una gran organizaci\u00f3n. M\u00faltiples equipos e usuarios ilimitados, con acceso completo a la API y acceso a todos nuestros complementos y funciones adicionales<\/p>\n<\/div>\n\n\n\n<div class=\"wp-block-group has-background has-global-padding is-layout-constrained wp-block-group-is-layout-constrained\" style=\"border-bottom-left-radius:8px;border-bottom-right-radius:8px;background-color:#e5e5e5;margin-top:0;margin-bottom:0;padding-top:0;padding-bottom:var(--wp--preset--spacing--30)\">\n<div class=\"wp-block-group has-background has-sml-medium-font-size is-content-justification-center is-nowrap is-layout-flex wp-container-core-group-is-layout-ebab14d4 wp-block-group-is-layout-flex\" style=\"border-top-left-radius:0px;border-top-right-radius:0px;border-bottom-left-radius:8px;border-bottom-right-radius:8px;background-color:#e5e5e5;margin-top:0;margin-bottom:0;padding-top:var(--wp--preset--spacing--20);padding-right:var(--wp--preset--spacing--10);padding-bottom:var(--wp--preset--spacing--20);padding-left:var(--wp--preset--spacing--10)\">\n<ol style=\"margin-top:var(--wp--preset--spacing--10);margin-right:var(--wp--preset--spacing--20);margin-bottom:var(--wp--preset--spacing--10);margin-left:var(--wp--preset--spacing--20);padding-top:var(--wp--preset--spacing--10);padding-right:var(--wp--preset--spacing--10);padding-bottom:var(--wp--preset--spacing--10);padding-left:var(--wp--preset--spacing--10);line-height:2.1\" class=\"wp-block-list has-contrast-color has-text-color has-link-color has-sml-medium-font-size wp-elements-7518a470ffbf20eee427d3d0fb6e86a0\">\n<li class=\"has-sml-medium-font-size\">Usuarios y grupos ilimitados, con consola de gesti\u00f3n de usuarios y asignaci\u00f3n de roles<\/li>\n\n\n\n<li>Acad\u00e9mico, para uso no comercial<\/li>\n\n\n\n<li>Acceso al marketplace de RxnHub<\/li>\n\n\n\n<li>Acceso completo a la API, para interrogar el repositorio abierto y tus propios datos<\/li>\n\n\n\n<li>Puede crear proyectos ilimitados y compartir su acceso<\/li>\n\n\n\n<li>Instancia de base de datos privada (varias opciones)<\/li>\n\n\n\n<li>Acceso a base de datos intermedia, para validar las contribuciones antes de guardar<\/li>\n\n\n\n<li>Desde 2GB de almacenamiento privado (nube), ampliable<\/li>\n\n\n\n<li>Acceso a todos nuestros complementos y funciones adicionales<\/li>\n<\/ol>\n<\/div>\n\n\n\n<div class=\"wp-block-buttons is-content-justification-center is-layout-flex wp-container-core-buttons-is-layout-a89b3969 wp-block-buttons-is-layout-flex\">\n<div class=\"wp-block-button\"><a class=\"wp-block-button__link has-base-2-color has-contrast-3-background-color has-text-color has-background has-link-color wp-element-button\" href=\"https:\/\/www.rxnhub.com\/index.php\/es\/create-an-account-esp\/\" style=\"border-radius:6px;padding-top:6px;padding-bottom:6px\">Elige este plan<\/a><\/div>\n<\/div>\n<\/div>\n<\/div>\n<\/div>\n\n\n\n<p class=\"has-contrast-color has-text-color has-link-color has-medium-font-size wp-elements-dccaa446d43c2f5dc05425d827a36c3f\" style=\"padding-top:var(--wp--preset--spacing--10);padding-right:var(--wp--preset--spacing--20);padding-bottom:0;padding-left:var(--wp--preset--spacing--20)\">Adem\u00e1s, para empresas y organizaciones con fines de lucro, le solicitamos utilizar nuestros planes comerciales especializados.<\/p>\n\n\n\n<p class=\"has-contrast-color has-text-color has-link-color has-medium-font-size wp-elements-592576af2138c9b746a1bf6a878e4bd0\" style=\"padding-top:var(--wp--preset--spacing--10);padding-right:var(--wp--preset--spacing--20);padding-bottom:0;padding-left:var(--wp--preset--spacing--20)\">Acceda a nuestros t\u00e9rminos y condiciones completos aqu\u00ed.<\/p>\n<\/div>\n","protected":false},"excerpt":{"rendered":"<p>Elige tu Plan Individual $0\/Year Una cuenta b\u00e1sica, \u00fatil para probar las capacidades de nuestra plataforma, con acceso al repositorio de acceso abierto y la opci\u00f3n de probar algunas funciones avanzadas Small Group desde $125\/mes Adecuada para un peque\u00f1o grupo de investigaci\u00f3n (un solo equipo con hasta 10 usuarios), con acceso b\u00e1sico a la API [&hellip;]<\/p>\n","protected":false},"author":1,"featured_media":0,"parent":0,"menu_order":0,"comment_status":"closed","ping_status":"closed","template":"","meta":{"footnotes":""},"class_list":["post-1687","page","type-page","status-publish","hentry"],"_links":{"self":[{"href":"https:\/\/www.rxnhub.com\/index.php\/wp-json\/wp\/v2\/pages\/1687","targetHints":{"allow":["GET"]}}],"collection":[{"href":"https:\/\/www.rxnhub.com\/index.php\/wp-json\/wp\/v2\/pages"}],"about":[{"href":"https:\/\/www.rxnhub.com\/index.php\/wp-json\/wp\/v2\/types\/page"}],"author":[{"embeddable":true,"href":"https:\/\/www.rxnhub.com\/index.php\/wp-json\/wp\/v2\/users\/1"}],"replies":[{"embeddable":true,"href":"https:\/\/www.rxnhub.com\/index.php\/wp-json\/wp\/v2\/comments?post=1687"}],"version-history":[{"count":4,"href":"https:\/\/www.rxnhub.com\/index.php\/wp-json\/wp\/v2\/pages\/1687\/revisions"}],"predecessor-version":[{"id":1728,"href":"https:\/\/www.rxnhub.com\/index.php\/wp-json\/wp\/v2\/pages\/1687\/revisions\/1728"}],"wp:attachment":[{"href":"https:\/\/www.rxnhub.com\/index.php\/wp-json\/wp\/v2\/media?parent=1687"}],"curies":[{"name":"wp","href":"https:\/\/api.w.org\/{rel}","templated":true}]}}